{"id":14139,"date":"2025-02-12T12:12:00","date_gmt":"2025-02-12T12:12:00","guid":{"rendered":"https:\/\/planyard.com\/free-construction-schedule-template-for-excel-download-now"},"modified":"2025-06-04T06:41:00","modified_gmt":"2025-06-04T06:41:00","slug":"gratis-mall-for-byggschema-i-excel-ladda-ner-nu","status":"publish","type":"page","link":"https:\/\/planyard.com\/sv\/gratis-mall-for-byggschema-i-excel-ladda-ner-nu","title":{"rendered":"Gratis mall f\u00f6r byggschema i Excel \u2013 Ladda ner nu"},"content":{"rendered":"\n<div class=\"wp-block-media-text is-stacked-on-mobile\" style=\"grid-template-columns:55% auto\"><figure class=\"wp-block-media-text__media\"><img loading=\"lazy\" decoding=\"async\" width=\"1318\" height=\"661\" src=\"https:\/\/planyard.com\/wp-content\/uploads\/2025\/01\/image-11.png\" alt=\"\" class=\"wp-image-8740 size-full\"\/><\/figure><div class=\"wp-block-media-text__content\">\n<p>Att hantera ett byggprojekt utan ett tydligt schema kan leda till <strong>f\u00f6rseningar, kostnads\u00f6verskridanden och misskommunikation<\/strong>. Oavsett om du \u00e4r <strong>entrepren\u00f6r, projektledare eller ekonomichef inom bygg<\/strong> \u00e4r det avg\u00f6rande att ha en strukturerad tidsplan f\u00f6r att <strong>h\u00e5lla ditt projekt p\u00e5 r\u00e4tt sp\u00e5r<\/strong>.<\/p>\n\n\n\n<p>Denna <strong>gratis mall f\u00f6r byggschema i Excel<\/strong> erbjuder en <strong>enkel och anpassningsbar l\u00f6sning<\/strong> f\u00f6r att hj\u00e4lpa dig planera och \u00f6vervaka varje steg i ditt projekt.<\/p>\n<\/div><\/div>\n\n\n\n<p>F\u00f6r att l\u00e4ra dig mer om varf\u00f6r scheman misslyckas och hur du skapar s\u00e5dana som inte g\u00f6r det.&nbsp;<a href=\"https:\/\/planyard.com\/sv\/beharska-byggplanering\">L\u00e4s mer h\u00e4r<\/a><\/p>\n\n\n\n<h2 class=\"wp-block-heading\"><strong>Ladda ner din gratis mall f\u00f6r byggschema<\/strong><\/h2>\n\n\n\n<p>F\u00e5 <strong>omedelbar tillg\u00e5ng<\/strong> till en professionell mall f\u00f6r byggschema utformad f\u00f6r <strong>entrepren\u00f6rer, projektledare och byggare<\/strong>.<\/p>\n\n\n\n<div class=\"wp-block-buttons is-layout-flex wp-block-buttons-is-layout-flex\">\n<div class=\"wp-block-button\"><a class=\"wp-block-button__link has-white-color has-text-color has-background has-link-color wp-element-button\" href=\"https:\/\/planyard.com\/sv\/fa-din-kostnadsfria-mall-for-byggschema-i-excel\" style=\"background-color:#2756ff\">Ladda ner gratis mall<\/a><\/div>\n<\/div>\n\n\n\n<h2 class=\"wp-block-heading\">Varf\u00f6r anv\u00e4nda en mall f\u00f6r byggschema?<\/h2>\n\n\n\n<p>Ett <strong>byggschema<\/strong> \u00e4r en visuell tidslinje som skisserar <strong>uppgifter, varaktigheter, beroenden och deadlines<\/strong> f\u00f6r ett projekt. Det hj\u00e4lper byggteam att:<\/p>\n\n\n\n<ul class=\"wp-block-list\">\n<li><strong>Undvika f\u00f6rseningar<\/strong> \u2013 Identifiera potentiella flaskhalsar innan de intr\u00e4ffar.<\/li>\n\n\n\n<li><strong>F\u00f6rb\u00e4ttra kommunikationen<\/strong> \u2013 H\u00e5ll intressenter informerade om framsteg.<\/li>\n\n\n\n<li><strong>H\u00e5lla sig inom budget<\/strong> \u2013 Anv\u00e4nd tidslinjer i linje med kostnadshanteringsverktyg som <strong>Planyard<\/strong>.<\/li>\n\n\n\n<li><strong>\u00d6ka effektiviteten<\/strong> \u2013 Tilldela ansvar och effektivisera arbetsfl\u00f6det.<\/li>\n<\/ul>\n\n\n\n<p>Att anv\u00e4nda en <strong>f\u00e4rdig Excel-mall<\/strong> sparar tid och s\u00e4kerst\u00e4ller noggrannhet j\u00e4mf\u00f6rt med manuell schemal\u00e4ggning.<\/p>\n\n\n\n<h3 class=\"wp-block-heading\">Hur man anv\u00e4nder denna mall f\u00f6r byggschema<\/h3>\n\n\n\n<h3 class=\"wp-block-heading\">1. Definiera ditt projekts omfattning<\/h3>\n\n\n\n<p>Lista de <strong>st\u00f6rre faserna<\/strong> av ditt projekt, s\u00e5som:<\/p>\n\n\n\n<ul class=\"wp-block-list\">\n<li><strong>Platsf\u00f6rberedelse<\/strong><\/li>\n\n\n\n<li><strong>Grundarbete<\/strong><\/li>\n\n\n\n<li><strong>Stom- och konstruktionsarbete<\/strong><\/li>\n\n\n\n<li><strong>Installationer av VVS (ventilation, vatten och sanitet)<\/strong><\/li>\n\n\n\n<li><strong>In- och utv\u00e4ndig finish<\/strong><\/li>\n\n\n\n<li><strong>Slutbesiktning och \u00f6verl\u00e4mning<\/strong><\/li>\n<\/ul>\n\n\n\n<h3 class=\"wp-block-heading\">2. S\u00e4tt uppgiftsvaraktigheter och beroenden<\/h3>\n\n\n\n<p>Tilldela ett <strong>start- och slutdatum<\/strong> f\u00f6r varje uppgift. Om en uppgift \u00e4r beroende av en annan, l\u00e4nka dem med Excels <strong>Gantt-diagramfunktioner<\/strong>.<\/p>\n\n\n\n<h3 class=\"wp-block-heading\">3. Tilldela ansvar<\/h3>\n\n\n\n<p>Ange vem som \u00e4r <strong>ansvarig<\/strong> f\u00f6r varje fas. Detta hj\u00e4lper <strong>underentrepren\u00f6rer, platschefer och projektledare<\/strong> att h\u00e5lla sig i linje.<\/p>\n\n\n\n<h3 class=\"wp-block-heading\">4. Sp\u00e5ra framsteg och g\u00f6r justeringar<\/h3>\n\n\n\n<p>Uppdatera schemat n\u00e4r uppgifter \u00e4r slutf\u00f6rda. Justera deadlines om f\u00f6rseningar uppst\u00e5r f\u00f6r att <strong>h\u00e5lla projektet i fas<\/strong>.<\/p>\n\n\n\n<h3 class=\"wp-block-heading\">5. Integrera med kostnadshanteringsprogramvara<\/h3>\n\n\n\n<p>Ett schema ensam f\u00f6rhindrar inte budget\u00f6verskridanden. Anv\u00e4nd <strong>Planyard<\/strong> f\u00f6r att <strong>sp\u00e5ra kostnader, \u00f6vervaka ekonomisk prestation och hantera fakturor<\/strong> tillsammans med din projekttidslinje.<\/p>\n\n\n\n<h2 class=\"wp-block-heading\">Funktioner i den gratis mallen f\u00f6r byggschema<\/h2>\n\n\n\n<ul class=\"wp-block-list\">\n<li><strong>F\u00f6rformaterad i Excel<\/strong> \u2013 Ingen komplex programvara kr\u00e4vs.<\/li>\n\n\n\n<li><strong>Sp\u00e5rning av uppgifter och milstolpar<\/strong> \u2013 Visualisera viktiga leveranser.<\/li>\n\n\n\n<li><strong>Gantt-diagramvy<\/strong> \u2013 Justera enkelt projektets tidslinjer.<\/li>\n\n\n\n<li><strong>Anpassningsbara f\u00e4lt<\/strong> \u2013 Anpassa efter dina specifika projektbehov.<\/li>\n\n\n\n<li><strong>Enkel export och delning<\/strong> \u2013 Skicka uppdateringar till intressenter.<\/li>\n<\/ul>\n\n\n\n<h2 class=\"wp-block-heading\">Optimera ditt projekt med smarta budgetverktyg<\/h2>\n\n\n\n<p>Ett <strong>v\u00e4lstrukturerat schema<\/strong> \u00e4r endast effektivt om det st\u00e4mmer \u00f6verens med <strong>din projektbudget<\/strong>. Planyards <strong><a href=\"https:\/\/planyard.com\/sv\/programvara-budgetering-bygg\">programvara f\u00f6r byggbudgetering<\/a><\/strong> integreras med ditt schema och s\u00e4kerst\u00e4ller att du <strong>h\u00e5ller dig inom budget<\/strong> samtidigt som du sp\u00e5rar varje kostnad i realtid.<\/p>\n\n\n\n<ul class=\"wp-block-list\">\n<li><strong>Automatiserad kostnadssp\u00e5rning<\/strong> kopplad till projektfaser<\/li>\n\n\n\n<li><strong>Inga fler kalkylbladfel<\/strong> med centraliserad data<\/li>\n\n\n\n<li><strong>Finansiella insikter i realtid<\/strong> f\u00f6r b\u00e4ttre beslutsfattande<\/li>\n<\/ul>\n\n\n\n<h2 class=\"wp-block-heading\">Vem kan dra nytta av denna mall?<\/h2>\n\n\n\n<ul class=\"wp-block-list\">\n<li><strong>Huvudentrepren\u00f6rer<\/strong> \u2013 Hantera projekttidslinjer effektivt.<\/li>\n\n\n\n<li><strong>Projektledare<\/strong> \u2013 Planera och sp\u00e5ra milstolpar enkelt.<\/li>\n\n\n\n<li><strong>Ekonomichefer inom bygg<\/strong> \u2013 Anpassa schemal\u00e4ggning med finansiell planering.<\/li>\n\n\n\n<li><strong>Underentrepren\u00f6rer och platschefer<\/strong> \u2013 H\u00e5ll koll p\u00e5 deadlines och uppgifter.<\/li>\n<\/ul>\n\n\n\n<h2 class=\"wp-block-heading\">Ladda ner din gratis mall f\u00f6r byggschema<\/h2>\n\n\n\n<p>L\u00e5t inte d\u00e5lig planering f\u00f6rsena ditt projekt. Ladda ner denna <strong><a href=\"https:\/\/planyard.com\/sv\/fa-din-kostnadsfria-mall-for-byggschema-i-excel\">gratis mall f\u00f6r byggschema i Excel<\/a><\/strong> idag och b\u00f6rja hantera dina projekt <strong>mer effektivt<\/strong>.<\/p>\n\n\n\n<p>Genom att anv\u00e4nda Planyard s\u00e4kerst\u00e4ller du att varje krona redovisas, kostnader sp\u00e5ras i realtid och l\u00f6nsamheten maximeras.<\/p>\n","protected":false},"excerpt":{"rendered":"<p>Att hantera ett byggprojekt utan ett tydligt schema kan leda till f\u00f6rseningar, kostnads\u00f6verskridanden och misskommunikation. Oavsett om du \u00e4r entrepren\u00f6r, projektledare eller ekonomichef inom bygg \u00e4r det avg\u00f6rande att ha en strukturerad tidsplan f\u00f6r att h\u00e5lla ditt projekt p\u00e5 r\u00e4tt sp\u00e5r. Denna gratis mall f\u00f6r byggschema i Excel erbjuder en enkel och anpassningsbar l\u00f6sning f\u00f6r&#8230;  <a class=\"excerpt-read-more\" href=\"https:\/\/planyard.com\/sv\/gratis-mall-for-byggschema-i-excel-ladda-ner-nu\" title=\"L\u00e4s  Gratis mall f\u00f6r byggschema i Excel \u2013 Ladda ner nu\">L\u00e4s mer &#8221;<\/a><\/p>\n","protected":false},"author":4,"featured_media":0,"parent":0,"menu_order":0,"comment_status":"closed","ping_status":"closed","template":"","meta":{"_acf_changed":false,"content-type":"","footnotes":""},"page_intent":[170],"page_type":[],"class_list":["post-14139","page","type-page","status-publish","hentry"],"acf":[],"yoast_head":"<!-- This site is optimized with the Yoast SEO plugin v27.1.1 - https:\/\/yoast.com\/product\/yoast-seo-wordpress\/ -->\n<title>Gratis mall f\u00f6r byggbudget - Planyard Sverige<\/title>\n<meta name=\"description\" content=\"Denna mall f\u00f6r byggbudget hj\u00e4lper dig att enkelt h\u00e5lla koll p\u00e5 dina projektkostnader. Den \u00e4r skapad f\u00f6r projektledare av projektledare.\" \/>\n<meta name=\"robots\" content=\"index, follow, max-snippet:-1, max-image-preview:large, max-video-preview:-1\" \/>\n<link rel=\"canonical\" href=\"https:\/\/planyard.com\/sv\/gratis-mall-for-byggschema-i-excel-ladda-ner-nu\" \/>\n<meta property=\"og:locale\" content=\"sv_SE\" \/>\n<meta property=\"og:type\" content=\"article\" \/>\n<meta property=\"og:title\" content=\"Gratis mall f\u00f6r byggbudget - Planyard Sverige\" \/>\n<meta property=\"og:description\" content=\"Denna mall f\u00f6r byggbudget hj\u00e4lper dig att enkelt h\u00e5lla koll p\u00e5 dina projektkostnader. Den \u00e4r skapad f\u00f6r projektledare av projektledare.\" \/>\n<meta property=\"og:url\" content=\"https:\/\/planyard.com\/sv\/gratis-mall-for-byggschema-i-excel-ladda-ner-nu\" \/>\n<meta property=\"og:site_name\" content=\"Planyard Sverige\" \/>\n<meta property=\"article:modified_time\" content=\"2025-06-04T06:41:00+00:00\" \/>\n<meta property=\"og:image\" content=\"https:\/\/planyard.com\/wp-content\/uploads\/2025\/01\/image-11.png\" \/>\n\t<meta property=\"og:image:width\" content=\"1318\" \/>\n\t<meta property=\"og:image:height\" content=\"661\" \/>\n\t<meta property=\"og:image:type\" content=\"image\/png\" \/>\n<meta name=\"twitter:card\" content=\"summary_large_image\" \/>\n<meta name=\"twitter:label1\" content=\"Ber\u00e4knad l\u00e4stid\" \/>\n\t<meta name=\"twitter:data1\" content=\"3 minuter\" \/>\n<!-- \/ Yoast SEO plugin. -->","yoast_head_json":{"title":"Gratis mall f\u00f6r byggbudget - Planyard Sverige","description":"Denna mall f\u00f6r byggbudget hj\u00e4lper dig att enkelt h\u00e5lla koll p\u00e5 dina projektkostnader. Den \u00e4r skapad f\u00f6r projektledare av projektledare.","robots":{"index":"index","follow":"follow","max-snippet":"max-snippet:-1","max-image-preview":"max-image-preview:large","max-video-preview":"max-video-preview:-1"},"canonical":"https:\/\/planyard.com\/sv\/gratis-mall-for-byggschema-i-excel-ladda-ner-nu","og_locale":"sv_SE","og_type":"article","og_title":"Gratis mall f\u00f6r byggbudget - Planyard Sverige","og_description":"Denna mall f\u00f6r byggbudget hj\u00e4lper dig att enkelt h\u00e5lla koll p\u00e5 dina projektkostnader. Den \u00e4r skapad f\u00f6r projektledare av projektledare.","og_url":"https:\/\/planyard.com\/sv\/gratis-mall-for-byggschema-i-excel-ladda-ner-nu","og_site_name":"Planyard Sverige","article_modified_time":"2025-06-04T06:41:00+00:00","og_image":[{"width":1318,"height":661,"url":"https:\/\/planyard.com\/wp-content\/uploads\/2025\/01\/image-11.png","type":"image\/png"}],"twitter_card":"summary_large_image","twitter_misc":{"Ber\u00e4knad l\u00e4stid":"3 minuter"},"schema":{"@context":"https:\/\/schema.org","@graph":[{"@type":"WebPage","@id":"https:\/\/planyard.com\/sv\/gratis-mall-for-byggschema-i-excel-ladda-ner-nu","url":"https:\/\/planyard.com\/sv\/gratis-mall-for-byggschema-i-excel-ladda-ner-nu","name":"Gratis mall f\u00f6r byggbudget - Planyard Sverige","isPartOf":{"@id":"https:\/\/planyard.com\/sv#website"},"primaryImageOfPage":{"@id":"https:\/\/planyard.com\/sv\/gratis-mall-for-byggschema-i-excel-ladda-ner-nu#primaryimage"},"image":{"@id":"https:\/\/planyard.com\/sv\/gratis-mall-for-byggschema-i-excel-ladda-ner-nu#primaryimage"},"thumbnailUrl":"https:\/\/planyard.com\/wp-content\/uploads\/2025\/01\/image-11.png","datePublished":"2025-02-12T12:12:00+00:00","dateModified":"2025-06-04T06:41:00+00:00","description":"Denna mall f\u00f6r byggbudget hj\u00e4lper dig att enkelt h\u00e5lla koll p\u00e5 dina projektkostnader. Den \u00e4r skapad f\u00f6r projektledare av projektledare.","breadcrumb":{"@id":"https:\/\/planyard.com\/sv\/gratis-mall-for-byggschema-i-excel-ladda-ner-nu#breadcrumb"},"inLanguage":"sv-SE","potentialAction":[{"@type":"ReadAction","target":["https:\/\/planyard.com\/sv\/gratis-mall-for-byggschema-i-excel-ladda-ner-nu"]}]},{"@type":"ImageObject","inLanguage":"sv-SE","@id":"https:\/\/planyard.com\/sv\/gratis-mall-for-byggschema-i-excel-ladda-ner-nu#primaryimage","url":"https:\/\/planyard.com\/wp-content\/uploads\/2025\/01\/image-11.png","contentUrl":"https:\/\/planyard.com\/wp-content\/uploads\/2025\/01\/image-11.png"},{"@type":"BreadcrumbList","@id":"https:\/\/planyard.com\/sv\/gratis-mall-for-byggschema-i-excel-ladda-ner-nu#breadcrumb","itemListElement":[{"@type":"ListItem","position":1,"name":"Home","item":"https:\/\/planyard.com\/sv"},{"@type":"ListItem","position":2,"name":"Gratis mall f\u00f6r byggschema i Excel \u2013 Ladda ner nu"}]},{"@type":"WebSite","@id":"https:\/\/planyard.com\/sv#website","url":"https:\/\/planyard.com\/sv","name":"Planyard Sverige","description":"","potentialAction":[{"@type":"SearchAction","target":{"@type":"EntryPoint","urlTemplate":"https:\/\/planyard.com\/sv?s={search_term_string}"},"query-input":{"@type":"PropertyValueSpecification","valueRequired":true,"valueName":"search_term_string"}}],"inLanguage":"sv-SE"}]}},"_links":{"self":[{"href":"https:\/\/planyard.com\/sv\/wp-json\/wp\/v2\/pages\/14139","targetHints":{"allow":["GET"]}}],"collection":[{"href":"https:\/\/planyard.com\/sv\/wp-json\/wp\/v2\/pages"}],"about":[{"href":"https:\/\/planyard.com\/sv\/wp-json\/wp\/v2\/types\/page"}],"author":[{"embeddable":true,"href":"https:\/\/planyard.com\/sv\/wp-json\/wp\/v2\/users\/4"}],"replies":[{"embeddable":true,"href":"https:\/\/planyard.com\/sv\/wp-json\/wp\/v2\/comments?post=14139"}],"version-history":[{"count":6,"href":"https:\/\/planyard.com\/sv\/wp-json\/wp\/v2\/pages\/14139\/revisions"}],"predecessor-version":[{"id":17093,"href":"https:\/\/planyard.com\/sv\/wp-json\/wp\/v2\/pages\/14139\/revisions\/17093"}],"wp:attachment":[{"href":"https:\/\/planyard.com\/sv\/wp-json\/wp\/v2\/media?parent=14139"}],"wp:term":[{"taxonomy":"page_intent","embeddable":true,"href":"https:\/\/planyard.com\/sv\/wp-json\/wp\/v2\/page_intent?post=14139"},{"taxonomy":"page_type","embeddable":true,"href":"https:\/\/planyard.com\/sv\/wp-json\/wp\/v2\/page_type?post=14139"}],"curies":[{"name":"wp","href":"https:\/\/api.w.org\/{rel}","templated":true}]}}