{"id":14134,"date":"2024-09-25T08:16:00","date_gmt":"2024-09-25T08:16:00","guid":{"rendered":"https:\/\/planyard.com\/enhanced-control-for-construction-financial-managers"},"modified":"2025-05-19T09:29:57","modified_gmt":"2025-05-19T09:29:57","slug":"forbattrad-kontroll-for-ekonomichefer-inom-bygg","status":"publish","type":"page","link":"https:\/\/planyard.com\/sv\/forbattrad-kontroll-for-ekonomichefer-inom-bygg","title":{"rendered":"F\u00f6rb\u00e4ttrad kontroll f\u00f6r ekonomichefer"},"content":{"rendered":"","protected":false},"excerpt":{"rendered":"","protected":false},"author":5,"featured_media":0,"parent":0,"menu_order":0,"comment_status":"closed","ping_status":"closed","template":"","meta":{"_acf_changed":false,"content-type":"","footnotes":""},"page_intent":[200],"page_type":[],"class_list":["post-14134","page","type-page","status-publish","hentry"],"acf":[],"yoast_head":"<!-- This site is optimized with the Yoast SEO plugin v27.1.1 - https:\/\/yoast.com\/product\/yoast-seo-wordpress\/ -->\n<title>F\u00f6rb\u00e4ttrad kontroll f\u00f6r ekonomichefer - Planyard Sverige<\/title>\n<meta name=\"description\" content=\"Planyard ger ekonomichefer inom byggbranschen insikter i realtid, automatiserar arbetsfl\u00f6den och integrerar med bokf\u00f6ringsverktyg. Prova gratis i 14 dagar.\" \/>\n<meta name=\"robots\" content=\"index, follow, max-snippet:-1, max-image-preview:large, max-video-preview:-1\" \/>\n<link rel=\"canonical\" href=\"https:\/\/planyard.com\/sv\/forbattrad-kontroll-for-ekonomichefer-inom-bygg\" \/>\n<meta property=\"og:locale\" content=\"sv_SE\" \/>\n<meta property=\"og:type\" content=\"article\" \/>\n<meta property=\"og:title\" content=\"F\u00f6rb\u00e4ttrad kontroll f\u00f6r ekonomichefer - Planyard Sverige\" \/>\n<meta property=\"og:description\" content=\"Planyard ger ekonomichefer inom byggbranschen insikter i realtid, automatiserar arbetsfl\u00f6den och integrerar med bokf\u00f6ringsverktyg. Prova gratis i 14 dagar.\" \/>\n<meta property=\"og:url\" content=\"https:\/\/planyard.com\/sv\/forbattrad-kontroll-for-ekonomichefer-inom-bygg\" \/>\n<meta property=\"og:site_name\" content=\"Planyard Sverige\" \/>\n<meta property=\"article:modified_time\" content=\"2025-05-19T09:29:57+00:00\" \/>\n<meta name=\"twitter:card\" content=\"summary_large_image\" \/>\n<!-- \/ Yoast SEO plugin. -->","yoast_head_json":{"title":"F\u00f6rb\u00e4ttrad kontroll f\u00f6r ekonomichefer - Planyard Sverige","description":"Planyard ger ekonomichefer inom byggbranschen insikter i realtid, automatiserar arbetsfl\u00f6den och integrerar med bokf\u00f6ringsverktyg. Prova gratis i 14 dagar.","robots":{"index":"index","follow":"follow","max-snippet":"max-snippet:-1","max-image-preview":"max-image-preview:large","max-video-preview":"max-video-preview:-1"},"canonical":"https:\/\/planyard.com\/sv\/forbattrad-kontroll-for-ekonomichefer-inom-bygg","og_locale":"sv_SE","og_type":"article","og_title":"F\u00f6rb\u00e4ttrad kontroll f\u00f6r ekonomichefer - Planyard Sverige","og_description":"Planyard ger ekonomichefer inom byggbranschen insikter i realtid, automatiserar arbetsfl\u00f6den och integrerar med bokf\u00f6ringsverktyg. Prova gratis i 14 dagar.","og_url":"https:\/\/planyard.com\/sv\/forbattrad-kontroll-for-ekonomichefer-inom-bygg","og_site_name":"Planyard Sverige","article_modified_time":"2025-05-19T09:29:57+00:00","twitter_card":"summary_large_image","schema":{"@context":"https:\/\/schema.org","@graph":[{"@type":"WebPage","@id":"https:\/\/planyard.com\/sv\/forbattrad-kontroll-for-ekonomichefer-inom-bygg","url":"https:\/\/planyard.com\/sv\/forbattrad-kontroll-for-ekonomichefer-inom-bygg","name":"F\u00f6rb\u00e4ttrad kontroll f\u00f6r ekonomichefer - Planyard Sverige","isPartOf":{"@id":"https:\/\/planyard.com\/sv#website"},"datePublished":"2024-09-25T08:16:00+00:00","dateModified":"2025-05-19T09:29:57+00:00","description":"Planyard ger ekonomichefer inom byggbranschen insikter i realtid, automatiserar arbetsfl\u00f6den och integrerar med bokf\u00f6ringsverktyg. Prova gratis i 14 dagar.","breadcrumb":{"@id":"https:\/\/planyard.com\/sv\/forbattrad-kontroll-for-ekonomichefer-inom-bygg#breadcrumb"},"inLanguage":"sv-SE","potentialAction":[{"@type":"ReadAction","target":["https:\/\/planyard.com\/sv\/forbattrad-kontroll-for-ekonomichefer-inom-bygg"]}]},{"@type":"BreadcrumbList","@id":"https:\/\/planyard.com\/sv\/forbattrad-kontroll-for-ekonomichefer-inom-bygg#breadcrumb","itemListElement":[{"@type":"ListItem","position":1,"name":"Home","item":"https:\/\/planyard.com\/sv"},{"@type":"ListItem","position":2,"name":"F\u00f6rb\u00e4ttrad kontroll f\u00f6r ekonomichefer"}]},{"@type":"WebSite","@id":"https:\/\/planyard.com\/sv#website","url":"https:\/\/planyard.com\/sv","name":"Planyard Sverige","description":"","potentialAction":[{"@type":"SearchAction","target":{"@type":"EntryPoint","urlTemplate":"https:\/\/planyard.com\/sv?s={search_term_string}"},"query-input":{"@type":"PropertyValueSpecification","valueRequired":true,"valueName":"search_term_string"}}],"inLanguage":"sv-SE"}]}},"_links":{"self":[{"href":"https:\/\/planyard.com\/sv\/wp-json\/wp\/v2\/pages\/14134","targetHints":{"allow":["GET"]}}],"collection":[{"href":"https:\/\/planyard.com\/sv\/wp-json\/wp\/v2\/pages"}],"about":[{"href":"https:\/\/planyard.com\/sv\/wp-json\/wp\/v2\/types\/page"}],"author":[{"embeddable":true,"href":"https:\/\/planyard.com\/sv\/wp-json\/wp\/v2\/users\/5"}],"replies":[{"embeddable":true,"href":"https:\/\/planyard.com\/sv\/wp-json\/wp\/v2\/comments?post=14134"}],"version-history":[{"count":1,"href":"https:\/\/planyard.com\/sv\/wp-json\/wp\/v2\/pages\/14134\/revisions"}],"predecessor-version":[{"id":14246,"href":"https:\/\/planyard.com\/sv\/wp-json\/wp\/v2\/pages\/14134\/revisions\/14246"}],"wp:attachment":[{"href":"https:\/\/planyard.com\/sv\/wp-json\/wp\/v2\/media?parent=14134"}],"wp:term":[{"taxonomy":"page_intent","embeddable":true,"href":"https:\/\/planyard.com\/sv\/wp-json\/wp\/v2\/page_intent?post=14134"},{"taxonomy":"page_type","embeddable":true,"href":"https:\/\/planyard.com\/sv\/wp-json\/wp\/v2\/page_type?post=14134"}],"curies":[{"name":"wp","href":"https:\/\/api.w.org\/{rel}","templated":true}]}}