{"id":14130,"date":"2024-08-22T06:54:21","date_gmt":"2024-08-22T06:54:21","guid":{"rendered":"https:\/\/planyard.com\/demo-meeting-confirmation"},"modified":"2025-05-19T19:29:01","modified_gmt":"2025-05-19T19:29:01","slug":"bekraftelse-pa-demonstrationsmote","status":"publish","type":"page","link":"https:\/\/planyard.com\/sv\/bekraftelse-pa-demonstrationsmote","title":{"rendered":"Bekr\u00e4ftelse p\u00e5 demonstrationsm\u00f6te"},"content":{"rendered":"<div class=\"wp-block-image\">\n<figure class=\"aligncenter size-full\"><img loading=\"lazy\" decoding=\"async\" width=\"600\" height=\"466\" src=\"https:\/\/planyard.com\/wp-content\/uploads\/2024\/08\/Booking-confirmed.png\" alt=\"\" class=\"wp-image-1247\"\/><\/figure>\n<\/div>\n\n\n<h2 class=\"wp-block-heading has-text-align-center\">Bokning bekr\u00e4ftad! <\/h2>\n\n\n\n<p class=\"has-text-align-center\">Ditt m\u00f6te har bokats. Ett meddelande med kalenderinbjudan har skickats till din e-postadress.<br><\/p>\n","protected":false},"excerpt":{"rendered":"<p>Bokning bekr\u00e4ftad! Ditt m\u00f6te har bokats. Ett meddelande med kalenderinbjudan har skickats till din e-postadress.<\/p>\n","protected":false},"author":2,"featured_media":0,"parent":0,"menu_order":0,"comment_status":"closed","ping_status":"closed","template":"","meta":{"_acf_changed":false,"content-type":"","footnotes":""},"page_intent":[185],"page_type":[],"class_list":["post-14130","page","type-page","status-publish","hentry"],"acf":[],"yoast_head":"<!-- This site is optimized with the Yoast SEO plugin v27.1.1 - https:\/\/yoast.com\/product\/yoast-seo-wordpress\/ -->\n<title>Bekr\u00e4ftelse p\u00e5 demonstrationsm\u00f6te - Planyard Sverige<\/title>\n<meta name=\"description\" content=\"S\u00e5 h\u00e4r kan du kontakta oss och l\u00e4ra k\u00e4nna v\u00e5ra grundare. Om du har n\u00e5gra fr\u00e5gor, h\u00f6r av dig till oss via formul\u00e4ret eller chatten.\" \/>\n<meta name=\"robots\" content=\"index, follow, max-snippet:-1, max-image-preview:large, max-video-preview:-1\" \/>\n<link rel=\"canonical\" href=\"https:\/\/planyard.com\/sv\/bekraftelse-pa-demonstrationsmote\" \/>\n<meta property=\"og:locale\" content=\"sv_SE\" \/>\n<meta property=\"og:type\" content=\"article\" \/>\n<meta property=\"og:title\" content=\"Bekr\u00e4ftelse p\u00e5 demonstrationsm\u00f6te - Planyard Sverige\" \/>\n<meta property=\"og:description\" content=\"S\u00e5 h\u00e4r kan du kontakta oss och l\u00e4ra k\u00e4nna v\u00e5ra grundare. Om du har n\u00e5gra fr\u00e5gor, h\u00f6r av dig till oss via formul\u00e4ret eller chatten.\" \/>\n<meta property=\"og:url\" content=\"https:\/\/planyard.com\/sv\/bekraftelse-pa-demonstrationsmote\" \/>\n<meta property=\"og:site_name\" content=\"Planyard Sverige\" \/>\n<meta property=\"article:modified_time\" content=\"2025-05-19T19:29:01+00:00\" \/>\n<meta property=\"og:image\" content=\"https:\/\/planyard.com\/wp-content\/uploads\/2024\/08\/Booking-confirmed.png\" \/>\n\t<meta property=\"og:image:width\" content=\"600\" \/>\n\t<meta property=\"og:image:height\" content=\"466\" \/>\n\t<meta property=\"og:image:type\" content=\"image\/png\" \/>\n<meta name=\"twitter:card\" content=\"summary_large_image\" \/>\n<meta name=\"twitter:label1\" content=\"Ber\u00e4knad l\u00e4stid\" \/>\n\t<meta name=\"twitter:data1\" content=\"1 minut\" \/>\n<!-- \/ Yoast SEO plugin. -->","yoast_head_json":{"title":"Bekr\u00e4ftelse p\u00e5 demonstrationsm\u00f6te - Planyard Sverige","description":"S\u00e5 h\u00e4r kan du kontakta oss och l\u00e4ra k\u00e4nna v\u00e5ra grundare. Om du har n\u00e5gra fr\u00e5gor, h\u00f6r av dig till oss via formul\u00e4ret eller chatten.","robots":{"index":"index","follow":"follow","max-snippet":"max-snippet:-1","max-image-preview":"max-image-preview:large","max-video-preview":"max-video-preview:-1"},"canonical":"https:\/\/planyard.com\/sv\/bekraftelse-pa-demonstrationsmote","og_locale":"sv_SE","og_type":"article","og_title":"Bekr\u00e4ftelse p\u00e5 demonstrationsm\u00f6te - Planyard Sverige","og_description":"S\u00e5 h\u00e4r kan du kontakta oss och l\u00e4ra k\u00e4nna v\u00e5ra grundare. Om du har n\u00e5gra fr\u00e5gor, h\u00f6r av dig till oss via formul\u00e4ret eller chatten.","og_url":"https:\/\/planyard.com\/sv\/bekraftelse-pa-demonstrationsmote","og_site_name":"Planyard Sverige","article_modified_time":"2025-05-19T19:29:01+00:00","og_image":[{"width":600,"height":466,"url":"https:\/\/planyard.com\/wp-content\/uploads\/2024\/08\/Booking-confirmed.png","type":"image\/png"}],"twitter_card":"summary_large_image","twitter_misc":{"Ber\u00e4knad l\u00e4stid":"1 minut"},"schema":{"@context":"https:\/\/schema.org","@graph":[{"@type":"WebPage","@id":"https:\/\/planyard.com\/sv\/bekraftelse-pa-demonstrationsmote","url":"https:\/\/planyard.com\/sv\/bekraftelse-pa-demonstrationsmote","name":"Bekr\u00e4ftelse p\u00e5 demonstrationsm\u00f6te - Planyard Sverige","isPartOf":{"@id":"https:\/\/planyard.com\/sv#website"},"primaryImageOfPage":{"@id":"https:\/\/planyard.com\/sv\/bekraftelse-pa-demonstrationsmote#primaryimage"},"image":{"@id":"https:\/\/planyard.com\/sv\/bekraftelse-pa-demonstrationsmote#primaryimage"},"thumbnailUrl":"https:\/\/planyard.com\/wp-content\/uploads\/2024\/08\/Booking-confirmed.png","datePublished":"2024-08-22T06:54:21+00:00","dateModified":"2025-05-19T19:29:01+00:00","description":"S\u00e5 h\u00e4r kan du kontakta oss och l\u00e4ra k\u00e4nna v\u00e5ra grundare. Om du har n\u00e5gra fr\u00e5gor, h\u00f6r av dig till oss via formul\u00e4ret eller chatten.","breadcrumb":{"@id":"https:\/\/planyard.com\/sv\/bekraftelse-pa-demonstrationsmote#breadcrumb"},"inLanguage":"sv-SE","potentialAction":[{"@type":"ReadAction","target":["https:\/\/planyard.com\/sv\/bekraftelse-pa-demonstrationsmote"]}]},{"@type":"ImageObject","inLanguage":"sv-SE","@id":"https:\/\/planyard.com\/sv\/bekraftelse-pa-demonstrationsmote#primaryimage","url":"https:\/\/planyard.com\/wp-content\/uploads\/2024\/08\/Booking-confirmed.png","contentUrl":"https:\/\/planyard.com\/wp-content\/uploads\/2024\/08\/Booking-confirmed.png"},{"@type":"BreadcrumbList","@id":"https:\/\/planyard.com\/sv\/bekraftelse-pa-demonstrationsmote#breadcrumb","itemListElement":[{"@type":"ListItem","position":1,"name":"Home","item":"https:\/\/planyard.com\/sv"},{"@type":"ListItem","position":2,"name":"Bekr\u00e4ftelse p\u00e5 demonstrationsm\u00f6te"}]},{"@type":"WebSite","@id":"https:\/\/planyard.com\/sv#website","url":"https:\/\/planyard.com\/sv","name":"Planyard Sverige","description":"","potentialAction":[{"@type":"SearchAction","target":{"@type":"EntryPoint","urlTemplate":"https:\/\/planyard.com\/sv?s={search_term_string}"},"query-input":{"@type":"PropertyValueSpecification","valueRequired":true,"valueName":"search_term_string"}}],"inLanguage":"sv-SE"}]}},"_links":{"self":[{"href":"https:\/\/planyard.com\/sv\/wp-json\/wp\/v2\/pages\/14130","targetHints":{"allow":["GET"]}}],"collection":[{"href":"https:\/\/planyard.com\/sv\/wp-json\/wp\/v2\/pages"}],"about":[{"href":"https:\/\/planyard.com\/sv\/wp-json\/wp\/v2\/types\/page"}],"author":[{"embeddable":true,"href":"https:\/\/planyard.com\/sv\/wp-json\/wp\/v2\/users\/2"}],"replies":[{"embeddable":true,"href":"https:\/\/planyard.com\/sv\/wp-json\/wp\/v2\/comments?post=14130"}],"version-history":[{"count":3,"href":"https:\/\/planyard.com\/sv\/wp-json\/wp\/v2\/pages\/14130\/revisions"}],"predecessor-version":[{"id":16502,"href":"https:\/\/planyard.com\/sv\/wp-json\/wp\/v2\/pages\/14130\/revisions\/16502"}],"wp:attachment":[{"href":"https:\/\/planyard.com\/sv\/wp-json\/wp\/v2\/media?parent=14130"}],"wp:term":[{"taxonomy":"page_intent","embeddable":true,"href":"https:\/\/planyard.com\/sv\/wp-json\/wp\/v2\/page_intent?post=14130"},{"taxonomy":"page_type","embeddable":true,"href":"https:\/\/planyard.com\/sv\/wp-json\/wp\/v2\/page_type?post=14130"}],"curies":[{"name":"wp","href":"https:\/\/api.w.org\/{rel}","templated":true}]}}