{"id":14125,"date":"2024-12-05T13:29:27","date_gmt":"2024-12-05T13:29:27","guid":{"rendered":"https:\/\/planyard.com\/construction-templates"},"modified":"2025-05-19T19:28:40","modified_gmt":"2025-05-19T19:28:40","slug":"bibliotek-byggmallar","status":"publish","type":"page","link":"https:\/\/planyard.com\/sv\/bibliotek-byggmallar","title":{"rendered":"Bibliotek med byggmallar"},"content":{"rendered":"\n<div class=\"wp-block-media-text is-stacked-on-mobile\"><figure class=\"wp-block-media-text__media\"><img loading=\"lazy\" decoding=\"async\" width=\"1080\" height=\"1080\" src=\"https:\/\/planyard.com\/wp-content\/uploads\/2024\/12\/construction_contract_template.png\" alt=\"Construction contract template\" class=\"wp-image-7944 size-full\" srcset=\"https:\/\/planyard.com\/wp-content\/uploads\/2024\/12\/construction_contract_template.png 1080w, https:\/\/planyard.com\/wp-content\/uploads\/2024\/12\/construction_contract_template-150x150.png 150w\" sizes=\"auto, (max-width: 1080px) 100vw, 1080px\" \/><\/figure><div class=\"wp-block-media-text__content\">\n<p>V\u00e4lkommen till v\u00e5r omfattande samling av byggmallar, utformade f\u00f6r att effektivisera ditt projekt fr\u00e5n start till m\u00e5l.<\/p>\n\n\n\n<p>Oavsett om du \u00e4r en erfaren entrepren\u00f6r eller en projektledare ny i branschen, erbjuder v\u00e5ra mallar de verktyg du beh\u00f6ver f\u00f6r effektiv planering, genomf\u00f6rande och hantering.<\/p>\n\n\n\n<p><\/p>\n<\/div><\/div>\n\n\n\n<p><\/p>\n\n\n\n<p>Utforska v\u00e5ra kategoriserade mallar nedan f\u00f6r att hitta precis det du beh\u00f6ver f\u00f6r att f\u00f6rverkliga ditt byggprojekt. Listan \u00f6ver mallar kommer att ut\u00f6kas och f\u00f6rb\u00e4ttras med tiden. Om du k\u00e4nner att en mall du beh\u00f6ver saknas fr\u00e5n denna lista, v\u00e4nligen l\u00e5t oss veta.<\/p>\n\n\n\n<h2 class=\"wp-block-heading\">Kostnadskodmallar<\/h2>\n\n\n\n<p><em>Olika alternativ<\/em> f\u00f6r kostnadskoder beroende p\u00e5 ditt projekt och din region.<\/p>\n\n\n\n<ul class=\"wp-block-list\">\n<li><strong><a href=\"https:\/\/planyard.com\/blog\/aia-construction-codes-for-construction-billing\">AIA Kostnadskodmall<\/a><\/strong><\/li>\n\n\n\n<li><strong><a href=\"https:\/\/planyard.com\/sv\/nahb-kostnadskoder\">NAHB Kostnadskodmall<\/a><\/strong><\/li>\n\n\n\n<li><strong><a href=\"https:\/\/planyard.com\/sv\/byggkostnadskoder-for-projektledare\">Detaljerad Kostnadskodmall<\/a><\/strong><\/li>\n\n\n\n<li><strong>Kostnadskod till Huvudboksmappningsmall (kommer snart)<\/strong><\/li>\n<\/ul>\n\n\n\n<h2 class=\"wp-block-heading\">Projektplaneringsmallar<\/h2>\n\n\n\n<p><em>L\u00e4gg en solid grund f\u00f6r ditt projekt med dessa viktiga planeringsverktyg.<\/em><\/p>\n\n\n\n<ul class=\"wp-block-list\">\n<li><strong><a href=\"https:\/\/planyard.com\/sv\/mall-for-byggbudget\">Byggbudgetmall<\/a><\/strong><\/li>\n\n\n\n<li><a href=\"https:\/\/planyard.com\/sv\/gratis-mall-kostnadsberakning-bygg\"><strong>Byggber\u00e4kningsmall<\/strong><\/a><\/li>\n\n\n\n<li><strong><a href=\"https:\/\/planyard.com\/sv\/mall-for-bygganbud\">Projektbudmall<\/a><\/strong><\/li>\n\n\n\n<li><a href=\"https:\/\/planyard.com\/sv\/gratis-mall-for-byggschema-i-excel-ladda-ner-nu\"><strong>Byggschemamall<\/strong><\/a><\/li>\n\n\n\n<li><strong>Resursallokeringsmall<strong> (kommer snart)<\/strong><\/strong><\/li>\n<\/ul>\n\n\n\n<h2 class=\"wp-block-heading\">Projektledningsmallar<\/h2>\n\n\n\n<p><em>H\u00e5ll ditt projekt p\u00e5 r\u00e4tt sp\u00e5r och intressenter informerade med dessa hanteringsverktyg.<\/em><\/p>\n\n\n\n<ul class=\"wp-block-list\">\n<li><strong><a href=\"https:\/\/planyard.com\/sv\/mall-kostnad-varde-rekonsiliering\">Bygg CVR-mall<\/a><\/strong><\/li>\n\n\n\n<li><strong>Gantt-schema Mall<strong><strong> (kommer snart)<\/strong><\/strong><\/strong><\/li>\n\n\n\n<li><strong>Framstegsrapportmall<strong><strong> (kommer snart)<\/strong><\/strong><\/strong><\/li>\n\n\n\n<li><strong>\u00c4ndringsordermall<strong><strong> (kommer snart)<\/strong><\/strong><\/strong><\/li>\n\n\n\n<li><strong>Kommunikationsplan f\u00f6r intressenter<strong><strong> (kommer snart)<\/strong><\/strong><\/strong><\/li>\n<\/ul>\n\n\n\n<h2 class=\"wp-block-heading\">Dokumentations- och kontraktsmallar<\/h2>\n\n\n\n<p><em>Hantera juridiska fr\u00e5gor och dokumentation enkelt med dessa omfattande mallar.<\/em><\/p>\n\n\n\n<ul class=\"wp-block-list\">\n<li><strong><a href=\"https:\/\/planyard.com\/sv\/mall-for-byggkontrakt\">Byggkontraktsmall<\/a><\/strong><\/li>\n\n\n\n<li><strong><a href=\"https:\/\/planyard.com\/sv\/mall-for-byggfaktura\">Byggfakturmall<\/a><\/strong><\/li>\n\n\n\n<li><strong>Arbetsordermall (kommer snart)<\/strong><\/li>\n\n\n\n<li><strong>Avslutningslista Mall<strong> (kommer snart)<\/strong><\/strong><\/li>\n<\/ul>\n\n\n\n<h2 class=\"wp-block-heading\">S\u00e4kerhets- och efterlevnadsmallar<\/h2>\n\n\n\n<p><em>S\u00e4kerst\u00e4ll att ditt projekt uppfyller alla s\u00e4kerhetsstandarder och regleringskrav.<\/em><\/p>\n\n\n\n<ul class=\"wp-block-list\">\n<li><strong>S\u00e4kerhetsplan Mall<strong> (kommer snart)<\/strong><\/strong><\/li>\n\n\n\n<li><strong>Riskbed\u00f6mningsmall<strong> (kommer snart)<\/strong><\/strong><\/li>\n\n\n\n<li><strong>Reglerings\u00f6verensst\u00e4mmelsechecklista<strong> (kommer snart)<\/strong><\/strong><\/li>\n\n\n\n<li><strong>Incidentrapportmall<strong> (kommer snart)<\/strong><\/strong><\/li>\n<\/ul>\n\n\n\n<p>K\u00e4nn dig fri att ladda ner och anpassa dessa mallar f\u00f6r att passa de specifika behoven i ditt projekt. Varje mall \u00e4r utformad f\u00f6r att hj\u00e4lpa dig spara tid, minska fel och s\u00e4kerst\u00e4lla att alla aspekter av din byggprocess \u00e4r v\u00e4l dokumenterade och professionellt hanterade.<\/p>\n\n\n\n<p>Vi f\u00f6rs\u00f6ker tillhandah\u00e5lla v\u00e5ra dokument s\u00e5 att de \u00e4r uppdaterade med <a href=\"https:\/\/www.hse.gov.uk\/construction\/index.htm\">HSE-regler<\/a>, <a href=\"https:\/\/www.osha.gov\/construction\">OSHA-regler<\/a> och andra &#8211; det kan finnas dokument som \u00e4nnu inte har uppdaterats. Om s\u00e5 \u00e4r fallet, v\u00e4nligen l\u00e5t oss veta.<\/p>\n","protected":false},"excerpt":{"rendered":"<p>V\u00e4lkommen till v\u00e5r omfattande samling av byggmallar, utformade f\u00f6r att effektivisera ditt projekt fr\u00e5n start till m\u00e5l. Oavsett om du \u00e4r en erfaren entrepren\u00f6r eller en projektledare ny i branschen, erbjuder v\u00e5ra mallar de verktyg du beh\u00f6ver f\u00f6r effektiv planering, genomf\u00f6rande och hantering. Utforska v\u00e5ra kategoriserade mallar nedan f\u00f6r att hitta precis det du beh\u00f6ver&#8230;  <a class=\"excerpt-read-more\" href=\"https:\/\/planyard.com\/sv\/bibliotek-byggmallar\" title=\"L\u00e4s  Bibliotek med byggmallar\">L\u00e4s mer &#8221;<\/a><\/p>\n","protected":false},"author":3,"featured_media":0,"parent":0,"menu_order":0,"comment_status":"closed","ping_status":"closed","template":"","meta":{"_acf_changed":false,"content-type":"","footnotes":""},"page_intent":[170],"page_type":[],"class_list":["post-14125","page","type-page","status-publish","hentry"],"acf":[],"yoast_head":"<!-- This site is optimized with the Yoast SEO plugin v27.1.1 - https:\/\/yoast.com\/product\/yoast-seo-wordpress\/ -->\n<title>Bibliotek med byggmallar - Gratis nedladdningar - Planyard Sverige<\/title>\n<meta name=\"description\" content=\"Gratis byggmallar f\u00f6r planering, design, s\u00e4kerhet eller dokumentation. F\u00f6rb\u00e4ttra din projektledning med anpassningsbara mallar.\" \/>\n<meta name=\"robots\" content=\"index, follow, max-snippet:-1, max-image-preview:large, max-video-preview:-1\" \/>\n<link rel=\"canonical\" href=\"https:\/\/planyard.com\/sv\/bibliotek-byggmallar\" \/>\n<meta property=\"og:locale\" content=\"sv_SE\" \/>\n<meta property=\"og:type\" content=\"article\" \/>\n<meta property=\"og:title\" content=\"Bibliotek med byggmallar - Gratis nedladdningar - Planyard Sverige\" \/>\n<meta property=\"og:description\" content=\"Gratis byggmallar f\u00f6r planering, design, s\u00e4kerhet eller dokumentation. F\u00f6rb\u00e4ttra din projektledning med anpassningsbara mallar.\" \/>\n<meta property=\"og:url\" content=\"https:\/\/planyard.com\/sv\/bibliotek-byggmallar\" \/>\n<meta property=\"og:site_name\" content=\"Planyard Sverige\" \/>\n<meta property=\"article:modified_time\" content=\"2025-05-19T19:28:40+00:00\" \/>\n<meta property=\"og:image\" content=\"https:\/\/planyard.com\/wp-content\/uploads\/2024\/12\/construction_contract_template.png\" \/>\n\t<meta property=\"og:image:width\" content=\"1080\" \/>\n\t<meta property=\"og:image:height\" content=\"1080\" \/>\n\t<meta property=\"og:image:type\" content=\"image\/png\" \/>\n<meta name=\"twitter:card\" content=\"summary_large_image\" \/>\n<meta name=\"twitter:label1\" content=\"Ber\u00e4knad l\u00e4stid\" \/>\n\t<meta name=\"twitter:data1\" content=\"2 minuter\" \/>\n<!-- \/ Yoast SEO plugin. -->","yoast_head_json":{"title":"Bibliotek med byggmallar - Gratis nedladdningar - Planyard Sverige","description":"Gratis byggmallar f\u00f6r planering, design, s\u00e4kerhet eller dokumentation. F\u00f6rb\u00e4ttra din projektledning med anpassningsbara mallar.","robots":{"index":"index","follow":"follow","max-snippet":"max-snippet:-1","max-image-preview":"max-image-preview:large","max-video-preview":"max-video-preview:-1"},"canonical":"https:\/\/planyard.com\/sv\/bibliotek-byggmallar","og_locale":"sv_SE","og_type":"article","og_title":"Bibliotek med byggmallar - Gratis nedladdningar - Planyard Sverige","og_description":"Gratis byggmallar f\u00f6r planering, design, s\u00e4kerhet eller dokumentation. F\u00f6rb\u00e4ttra din projektledning med anpassningsbara mallar.","og_url":"https:\/\/planyard.com\/sv\/bibliotek-byggmallar","og_site_name":"Planyard Sverige","article_modified_time":"2025-05-19T19:28:40+00:00","og_image":[{"width":1080,"height":1080,"url":"https:\/\/planyard.com\/wp-content\/uploads\/2024\/12\/construction_contract_template.png","type":"image\/png"}],"twitter_card":"summary_large_image","twitter_misc":{"Ber\u00e4knad l\u00e4stid":"2 minuter"},"schema":{"@context":"https:\/\/schema.org","@graph":[{"@type":"WebPage","@id":"https:\/\/planyard.com\/sv\/bibliotek-byggmallar","url":"https:\/\/planyard.com\/sv\/bibliotek-byggmallar","name":"Bibliotek med byggmallar - Gratis nedladdningar - Planyard Sverige","isPartOf":{"@id":"https:\/\/planyard.com\/sv#website"},"primaryImageOfPage":{"@id":"https:\/\/planyard.com\/sv\/bibliotek-byggmallar#primaryimage"},"image":{"@id":"https:\/\/planyard.com\/sv\/bibliotek-byggmallar#primaryimage"},"thumbnailUrl":"https:\/\/planyard.com\/wp-content\/uploads\/2024\/12\/construction_contract_template.png","datePublished":"2024-12-05T13:29:27+00:00","dateModified":"2025-05-19T19:28:40+00:00","description":"Gratis byggmallar f\u00f6r planering, design, s\u00e4kerhet eller dokumentation. F\u00f6rb\u00e4ttra din projektledning med anpassningsbara mallar.","breadcrumb":{"@id":"https:\/\/planyard.com\/sv\/bibliotek-byggmallar#breadcrumb"},"inLanguage":"sv-SE","potentialAction":[{"@type":"ReadAction","target":["https:\/\/planyard.com\/sv\/bibliotek-byggmallar"]}]},{"@type":"ImageObject","inLanguage":"sv-SE","@id":"https:\/\/planyard.com\/sv\/bibliotek-byggmallar#primaryimage","url":"https:\/\/planyard.com\/wp-content\/uploads\/2024\/12\/construction_contract_template.png","contentUrl":"https:\/\/planyard.com\/wp-content\/uploads\/2024\/12\/construction_contract_template.png"},{"@type":"BreadcrumbList","@id":"https:\/\/planyard.com\/sv\/bibliotek-byggmallar#breadcrumb","itemListElement":[{"@type":"ListItem","position":1,"name":"Home","item":"https:\/\/planyard.com\/sv"},{"@type":"ListItem","position":2,"name":"Bibliotek med byggmallar"}]},{"@type":"WebSite","@id":"https:\/\/planyard.com\/sv#website","url":"https:\/\/planyard.com\/sv","name":"Planyard Sverige","description":"","potentialAction":[{"@type":"SearchAction","target":{"@type":"EntryPoint","urlTemplate":"https:\/\/planyard.com\/sv?s={search_term_string}"},"query-input":{"@type":"PropertyValueSpecification","valueRequired":true,"valueName":"search_term_string"}}],"inLanguage":"sv-SE"}]}},"_links":{"self":[{"href":"https:\/\/planyard.com\/sv\/wp-json\/wp\/v2\/pages\/14125","targetHints":{"allow":["GET"]}}],"collection":[{"href":"https:\/\/planyard.com\/sv\/wp-json\/wp\/v2\/pages"}],"about":[{"href":"https:\/\/planyard.com\/sv\/wp-json\/wp\/v2\/types\/page"}],"author":[{"embeddable":true,"href":"https:\/\/planyard.com\/sv\/wp-json\/wp\/v2\/users\/3"}],"replies":[{"embeddable":true,"href":"https:\/\/planyard.com\/sv\/wp-json\/wp\/v2\/comments?post=14125"}],"version-history":[{"count":3,"href":"https:\/\/planyard.com\/sv\/wp-json\/wp\/v2\/pages\/14125\/revisions"}],"predecessor-version":[{"id":16499,"href":"https:\/\/planyard.com\/sv\/wp-json\/wp\/v2\/pages\/14125\/revisions\/16499"}],"wp:attachment":[{"href":"https:\/\/planyard.com\/sv\/wp-json\/wp\/v2\/media?parent=14125"}],"wp:term":[{"taxonomy":"page_intent","embeddable":true,"href":"https:\/\/planyard.com\/sv\/wp-json\/wp\/v2\/page_intent?post=14125"},{"taxonomy":"page_type","embeddable":true,"href":"https:\/\/planyard.com\/sv\/wp-json\/wp\/v2\/page_type?post=14125"}],"curies":[{"name":"wp","href":"https:\/\/api.w.org\/{rel}","templated":true}]}}