{"id":14107,"date":"2024-08-20T12:26:24","date_gmt":"2024-08-20T12:26:24","guid":{"rendered":"https:\/\/planyard.com\/construction-forecasting-software"},"modified":"2025-05-19T09:29:13","modified_gmt":"2025-05-19T09:29:13","slug":"prognosverktyg-for-byggprojekt","status":"publish","type":"page","link":"https:\/\/planyard.com\/sv\/prognosverktyg-for-byggprojekt","title":{"rendered":"Prognosverktyg f\u00f6r byggprojekt"},"content":{"rendered":"","protected":false},"excerpt":{"rendered":"","protected":false},"author":2,"featured_media":0,"parent":0,"menu_order":0,"comment_status":"closed","ping_status":"closed","template":"","meta":{"_acf_changed":false,"content-type":"","footnotes":""},"page_intent":[155],"page_type":[],"class_list":["post-14107","page","type-page","status-publish","hentry"],"acf":[],"yoast_head":"<!-- This site is optimized with the Yoast SEO plugin v27.1.1 - https:\/\/yoast.com\/product\/yoast-seo-wordpress\/ -->\n<title>Enkelt prognosverktyg f\u00f6r byggprojekt - Prova gratis i 14 dagar | Planyard Sverige<\/title>\n<meta name=\"description\" content=\"Planyards prognosverktyg f\u00f6r byggprojekt m\u00f6jligg\u00f6r sp\u00e5rning av projektets l\u00f6nsamhet i realtid. Slipp kalkylblad och dubbel datainmatning.\" \/>\n<meta name=\"robots\" content=\"index, follow, max-snippet:-1, max-image-preview:large, max-video-preview:-1\" \/>\n<link rel=\"canonical\" href=\"https:\/\/planyard.com\/sv\/prognosverktyg-for-byggprojekt\" \/>\n<meta property=\"og:locale\" content=\"sv_SE\" \/>\n<meta property=\"og:type\" content=\"article\" \/>\n<meta property=\"og:title\" content=\"Enkelt prognosverktyg f\u00f6r byggprojekt - Prova gratis i 14 dagar | Planyard Sverige\" \/>\n<meta property=\"og:description\" content=\"Planyards prognosverktyg f\u00f6r byggprojekt m\u00f6jligg\u00f6r sp\u00e5rning av projektets l\u00f6nsamhet i realtid. Slipp kalkylblad och dubbel datainmatning.\" \/>\n<meta property=\"og:url\" content=\"https:\/\/planyard.com\/sv\/prognosverktyg-for-byggprojekt\" \/>\n<meta property=\"og:site_name\" content=\"Planyard Sverige\" \/>\n<meta property=\"article:modified_time\" content=\"2025-05-19T09:29:13+00:00\" \/>\n<meta name=\"twitter:card\" content=\"summary_large_image\" \/>\n<!-- \/ Yoast SEO plugin. -->","yoast_head_json":{"title":"Enkelt prognosverktyg f\u00f6r byggprojekt - Prova gratis i 14 dagar | Planyard Sverige","description":"Planyards prognosverktyg f\u00f6r byggprojekt m\u00f6jligg\u00f6r sp\u00e5rning av projektets l\u00f6nsamhet i realtid. Slipp kalkylblad och dubbel datainmatning.","robots":{"index":"index","follow":"follow","max-snippet":"max-snippet:-1","max-image-preview":"max-image-preview:large","max-video-preview":"max-video-preview:-1"},"canonical":"https:\/\/planyard.com\/sv\/prognosverktyg-for-byggprojekt","og_locale":"sv_SE","og_type":"article","og_title":"Enkelt prognosverktyg f\u00f6r byggprojekt - Prova gratis i 14 dagar | Planyard Sverige","og_description":"Planyards prognosverktyg f\u00f6r byggprojekt m\u00f6jligg\u00f6r sp\u00e5rning av projektets l\u00f6nsamhet i realtid. Slipp kalkylblad och dubbel datainmatning.","og_url":"https:\/\/planyard.com\/sv\/prognosverktyg-for-byggprojekt","og_site_name":"Planyard Sverige","article_modified_time":"2025-05-19T09:29:13+00:00","twitter_card":"summary_large_image","schema":{"@context":"https:\/\/schema.org","@graph":[{"@type":"WebPage","@id":"https:\/\/planyard.com\/sv\/prognosverktyg-for-byggprojekt","url":"https:\/\/planyard.com\/sv\/prognosverktyg-for-byggprojekt","name":"Enkelt prognosverktyg f\u00f6r byggprojekt - Prova gratis i 14 dagar | Planyard Sverige","isPartOf":{"@id":"https:\/\/planyard.com\/sv#website"},"datePublished":"2024-08-20T12:26:24+00:00","dateModified":"2025-05-19T09:29:13+00:00","description":"Planyards prognosverktyg f\u00f6r byggprojekt m\u00f6jligg\u00f6r sp\u00e5rning av projektets l\u00f6nsamhet i realtid. Slipp kalkylblad och dubbel datainmatning.","breadcrumb":{"@id":"https:\/\/planyard.com\/sv\/prognosverktyg-for-byggprojekt#breadcrumb"},"inLanguage":"sv-SE","potentialAction":[{"@type":"ReadAction","target":["https:\/\/planyard.com\/sv\/prognosverktyg-for-byggprojekt"]}]},{"@type":"BreadcrumbList","@id":"https:\/\/planyard.com\/sv\/prognosverktyg-for-byggprojekt#breadcrumb","itemListElement":[{"@type":"ListItem","position":1,"name":"Home","item":"https:\/\/planyard.com\/sv"},{"@type":"ListItem","position":2,"name":"Prognosverktyg f\u00f6r byggprojekt"}]},{"@type":"WebSite","@id":"https:\/\/planyard.com\/sv#website","url":"https:\/\/planyard.com\/sv","name":"Planyard Sverige","description":"","potentialAction":[{"@type":"SearchAction","target":{"@type":"EntryPoint","urlTemplate":"https:\/\/planyard.com\/sv?s={search_term_string}"},"query-input":{"@type":"PropertyValueSpecification","valueRequired":true,"valueName":"search_term_string"}}],"inLanguage":"sv-SE"}]}},"_links":{"self":[{"href":"https:\/\/planyard.com\/sv\/wp-json\/wp\/v2\/pages\/14107","targetHints":{"allow":["GET"]}}],"collection":[{"href":"https:\/\/planyard.com\/sv\/wp-json\/wp\/v2\/pages"}],"about":[{"href":"https:\/\/planyard.com\/sv\/wp-json\/wp\/v2\/types\/page"}],"author":[{"embeddable":true,"href":"https:\/\/planyard.com\/sv\/wp-json\/wp\/v2\/users\/2"}],"replies":[{"embeddable":true,"href":"https:\/\/planyard.com\/sv\/wp-json\/wp\/v2\/comments?post=14107"}],"version-history":[{"count":1,"href":"https:\/\/planyard.com\/sv\/wp-json\/wp\/v2\/pages\/14107\/revisions"}],"predecessor-version":[{"id":14237,"href":"https:\/\/planyard.com\/sv\/wp-json\/wp\/v2\/pages\/14107\/revisions\/14237"}],"wp:attachment":[{"href":"https:\/\/planyard.com\/sv\/wp-json\/wp\/v2\/media?parent=14107"}],"wp:term":[{"taxonomy":"page_intent","embeddable":true,"href":"https:\/\/planyard.com\/sv\/wp-json\/wp\/v2\/page_intent?post=14107"},{"taxonomy":"page_type","embeddable":true,"href":"https:\/\/planyard.com\/sv\/wp-json\/wp\/v2\/page_type?post=14107"}],"curies":[{"name":"wp","href":"https:\/\/api.w.org\/{rel}","templated":true}]}}