{"id":14104,"date":"2024-09-05T05:48:14","date_gmt":"2024-09-05T05:48:14","guid":{"rendered":"https:\/\/planyard.com\/construction-financial-management-software-for-developers"},"modified":"2025-05-19T09:27:56","modified_gmt":"2025-05-19T09:27:56","slug":"programvara-for-ekonomisk-hantering-inom-bygg-for-utvecklare","status":"publish","type":"page","link":"https:\/\/planyard.com\/sv\/programvara-for-ekonomisk-hantering-inom-bygg-for-utvecklare","title":{"rendered":"Programvara f\u00f6r ekonomisk hantering inom bygg f\u00f6r utvecklare"},"content":{"rendered":"","protected":false},"excerpt":{"rendered":"","protected":false},"author":2,"featured_media":0,"parent":0,"menu_order":0,"comment_status":"closed","ping_status":"closed","template":"","meta":{"_acf_changed":false,"content-type":"","footnotes":""},"page_intent":[155],"page_type":[],"class_list":["post-14104","page","type-page","status-publish","hentry"],"acf":[],"yoast_head":"<!-- This site is optimized with the Yoast SEO plugin v27.1.1 - https:\/\/yoast.com\/product\/yoast-seo-wordpress\/ -->\n<title>Programvara f\u00f6r ekonomisk hantering inom bygg f\u00f6r utvecklare - Planyard Sverige<\/title>\n<meta name=\"description\" content=\"Planyards programvara f\u00f6r ekonomisk hantering inom bygg f\u00f6r utvecklare f\u00f6renklar budgetar, kontrakt, anbudsf\u00f6rfr\u00e5gningar och fakturor. Spara tid och minska fel.\" \/>\n<meta name=\"robots\" content=\"index, follow, max-snippet:-1, max-image-preview:large, max-video-preview:-1\" \/>\n<link rel=\"canonical\" href=\"https:\/\/planyard.com\/sv\/programvara-for-ekonomisk-hantering-inom-bygg-for-utvecklare\" \/>\n<meta property=\"og:locale\" content=\"sv_SE\" \/>\n<meta property=\"og:type\" content=\"article\" \/>\n<meta property=\"og:title\" content=\"Programvara f\u00f6r ekonomisk hantering inom bygg f\u00f6r utvecklare - Planyard Sverige\" \/>\n<meta property=\"og:description\" content=\"Planyards programvara f\u00f6r ekonomisk hantering inom bygg f\u00f6r utvecklare f\u00f6renklar budgetar, kontrakt, anbudsf\u00f6rfr\u00e5gningar och fakturor. Spara tid och minska fel.\" \/>\n<meta property=\"og:url\" content=\"https:\/\/planyard.com\/sv\/programvara-for-ekonomisk-hantering-inom-bygg-for-utvecklare\" \/>\n<meta property=\"og:site_name\" content=\"Planyard Sverige\" \/>\n<meta property=\"article:modified_time\" content=\"2025-05-19T09:27:56+00:00\" \/>\n<meta name=\"twitter:card\" content=\"summary_large_image\" \/>\n<!-- \/ Yoast SEO plugin. -->","yoast_head_json":{"title":"Programvara f\u00f6r ekonomisk hantering inom bygg f\u00f6r utvecklare - Planyard Sverige","description":"Planyards programvara f\u00f6r ekonomisk hantering inom bygg f\u00f6r utvecklare f\u00f6renklar budgetar, kontrakt, anbudsf\u00f6rfr\u00e5gningar och fakturor. Spara tid och minska fel.","robots":{"index":"index","follow":"follow","max-snippet":"max-snippet:-1","max-image-preview":"max-image-preview:large","max-video-preview":"max-video-preview:-1"},"canonical":"https:\/\/planyard.com\/sv\/programvara-for-ekonomisk-hantering-inom-bygg-for-utvecklare","og_locale":"sv_SE","og_type":"article","og_title":"Programvara f\u00f6r ekonomisk hantering inom bygg f\u00f6r utvecklare - Planyard Sverige","og_description":"Planyards programvara f\u00f6r ekonomisk hantering inom bygg f\u00f6r utvecklare f\u00f6renklar budgetar, kontrakt, anbudsf\u00f6rfr\u00e5gningar och fakturor. Spara tid och minska fel.","og_url":"https:\/\/planyard.com\/sv\/programvara-for-ekonomisk-hantering-inom-bygg-for-utvecklare","og_site_name":"Planyard Sverige","article_modified_time":"2025-05-19T09:27:56+00:00","twitter_card":"summary_large_image","schema":{"@context":"https:\/\/schema.org","@graph":[{"@type":"WebPage","@id":"https:\/\/planyard.com\/sv\/programvara-for-ekonomisk-hantering-inom-bygg-for-utvecklare","url":"https:\/\/planyard.com\/sv\/programvara-for-ekonomisk-hantering-inom-bygg-for-utvecklare","name":"Programvara f\u00f6r ekonomisk hantering inom bygg f\u00f6r utvecklare - Planyard Sverige","isPartOf":{"@id":"https:\/\/planyard.com\/sv#website"},"datePublished":"2024-09-05T05:48:14+00:00","dateModified":"2025-05-19T09:27:56+00:00","description":"Planyards programvara f\u00f6r ekonomisk hantering inom bygg f\u00f6r utvecklare f\u00f6renklar budgetar, kontrakt, anbudsf\u00f6rfr\u00e5gningar och fakturor. Spara tid och minska fel.","breadcrumb":{"@id":"https:\/\/planyard.com\/sv\/programvara-for-ekonomisk-hantering-inom-bygg-for-utvecklare#breadcrumb"},"inLanguage":"sv-SE","potentialAction":[{"@type":"ReadAction","target":["https:\/\/planyard.com\/sv\/programvara-for-ekonomisk-hantering-inom-bygg-for-utvecklare"]}]},{"@type":"BreadcrumbList","@id":"https:\/\/planyard.com\/sv\/programvara-for-ekonomisk-hantering-inom-bygg-for-utvecklare#breadcrumb","itemListElement":[{"@type":"ListItem","position":1,"name":"Home","item":"https:\/\/planyard.com\/sv"},{"@type":"ListItem","position":2,"name":"Programvara f\u00f6r ekonomisk hantering inom bygg f\u00f6r utvecklare"}]},{"@type":"WebSite","@id":"https:\/\/planyard.com\/sv#website","url":"https:\/\/planyard.com\/sv","name":"Planyard Sverige","description":"","potentialAction":[{"@type":"SearchAction","target":{"@type":"EntryPoint","urlTemplate":"https:\/\/planyard.com\/sv?s={search_term_string}"},"query-input":{"@type":"PropertyValueSpecification","valueRequired":true,"valueName":"search_term_string"}}],"inLanguage":"sv-SE"}]}},"_links":{"self":[{"href":"https:\/\/planyard.com\/sv\/wp-json\/wp\/v2\/pages\/14104","targetHints":{"allow":["GET"]}}],"collection":[{"href":"https:\/\/planyard.com\/sv\/wp-json\/wp\/v2\/pages"}],"about":[{"href":"https:\/\/planyard.com\/sv\/wp-json\/wp\/v2\/types\/page"}],"author":[{"embeddable":true,"href":"https:\/\/planyard.com\/sv\/wp-json\/wp\/v2\/users\/2"}],"replies":[{"embeddable":true,"href":"https:\/\/planyard.com\/sv\/wp-json\/wp\/v2\/comments?post=14104"}],"version-history":[{"count":1,"href":"https:\/\/planyard.com\/sv\/wp-json\/wp\/v2\/pages\/14104\/revisions"}],"predecessor-version":[{"id":14217,"href":"https:\/\/planyard.com\/sv\/wp-json\/wp\/v2\/pages\/14104\/revisions\/14217"}],"wp:attachment":[{"href":"https:\/\/planyard.com\/sv\/wp-json\/wp\/v2\/media?parent=14104"}],"wp:term":[{"taxonomy":"page_intent","embeddable":true,"href":"https:\/\/planyard.com\/sv\/wp-json\/wp\/v2\/page_intent?post=14104"},{"taxonomy":"page_type","embeddable":true,"href":"https:\/\/planyard.com\/sv\/wp-json\/wp\/v2\/page_type?post=14104"}],"curies":[{"name":"wp","href":"https:\/\/api.w.org\/{rel}","templated":true}]}}