{"id":14103,"date":"2024-11-06T09:38:07","date_gmt":"2024-11-06T09:38:07","guid":{"rendered":"https:\/\/planyard.com\/construction-glossary-collection"},"modified":"2025-05-19T19:26:35","modified_gmt":"2025-05-19T19:26:35","slug":"byggfinansiell-ordlista","status":"publish","type":"page","link":"https:\/\/planyard.com\/sv\/byggfinansiell-ordlista","title":{"rendered":"Byggfinansiell ordlista"},"content":{"rendered":"\n<p>V\u00e4lkommen till Byggfinansiell ordlista, din oumb\u00e4rliga resurs f\u00f6r att f\u00f6rst\u00e5 de finansiella termer och begrepp som \u00e4r unika f\u00f6r byggbranschen. Denna ordlista \u00e4r skapad f\u00f6r b\u00e5de yrkesverksamma och nyb\u00f6rjare och t\u00e4cker allt fr\u00e5n grundl\u00e4ggande budgetering till avancerad kostnadshantering.<\/p>\n\n\n\n<p>Oavsett om du \u00f6vervakar projektfinanser, hanterar kassafl\u00f6de eller f\u00f6rbereder kostnadsprognoser, hittar du de definitioner du beh\u00f6ver h\u00e4r. H\u00e5ll dig informerad och fatta s\u00e4kra beslut i varje projekt.<\/p>\n","protected":false},"excerpt":{"rendered":"<p>V\u00e4lkommen till Byggfinansiell ordlista, din oumb\u00e4rliga resurs f\u00f6r att f\u00f6rst\u00e5 de finansiella termer och begrepp som \u00e4r unika f\u00f6r byggbranschen. Denna ordlista \u00e4r skapad f\u00f6r b\u00e5de yrkesverksamma och nyb\u00f6rjare och t\u00e4cker allt fr\u00e5n grundl\u00e4ggande budgetering till avancerad kostnadshantering. Oavsett om du \u00f6vervakar projektfinanser, hanterar kassafl\u00f6de eller f\u00f6rbereder kostnadsprognoser, hittar du de definitioner du beh\u00f6ver h\u00e4r&#8230;.  <a class=\"excerpt-read-more\" href=\"https:\/\/planyard.com\/sv\/byggfinansiell-ordlista\" title=\"L\u00e4s  Byggfinansiell ordlista\">L\u00e4s mer &#8221;<\/a><\/p>\n","protected":false},"author":3,"featured_media":0,"parent":0,"menu_order":0,"comment_status":"closed","ping_status":"closed","template":"","meta":{"_acf_changed":false,"content-type":"","footnotes":""},"page_intent":[245],"page_type":[],"class_list":["post-14103","page","type-page","status-publish","hentry"],"acf":[],"yoast_head":"<!-- This site is optimized with the Yoast SEO plugin v26.9 - https:\/\/yoast.com\/product\/yoast-seo-wordpress\/ -->\n<title>Byggfinansiell ordlista - Planyard Sverige<\/title>\n<meta name=\"description\" content=\"Din resurs f\u00f6r tydliga definitioner av viktiga byggfinansiella termer. Den t\u00e4cker budgetering, kassafl\u00f6de och mer.\" \/>\n<meta name=\"robots\" content=\"index, follow, max-snippet:-1, max-image-preview:large, max-video-preview:-1\" \/>\n<link rel=\"canonical\" href=\"https:\/\/planyard.com\/sv\/byggfinansiell-ordlista\" \/>\n<meta property=\"og:locale\" content=\"sv_SE\" \/>\n<meta property=\"og:type\" content=\"article\" \/>\n<meta property=\"og:title\" content=\"Byggfinansiell ordlista - Planyard Sverige\" \/>\n<meta property=\"og:description\" content=\"Din resurs f\u00f6r tydliga definitioner av viktiga byggfinansiella termer. Den t\u00e4cker budgetering, kassafl\u00f6de och mer.\" \/>\n<meta property=\"og:url\" content=\"https:\/\/planyard.com\/sv\/byggfinansiell-ordlista\" \/>\n<meta property=\"og:site_name\" content=\"Planyard Sverige\" \/>\n<meta property=\"article:modified_time\" content=\"2025-05-19T19:26:35+00:00\" \/>\n<meta name=\"twitter:card\" content=\"summary_large_image\" \/>\n<meta name=\"twitter:label1\" content=\"Ber\u00e4knad l\u00e4stid\" \/>\n\t<meta name=\"twitter:data1\" content=\"1 minut\" \/>\n<!-- \/ Yoast SEO plugin. -->","yoast_head_json":{"title":"Byggfinansiell ordlista - Planyard Sverige","description":"Din resurs f\u00f6r tydliga definitioner av viktiga byggfinansiella termer. Den t\u00e4cker budgetering, kassafl\u00f6de och mer.","robots":{"index":"index","follow":"follow","max-snippet":"max-snippet:-1","max-image-preview":"max-image-preview:large","max-video-preview":"max-video-preview:-1"},"canonical":"https:\/\/planyard.com\/sv\/byggfinansiell-ordlista","og_locale":"sv_SE","og_type":"article","og_title":"Byggfinansiell ordlista - Planyard Sverige","og_description":"Din resurs f\u00f6r tydliga definitioner av viktiga byggfinansiella termer. Den t\u00e4cker budgetering, kassafl\u00f6de och mer.","og_url":"https:\/\/planyard.com\/sv\/byggfinansiell-ordlista","og_site_name":"Planyard Sverige","article_modified_time":"2025-05-19T19:26:35+00:00","twitter_card":"summary_large_image","twitter_misc":{"Ber\u00e4knad l\u00e4stid":"1 minut"},"schema":{"@context":"https:\/\/schema.org","@graph":[{"@type":"WebPage","@id":"https:\/\/planyard.com\/sv\/byggfinansiell-ordlista","url":"https:\/\/planyard.com\/sv\/byggfinansiell-ordlista","name":"Byggfinansiell ordlista - Planyard Sverige","isPartOf":{"@id":"https:\/\/planyard.com\/sv#website"},"datePublished":"2024-11-06T09:38:07+00:00","dateModified":"2025-05-19T19:26:35+00:00","description":"Din resurs f\u00f6r tydliga definitioner av viktiga byggfinansiella termer. Den t\u00e4cker budgetering, kassafl\u00f6de och mer.","breadcrumb":{"@id":"https:\/\/planyard.com\/sv\/byggfinansiell-ordlista#breadcrumb"},"inLanguage":"sv-SE","potentialAction":[{"@type":"ReadAction","target":["https:\/\/planyard.com\/sv\/byggfinansiell-ordlista"]}]},{"@type":"BreadcrumbList","@id":"https:\/\/planyard.com\/sv\/byggfinansiell-ordlista#breadcrumb","itemListElement":[{"@type":"ListItem","position":1,"name":"Home","item":"https:\/\/planyard.com\/sv"},{"@type":"ListItem","position":2,"name":"Byggfinansiell ordlista"}]},{"@type":"WebSite","@id":"https:\/\/planyard.com\/sv#website","url":"https:\/\/planyard.com\/sv","name":"Planyard Sverige","description":"","potentialAction":[{"@type":"SearchAction","target":{"@type":"EntryPoint","urlTemplate":"https:\/\/planyard.com\/sv?s={search_term_string}"},"query-input":{"@type":"PropertyValueSpecification","valueRequired":true,"valueName":"search_term_string"}}],"inLanguage":"sv-SE"}]}},"_links":{"self":[{"href":"https:\/\/planyard.com\/sv\/wp-json\/wp\/v2\/pages\/14103","targetHints":{"allow":["GET"]}}],"collection":[{"href":"https:\/\/planyard.com\/sv\/wp-json\/wp\/v2\/pages"}],"about":[{"href":"https:\/\/planyard.com\/sv\/wp-json\/wp\/v2\/types\/page"}],"author":[{"embeddable":true,"href":"https:\/\/planyard.com\/sv\/wp-json\/wp\/v2\/users\/3"}],"replies":[{"embeddable":true,"href":"https:\/\/planyard.com\/sv\/wp-json\/wp\/v2\/comments?post=14103"}],"version-history":[{"count":3,"href":"https:\/\/planyard.com\/sv\/wp-json\/wp\/v2\/pages\/14103\/revisions"}],"predecessor-version":[{"id":16488,"href":"https:\/\/planyard.com\/sv\/wp-json\/wp\/v2\/pages\/14103\/revisions\/16488"}],"wp:attachment":[{"href":"https:\/\/planyard.com\/sv\/wp-json\/wp\/v2\/media?parent=14103"}],"wp:term":[{"taxonomy":"page_intent","embeddable":true,"href":"https:\/\/planyard.com\/sv\/wp-json\/wp\/v2\/page_intent?post=14103"},{"taxonomy":"page_type","embeddable":true,"href":"https:\/\/planyard.com\/sv\/wp-json\/wp\/v2\/page_type?post=14103"}],"curies":[{"name":"wp","href":"https:\/\/api.w.org\/{rel}","templated":true}]}}