{"id":14093,"date":"2024-09-12T06:06:03","date_gmt":"2024-09-12T06:06:03","guid":{"rendered":"https:\/\/planyard.com\/construction-cost-codes-for-project-managers"},"modified":"2025-05-19T19:26:30","modified_gmt":"2025-05-19T19:26:30","slug":"byggkostnadskoder-for-projektledare","status":"publish","type":"page","link":"https:\/\/planyard.com\/sv\/byggkostnadskoder-for-projektledare","title":{"rendered":"Byggkostnadskoder"},"content":{"rendered":"\n<h2 class=\"wp-block-heading has-text-align-center paddedHeading\" id=\"what-are-construction-cost-codes\">Vad \u00e4r byggkostnadskoder?<\/h2>\n\n\n\n<div class=\"wp-block-media-text alignwide has-media-on-the-right is-stacked-on-mobile\"><div class=\"wp-block-media-text__content\">\n<p><br>Byggkostnadskoder \u00e4r en definierad lista av koder som anv\u00e4nds f\u00f6r att sp\u00e5ra, hantera och rapportera belopp, kvantiteter, budgetar, vinster och annan jobbrelaterad data.<\/p>\n\n\n\n<p>Dessa koder effektiviserar datahanteringen i hela f\u00f6retaget f\u00f6r alla intressenter, inklusive kalkylatorer, projektledare och ekonomiavdelningen.<\/p>\n\n\n\n<p>De b\u00f6r anv\u00e4ndas f\u00f6r allt fr\u00e5n prognoser och avtal till kostnadshantering och redovisning, vilket s\u00e4kerst\u00e4ller full projektinsyn och m\u00f6jligg\u00f6r feluppt\u00e4ckt och data\u00e5teranv\u00e4ndning.<\/p>\n<\/div><figure class=\"wp-block-media-text__media\"><img loading=\"lazy\" decoding=\"async\" width=\"386\" height=\"365\" src=\"https:\/\/planyard.com\/wp-content\/uploads\/2024\/09\/Example-construction-cost-codes.png\" alt=\"\" class=\"wp-image-1976 size-full\"\/><\/figure><\/div>\n\n\n\n<h2 class=\"wp-block-heading has-text-align-center\">F\u00f6rdelar med att anv\u00e4nda byggkostnadskoder<\/h2>\n\n\n\n<div class=\"wp-block-columns is-layout-flex wp-container-core-columns-is-layout-9d6595d7 wp-block-columns-is-layout-flex\">\n<div class=\"wp-block-column is-layout-flow wp-block-column-is-layout-flow\">\n<h4 class=\"wp-block-heading\" id=\"cost-control\">Kostnadskontroll<\/h4>\n\n\n\n<p>Snabbt och enkelt s\u00e4tt att identifiera och analysera hur pengar spenderas p\u00e5 projektet.<\/p>\n<\/div>\n\n\n\n<div class=\"wp-block-column is-layout-flow wp-block-column-is-layout-flow\">\n<h4 class=\"wp-block-heading\" id=\"kpis-tracking\">Sp\u00e5rning av nyckeltal<\/h4>\n\n\n\n<p>Sp\u00e5ra och hantera nyckeltal som uppskattad kostnad, kostnadsuppskattning, aktuella kostnader och mer.<\/p>\n<\/div>\n\n\n\n<div class=\"wp-block-column is-layout-flow wp-block-column-is-layout-flow\">\n<h4 class=\"wp-block-heading\" id=\"ideal-for-companywide-use\">Perfekt f\u00f6r f\u00f6retags\u00f6vergripande anv\u00e4ndning<\/h4>\n\n\n\n<p>Att anv\u00e4nda samma koder i hela f\u00f6retaget g\u00f6r det enkelt att sp\u00e5ra och analysera kostnader, fel och prognoser f\u00f6r alla intressenter.<\/p>\n<\/div>\n<\/div>\n\n\n\n<div class=\"wp-block-columns is-layout-flex wp-container-core-columns-is-layout-9d6595d7 wp-block-columns-is-layout-flex\">\n<div class=\"wp-block-column is-layout-flow wp-block-column-is-layout-flow\">\n<h4 class=\"wp-block-heading\" id=\"visualize-profit-centers\">Visualisera vinstcentra<\/h4>\n\n\n\n<p>Fullst\u00e4ndig analys f\u00f6r att visualisera vinstcentra och problemomr\u00e5den.<\/p>\n<\/div>\n\n\n\n<div class=\"wp-block-column is-layout-flow wp-block-column-is-layout-flow\">\n<h4 class=\"wp-block-heading\" id=\"estimating\">Kalkylering<\/h4>\n\n\n\n<p>Ger struktur och tillg\u00e5ng f\u00f6r att f\u00f6lja kostnader i realtid f\u00f6r att g\u00f6ra mer exakta och realistiska uppskattningar.<\/p>\n<\/div>\n\n\n\n<div class=\"wp-block-column is-layout-flow wp-block-column-is-layout-flow\">\n<h4 class=\"wp-block-heading\" id=\"real-time-tracking\">Sp\u00e5rning i realtid<\/h4>\n\n\n\n<p>L\u00e5t ledningen f\u00e5 en tydlig \u00f6versikt \u00f6ver jobbet och h\u00e5lla alla intressenter engagerade.<\/p>\n<\/div>\n<\/div>\n\n\n\n<h2 class=\"wp-block-heading has-text-align-center\">Jobb uppdelat i mindre leveranser<\/h2>\n\n\n\n<div class=\"wp-block-media-text alignwide has-media-on-the-right is-stacked-on-mobile\"><div class=\"wp-block-media-text__content\">\n<p><br>Arbetet kan delas upp med hj\u00e4lp av ett projekts byggkostnadskoder f\u00f6r att dela upp uppgifter i mindre leveranser (t.ex. grundl\u00e4ggning, installationer, fasader).<\/p>\n\n\n\n<p>Planyard rekommenderar att f\u00f6lja den kronologiska ordningen av jobb. Att strukturera kostnader efter aktiviteter p\u00e5 plats hj\u00e4lper ledningen att sp\u00e5ra l\u00f6nsamhet i faser. Vid mitten av projektet kan du se om de inledande faserna, som grundl\u00e4ggningsarbetet, var l\u00f6nsamma.<\/p>\n<\/div><figure class=\"wp-block-media-text__media\"><img loading=\"lazy\" decoding=\"async\" width=\"586\" height=\"367\" src=\"https:\/\/planyard.com\/wp-content\/uploads\/2024\/09\/Categoreis.png\" alt=\"\" class=\"wp-image-1977 size-full\"\/><\/figure><\/div>\n\n\n\n<h2 class=\"wp-block-heading has-text-align-center\">Struktur f\u00f6r byggbudget<\/h2>\n\n\n\n<div class=\"wp-block-media-text alignwide has-media-on-the-right is-stacked-on-mobile\"><div class=\"wp-block-media-text__content\">\n<p>Byggkostnadskoder b\u00f6r l\u00e4nka samman projektprognosen och kostnadshanteringen med jobbuppgifter och struktur. Kostnadskoderna b\u00f6r ha en igenk\u00e4nnbar struktur, fr\u00e5n den \u00f6vergripande projekt niv\u00e5n till individuella jobb och konton.<\/p>\n\n\n\n<p>P\u00e5 h\u00f6ger sida kan du se kategorin Externa Installationer uppdelad till kontoniv\u00e5.<\/p>\n<\/div><figure class=\"wp-block-media-text__media\"><img loading=\"lazy\" decoding=\"async\" width=\"809\" height=\"198\" src=\"https:\/\/planyard.com\/wp-content\/uploads\/2024\/09\/Category-breakdown.png\" alt=\"\" class=\"wp-image-1978 size-full\"\/><\/figure><\/div>\n\n\n\n<h2 class=\"wp-block-heading has-text-align-center paddedHeading\" id=\"budget-managed-from-an-estimate-from-job-costing-to-project-income\">Budget hanterad fr\u00e5n en uppskattning, fr\u00e5n jobbkostnad till projektinkomst<\/h2>\n\n\n\n<p>Dessutom \u00e4r det smart att lista budgeten med kostnaden som betalas av kunden f\u00f6r att m\u00f6jligg\u00f6ra sp\u00e5rning av jobbl\u00f6nsamhet p\u00e5 artikelniv\u00e5.<\/p>\n\n\n\n<figure class=\"wp-block-image size-full\"><img loading=\"lazy\" decoding=\"async\" width=\"1024\" height=\"165\" src=\"https:\/\/planyard.com\/wp-content\/uploads\/2024\/09\/Category-breakdown-goal-and-free-1024x165-1.png\" alt=\"\" class=\"wp-image-1979\"\/><\/figure>\n\n\n\n<div class=\"wp-block-group\"><div class=\"wp-block-group__inner-container is-layout-constrained wp-block-group-is-layout-constrained\">\n<h2 class=\"wp-block-heading has-text-align-center paddedHeading\" id=\"to-what-level-should-you-break-down-construction-cost-codes\">Till vilken niv\u00e5 b\u00f6r du bryta ner byggkostnadskoder?<\/h2>\n\n\n\n<p>Det finns inget enkelt svar p\u00e5 denna fr\u00e5ga. Du b\u00f6r b\u00f6rja med att sp\u00e5ra den detaljniv\u00e5 som beh\u00f6vs av olika intressenter. Att f\u00f6lja kostnader i f\u00f6r mycket detalj g\u00f6r rapporteringen tidskr\u00e4vande f\u00f6r projektledarna och tillf\u00f6r komplexitet till kostnadsanalysprocessen.<\/p>\n\n\n\n<p><strong>NB! Det \u00e4r viktigt att komma ih\u00e5g att det finns ett antal intressenter inblandade i hanteringen av kostnadskoder. Alla intressenter b\u00f6r vara involverade i att v\u00e4lja l\u00e4mplig struktur f\u00f6r kostnadskoder.<\/strong><\/p>\n\n\n\n<ol class=\"wp-block-list\">\n<li>Viktigt att t\u00e4nka p\u00e5 vem som kommer att anv\u00e4nda kostnadskodsinformationen<\/li>\n\n\n\n<li>Projektledare \u00e4r intresserade av att f\u00e5 jobbet gjort och b\u00f6r ha kontroll \u00f6ver budgeten med s\u00e5 lite tid som m\u00f6jligt spenderad p\u00e5 rapportering<\/li>\n\n\n\n<li>Ekonomiavdelningen \u00e4r intresserad av att f\u00f6lja kostnader per konto<br>Chefer b\u00f6r kunna h\u00e5lla med om att sp\u00e5ra fel, ansvar och l\u00f6nsamhet<\/li>\n\n\n\n<li>Kalkylatorer f\u00f6r framtida uppskattningar beh\u00f6ver kunna sp\u00e5ra de verkliga kostnaderna f\u00f6r aktuella jobb<\/li>\n<\/ol>\n<\/div><\/div>\n\n\n\n<h2 class=\"wp-block-heading has-text-align-center paddedHeading\" id=\"where-to-get-a-list-of-construction-cost-codes\">Var kan man f\u00e5 en lista \u00f6ver byggkostnadskoder?<\/h2>\n\n\n\n<div class=\"wp-block-buttons is-horizontal is-content-justification-center is-layout-flex wp-container-core-buttons-is-layout-499968f5 wp-block-buttons-is-layout-flex\">\n<div class=\"wp-block-button\"><a class=\"wp-block-button__link has-background wp-element-button\" href=\"https:\/\/planyard.com\/sv\/fa-ditt-kostnadsuppstallningsark-gratis\" style=\"background-color:#2756ff\" target=\"_blank\" rel=\"noreferrer noopener\">F\u00e5 byggkostnadskoder gratis<\/a><\/div>\n<\/div>\n\n\n\n<h2 class=\"wp-block-heading has-text-align-center\">Planyard entrepren\u00f6rsprogramvara hj\u00e4lper ambiti\u00f6sa team att n\u00e5 sina m\u00e5l och p\u00e5skynda sin tillv\u00e4xt.<\/h2>\n\n\n\n<div class=\"wp-block-media-text alignwide has-media-on-the-right is-stacked-on-mobile is-vertically-aligned-center\" style=\"grid-template-columns:auto 41%\"><div class=\"wp-block-media-text__content\">\n<ul class=\"wp-block-list\">\n<li>Inga fler kalkylblad<\/li>\n\n\n\n<li>Sparar projektledares och kalkylatorers tid<\/li>\n\n\n\n<li>L\u00e4tt att implementera och anv\u00e4nda<\/li>\n\n\n\n<li>Exakta och aktuella finansiella prognoser<\/li>\n\n\n\n<li>Ingen mer dubbel dataregistrering<\/li>\n<\/ul>\n\n\n\n<div class=\"wp-block-buttons is-layout-flex wp-block-buttons-is-layout-flex\">\n<div class=\"wp-block-button\"><a class=\"wp-block-button__link has-background wp-element-button\" href=\"https:\/\/planyard.com\/sign-up\" style=\"background-color:#2756ff\">Starta din gratis provperiod<\/a><\/div>\n\n\n\n<div class=\"wp-block-button\"><a class=\"wp-block-button__link has-background wp-element-button\" href=\"https:\/\/meetings.hubspot.com\/cedlund\" style=\"background-color:#2756ff\" target=\"_blank\" rel=\"noreferrer noopener\">Beg\u00e4r en demo<\/a><\/div>\n<\/div>\n<\/div><figure class=\"wp-block-media-text__media\"><img loading=\"lazy\" decoding=\"async\" width=\"1024\" height=\"598\" src=\"https:\/\/planyard.com\/wp-content\/uploads\/2024\/09\/construction-project-management-software-macbook-iphone-1_reduced-1024x598-1.webp\" alt=\"\" class=\"wp-image-1980 size-large\"\/><\/figure><\/div>\n","protected":false},"excerpt":{"rendered":"<p>Vad \u00e4r byggkostnadskoder? Byggkostnadskoder \u00e4r en definierad lista av koder som anv\u00e4nds f\u00f6r att sp\u00e5ra, hantera och rapportera belopp, kvantiteter, budgetar, vinster och annan jobbrelaterad data. Dessa koder effektiviserar datahanteringen i hela f\u00f6retaget f\u00f6r alla intressenter, inklusive kalkylatorer, projektledare och ekonomiavdelningen. De b\u00f6r anv\u00e4ndas f\u00f6r allt fr\u00e5n prognoser och avtal till kostnadshantering och redovisning, vilket&#8230;  <a class=\"excerpt-read-more\" href=\"https:\/\/planyard.com\/sv\/byggkostnadskoder-for-projektledare\" title=\"L\u00e4s  Byggkostnadskoder\">L\u00e4s mer &#8221;<\/a><\/p>\n","protected":false},"author":5,"featured_media":0,"parent":0,"menu_order":0,"comment_status":"closed","ping_status":"closed","template":"","meta":{"_acf_changed":false,"content-type":"","footnotes":""},"page_intent":[170],"page_type":[],"class_list":["post-14093","page","type-page","status-publish","hentry"],"acf":[],"yoast_head":"<!-- This site is optimized with the Yoast SEO plugin v27.1.1 - https:\/\/yoast.com\/product\/yoast-seo-wordpress\/ -->\n<title>Byggkostnadskoder f\u00f6r projektledare - Guide och gratis mall<\/title>\n<meta name=\"description\" content=\"Ladda ner Planyard byggkostnadskoder gratis och h\u00e5ll koll p\u00e5 dina jobbkostnader enkelt. Gratis kalkylblad f\u00f6r byggprojektledare.\" \/>\n<meta name=\"robots\" content=\"index, follow, max-snippet:-1, max-image-preview:large, max-video-preview:-1\" \/>\n<link rel=\"canonical\" href=\"https:\/\/planyard.com\/sv\/byggkostnadskoder-for-projektledare\" \/>\n<meta property=\"og:locale\" content=\"sv_SE\" \/>\n<meta property=\"og:type\" content=\"article\" \/>\n<meta property=\"og:title\" content=\"Byggkostnadskoder f\u00f6r projektledare - Guide och gratis mall\" \/>\n<meta property=\"og:description\" content=\"Ladda ner Planyard byggkostnadskoder gratis och h\u00e5ll koll p\u00e5 dina jobbkostnader enkelt. Gratis kalkylblad f\u00f6r byggprojektledare.\" \/>\n<meta property=\"og:url\" content=\"https:\/\/planyard.com\/sv\/byggkostnadskoder-for-projektledare\" \/>\n<meta property=\"og:site_name\" content=\"Planyard Sverige\" \/>\n<meta property=\"article:modified_time\" content=\"2025-05-19T19:26:30+00:00\" \/>\n<meta property=\"og:image\" content=\"https:\/\/planyard.com\/wp-content\/uploads\/2024\/09\/Example-construction-cost-codes.png\" \/>\n\t<meta property=\"og:image:width\" content=\"386\" \/>\n\t<meta property=\"og:image:height\" content=\"365\" \/>\n\t<meta property=\"og:image:type\" content=\"image\/png\" \/>\n<meta name=\"twitter:card\" content=\"summary_large_image\" \/>\n<meta name=\"twitter:label1\" content=\"Ber\u00e4knad l\u00e4stid\" \/>\n\t<meta name=\"twitter:data1\" content=\"4 minuter\" \/>\n<!-- \/ Yoast SEO plugin. -->","yoast_head_json":{"title":"Byggkostnadskoder f\u00f6r projektledare - Guide och gratis mall","description":"Ladda ner Planyard byggkostnadskoder gratis och h\u00e5ll koll p\u00e5 dina jobbkostnader enkelt. Gratis kalkylblad f\u00f6r byggprojektledare.","robots":{"index":"index","follow":"follow","max-snippet":"max-snippet:-1","max-image-preview":"max-image-preview:large","max-video-preview":"max-video-preview:-1"},"canonical":"https:\/\/planyard.com\/sv\/byggkostnadskoder-for-projektledare","og_locale":"sv_SE","og_type":"article","og_title":"Byggkostnadskoder f\u00f6r projektledare - Guide och gratis mall","og_description":"Ladda ner Planyard byggkostnadskoder gratis och h\u00e5ll koll p\u00e5 dina jobbkostnader enkelt. Gratis kalkylblad f\u00f6r byggprojektledare.","og_url":"https:\/\/planyard.com\/sv\/byggkostnadskoder-for-projektledare","og_site_name":"Planyard Sverige","article_modified_time":"2025-05-19T19:26:30+00:00","og_image":[{"width":386,"height":365,"url":"https:\/\/planyard.com\/wp-content\/uploads\/2024\/09\/Example-construction-cost-codes.png","type":"image\/png"}],"twitter_card":"summary_large_image","twitter_misc":{"Ber\u00e4knad l\u00e4stid":"4 minuter"},"schema":{"@context":"https:\/\/schema.org","@graph":[{"@type":"WebPage","@id":"https:\/\/planyard.com\/sv\/byggkostnadskoder-for-projektledare","url":"https:\/\/planyard.com\/sv\/byggkostnadskoder-for-projektledare","name":"Byggkostnadskoder f\u00f6r projektledare - Guide och gratis mall","isPartOf":{"@id":"https:\/\/planyard.com\/sv#website"},"primaryImageOfPage":{"@id":"https:\/\/planyard.com\/sv\/byggkostnadskoder-for-projektledare#primaryimage"},"image":{"@id":"https:\/\/planyard.com\/sv\/byggkostnadskoder-for-projektledare#primaryimage"},"thumbnailUrl":"https:\/\/planyard.com\/wp-content\/uploads\/2024\/09\/Example-construction-cost-codes.png","datePublished":"2024-09-12T06:06:03+00:00","dateModified":"2025-05-19T19:26:30+00:00","description":"Ladda ner Planyard byggkostnadskoder gratis och h\u00e5ll koll p\u00e5 dina jobbkostnader enkelt. Gratis kalkylblad f\u00f6r byggprojektledare.","breadcrumb":{"@id":"https:\/\/planyard.com\/sv\/byggkostnadskoder-for-projektledare#breadcrumb"},"inLanguage":"sv-SE","potentialAction":[{"@type":"ReadAction","target":["https:\/\/planyard.com\/sv\/byggkostnadskoder-for-projektledare"]}]},{"@type":"ImageObject","inLanguage":"sv-SE","@id":"https:\/\/planyard.com\/sv\/byggkostnadskoder-for-projektledare#primaryimage","url":"https:\/\/planyard.com\/wp-content\/uploads\/2024\/09\/Example-construction-cost-codes.png","contentUrl":"https:\/\/planyard.com\/wp-content\/uploads\/2024\/09\/Example-construction-cost-codes.png"},{"@type":"BreadcrumbList","@id":"https:\/\/planyard.com\/sv\/byggkostnadskoder-for-projektledare#breadcrumb","itemListElement":[{"@type":"ListItem","position":1,"name":"Home","item":"https:\/\/planyard.com\/sv"},{"@type":"ListItem","position":2,"name":"Byggkostnadskoder"}]},{"@type":"WebSite","@id":"https:\/\/planyard.com\/sv#website","url":"https:\/\/planyard.com\/sv","name":"Planyard Sverige","description":"","potentialAction":[{"@type":"SearchAction","target":{"@type":"EntryPoint","urlTemplate":"https:\/\/planyard.com\/sv?s={search_term_string}"},"query-input":{"@type":"PropertyValueSpecification","valueRequired":true,"valueName":"search_term_string"}}],"inLanguage":"sv-SE"}]}},"_links":{"self":[{"href":"https:\/\/planyard.com\/sv\/wp-json\/wp\/v2\/pages\/14093","targetHints":{"allow":["GET"]}}],"collection":[{"href":"https:\/\/planyard.com\/sv\/wp-json\/wp\/v2\/pages"}],"about":[{"href":"https:\/\/planyard.com\/sv\/wp-json\/wp\/v2\/types\/page"}],"author":[{"embeddable":true,"href":"https:\/\/planyard.com\/sv\/wp-json\/wp\/v2\/users\/5"}],"replies":[{"embeddable":true,"href":"https:\/\/planyard.com\/sv\/wp-json\/wp\/v2\/comments?post=14093"}],"version-history":[{"count":3,"href":"https:\/\/planyard.com\/sv\/wp-json\/wp\/v2\/pages\/14093\/revisions"}],"predecessor-version":[{"id":16486,"href":"https:\/\/planyard.com\/sv\/wp-json\/wp\/v2\/pages\/14093\/revisions\/16486"}],"wp:attachment":[{"href":"https:\/\/planyard.com\/sv\/wp-json\/wp\/v2\/media?parent=14093"}],"wp:term":[{"taxonomy":"page_intent","embeddable":true,"href":"https:\/\/planyard.com\/sv\/wp-json\/wp\/v2\/page_intent?post=14093"},{"taxonomy":"page_type","embeddable":true,"href":"https:\/\/planyard.com\/sv\/wp-json\/wp\/v2\/page_type?post=14093"}],"curies":[{"name":"wp","href":"https:\/\/api.w.org\/{rel}","templated":true}]}}