{"id":14085,"date":"2024-09-01T07:18:38","date_gmt":"2024-09-01T07:18:38","guid":{"rendered":"https:\/\/planyard.com\/construction-budget-software"},"modified":"2025-05-19T09:33:48","modified_gmt":"2025-05-19T09:33:48","slug":"programvara-budgetering-bygg","status":"publish","type":"page","link":"https:\/\/planyard.com\/sv\/programvara-budgetering-bygg","title":{"rendered":"Programvara f\u00f6r budgetering inom bygg"},"content":{"rendered":"","protected":false},"excerpt":{"rendered":"","protected":false},"author":2,"featured_media":0,"parent":0,"menu_order":0,"comment_status":"closed","ping_status":"closed","template":"","meta":{"_acf_changed":false,"content-type":"","footnotes":""},"page_intent":[155],"page_type":[],"class_list":["post-14085","page","type-page","status-publish","hentry"],"acf":[],"yoast_head":"<!-- This site is optimized with the Yoast SEO plugin v26.9 - https:\/\/yoast.com\/product\/yoast-seo-wordpress\/ -->\n<title>Programvara f\u00f6r budgetering inom bygg: Prova gratis i 14 dagar | Planyard<\/title>\n<meta name=\"description\" content=\"Prova Planyards programvara f\u00f6r budgetering inom bygg i realtid. Effektiva arbetsfl\u00f6den och noggrann ekonomisk hantering. Prova gratis i 14 dagar.\" \/>\n<meta name=\"robots\" content=\"index, follow, max-snippet:-1, max-image-preview:large, max-video-preview:-1\" \/>\n<link rel=\"canonical\" href=\"https:\/\/planyard.com\/sv\/programvara-budgetering-bygg\" \/>\n<meta property=\"og:locale\" content=\"sv_SE\" \/>\n<meta property=\"og:type\" content=\"article\" \/>\n<meta property=\"og:title\" content=\"Programvara f\u00f6r budgetering inom bygg: Prova gratis i 14 dagar | Planyard\" \/>\n<meta property=\"og:description\" content=\"Prova Planyards programvara f\u00f6r budgetering inom bygg i realtid. Effektiva arbetsfl\u00f6den och noggrann ekonomisk hantering. Prova gratis i 14 dagar.\" \/>\n<meta property=\"og:url\" content=\"https:\/\/planyard.com\/sv\/programvara-budgetering-bygg\" \/>\n<meta property=\"og:site_name\" content=\"Planyard Sverige\" \/>\n<meta property=\"article:modified_time\" content=\"2025-05-19T09:33:48+00:00\" \/>\n<meta name=\"twitter:card\" content=\"summary_large_image\" \/>\n<!-- \/ Yoast SEO plugin. -->","yoast_head_json":{"title":"Programvara f\u00f6r budgetering inom bygg: Prova gratis i 14 dagar | Planyard","description":"Prova Planyards programvara f\u00f6r budgetering inom bygg i realtid. Effektiva arbetsfl\u00f6den och noggrann ekonomisk hantering. Prova gratis i 14 dagar.","robots":{"index":"index","follow":"follow","max-snippet":"max-snippet:-1","max-image-preview":"max-image-preview:large","max-video-preview":"max-video-preview:-1"},"canonical":"https:\/\/planyard.com\/sv\/programvara-budgetering-bygg","og_locale":"sv_SE","og_type":"article","og_title":"Programvara f\u00f6r budgetering inom bygg: Prova gratis i 14 dagar | Planyard","og_description":"Prova Planyards programvara f\u00f6r budgetering inom bygg i realtid. Effektiva arbetsfl\u00f6den och noggrann ekonomisk hantering. Prova gratis i 14 dagar.","og_url":"https:\/\/planyard.com\/sv\/programvara-budgetering-bygg","og_site_name":"Planyard Sverige","article_modified_time":"2025-05-19T09:33:48+00:00","twitter_card":"summary_large_image","schema":{"@context":"https:\/\/schema.org","@graph":[{"@type":"WebPage","@id":"https:\/\/planyard.com\/sv\/programvara-budgetering-bygg","url":"https:\/\/planyard.com\/sv\/programvara-budgetering-bygg","name":"Programvara f\u00f6r budgetering inom bygg: Prova gratis i 14 dagar | Planyard","isPartOf":{"@id":"https:\/\/planyard.com\/sv#website"},"datePublished":"2024-09-01T07:18:38+00:00","dateModified":"2025-05-19T09:33:48+00:00","description":"Prova Planyards programvara f\u00f6r budgetering inom bygg i realtid. Effektiva arbetsfl\u00f6den och noggrann ekonomisk hantering. Prova gratis i 14 dagar.","breadcrumb":{"@id":"https:\/\/planyard.com\/sv\/programvara-budgetering-bygg#breadcrumb"},"inLanguage":"sv-SE","potentialAction":[{"@type":"ReadAction","target":["https:\/\/planyard.com\/sv\/programvara-budgetering-bygg"]}]},{"@type":"BreadcrumbList","@id":"https:\/\/planyard.com\/sv\/programvara-budgetering-bygg#breadcrumb","itemListElement":[{"@type":"ListItem","position":1,"name":"Home","item":"https:\/\/planyard.com\/sv"},{"@type":"ListItem","position":2,"name":"Programvara f\u00f6r budgetering inom bygg"}]},{"@type":"WebSite","@id":"https:\/\/planyard.com\/sv#website","url":"https:\/\/planyard.com\/sv","name":"Planyard Sverige","description":"","potentialAction":[{"@type":"SearchAction","target":{"@type":"EntryPoint","urlTemplate":"https:\/\/planyard.com\/sv?s={search_term_string}"},"query-input":{"@type":"PropertyValueSpecification","valueRequired":true,"valueName":"search_term_string"}}],"inLanguage":"sv-SE"}]}},"_links":{"self":[{"href":"https:\/\/planyard.com\/sv\/wp-json\/wp\/v2\/pages\/14085","targetHints":{"allow":["GET"]}}],"collection":[{"href":"https:\/\/planyard.com\/sv\/wp-json\/wp\/v2\/pages"}],"about":[{"href":"https:\/\/planyard.com\/sv\/wp-json\/wp\/v2\/types\/page"}],"author":[{"embeddable":true,"href":"https:\/\/planyard.com\/sv\/wp-json\/wp\/v2\/users\/2"}],"replies":[{"embeddable":true,"href":"https:\/\/planyard.com\/sv\/wp-json\/wp\/v2\/comments?post=14085"}],"version-history":[{"count":1,"href":"https:\/\/planyard.com\/sv\/wp-json\/wp\/v2\/pages\/14085\/revisions"}],"predecessor-version":[{"id":14298,"href":"https:\/\/planyard.com\/sv\/wp-json\/wp\/v2\/pages\/14085\/revisions\/14298"}],"wp:attachment":[{"href":"https:\/\/planyard.com\/sv\/wp-json\/wp\/v2\/media?parent=14085"}],"wp:term":[{"taxonomy":"page_intent","embeddable":true,"href":"https:\/\/planyard.com\/sv\/wp-json\/wp\/v2\/page_intent?post=14085"},{"taxonomy":"page_type","embeddable":true,"href":"https:\/\/planyard.com\/sv\/wp-json\/wp\/v2\/page_type?post=14085"}],"curies":[{"name":"wp","href":"https:\/\/api.w.org\/{rel}","templated":true}]}}