{"id":14081,"date":"2025-02-12T11:05:38","date_gmt":"2025-02-12T11:05:38","guid":{"rendered":"https:\/\/planyard.com\/construction-bidding-guide"},"modified":"2025-05-19T19:21:37","modified_gmt":"2025-05-19T19:21:37","slug":"bygganbud-guide","status":"publish","type":"page","link":"https:\/\/planyard.com\/sv\/bygganbud-guide","title":{"rendered":"Bygganbud: En praktisk guide f\u00f6r projektledare"},"content":{"rendered":"\n<p><em>Kapitel 2 av <a href=\"https:\/\/planyard.com\/sv\/gratis-guide-master-byggprojektledning\">Byggprojektledning: En praktisk 10-stegs guide<\/a>.<\/em><\/p>\n\n\n\n<h2 class=\"wp-block-heading\">Bygganbud: Starten p\u00e5 varje framg\u00e5ngsrikt projekt<\/h2>\n\n\n\n<p>Varje byggprojekt b\u00f6rjar med en grundl\u00e4ggande fr\u00e5ga: <em><strong>Vad kommer detta att kosta?<\/strong><\/em> Oavsett om du f\u00f6rbereder ett anbud f\u00f6r en kund eller v\u00e4ljer underleverant\u00f6rer, \u00e4r upphandling det f\u00f6rsta\u2014och f\u00f6rmodligen det viktigaste\u2014steget f\u00f6r att s\u00e4kerst\u00e4lla ekonomisk noggrannhet och projektets framg\u00e5ng.<\/p>\n\n\n\n<p>\u00c4nd\u00e5 \u00e4r det h\u00e4r de flesta projekt misslyckas. Uppskattningar g\u00f6rs i all hast, leverant\u00f6rsval baseras p\u00e5 ofullst\u00e4ndig information, och upphandling blir en reaktiv kamp ist\u00e4llet f\u00f6r en strukturerad process.<\/p>\n\n\n\n<p>De flesta byggteam ser anbud som ett <strong>n\u00f6dv\u00e4ndigt ont<\/strong>\u2014bara en ruta att kryssa i innan man g\u00e5r vidare. Men den inst\u00e4llningen \u00e4r precis varf\u00f6r projekt \u00f6verskrider budgeten, tidsplaner faller is\u00e4r och vinstmarginaler krymper.<\/p>\n\n\n\n<p>Anbud \u00e4r inte en formalitet. <strong>Det \u00e4r riskhantering.<\/strong><\/p>\n\n\n\n<p>Och om du inte <strong>optimerar din process<\/strong>, f\u00f6rbereder du dig f\u00f6r problem innan projektet ens b\u00f6rjar.<\/p>\n\n\n\n<p>Denna guide \u00e4r utformad som en <strong>upprepbar handbok<\/strong>\u2014n\u00e5got du b\u00f6r granska innan varje projekt f\u00f6r att s\u00e4kerst\u00e4lla att du inte g\u00f6r samma undvikbara misstag.<\/p>\n\n\n\n<h2 class=\"wp-block-heading\">Varf\u00f6r r\u00e4tt anbud \u00e4r viktigare \u00e4n du tror<\/h2>\n\n\n\n<p>I grunden har bygganbud <strong>tv\u00e5 m\u00e5l<\/strong>:<\/p>\n\n\n\n<ol class=\"wp-block-list\">\n<li><strong>Uppskatta projektkostnader f\u00f6r ditt kundanbud<\/strong><\/li>\n\n<ul class=\"wp-block-list\">\n<li>Om du inte har en korrekt kostnadsuppdelning, gissar du. Och gissningar leder till <strong>underbud och f\u00f6rlorad vinst<\/strong> eller <strong>\u00f6verbud och f\u00f6rlorade kontrakt<\/strong>.<\/li>\n<\/ul>\n<\/li>\n\n\n\n<li><strong>Hitta de b\u00e4sta underleverant\u00f6rerna och leverant\u00f6rerna<\/strong><\/li>\n\n<ul class=\"wp-block-list\">\n<li>Det billigaste anbudet \u00e4r inte alltid det b\u00e4sta. Du beh\u00f6ver <strong>underleverant\u00f6rer som levererar kvalitetsarbete, i tid, till ett rimligt pris.<\/strong> Inte bara n\u00e5gon som ser bra ut p\u00e5 papper.<\/li>\n<\/ul>\n<\/li>\n<\/ol>\n\n\n\n<p>De flesta team fokuserar p\u00e5 att <strong>f\u00e5 ut ett anbud s\u00e5 snabbt som m\u00f6jligt.<\/strong><br>Ist\u00e4llet b\u00f6r du <strong>bygga en konkurrensf\u00f6rdel.<\/strong><\/p>\n\n\n\n<p>De b\u00e4sta byggf\u00f6retagen n\u00f6jer sig inte bara med att l\u00e4gga anbud. <strong>De l\u00e4gger smarta anbud.<\/strong><\/p>\n\n\n\n<h2 class=\"wp-block-heading\">Steg 1: Definiera omfattningen innan du beg\u00e4r anbud<\/h2>\n\n\n\n<p>De flesta anbudsf\u00f6rfr\u00e5gningar misslyckas <strong>innan de ens skickas.<\/strong><\/p>\n\n\n\n<p>Varf\u00f6r? F\u00f6r att de baseras p\u00e5 <strong>oklar, ofullst\u00e4ndig eller f\u00f6r\u00e5ldrad information.<\/strong><\/p>\n\n\n\n<p>T\u00e4nk p\u00e5 det:<\/p>\n\n\n\n<ul class=\"wp-block-list\">\n<li>Du skickar ut en vag RFQ (Request for Quote).<\/li>\n\n\n\n<li>Varje underleverant\u00f6r tolkar den olika.<\/li>\n\n\n\n<li>Du f\u00e5r <strong>extremt inkonsekventa anbud<\/strong> som \u00e4r om\u00f6jliga att j\u00e4mf\u00f6ra.<\/li>\n<\/ul>\n\n\n\n<p>Resultatet? Du <strong>gissar<\/strong> vilket anbud som \u00e4r mest korrekt eller spenderar <strong>veckor p\u00e5 att klarg\u00f6ra detaljer<\/strong> som borde ha funnits i RFQ fr\u00e5n b\u00f6rjan.<\/p>\n\n\n\n<h3 class=\"wp-block-heading\"><strong>Innan du beg\u00e4r anbud, fr\u00e5ga dig sj\u00e4lv:<\/strong><\/h3>\n\n\n\n<p>Har jag tydligt definierat <strong>material, arbetskraft och underleverant\u00f6rsansvar<\/strong>?<br>Har jag tagit h\u00e4nsyn till <strong>marknadsrisker<\/strong> (prisfluktuationer, materialf\u00f6rseningar)?<br>Ger jag <strong>tillr\u00e4ckligt med detaljer<\/strong> s\u00e5 att varje anbudsgivare priss\u00e4tter exakt samma omfattning?<\/p>\n\n\n\n<p>Om du inte har klara svar, <strong>\u00e4r du inte redo att skicka ut RFQ:er.<\/strong><\/p>\n\n\n\n<h2 class=\"wp-block-heading\">Steg 2: Identifiera r\u00e4tt underleverant\u00f6rer och leverant\u00f6rer<\/h2>\n\n\n\n<p>Alla anbudsgivare \u00e4r inte lika. Det <strong>st\u00f6rsta misstaget<\/strong> projektledare g\u00f6r?<\/p>\n\n\n\n<p><strong>Att tro att fler anbud = b\u00e4ttre val.<\/strong><\/p>\n\n\n\n<p>Verklighetskontroll:<\/p>\n\n\n\n<ul class=\"wp-block-list\">\n<li><strong>Fler anbud = mer tid bortkastad p\u00e5 att sortera skr\u00e4p.<\/strong><\/li>\n\n\n\n<li><strong>Fler anbud = fler l\u00e5ga bud som ser bra ut men kostar dig senare.<\/strong><\/li>\n<\/ul>\n\n\n\n<p>M\u00e5let \u00e4r inte att f\u00e5 <em>flest<\/em> anbud. <strong>Det \u00e4r att f\u00e5 r\u00e4tt anbud.<\/strong><\/p>\n\n\n\n<h3 class=\"wp-block-heading\">Hur man hittar r\u00e4tt leverant\u00f6rer och underleverant\u00f6rer<\/h3>\n\n\n\n<p>\u2714 <strong>Anv\u00e4nd tidigare data<\/strong> \u2013 Vem levererade bra arbete tidigare? Vem orsakade problem?<br>\u2714 <strong>Ut\u00f6ka ditt n\u00e4tverk<\/strong> \u2013 Fastna inte i att f\u00f6rlita dig p\u00e5 samma tre leverant\u00f6rer.<br>\u2714 <strong>F\u00f6rkvalificera anbudsgivare<\/strong> \u2013 Om de inte har kapacitet eller erfarenhet, sl\u00f6sa inte tid.<\/p>\n\n\n\n<p>Proffstips: Om du skickar anbudsf\u00f6rfr\u00e5gningar till <strong>alla<\/strong>, g\u00f6r du fel.<\/p>\n\n\n\n<h2 class=\"wp-block-heading\">Steg 3: Strukturera dina RFQ:er f\u00f6r snabbare, mer exakta anbud<\/h2>\n\n\n\n<p><span style=\"box-sizing: border-box; margin: 0px; padding: 0px;\">En bra RFQ ber inte bara om ett pris\u2014den&nbsp;<strong>v\u00e4gleder<\/strong>&nbsp;anbudsgivare att ge r\u00e4tt detaljer i r\u00e4tt format s\u00e5 att du kan j\u00e4mf\u00f6ra dem snabbt.<\/span><\/p>\n\n\n\n<h3 class=\"wp-block-heading\"><strong>Vad varje RFQ b\u00f6r inneh\u00e5lla:<\/strong><\/h3>\n\n\n\n<ul class=\"wp-block-list\">\n<li><strong>Arbetsomfattning<\/strong> \u2013 Vad exakt offereras?<\/li>\n\n\n\n<li><strong>Tidslinje<\/strong> \u2013 Start- och slutdatum.<\/li>\n\n\n\n<li><strong>Betalningsvillkor<\/strong> \u2013 Milstolpebaserat? M\u00e5natligt? F\u00f6rskottsbetalningar?<\/li>\n\n\n\n<li><strong>Anbudsuppdelningsformat<\/strong> \u2013 Vill du ha klumpsumma eller specificerade kostnader?<\/li>\n<\/ul>\n\n\n\n<p><strong>Ju mer strukturerad din anbudsf\u00f6rfr\u00e5gan \u00e4r, desto enklare blir ditt jobb.<\/strong><\/p>\n\n\n\n<h2 class=\"wp-block-heading\">Steg 4: F\u00f6lj upp\u2014eftersom de flesta leverant\u00f6rer kommer att gl\u00f6mma att l\u00e4mna in<\/h2>\n\n\n\n<p>H\u00e4r \u00e4r verkligheten: <strong>de flesta leverant\u00f6rer kommer inte att l\u00e4mna in sina anbud i tid.<\/strong><\/p>\n\n\n\n<p>Underleverant\u00f6rer \u00e4r upptagna. Din RFQ \u00e4r bara ett annat mejl i deras inkorg.<\/p>\n\n\n\n<p>Du f\u00f6rlorar bra anbud av default om du inte f\u00f6ljer upp.<\/p>\n\n\n\n<p><strong>Skicka inte bara p\u00e5minnelsemejl. Ta upp telefonen.<\/strong><\/p>\n\n\n\n<ul class=\"wp-block-list\">\n<li>Bekr\u00e4fta att de mottagit RFQ:n.<\/li>\n\n\n\n<li>Fr\u00e5ga om de har n\u00e5gra fr\u00e5gor.<\/li>\n\n\n\n<li>F\u00e5 ett muntligt \u00e5tagande att de kommer att l\u00e4mna in ett anbud.<\/li>\n<\/ul>\n\n\n\n<p>Detta <strong>lilla steg<\/strong> \u00f6kar din svarsfrekvens dramatiskt.<\/p>\n\n\n\n<h2 class=\"wp-block-heading\">Steg 5: J\u00e4mf\u00f6r anbud korrekt (och undvik f\u00e4llan &#8221;billigast vinner&#8221;)<\/h2>\n\n\n\n<p>N\u00e4r anbuden \u00e4r inne b\u00f6rjar det verkliga arbetet.<\/p>\n\n\n\n<p>De flesta team <strong>v\u00e4ljer automatiskt det l\u00e4gsta anbudet.<\/strong><br>D\u00e5lig id\u00e9.<\/p>\n\n\n\n<p>Ett <strong>bra anbudsj\u00e4mf\u00f6relseblad<\/strong> hj\u00e4lper dig att:<\/p>\n\n\n\n<ul class=\"wp-block-list\">\n<li><strong>Normalisera anbudsformat<\/strong> \u2013 Varje underleverant\u00f6r strukturerar priss\u00e4ttning olika. Bryt ner det s\u00e5 att du j\u00e4mf\u00f6r \u00e4pplen med \u00e4pplen.<\/li>\n\n\n\n<li><strong>Uppt\u00e4cka saknade kostnader<\/strong> \u2013 Vissa leverant\u00f6rer utel\u00e4mnar medvetet kostnader f\u00f6r att se billigare ut.<\/li>\n\n\n\n<li><strong>Bed\u00f6ma risk<\/strong> \u2013 Vad har underleverant\u00f6ren f\u00f6r meritlista? Billigt betyder inte p\u00e5litligt.<\/li>\n<\/ul>\n\n\n\n<p><strong>Proffstips:<\/strong> Det l\u00e4gsta anbudet leder ofta till de h\u00f6gsta kostnaderna senare. Om ett nummer ser f\u00f6r bra ut f\u00f6r att vara sant, \u00e4r det f\u00f6rmodligen det.<\/p>\n\n\n\n<h2 class=\"wp-block-heading\">Steg 6: F\u00f6rhandla och l\u00e5s in de b\u00e4sta partnerna<\/h2>\n\n\n\n<p>Nu n\u00e4r du har <strong>din lista \u00f6ver starka kandidater<\/strong>, \u00e4r det dags att <strong>f\u00f6rhandla<\/strong>.<\/p>\n\n\n\n<ul class=\"wp-block-list\">\n<li><strong>L\u00e5s in materialpriser<\/strong> \u2013 Om marknaden \u00e4r volatil, f\u00e5 garanterade priser.<\/li>\n\n\n\n<li><strong>Klarg\u00f6r p\u00e5f\u00f6ljder<\/strong> \u2013 Vad h\u00e4nder om en underleverant\u00f6r f\u00f6rsenar jobbet?<\/li>\n\n\n\n<li><strong>Diskutera \u00e4ndringsorder<\/strong> \u2013 Hur kommer \u00e4ndringar i omfattningen att hanteras?<\/li>\n<\/ul>\n\n\n\n<p>N\u00e4r dina kontrakt \u00e4r undertecknade, <strong>gl\u00f6m inte de andra anbudsgivarna.<\/strong><\/p>\n\n\n\n<h3 class=\"wp-block-heading\"><strong>Skicka ett avslag till misslyckade anbudsgivare<\/strong><\/h3>\n\n\n\n<p>De flesta projektledare ignorerar detta steg\u2014men det borde de inte.<\/p>\n\n\n\n<p>Varf\u00f6r?<\/p>\n\n\n\n<ul class=\"wp-block-list\">\n<li>Det <strong>uppr\u00e4tth\u00e5ller goda relationer<\/strong> med underleverant\u00f6rer f\u00f6r framtida projekt.<\/li>\n\n\n\n<li>Det <strong>visar professionalism och transparens.<\/strong><\/li>\n\n\n\n<li>Det <strong>hj\u00e4lper leverant\u00f6rer att f\u00f6rst\u00e5 varf\u00f6r de inte valdes<\/strong>\u2014vilket kan leda till b\u00e4ttre anbud n\u00e4sta g\u00e5ng.<\/li>\n<\/ul>\n\n\n\n<p><strong>Proffstips:<\/strong> H\u00e5ll det kort, artigt och professionellt. Du beh\u00f6ver inte motivera ditt beslut, men du kan erbjuda kort feedback om det \u00e4r till hj\u00e4lp.<\/p>\n\n\n\n<p><strong>Exempel:<\/strong><\/p>\n\n\n\n<p><em>&#8221;Tack f\u00f6r att du deltog i v\u00e5r senaste anbudsprocess. \u00c4ven om vi har valt en annan entrepren\u00f6r f\u00f6r detta projekt, uppskattar vi din insats och hoppas p\u00e5 framtida samarbeten.&#8221;<\/em><\/p>\n\n\n\n<p>Att ignorera anbudsgivare efter att de har investerat tid och anstr\u00e4ngning i att l\u00e4mna in ett f\u00f6rslag <strong>skadar ditt rykte.<\/strong> Ett enkelt mejl h\u00e5ller d\u00f6rren \u00f6ppen f\u00f6r framtida arbete.<\/p>\n\n\n\n<h2 class=\"wp-block-heading\">Viktiga insikter: Vad du b\u00f6r granska innan varje nytt projekt<\/h2>\n\n\n\n<ol class=\"wp-block-list\">\n<li><strong>Dina anbud \u00e4r bara s\u00e5 exakta som den information du tillhandah\u00e5ller.<\/strong><\/li>\n\n\n\n<li><strong>En stark anbudsprocess sparar pengar och huvudv\u00e4rk l\u00e4ngre fram.<\/strong><\/li>\n\n\n\n<li><strong>Det l\u00e4gsta anbudet \u00e4r s\u00e4llan det b\u00e4sta anbudet.<\/strong><\/li>\n\n\n\n<li><strong>Att f\u00f6lja upp med leverant\u00f6rer \u00f6kar svarsfrekvensen.<\/strong><\/li>\n\n\n\n<li><strong>Att j\u00e4mf\u00f6ra anbud korrekt \u00e4r skillnaden mellan vinst och katastrof.<\/strong><\/li>\n<\/ol>\n\n\n\n<p><strong>Detta \u00e4r en upprepbar process.<\/strong><br>F\u00f6rfina den, anv\u00e4nd den och undvik kostsamma misstag innan ditt n\u00e4sta projekt.<\/p>\n\n\n\n<h2 class=\"wp-block-heading\">Om f\u00f6rfattaren<\/h2>\n\n\n\n<p>Med \u00f6ver 20 \u00e5rs erfarenhet av byggprojektledning har f\u00f6rfattaren lett projekt v\u00e4rda flera miljoner dollar inom bostads-, kommersiella och infrastruktursektorerna. Hans erfarenhet av <strong>anbud, upphandling och urval av entrepren\u00f6rer<\/strong> s\u00e4kerst\u00e4ller praktiska, verklighetsbaserade r\u00e5d f\u00f6r projektledare som vill optimera kostnader och genomf\u00f6rande.<\/p>\n\n\n\n<h3 class=\"wp-block-heading\">Utforska n\u00e4sta kapitel: Projektgranskning<\/h3>\n\n\n\n<p>Konsten att dissekera planer f\u00f6r att hitta risker innan de blir problem. <a href=\"https:\/\/planyard.com\/sv\/byggledares-guide-checklista-forhandsgranskning\">L\u00e4s mer<\/a><\/p>\n\n\n\n<p><em>G\u00e5 till <a href=\"https:\/\/planyard.com\/sv\/gratis-guide-master-byggprojektledning\">Byggprojektledning: En praktisk 10-stegs guide<\/a>.<\/em><\/p>\n","protected":false},"excerpt":{"rendered":"<p>Kapitel 2 av Byggprojektledning: En praktisk 10-stegs guide. Bygganbud: Starten p\u00e5 varje framg\u00e5ngsrikt projekt Varje byggprojekt b\u00f6rjar med en grundl\u00e4ggande fr\u00e5ga: Vad kommer detta att kosta? Oavsett om du f\u00f6rbereder ett anbud f\u00f6r en kund eller v\u00e4ljer underleverant\u00f6rer, \u00e4r upphandling det f\u00f6rsta\u2014och f\u00f6rmodligen det viktigaste\u2014steget f\u00f6r att s\u00e4kerst\u00e4lla ekonomisk noggrannhet och projektets framg\u00e5ng. \u00c4nd\u00e5 \u00e4r&#8230;  <a class=\"excerpt-read-more\" href=\"https:\/\/planyard.com\/sv\/bygganbud-guide\" title=\"L\u00e4s  Bygganbud: En praktisk guide f\u00f6r projektledare\">L\u00e4s mer &#8221;<\/a><\/p>\n","protected":false},"author":4,"featured_media":0,"parent":0,"menu_order":0,"comment_status":"closed","ping_status":"closed","template":"","meta":{"_acf_changed":false,"content-type":"","footnotes":""},"page_intent":[290],"page_type":[],"class_list":["post-14081","page","type-page","status-publish","hentry"],"acf":[],"yoast_head":"<!-- This site is optimized with the Yoast SEO plugin v26.9 - https:\/\/yoast.com\/product\/yoast-seo-wordpress\/ -->\n<title>Bygganbud: En praktisk guide f\u00f6r exakta offerter<\/title>\n<meta name=\"description\" content=\"L\u00e4r dig hur du effektiviserar bygganbud, f\u00e5r exakta projektkostnadsuppskattningar och v\u00e4ljer de b\u00e4sta underleverant\u00f6rerna med denna expertguide.\" \/>\n<meta name=\"robots\" content=\"index, follow, max-snippet:-1, max-image-preview:large, max-video-preview:-1\" \/>\n<link rel=\"canonical\" href=\"https:\/\/planyard.com\/sv\/bygganbud-guide\" \/>\n<meta property=\"og:locale\" content=\"sv_SE\" \/>\n<meta property=\"og:type\" content=\"article\" \/>\n<meta property=\"og:title\" content=\"Bygganbud: En praktisk guide f\u00f6r exakta offerter\" \/>\n<meta property=\"og:description\" content=\"L\u00e4r dig hur du effektiviserar bygganbud, f\u00e5r exakta projektkostnadsuppskattningar och v\u00e4ljer de b\u00e4sta underleverant\u00f6rerna med denna expertguide.\" \/>\n<meta property=\"og:url\" content=\"https:\/\/planyard.com\/sv\/bygganbud-guide\" \/>\n<meta property=\"og:site_name\" content=\"Planyard Sverige\" \/>\n<meta property=\"article:modified_time\" content=\"2025-05-19T19:21:37+00:00\" \/>\n<meta name=\"twitter:card\" content=\"summary_large_image\" \/>\n<meta name=\"twitter:label1\" content=\"Ber\u00e4knad l\u00e4stid\" \/>\n\t<meta name=\"twitter:data1\" content=\"6 minuter\" \/>\n<!-- \/ Yoast SEO plugin. -->","yoast_head_json":{"title":"Bygganbud: En praktisk guide f\u00f6r exakta offerter","description":"L\u00e4r dig hur du effektiviserar bygganbud, f\u00e5r exakta projektkostnadsuppskattningar och v\u00e4ljer de b\u00e4sta underleverant\u00f6rerna med denna expertguide.","robots":{"index":"index","follow":"follow","max-snippet":"max-snippet:-1","max-image-preview":"max-image-preview:large","max-video-preview":"max-video-preview:-1"},"canonical":"https:\/\/planyard.com\/sv\/bygganbud-guide","og_locale":"sv_SE","og_type":"article","og_title":"Bygganbud: En praktisk guide f\u00f6r exakta offerter","og_description":"L\u00e4r dig hur du effektiviserar bygganbud, f\u00e5r exakta projektkostnadsuppskattningar och v\u00e4ljer de b\u00e4sta underleverant\u00f6rerna med denna expertguide.","og_url":"https:\/\/planyard.com\/sv\/bygganbud-guide","og_site_name":"Planyard Sverige","article_modified_time":"2025-05-19T19:21:37+00:00","twitter_card":"summary_large_image","twitter_misc":{"Ber\u00e4knad l\u00e4stid":"6 minuter"},"schema":{"@context":"https:\/\/schema.org","@graph":[{"@type":"WebPage","@id":"https:\/\/planyard.com\/sv\/bygganbud-guide","url":"https:\/\/planyard.com\/sv\/bygganbud-guide","name":"Bygganbud: En praktisk guide f\u00f6r exakta offerter","isPartOf":{"@id":"https:\/\/planyard.com\/sv#website"},"datePublished":"2025-02-12T11:05:38+00:00","dateModified":"2025-05-19T19:21:37+00:00","description":"L\u00e4r dig hur du effektiviserar bygganbud, f\u00e5r exakta projektkostnadsuppskattningar och v\u00e4ljer de b\u00e4sta underleverant\u00f6rerna med denna expertguide.","breadcrumb":{"@id":"https:\/\/planyard.com\/sv\/bygganbud-guide#breadcrumb"},"inLanguage":"sv-SE","potentialAction":[{"@type":"ReadAction","target":["https:\/\/planyard.com\/sv\/bygganbud-guide"]}]},{"@type":"BreadcrumbList","@id":"https:\/\/planyard.com\/sv\/bygganbud-guide#breadcrumb","itemListElement":[{"@type":"ListItem","position":1,"name":"Home","item":"https:\/\/planyard.com\/sv"},{"@type":"ListItem","position":2,"name":"Bygganbud: En praktisk guide f\u00f6r projektledare"}]},{"@type":"WebSite","@id":"https:\/\/planyard.com\/sv#website","url":"https:\/\/planyard.com\/sv","name":"Planyard Sverige","description":"","potentialAction":[{"@type":"SearchAction","target":{"@type":"EntryPoint","urlTemplate":"https:\/\/planyard.com\/sv?s={search_term_string}"},"query-input":{"@type":"PropertyValueSpecification","valueRequired":true,"valueName":"search_term_string"}}],"inLanguage":"sv-SE"}]}},"_links":{"self":[{"href":"https:\/\/planyard.com\/sv\/wp-json\/wp\/v2\/pages\/14081","targetHints":{"allow":["GET"]}}],"collection":[{"href":"https:\/\/planyard.com\/sv\/wp-json\/wp\/v2\/pages"}],"about":[{"href":"https:\/\/planyard.com\/sv\/wp-json\/wp\/v2\/types\/page"}],"author":[{"embeddable":true,"href":"https:\/\/planyard.com\/sv\/wp-json\/wp\/v2\/users\/4"}],"replies":[{"embeddable":true,"href":"https:\/\/planyard.com\/sv\/wp-json\/wp\/v2\/comments?post=14081"}],"version-history":[{"count":3,"href":"https:\/\/planyard.com\/sv\/wp-json\/wp\/v2\/pages\/14081\/revisions"}],"predecessor-version":[{"id":16461,"href":"https:\/\/planyard.com\/sv\/wp-json\/wp\/v2\/pages\/14081\/revisions\/16461"}],"wp:attachment":[{"href":"https:\/\/planyard.com\/sv\/wp-json\/wp\/v2\/media?parent=14081"}],"wp:term":[{"taxonomy":"page_intent","embeddable":true,"href":"https:\/\/planyard.com\/sv\/wp-json\/wp\/v2\/page_intent?post=14081"},{"taxonomy":"page_type","embeddable":true,"href":"https:\/\/planyard.com\/sv\/wp-json\/wp\/v2\/page_type?post=14081"}],"curies":[{"name":"wp","href":"https:\/\/api.w.org\/{rel}","templated":true}]}}