{"id":14073,"date":"2024-07-24T20:49:38","date_gmt":"2024-07-24T20:49:38","guid":{"rendered":"https:\/\/planyard.com\/case-studies-collection"},"modified":"2025-05-19T19:19:18","modified_gmt":"2025-05-19T19:19:18","slug":"fallstudier","status":"publish","type":"page","link":"https:\/\/planyard.com\/sv\/fallstudier","title":{"rendered":"Fallstudier"},"content":{"rendered":"\n<p>Uppt\u00e4ck hur Planyard f\u00f6renklar hanteringen av byggbudgetar. V\u00e5ra fallstudier visar hur verkliga team minskar misstag och sparar hundratals timmar med Planyards enkla och intuitiva verktyg. Se hur det kan hj\u00e4lpa dig ocks\u00e5!<\/p>\n\n\n\n<p><\/p>\n","protected":false},"excerpt":{"rendered":"<p>Uppt\u00e4ck hur Planyard f\u00f6renklar hanteringen av byggbudgetar. V\u00e5ra fallstudier visar hur verkliga team minskar misstag och sparar hundratals timmar med Planyards enkla och intuitiva verktyg. Se hur det kan hj\u00e4lpa dig ocks\u00e5!<\/p>\n","protected":false},"author":1,"featured_media":0,"parent":0,"menu_order":0,"comment_status":"closed","ping_status":"closed","template":"template-casestudies.php","meta":{"_acf_changed":false,"content-type":"","footnotes":""},"page_intent":[245],"page_type":[],"class_list":["post-14073","page","type-page","status-publish","hentry"],"acf":[],"yoast_head":"<!-- This site is optimized with the Yoast SEO plugin v27.1.1 - https:\/\/yoast.com\/product\/yoast-seo-wordpress\/ -->\n<title>Fallstudier - Planyard Sverige<\/title>\n<meta name=\"description\" content=\"V\u00e5ra fallstudier visar hur verkliga team minskar misstag och sparar hundratals timmar med Planyards enkla och intuitiva verktyg.\" \/>\n<meta name=\"robots\" content=\"index, follow, max-snippet:-1, max-image-preview:large, max-video-preview:-1\" \/>\n<link rel=\"canonical\" href=\"https:\/\/planyard.com\/sv\/fallstudier\" \/>\n<meta property=\"og:locale\" content=\"sv_SE\" \/>\n<meta property=\"og:type\" content=\"article\" \/>\n<meta property=\"og:title\" content=\"Fallstudier - Planyard Sverige\" \/>\n<meta property=\"og:description\" content=\"V\u00e5ra fallstudier visar hur verkliga team minskar misstag och sparar hundratals timmar med Planyards enkla och intuitiva verktyg.\" \/>\n<meta property=\"og:url\" content=\"https:\/\/planyard.com\/sv\/fallstudier\" \/>\n<meta property=\"og:site_name\" content=\"Planyard Sverige\" \/>\n<meta property=\"article:modified_time\" content=\"2025-05-19T19:19:18+00:00\" \/>\n<meta name=\"twitter:card\" content=\"summary_large_image\" \/>\n<meta name=\"twitter:label1\" content=\"Ber\u00e4knad l\u00e4stid\" \/>\n\t<meta name=\"twitter:data1\" content=\"1 minut\" \/>\n<!-- \/ Yoast SEO plugin. -->","yoast_head_json":{"title":"Fallstudier - Planyard Sverige","description":"V\u00e5ra fallstudier visar hur verkliga team minskar misstag och sparar hundratals timmar med Planyards enkla och intuitiva verktyg.","robots":{"index":"index","follow":"follow","max-snippet":"max-snippet:-1","max-image-preview":"max-image-preview:large","max-video-preview":"max-video-preview:-1"},"canonical":"https:\/\/planyard.com\/sv\/fallstudier","og_locale":"sv_SE","og_type":"article","og_title":"Fallstudier - Planyard Sverige","og_description":"V\u00e5ra fallstudier visar hur verkliga team minskar misstag och sparar hundratals timmar med Planyards enkla och intuitiva verktyg.","og_url":"https:\/\/planyard.com\/sv\/fallstudier","og_site_name":"Planyard Sverige","article_modified_time":"2025-05-19T19:19:18+00:00","twitter_card":"summary_large_image","twitter_misc":{"Ber\u00e4knad l\u00e4stid":"1 minut"},"schema":{"@context":"https:\/\/schema.org","@graph":[{"@type":"WebPage","@id":"https:\/\/planyard.com\/sv\/fallstudier","url":"https:\/\/planyard.com\/sv\/fallstudier","name":"Fallstudier - Planyard Sverige","isPartOf":{"@id":"https:\/\/planyard.com\/sv#website"},"datePublished":"2024-07-24T20:49:38+00:00","dateModified":"2025-05-19T19:19:18+00:00","description":"V\u00e5ra fallstudier visar hur verkliga team minskar misstag och sparar hundratals timmar med Planyards enkla och intuitiva verktyg.","breadcrumb":{"@id":"https:\/\/planyard.com\/sv\/fallstudier#breadcrumb"},"inLanguage":"sv-SE","potentialAction":[{"@type":"ReadAction","target":["https:\/\/planyard.com\/sv\/fallstudier"]}]},{"@type":"BreadcrumbList","@id":"https:\/\/planyard.com\/sv\/fallstudier#breadcrumb","itemListElement":[{"@type":"ListItem","position":1,"name":"Home","item":"https:\/\/planyard.com\/sv"},{"@type":"ListItem","position":2,"name":"Fallstudier"}]},{"@type":"WebSite","@id":"https:\/\/planyard.com\/sv#website","url":"https:\/\/planyard.com\/sv","name":"Planyard Sverige","description":"","potentialAction":[{"@type":"SearchAction","target":{"@type":"EntryPoint","urlTemplate":"https:\/\/planyard.com\/sv?s={search_term_string}"},"query-input":{"@type":"PropertyValueSpecification","valueRequired":true,"valueName":"search_term_string"}}],"inLanguage":"sv-SE"}]}},"_links":{"self":[{"href":"https:\/\/planyard.com\/sv\/wp-json\/wp\/v2\/pages\/14073","targetHints":{"allow":["GET"]}}],"collection":[{"href":"https:\/\/planyard.com\/sv\/wp-json\/wp\/v2\/pages"}],"about":[{"href":"https:\/\/planyard.com\/sv\/wp-json\/wp\/v2\/types\/page"}],"author":[{"embeddable":true,"href":"https:\/\/planyard.com\/sv\/wp-json\/wp\/v2\/users\/1"}],"replies":[{"embeddable":true,"href":"https:\/\/planyard.com\/sv\/wp-json\/wp\/v2\/comments?post=14073"}],"version-history":[{"count":3,"href":"https:\/\/planyard.com\/sv\/wp-json\/wp\/v2\/pages\/14073\/revisions"}],"predecessor-version":[{"id":16446,"href":"https:\/\/planyard.com\/sv\/wp-json\/wp\/v2\/pages\/14073\/revisions\/16446"}],"wp:attachment":[{"href":"https:\/\/planyard.com\/sv\/wp-json\/wp\/v2\/media?parent=14073"}],"wp:term":[{"taxonomy":"page_intent","embeddable":true,"href":"https:\/\/planyard.com\/sv\/wp-json\/wp\/v2\/page_intent?post=14073"},{"taxonomy":"page_type","embeddable":true,"href":"https:\/\/planyard.com\/sv\/wp-json\/wp\/v2\/page_type?post=14073"}],"curies":[{"name":"wp","href":"https:\/\/api.w.org\/{rel}","templated":true}]}}