{"id":14072,"date":"2024-07-25T15:58:59","date_gmt":"2024-07-25T15:58:59","guid":{"rendered":"https:\/\/planyard.com\/blog"},"modified":"2025-05-19T09:25:57","modified_gmt":"2025-05-19T09:25:57","slug":"blogg","status":"publish","type":"page","link":"https:\/\/planyard.com\/sv\/blogg","title":{"rendered":"Blogg"},"content":{"rendered":"","protected":false},"excerpt":{"rendered":"","protected":false},"author":1,"featured_media":0,"parent":0,"menu_order":0,"comment_status":"closed","ping_status":"closed","template":"template-posts.php","meta":{"_acf_changed":false,"content-type":"","footnotes":""},"page_intent":[],"page_type":[],"class_list":["post-14072","page","type-page","status-publish","hentry"],"acf":[],"yoast_head":"<!-- This site is optimized with the Yoast SEO plugin v26.9 - https:\/\/yoast.com\/product\/yoast-seo-wordpress\/ -->\n<title>Blogg om byggredovisning och kostnadskontroll - Planyard<\/title>\n<meta name=\"description\" content=\"Tips om kostnadsber\u00e4kning f\u00f6r byggprojekt, budgethantering och programvara. Ta reda p\u00e5 hur du kan f\u00f6rb\u00e4ttra din projekts effektivitet och l\u00f6nsamhet.\" \/>\n<meta name=\"robots\" content=\"index, follow, max-snippet:-1, max-image-preview:large, max-video-preview:-1\" \/>\n<link rel=\"canonical\" href=\"https:\/\/planyard.com\/sv\/blogg\" \/>\n<meta property=\"og:locale\" content=\"sv_SE\" \/>\n<meta property=\"og:type\" content=\"article\" \/>\n<meta property=\"og:title\" content=\"Blogg om byggredovisning och kostnadskontroll - Planyard\" \/>\n<meta property=\"og:description\" content=\"Tips om kostnadsber\u00e4kning f\u00f6r byggprojekt, budgethantering och programvara. Ta reda p\u00e5 hur du kan f\u00f6rb\u00e4ttra din projekts effektivitet och l\u00f6nsamhet.\" \/>\n<meta property=\"og:url\" content=\"https:\/\/planyard.com\/sv\/blogg\" \/>\n<meta property=\"og:site_name\" content=\"Planyard Sverige\" \/>\n<meta property=\"article:modified_time\" content=\"2025-05-19T09:25:57+00:00\" \/>\n<meta name=\"twitter:card\" content=\"summary_large_image\" \/>\n<!-- \/ Yoast SEO plugin. -->","yoast_head_json":{"title":"Blogg om byggredovisning och kostnadskontroll - Planyard","description":"Tips om kostnadsber\u00e4kning f\u00f6r byggprojekt, budgethantering och programvara. Ta reda p\u00e5 hur du kan f\u00f6rb\u00e4ttra din projekts effektivitet och l\u00f6nsamhet.","robots":{"index":"index","follow":"follow","max-snippet":"max-snippet:-1","max-image-preview":"max-image-preview:large","max-video-preview":"max-video-preview:-1"},"canonical":"https:\/\/planyard.com\/sv\/blogg","og_locale":"sv_SE","og_type":"article","og_title":"Blogg om byggredovisning och kostnadskontroll - Planyard","og_description":"Tips om kostnadsber\u00e4kning f\u00f6r byggprojekt, budgethantering och programvara. Ta reda p\u00e5 hur du kan f\u00f6rb\u00e4ttra din projekts effektivitet och l\u00f6nsamhet.","og_url":"https:\/\/planyard.com\/sv\/blogg","og_site_name":"Planyard Sverige","article_modified_time":"2025-05-19T09:25:57+00:00","twitter_card":"summary_large_image","schema":{"@context":"https:\/\/schema.org","@graph":[{"@type":"WebPage","@id":"https:\/\/planyard.com\/sv\/blogg","url":"https:\/\/planyard.com\/sv\/blogg","name":"Blogg om byggredovisning och kostnadskontroll - Planyard","isPartOf":{"@id":"https:\/\/planyard.com\/sv#website"},"datePublished":"2024-07-25T15:58:59+00:00","dateModified":"2025-05-19T09:25:57+00:00","description":"Tips om kostnadsber\u00e4kning f\u00f6r byggprojekt, budgethantering och programvara. Ta reda p\u00e5 hur du kan f\u00f6rb\u00e4ttra din projekts effektivitet och l\u00f6nsamhet.","breadcrumb":{"@id":"https:\/\/planyard.com\/sv\/blogg#breadcrumb"},"inLanguage":"sv-SE","potentialAction":[{"@type":"ReadAction","target":["https:\/\/planyard.com\/sv\/blogg"]}]},{"@type":"BreadcrumbList","@id":"https:\/\/planyard.com\/sv\/blogg#breadcrumb","itemListElement":[{"@type":"ListItem","position":1,"name":"Home","item":"https:\/\/planyard.com\/sv"},{"@type":"ListItem","position":2,"name":"Blogg"}]},{"@type":"WebSite","@id":"https:\/\/planyard.com\/sv#website","url":"https:\/\/planyard.com\/sv","name":"Planyard Sverige","description":"","potentialAction":[{"@type":"SearchAction","target":{"@type":"EntryPoint","urlTemplate":"https:\/\/planyard.com\/sv?s={search_term_string}"},"query-input":{"@type":"PropertyValueSpecification","valueRequired":true,"valueName":"search_term_string"}}],"inLanguage":"sv-SE"}]}},"_links":{"self":[{"href":"https:\/\/planyard.com\/sv\/wp-json\/wp\/v2\/pages\/14072","targetHints":{"allow":["GET"]}}],"collection":[{"href":"https:\/\/planyard.com\/sv\/wp-json\/wp\/v2\/pages"}],"about":[{"href":"https:\/\/planyard.com\/sv\/wp-json\/wp\/v2\/types\/page"}],"author":[{"embeddable":true,"href":"https:\/\/planyard.com\/sv\/wp-json\/wp\/v2\/users\/1"}],"replies":[{"embeddable":true,"href":"https:\/\/planyard.com\/sv\/wp-json\/wp\/v2\/comments?post=14072"}],"version-history":[{"count":1,"href":"https:\/\/planyard.com\/sv\/wp-json\/wp\/v2\/pages\/14072\/revisions"}],"predecessor-version":[{"id":14083,"href":"https:\/\/planyard.com\/sv\/wp-json\/wp\/v2\/pages\/14072\/revisions\/14083"}],"wp:attachment":[{"href":"https:\/\/planyard.com\/sv\/wp-json\/wp\/v2\/media?parent=14072"}],"wp:term":[{"taxonomy":"page_intent","embeddable":true,"href":"https:\/\/planyard.com\/sv\/wp-json\/wp\/v2\/page_intent?post=14072"},{"taxonomy":"page_type","embeddable":true,"href":"https:\/\/planyard.com\/sv\/wp-json\/wp\/v2\/page_type?post=14072"}],"curies":[{"name":"wp","href":"https:\/\/api.w.org\/{rel}","templated":true}]}}