{"id":13549,"date":"2024-08-27T11:45:28","date_gmt":"2024-08-27T11:45:28","guid":{"rendered":"https:\/\/planyard.com\/xero-construction-add-on"},"modified":"2025-05-19T09:07:06","modified_gmt":"2025-05-19T09:07:06","slug":"complemento-de-construcao-xero","status":"publish","type":"page","link":"https:\/\/planyard.com\/pt-pt\/complemento-de-construcao-xero","title":{"rendered":"Complemento de Constru\u00e7\u00e3o Xero"},"content":{"rendered":"","protected":false},"excerpt":{"rendered":"","protected":false},"author":2,"featured_media":0,"parent":0,"menu_order":0,"comment_status":"closed","ping_status":"closed","template":"","meta":{"_acf_changed":false,"content-type":"","footnotes":""},"page_intent":[258],"page_type":[],"class_list":["post-13549","page","type-page","status-publish","hentry"],"acf":[],"yoast_head":"<!-- This site is optimized with the Yoast SEO plugin v27.1.1 - https:\/\/yoast.com\/product\/yoast-seo-wordpress\/ -->\n<title>Complemento de constru\u00e7\u00e3o Xero | Experimente gr\u00e1tis por 14 dias - Planyard Portugal<\/title>\n<meta name=\"description\" content=\"Procurando um complemento de constru\u00e7\u00e3o para Xero? O Planyard integra-se perfeitamente com o Xero para automatizar a contabiliza\u00e7\u00e3o de custos de obras e eliminar o caos das folhas de c\u00e1lculo.\" \/>\n<meta name=\"robots\" content=\"index, follow, max-snippet:-1, max-image-preview:large, max-video-preview:-1\" \/>\n<link rel=\"canonical\" href=\"https:\/\/planyard.com\/pt-pt\/complemento-de-construcao-xero\" \/>\n<meta property=\"og:locale\" content=\"pt_PT\" \/>\n<meta property=\"og:type\" content=\"article\" \/>\n<meta property=\"og:title\" content=\"Complemento de constru\u00e7\u00e3o Xero | Experimente gr\u00e1tis por 14 dias - Planyard Portugal\" \/>\n<meta property=\"og:description\" content=\"Procurando um complemento de constru\u00e7\u00e3o para Xero? O Planyard integra-se perfeitamente com o Xero para automatizar a contabiliza\u00e7\u00e3o de custos de obras e eliminar o caos das folhas de c\u00e1lculo.\" \/>\n<meta property=\"og:url\" content=\"https:\/\/planyard.com\/pt-pt\/complemento-de-construcao-xero\" \/>\n<meta property=\"og:site_name\" content=\"Planyard Portugal\" \/>\n<meta property=\"article:modified_time\" content=\"2025-05-19T09:07:06+00:00\" \/>\n<meta name=\"twitter:card\" content=\"summary_large_image\" \/>\n<!-- \/ Yoast SEO plugin. -->","yoast_head_json":{"title":"Complemento de constru\u00e7\u00e3o Xero | Experimente gr\u00e1tis por 14 dias - Planyard Portugal","description":"Procurando um complemento de constru\u00e7\u00e3o para Xero? O Planyard integra-se perfeitamente com o Xero para automatizar a contabiliza\u00e7\u00e3o de custos de obras e eliminar o caos das folhas de c\u00e1lculo.","robots":{"index":"index","follow":"follow","max-snippet":"max-snippet:-1","max-image-preview":"max-image-preview:large","max-video-preview":"max-video-preview:-1"},"canonical":"https:\/\/planyard.com\/pt-pt\/complemento-de-construcao-xero","og_locale":"pt_PT","og_type":"article","og_title":"Complemento de constru\u00e7\u00e3o Xero | Experimente gr\u00e1tis por 14 dias - Planyard Portugal","og_description":"Procurando um complemento de constru\u00e7\u00e3o para Xero? O Planyard integra-se perfeitamente com o Xero para automatizar a contabiliza\u00e7\u00e3o de custos de obras e eliminar o caos das folhas de c\u00e1lculo.","og_url":"https:\/\/planyard.com\/pt-pt\/complemento-de-construcao-xero","og_site_name":"Planyard Portugal","article_modified_time":"2025-05-19T09:07:06+00:00","twitter_card":"summary_large_image","schema":{"@context":"https:\/\/schema.org","@graph":[{"@type":"WebPage","@id":"https:\/\/planyard.com\/pt-pt\/complemento-de-construcao-xero","url":"https:\/\/planyard.com\/pt-pt\/complemento-de-construcao-xero","name":"Complemento de constru\u00e7\u00e3o Xero | Experimente gr\u00e1tis por 14 dias - Planyard Portugal","isPartOf":{"@id":"https:\/\/planyard.com\/pt-pt#website"},"datePublished":"2024-08-27T11:45:28+00:00","dateModified":"2025-05-19T09:07:06+00:00","description":"Procurando um complemento de constru\u00e7\u00e3o para Xero? O Planyard integra-se perfeitamente com o Xero para automatizar a contabiliza\u00e7\u00e3o de custos de obras e eliminar o caos das folhas de c\u00e1lculo.","breadcrumb":{"@id":"https:\/\/planyard.com\/pt-pt\/complemento-de-construcao-xero#breadcrumb"},"inLanguage":"pt-PT","potentialAction":[{"@type":"ReadAction","target":["https:\/\/planyard.com\/pt-pt\/complemento-de-construcao-xero"]}]},{"@type":"BreadcrumbList","@id":"https:\/\/planyard.com\/pt-pt\/complemento-de-construcao-xero#breadcrumb","itemListElement":[{"@type":"ListItem","position":1,"name":"Home","item":"https:\/\/planyard.com\/pt-pt"},{"@type":"ListItem","position":2,"name":"Complemento de Constru\u00e7\u00e3o Xero"}]},{"@type":"WebSite","@id":"https:\/\/planyard.com\/pt-pt#website","url":"https:\/\/planyard.com\/pt-pt","name":"Planyard Portugal","description":"","potentialAction":[{"@type":"SearchAction","target":{"@type":"EntryPoint","urlTemplate":"https:\/\/planyard.com\/pt-pt?s={search_term_string}"},"query-input":{"@type":"PropertyValueSpecification","valueRequired":true,"valueName":"search_term_string"}}],"inLanguage":"pt-PT"}]}},"_links":{"self":[{"href":"https:\/\/planyard.com\/pt-pt\/wp-json\/wp\/v2\/pages\/13549","targetHints":{"allow":["GET"]}}],"collection":[{"href":"https:\/\/planyard.com\/pt-pt\/wp-json\/wp\/v2\/pages"}],"about":[{"href":"https:\/\/planyard.com\/pt-pt\/wp-json\/wp\/v2\/types\/page"}],"author":[{"embeddable":true,"href":"https:\/\/planyard.com\/pt-pt\/wp-json\/wp\/v2\/users\/2"}],"replies":[{"embeddable":true,"href":"https:\/\/planyard.com\/pt-pt\/wp-json\/wp\/v2\/comments?post=13549"}],"version-history":[{"count":1,"href":"https:\/\/planyard.com\/pt-pt\/wp-json\/wp\/v2\/pages\/13549\/revisions"}],"predecessor-version":[{"id":13738,"href":"https:\/\/planyard.com\/pt-pt\/wp-json\/wp\/v2\/pages\/13549\/revisions\/13738"}],"wp:attachment":[{"href":"https:\/\/planyard.com\/pt-pt\/wp-json\/wp\/v2\/media?parent=13549"}],"wp:term":[{"taxonomy":"page_intent","embeddable":true,"href":"https:\/\/planyard.com\/pt-pt\/wp-json\/wp\/v2\/page_intent?post=13549"},{"taxonomy":"page_type","embeddable":true,"href":"https:\/\/planyard.com\/pt-pt\/wp-json\/wp\/v2\/page_type?post=13549"}],"curies":[{"name":"wp","href":"https:\/\/api.w.org\/{rel}","templated":true}]}}