{"id":13548,"date":"2025-02-11T10:07:11","date_gmt":"2025-02-11T10:07:11","guid":{"rendered":"https:\/\/planyard.com\/procore-financials-alternative-planyard"},"modified":"2025-05-19T20:10:04","modified_gmt":"2025-05-19T20:10:04","slug":"alternativa-procore-financials-planyard","status":"publish","type":"page","link":"https:\/\/planyard.com\/pt-pt\/alternativa-procore-financials-planyard","title":{"rendered":"Por que Pequenos Empreiteiros Est\u00e3o a Afastar-se do Procore Financials"},"content":{"rendered":"\n<p>Muitos&nbsp;<strong>pequenos empreiteiros<\/strong>, ao avaliar ou usar o Procore Financials, acham-no&nbsp;<strong>demasiado caro e excessivamente complexo<\/strong>&nbsp;para as suas necessidades.<\/p>\n\n\n\n<p>Embora o Procore ofere\u00e7a&nbsp;<strong>ferramentas de or\u00e7amenta\u00e7\u00e3o, compromissos e gest\u00e3o de varia\u00e7\u00f5es<\/strong>, muitos empreiteiros dizem que v\u00eam&nbsp;<strong>acompanhadas de extras desnecess\u00e1rios<\/strong>&nbsp;que tornam o software&nbsp;<strong>dif\u00edcil de usar<\/strong>.<\/p>\n\n\n\n<p>Um&nbsp;<strong>pequeno empreiteiro principal<\/strong>&nbsp;compartilhou:<\/p>\n\n\n\n<blockquote class=\"wp-block-quote is-layout-flow wp-block-quote-is-layout-flow\">\n<p><em>\u201cAs taxas do Procore s\u00e3o absolutamente insanas. A ferramenta de or\u00e7amenta\u00e7\u00e3o \u00e9 \u00f3tima, mas n\u00e3o preciso de todos os extras que v\u00eam com ela.\u201d<\/em>&nbsp;\u2013 Um&nbsp;<strong>pequeno empreiteiro principal<\/strong>&nbsp;no sul da Calif\u00f3rnia\u200b<\/p>\n<\/blockquote>\n\n\n\n<p>Al\u00e9m disso, a transi\u00e7\u00e3o&nbsp;<strong>para ou do Procore \u00e9 um pesadelo<\/strong>, refor\u00e7ando a necessidade de uma&nbsp;<strong>alternativa mais flex\u00edvel e econ\u00f3mica<\/strong>.<\/p>\n\n\n\n<p>Em vez de&nbsp;<strong>perder tempo em chamadas de vendas, reuni\u00f5es de implementa\u00e7\u00e3o longas e taxas de licenciamento de cinco a seis d\u00edgitos<\/strong>, este guia explicar\u00e1 por que os pequenos empreiteiros escolhem<strong>&nbsp;o Planyard em vez do Procore Financials<\/strong>.<\/p>\n\n\n\n<h2 class=\"wp-block-heading\" id=\"two\">O que \u00e9 o Procore Financials?<\/h2>\n\n\n\n<p><strong>Procore Financials<\/strong>&nbsp;faz parte da&nbsp;<strong>suite de gest\u00e3o de constru\u00e7\u00e3o Procore<\/strong>, oferecendo ferramentas para&nbsp;<strong>or\u00e7amenta\u00e7\u00e3o, rastreamento de custos e previs\u00e3o<\/strong>.<\/p>\n\n\n\n<p>No entanto, o&nbsp;<strong>m\u00f3dulo financeiro do Procore \u00e9 projetado para grandes empresas<\/strong>&nbsp;e vem com&nbsp;<strong>altos custos e uma curva de aprendizagem acentuada<\/strong>\u2014dois grandes problemas para&nbsp;<strong>pequenos e m\u00e9dios empreiteiros<\/strong>.<\/p>\n\n\n\n<p>Conte\u00fado relacionado:<br><a href=\"https:\/\/planyard.com\/blog\/procore-quickbooks-integration-comparison\">Integra\u00e7\u00e3o Procore QuickBooks<\/a><br><a href=\"https:\/\/planyard.com\/pt-pt\/modelo-de-precos-procore-caro\">Como funciona o pre\u00e7o do Procore<\/a><\/p>\n\n\n\n<h2 class=\"wp-block-heading\" id=\"three\">O que \u00e9 o Planyard?<\/h2>\n\n\n\n<p><strong>Planyard<\/strong>&nbsp;\u00e9 um&nbsp;<strong>sistema de gest\u00e3o financeira de constru\u00e7\u00e3o<\/strong>&nbsp;projetado para&nbsp;<strong>pequenos empreiteiros<\/strong>&nbsp;que precisam de&nbsp;<strong>uma alternativa simples e eficiente ao Procore Financials<\/strong>.<\/p>\n\n\n\n<p>O Planyard&nbsp;<strong>integra-se perfeitamente<\/strong>&nbsp;com&nbsp;<strong><a href=\"https:\/\/planyard.com\/pt-pt\/integracao-custos-trabalho-quickbooks\">QuickBooks<\/a>,&nbsp;<a href=\"https:\/\/planyard.com\/pt-pt\/integracao-xero-construcao\">Xero<\/a>,&nbsp;<a href=\"https:\/\/planyard.com\/pt-pt\/integracao-myob-contabilidade-construcao\">MYOB<\/a> e&nbsp;<a href=\"https:\/\/planyard.com\/pt-pt\/integracao-sage-planyard-software-construcao\">Sage<\/a><\/strong>, garantindo&nbsp;<strong>rastreamento financeiro em tempo real<\/strong>&nbsp;sem ferramentas de terceiros.<\/p>\n\n\n\n<p>Projetado por&nbsp;<strong>gestores de projeto<\/strong>, o Planyard simplifica:<br>\u2714&nbsp;<strong>Or\u00e7amenta\u00e7\u00e3o<\/strong>&nbsp;e rastreamento de custos<br>\u2714&nbsp;<strong>Fatura\u00e7\u00e3o<\/strong>&nbsp;e pagamentos a subempreiteiros<br>\u2714&nbsp;<strong>Previs\u00e3o em tempo real<\/strong><br>\u2714&nbsp;<strong>Gest\u00e3o de varia\u00e7\u00f5es<\/strong><\/p>\n\n\n\n<figure class=\"wp-block-image\"><img loading=\"lazy\" decoding=\"async\" width=\"1202\" height=\"622\" src=\"https:\/\/planyard.com\/wp-content\/uploads\/2025\/02\/image.png\" alt=\"\" class=\"wp-image-8901\"\/><\/figure>\n\n\n\n<h2 class=\"wp-block-heading\" id=\"four\">Por que Pequenos Empreiteiros Escolhem o Planyard em Vez do Procore Financials<\/h2>\n\n\n\n<h3 class=\"wp-block-heading\">1. Procore Financials \u00e9 Demasiado R\u00edgido<\/h3>\n\n\n\n<p>Muitos empreiteiros reclamam que o Procore&nbsp;<strong>os obriga a seguir uma estrutura de c\u00f3digos de custo r\u00edgida<\/strong>, tornando o rastreamento de custos&nbsp;<strong>frustrante e ineficiente<\/strong>.<\/p>\n\n\n\n<ul class=\"wp-block-list\">\n<li><strong>Um construtor de casas na Austr\u00e1lia<\/strong>&nbsp;teve dificuldades porque o Procore&nbsp;<strong>n\u00e3o permite que os c\u00f3digos de custo sejam usados v\u00e1rias vezes<\/strong>, tornando&nbsp;<strong>imposs\u00edvel rastrear despesas espec\u00edficas<\/strong>\u200b.<\/li>\n\n\n\n<li><strong>Um empreiteiro especializado no Canad\u00e1<\/strong>&nbsp;teve que&nbsp;<strong>sincronizar manualmente as despesas com o QuickBooks<\/strong>, o que levou a erros e perda de tempo\u200b.<\/li>\n<\/ul>\n\n\n\n<p>\u2714&nbsp;<strong>Como o Planyard Resolve Isso:<\/strong><\/p>\n\n\n\n<ul class=\"wp-block-list\">\n<li>Use&nbsp;<strong>c\u00f3digos de custo de forma flex\u00edvel<\/strong>\u2014atribua-os v\u00e1rias vezes quando necess\u00e1rio.<\/li>\n\n\n\n<li><strong>Atualiza\u00e7\u00f5es de or\u00e7amento em tempo real<\/strong>\u2014sem necessidade de reconcilia\u00e7\u00e3o manual.<\/li>\n<\/ul>\n\n\n\n<h3 class=\"wp-block-heading\">2. Procore Prende as Empresas ao Seu Sistema<\/h3>\n\n\n\n<p>Mudar para ou do Procore \u00e9&nbsp;<strong>um pesadelo<\/strong>&nbsp;devido ao&nbsp;<strong>emaranhamento complexo de dados<\/strong>.<\/p>\n\n\n\n<ul class=\"wp-block-list\">\n<li>Um&nbsp;<strong>pequeno empreiteiro principal<\/strong>&nbsp;viu duas empresas lutarem para implementar o Procore, e outra tentou sair, o que&nbsp;<strong>se tornou um desastre<\/strong>\u200b.<\/li>\n<\/ul>\n\n\n\n<p>\u2714&nbsp;<strong>Como o Planyard Resolve Isso:<\/strong><\/p>\n\n\n\n<ul class=\"wp-block-list\">\n<li><strong>Onboarding simples<\/strong>\u2014importe os seus or\u00e7amentos existentes do Excel.<\/li>\n\n\n\n<li><strong>Offboarding f\u00e1cil<\/strong>\u2014os seus dados est\u00e3o&nbsp;<strong>sempre export\u00e1veis<\/strong>, para que nunca fique preso.<\/li>\n<\/ul>\n\n\n\n<h3 class=\"wp-block-heading\">3. Pequenos Empreiteiros Est\u00e3o Presos ao Uso do Excel Devido \u00e0 Falta de Alternativas<\/h3>\n\n\n\n<p>Muitos empreiteiros recorrem ao&nbsp;<strong>Excel para or\u00e7amenta\u00e7\u00e3o<\/strong>&nbsp;porque a maioria das ferramentas financeiras s\u00e3o&nbsp;<strong>demasiado caras ou complexas<\/strong>.<\/p>\n\n\n\n<ul class=\"wp-block-list\">\n<li>As folhas de c\u00e1lculo&nbsp;<strong>espalham dados por v\u00e1rias abas<\/strong>, tornando&nbsp;<strong>dif\u00edcil o rastreamento em tempo real<\/strong>.<\/li>\n<\/ul>\n\n\n\n<p>\u2714&nbsp;<strong>Como o Planyard Resolve Isso:<\/strong><\/p>\n\n\n\n<ul class=\"wp-block-list\">\n<li><strong>Importa\u00e7\u00e3o de or\u00e7amento com um clique<\/strong>&nbsp;do Excel.<\/li>\n\n\n\n<li><strong>Rastreamento de projeto em tempo real em todos os trabalhos num \u00fanico painel<\/strong>.<\/li>\n<\/ul>\n\n\n\n<h3 class=\"wp-block-heading\"><strong>4. Procore Requer Integra\u00e7\u00f5es de Terceiros para Sistemas de Contabilidade<\/strong><\/h3>\n\n\n\n<p>Um&nbsp;<strong>pequeno empreiteiro geral<\/strong>&nbsp;procurou especificamente uma&nbsp;<strong>ferramenta de or\u00e7amenta\u00e7\u00e3o com integra\u00e7\u00e3o nativa ao QuickBooks<\/strong>\u200b.<\/p>\n\n\n\n<ul class=\"wp-block-list\">\n<li>O Procore requer&nbsp;<strong>conectores de terceiros como&nbsp;<\/strong><a href=\"https:\/\/planyard.com\/blog\/procore-quickbooks-integration-comparison\"><strong>SmoothLink<\/strong>&nbsp;para sincronizar com o QuickBooks<\/a>.<\/li>\n<\/ul>\n\n\n\n<p>\u2714&nbsp;<strong>Como o Planyard Resolve Isso:<\/strong><\/p>\n\n\n\n<ul class=\"wp-block-list\">\n<li><strong>Integra\u00e7\u00e3o nativa com QuickBooks, Xero, MYOB e Sage<\/strong>&nbsp;(sem necessidade de ferramentas de terceiros).<\/li>\n\n\n\n<li><strong>As faturas s\u00e3o automaticamente digitalizadas, correspondidas aos or\u00e7amentos e sincronizadas<\/strong>.<\/li>\n<\/ul>\n\n\n\n<h2 class=\"wp-block-heading\" id=\"five\">Planyard vs. Procore Financials: Compara\u00e7\u00e3o de Funcionalidades<\/h2>\n\n\n\n<figure class=\"wp-block-table\"><table class=\"has-fixed-layout\"><thead><tr><th>Funcionalidade<\/th><th><strong>Planyard<\/strong><\/th><th><strong>Procore Financials<\/strong><\/th><\/tr><\/thead><tbody><tr><td><strong>Facilidade de Uso<\/strong><\/td><td>\u2705 Simples e intuitivo<\/td><td>\u274c Complexo, curva de aprendizagem acentuada<\/td><\/tr><tr><td><strong>Flexibilidade de C\u00f3digos de Custo<\/strong><\/td><td>\u2705 Use c\u00f3digos de custo v\u00e1rias vezes<\/td><td>\u274c Um c\u00f3digo de custo por item<\/td><\/tr><tr><td><strong>Or\u00e7amenta\u00e7\u00e3o e Previs\u00e3o<\/strong><\/td><td>\u2705 Atualiza\u00e7\u00f5es em tempo real<\/td><td>\u274c Requer entrada manual<\/td><\/tr><tr><td><strong>Integra\u00e7\u00e3o Cont\u00e1bil<\/strong><\/td><td>\u2705 QuickBooks, Xero, MYOB, Sage<\/td><td>\u274c Requer ferramentas de terceiros<\/td><\/tr><tr><td><strong>Pre\u00e7o<\/strong><\/td><td>\u2705 Acess\u00edvel para pequenas equipas<\/td><td>\u274c Caro, cota\u00e7\u00e3o personalizada necess\u00e1ria<\/td><\/tr><tr><td><strong>Onboarding<\/strong><\/td><td>\u2705 Configura\u00e7\u00e3o r\u00e1pida (horas, n\u00e3o semanas)<\/td><td>\u274c Requer forma\u00e7\u00e3o extensiva<\/td><\/tr><\/tbody><\/table><\/figure>\n\n\n\n<h2 class=\"wp-block-heading\" id=\"six\">Experimente o Planyard Gratuitamente Hoje<\/h2>\n\n\n\n<p>Se est\u00e1&nbsp;<strong>cansado da complexidade do Procore Financials<\/strong>&nbsp;e quer uma&nbsp;<strong>maneira mais inteligente de gerir os seus or\u00e7amentos de constru\u00e7\u00e3o<\/strong>, experimente&nbsp;<strong>o Planyard por 14 dias gratuitamente<\/strong>&nbsp;\u2013 sem necessidade de cart\u00e3o de cr\u00e9dito!<\/p>\n\n\n\n<p>\ud83d\udc49&nbsp;<strong><a href=\"https:\/\/planyard.com\/pt-pt\/software-orcamentacao-construcao\">Iniciar Teste Gratuito<\/a><\/strong><\/p>\n\n\n\n<p><\/p>\n","protected":false},"excerpt":{"rendered":"<p>Muitos&nbsp;pequenos empreiteiros, ao avaliar ou usar o Procore Financials, acham-no&nbsp;demasiado caro e excessivamente complexo&nbsp;para as suas necessidades. Embora o Procore ofere\u00e7a&nbsp;ferramentas de or\u00e7amenta\u00e7\u00e3o, compromissos e gest\u00e3o de varia\u00e7\u00f5es, muitos empreiteiros dizem que v\u00eam&nbsp;acompanhadas de extras desnecess\u00e1rios&nbsp;que tornam o software&nbsp;dif\u00edcil de usar. Um&nbsp;pequeno empreiteiro principal&nbsp;compartilhou: \u201cAs taxas do Procore s\u00e3o absolutamente insanas. A ferramenta de or\u00e7amenta\u00e7\u00e3o&#8230;  <a class=\"excerpt-read-more\" href=\"https:\/\/planyard.com\/pt-pt\/alternativa-procore-financials-planyard\" title=\"L\u00ea  Por que Pequenos Empreiteiros Est\u00e3o a Afastar-se do Procore Financials\">L\u00ea mais &#8220;<\/a><\/p>\n","protected":false},"author":4,"featured_media":0,"parent":0,"menu_order":0,"comment_status":"closed","ping_status":"closed","template":"","meta":{"_acf_changed":false,"content-type":"","footnotes":""},"page_intent":[198],"page_type":[],"class_list":["post-13548","page","type-page","status-publish","hentry"],"acf":[],"yoast_head":"<!-- This site is optimized with the Yoast SEO plugin v27.1.1 - https:\/\/yoast.com\/product\/yoast-seo-wordpress\/ -->\n<title>Alternativa ao Procore Financials para Pequenos Empreiteiros: Planyard<\/title>\n<meta name=\"description\" content=\"Procurando uma alternativa ao Procore Financials? Veja por que o Planyard \u00e9 a melhor escolha para pequenos empreiteiros que buscam uma gest\u00e3o de custos de constru\u00e7\u00e3o simples e eficiente.\" \/>\n<meta name=\"robots\" content=\"index, follow, max-snippet:-1, max-image-preview:large, max-video-preview:-1\" \/>\n<link rel=\"canonical\" href=\"https:\/\/planyard.com\/pt-pt\/alternativa-procore-financials-planyard\" \/>\n<meta property=\"og:locale\" content=\"pt_PT\" \/>\n<meta property=\"og:type\" content=\"article\" \/>\n<meta property=\"og:title\" content=\"Alternativa ao Procore Financials para Pequenos Empreiteiros: Planyard\" \/>\n<meta property=\"og:description\" content=\"Procurando uma alternativa ao Procore Financials? Veja por que o Planyard \u00e9 a melhor escolha para pequenos empreiteiros que buscam uma gest\u00e3o de custos de constru\u00e7\u00e3o simples e eficiente.\" \/>\n<meta property=\"og:url\" content=\"https:\/\/planyard.com\/pt-pt\/alternativa-procore-financials-planyard\" \/>\n<meta property=\"og:site_name\" content=\"Planyard Portugal\" \/>\n<meta property=\"article:modified_time\" content=\"2025-05-19T20:10:04+00:00\" \/>\n<meta property=\"og:image\" content=\"https:\/\/planyard.com\/wp-content\/uploads\/2025\/02\/image.png\" \/>\n\t<meta property=\"og:image:width\" content=\"1202\" \/>\n\t<meta property=\"og:image:height\" content=\"622\" \/>\n\t<meta property=\"og:image:type\" content=\"image\/png\" \/>\n<meta name=\"twitter:card\" content=\"summary_large_image\" \/>\n<meta name=\"twitter:label1\" content=\"Tempo estimado de leitura\" \/>\n\t<meta name=\"twitter:data1\" content=\"4 minutos\" \/>\n<!-- \/ Yoast SEO plugin. -->","yoast_head_json":{"title":"Alternativa ao Procore Financials para Pequenos Empreiteiros: Planyard","description":"Procurando uma alternativa ao Procore Financials? Veja por que o Planyard \u00e9 a melhor escolha para pequenos empreiteiros que buscam uma gest\u00e3o de custos de constru\u00e7\u00e3o simples e eficiente.","robots":{"index":"index","follow":"follow","max-snippet":"max-snippet:-1","max-image-preview":"max-image-preview:large","max-video-preview":"max-video-preview:-1"},"canonical":"https:\/\/planyard.com\/pt-pt\/alternativa-procore-financials-planyard","og_locale":"pt_PT","og_type":"article","og_title":"Alternativa ao Procore Financials para Pequenos Empreiteiros: Planyard","og_description":"Procurando uma alternativa ao Procore Financials? Veja por que o Planyard \u00e9 a melhor escolha para pequenos empreiteiros que buscam uma gest\u00e3o de custos de constru\u00e7\u00e3o simples e eficiente.","og_url":"https:\/\/planyard.com\/pt-pt\/alternativa-procore-financials-planyard","og_site_name":"Planyard Portugal","article_modified_time":"2025-05-19T20:10:04+00:00","og_image":[{"width":1202,"height":622,"url":"https:\/\/planyard.com\/wp-content\/uploads\/2025\/02\/image.png","type":"image\/png"}],"twitter_card":"summary_large_image","twitter_misc":{"Tempo estimado de leitura":"4 minutos"},"schema":{"@context":"https:\/\/schema.org","@graph":[{"@type":"WebPage","@id":"https:\/\/planyard.com\/pt-pt\/alternativa-procore-financials-planyard","url":"https:\/\/planyard.com\/pt-pt\/alternativa-procore-financials-planyard","name":"Alternativa ao Procore Financials para Pequenos Empreiteiros: Planyard","isPartOf":{"@id":"https:\/\/planyard.com\/pt-pt#website"},"primaryImageOfPage":{"@id":"https:\/\/planyard.com\/pt-pt\/alternativa-procore-financials-planyard#primaryimage"},"image":{"@id":"https:\/\/planyard.com\/pt-pt\/alternativa-procore-financials-planyard#primaryimage"},"thumbnailUrl":"https:\/\/planyard.com\/wp-content\/uploads\/2025\/02\/image.png","datePublished":"2025-02-11T10:07:11+00:00","dateModified":"2025-05-19T20:10:04+00:00","description":"Procurando uma alternativa ao Procore Financials? Veja por que o Planyard \u00e9 a melhor escolha para pequenos empreiteiros que buscam uma gest\u00e3o de custos de constru\u00e7\u00e3o simples e eficiente.","breadcrumb":{"@id":"https:\/\/planyard.com\/pt-pt\/alternativa-procore-financials-planyard#breadcrumb"},"inLanguage":"pt-PT","potentialAction":[{"@type":"ReadAction","target":["https:\/\/planyard.com\/pt-pt\/alternativa-procore-financials-planyard"]}]},{"@type":"ImageObject","inLanguage":"pt-PT","@id":"https:\/\/planyard.com\/pt-pt\/alternativa-procore-financials-planyard#primaryimage","url":"https:\/\/planyard.com\/wp-content\/uploads\/2025\/02\/image.png","contentUrl":"https:\/\/planyard.com\/wp-content\/uploads\/2025\/02\/image.png"},{"@type":"BreadcrumbList","@id":"https:\/\/planyard.com\/pt-pt\/alternativa-procore-financials-planyard#breadcrumb","itemListElement":[{"@type":"ListItem","position":1,"name":"Home","item":"https:\/\/planyard.com\/pt-pt"},{"@type":"ListItem","position":2,"name":"Por que Pequenos Empreiteiros Est\u00e3o a Afastar-se do Procore Financials"}]},{"@type":"WebSite","@id":"https:\/\/planyard.com\/pt-pt#website","url":"https:\/\/planyard.com\/pt-pt","name":"Planyard Portugal","description":"","potentialAction":[{"@type":"SearchAction","target":{"@type":"EntryPoint","urlTemplate":"https:\/\/planyard.com\/pt-pt?s={search_term_string}"},"query-input":{"@type":"PropertyValueSpecification","valueRequired":true,"valueName":"search_term_string"}}],"inLanguage":"pt-PT"}]}},"_links":{"self":[{"href":"https:\/\/planyard.com\/pt-pt\/wp-json\/wp\/v2\/pages\/13548","targetHints":{"allow":["GET"]}}],"collection":[{"href":"https:\/\/planyard.com\/pt-pt\/wp-json\/wp\/v2\/pages"}],"about":[{"href":"https:\/\/planyard.com\/pt-pt\/wp-json\/wp\/v2\/types\/page"}],"author":[{"embeddable":true,"href":"https:\/\/planyard.com\/pt-pt\/wp-json\/wp\/v2\/users\/4"}],"replies":[{"embeddable":true,"href":"https:\/\/planyard.com\/pt-pt\/wp-json\/wp\/v2\/comments?post=13548"}],"version-history":[{"count":2,"href":"https:\/\/planyard.com\/pt-pt\/wp-json\/wp\/v2\/pages\/13548\/revisions"}],"predecessor-version":[{"id":16602,"href":"https:\/\/planyard.com\/pt-pt\/wp-json\/wp\/v2\/pages\/13548\/revisions\/16602"}],"wp:attachment":[{"href":"https:\/\/planyard.com\/pt-pt\/wp-json\/wp\/v2\/media?parent=13548"}],"wp:term":[{"taxonomy":"page_intent","embeddable":true,"href":"https:\/\/planyard.com\/pt-pt\/wp-json\/wp\/v2\/page_intent?post=13548"},{"taxonomy":"page_type","embeddable":true,"href":"https:\/\/planyard.com\/pt-pt\/wp-json\/wp\/v2\/page_type?post=13548"}],"curies":[{"name":"wp","href":"https:\/\/api.w.org\/{rel}","templated":true}]}}