{"id":13546,"date":"2024-08-27T16:43:01","date_gmt":"2024-08-27T16:43:01","guid":{"rendered":"https:\/\/planyard.com\/construction-cost-control"},"modified":"2025-05-19T20:09:06","modified_gmt":"2025-05-19T20:09:06","slug":"controlo-de-custos-na-construcao","status":"publish","type":"page","link":"https:\/\/planyard.com\/pt-pt\/controlo-de-custos-na-construcao","title":{"rendered":"O que \u00e9 o Controlo de Custos na Constru\u00e7\u00e3o?"},"content":{"rendered":"\n<h2 class=\"wp-block-heading has-text-align-left\">O que \u00e9 o Controlo de Custos na Constru\u00e7\u00e3o?<\/h2>\n\n\n\n<p>O controlo de custos na constru\u00e7\u00e3o refere-se \u00e0 gest\u00e3o dos custos de constru\u00e7\u00e3o com o objetivo de aumentar o lucro. Assim, o controlo de custos come\u00e7a com a estimativa (tornando as estimativas precisas e lucrativas) e termina com o pagamento aos subempreiteiros.<\/p>\n\n\n\n<p>A gest\u00e3o de subempreiteiros \u00e9 uma grande parte disso, pois os empreiteiros principais precisam de recolher propostas, relat\u00f3rios de progresso mensais e documentos de custos com base em c\u00f3digos de custo.<\/p>\n\n\n\n<p>Outra forma de pensar sobre isso \u00e9 que abrange todos os processos onde est\u00e3o envolvidos c\u00f3digos de custo de constru\u00e7\u00e3o (exceto contabilidade).<\/p>\n\n\n\n<p>O controlo de custos pode ser feito por qualquer meio (papel e l\u00e1pis, Excel, software especializado, etc.), mas h\u00e1 benef\u00edcios \u00f3bvios em usar software especializado de controlo de custos.<\/p>\n\n\n\n<figure class=\"wp-block-image size-full\"><img loading=\"lazy\" decoding=\"async\" width=\"1200\" height=\"500\" src=\"https:\/\/planyard.com\/wp-content\/uploads\/2024\/08\/construction-cost-control-1.png\" alt=\"\" class=\"wp-image-1596\"\/><\/figure>\n\n\n\n<h2 class=\"wp-block-heading has-text-align-center paddedHeading\">Benef\u00edcios<\/h2>\n\n\n\n<div class=\"wp-block-columns is-layout-flex wp-container-core-columns-is-layout-9d6595d7 wp-block-columns-is-layout-flex\">\n<div class=\"wp-block-column is-layout-flow wp-block-column-is-layout-flow\">\n<h4 class=\"wp-block-heading checkedItem\">Saiba se um projeto \u00e9 lucrativo ou n\u00e3o antes de terminar<\/h4>\n<\/div>\n\n\n\n<div class=\"wp-block-column is-layout-flow wp-block-column-is-layout-flow\">\n<h4 class=\"wp-block-heading checkedItem\">Poupe 3-5 dias por m\u00eas por gestor de projeto<\/h4>\n<\/div>\n\n\n\n<div class=\"wp-block-column is-layout-flow wp-block-column-is-layout-flow\">\n<h4 class=\"wp-block-heading checkedItem\">Padronize os processos e assegure a conformidade<\/h4>\n<\/div>\n<\/div>\n\n\n\n<div class=\"wp-block-columns is-layout-flex wp-container-core-columns-is-layout-9d6595d7 wp-block-columns-is-layout-flex\">\n<div class=\"wp-block-column is-layout-flow wp-block-column-is-layout-flow\">\n<h4 class=\"wp-block-heading checkedItem\">Detecte erros de estimativa e design<\/h4>\n<\/div>\n\n\n\n<div class=\"wp-block-column is-layout-flow wp-block-column-is-layout-flow\">\n<h4 class=\"wp-block-heading checkedItem\">Elimine c\u00e1lculos manuais e copiar-colar<\/h4>\n<\/div>\n\n\n\n<div class=\"wp-block-column is-layout-flow wp-block-column-is-layout-flow\">\n<h4 class=\"wp-block-heading checkedItem\">N\u00e3o deixe que as coisas passem despercebidas<\/h4>\n<\/div>\n<\/div>\n\n\n\n<h2 class=\"wp-block-heading has-text-align-center\">Guia do Comprador de Software de Controlo de Custos na Constru\u00e7\u00e3o<\/h2>\n\n\n\n<div class=\"wp-block-columns is-layout-flex wp-container-core-columns-is-layout-9d6595d7 wp-block-columns-is-layout-flex\">\n<div class=\"wp-block-column is-layout-flow wp-block-column-is-layout-flow\">\n<h4 class=\"wp-block-heading\">Sobre o guia<\/h4>\n\n\n\n<p>Este guia gratuito oferece uma vis\u00e3o geral dos benef\u00edcios que o software de controlo de custos na constru\u00e7\u00e3o pode proporcionar. E talvez t\u00e3o importante &#8211; como \u00e9 que os proporciona.<\/p>\n\n\n\n<p>Foi escrito a pensar nos empreiteiros principais que precisam de gerir projetos de constru\u00e7\u00e3o de grande escala.<\/p>\n\n\n\n<p>Mesmo que n\u00e3o esteja \u00e0 procura de controlo de custos no momento, dar\u00e1 uma melhor ideia de como tornar os seus processos mais eficientes.<\/p>\n\n\n\n<p>Al\u00e9m disso, cont\u00e9m uma vis\u00e3o detalhada de todas as funcionalidades poss\u00edveis e qual \u00e9 o objetivo dessa funcionalidade.<\/p>\n<\/div>\n\n\n\n<div class=\"wp-block-column is-layout-flow wp-block-column-is-layout-flow\">\n<figure class=\"wp-block-image size-full\"><img loading=\"lazy\" decoding=\"async\" width=\"1024\" height=\"1024\" src=\"https:\/\/planyard.com\/wp-content\/uploads\/2024\/08\/construction-cost-control-ebook-1024x1024-1.png\" alt=\"\" class=\"wp-image-1598\" srcset=\"https:\/\/planyard.com\/wp-content\/uploads\/2024\/08\/construction-cost-control-ebook-1024x1024-1.png 1024w, https:\/\/planyard.com\/wp-content\/uploads\/2024\/08\/construction-cost-control-ebook-1024x1024-1-150x150.png 150w\" sizes=\"auto, (max-width: 1024px) 100vw, 1024px\" \/><\/figure>\n<\/div>\n<\/div>\n\n\n\n<div class=\"wp-block-columns is-layout-flex wp-container-core-columns-is-layout-9d6595d7 wp-block-columns-is-layout-flex\">\n<div class=\"wp-block-column is-layout-flow wp-block-column-is-layout-flow\">\n<h4 class=\"wp-block-heading\">\u00cdndice<\/h4>\n\n\n\n<ol class=\"wp-block-list\">\n<li>O que \u00e9 o Software de Controlo de Custos e Por que Us\u00e1-lo?<\/li>\n\n\n\n<li>Como Avaliar a Maturidade da Sua Empresa<\/li>\n\n\n\n<li>Software Local vs na Nuvem<\/li>\n\n\n\n<li>Comunica\u00e7\u00e3o e Integra\u00e7\u00f5es<\/li>\n\n\n\n<li>Estimativa<\/li>\n\n\n\n<li>Gest\u00e3o de Propostas<\/li>\n\n\n\n<li>Gest\u00e3o de Or\u00e7amento<\/li>\n\n\n\n<li>Gest\u00e3o de Contratos e Varia\u00e7\u00f5es<\/li>\n\n\n\n<li>Relat\u00f3rios de Progresso de Subempreiteiros<\/li>\n\n\n\n<li>Gest\u00e3o de Documentos de Custo<\/li>\n\n\n\n<li>Previs\u00e3o de Custos<\/li>\n\n\n\n<li>Rastreamento de Fluxo de Caixa<\/li>\n\n\n\n<li>Gest\u00e3o de Subempreiteiros e Contatos<\/li>\n\n\n\n<li>Gest\u00e3o de Utilizadores<\/li>\n\n\n\n<li>Seguran\u00e7a<\/li>\n<\/ol>\n<\/div>\n\n\n\n<div class=\"wp-block-column is-layout-flow wp-block-column-is-layout-flow\">\n<h4 class=\"wp-block-heading\">Download gratuito<\/h4>\n\n\n\n<script charset=\"utf-8\" type=\"text\/javascript\" src=\"\/\/js.hsforms.net\/forms\/shell.js\"><\/script>\n<script>\n  hbspt.forms.create({\n\tportalId: \"4963994\",\n\tformId: \"5dc63c68-0796-4789-93ac-9d26427cf303\"\n});\n<\/script>\n<\/div>\n<\/div>\n\n\n\n<h2 class=\"wp-block-heading has-text-align-center\">O software Planyard para empreiteiros ajuda equipas ambiciosas a alcan\u00e7ar as suas metas e acelerar o seu crescimento.<\/h2>\n\n\n\n<div class=\"wp-block-media-text alignwide has-media-on-the-right is-stacked-on-mobile is-vertically-aligned-center\"><div class=\"wp-block-media-text__content\">\n<ul class=\"wp-block-list\">\n<li>Chega de folhas de c\u00e1lculo<\/li>\n\n\n\n<li>Poupa tempo aos gestores de projeto e QSs<\/li>\n\n\n\n<li>F\u00e1cil de implementar e usar<\/li>\n\n\n\n<li>Previs\u00f5es financeiras precisas e em tempo real<\/li>\n\n\n\n<li>Sem mais entradas de dados duplicadas<\/li>\n<\/ul>\n\n\n\n<div class=\"wp-block-buttons is-layout-flex wp-block-buttons-is-layout-flex\">\n<div class=\"wp-block-button\"><a class=\"wp-block-button__link wp-element-button\" href=\"https:\/\/planyard.com\/sign-up\">Comece o seu teste gratuito<\/a><\/div>\n\n\n\n<div class=\"wp-block-button\"><a class=\"wp-block-button__link wp-element-button\" href=\"https:\/\/meetings.hubspot.com\/cedlund\" target=\"_blank\" rel=\"noreferrer noopener\">Solicitar uma demonstra\u00e7\u00e3o<\/a><\/div>\n<\/div>\n<\/div><figure class=\"wp-block-media-text__media\"><img decoding=\"async\" src=\"https:\/\/planyard.com\/wp-content\/uploads\/2024\/10\/construction-project-management-software-macbook-iphone-1_reduced-1024x598-1.webp\" alt=\"\" class=\"wp-image-3832 size-large\"\/><\/figure><\/div>\n","protected":false},"excerpt":{"rendered":"<p>O que \u00e9 o Controlo de Custos na Constru\u00e7\u00e3o? O controlo de custos na constru\u00e7\u00e3o refere-se \u00e0 gest\u00e3o dos custos de constru\u00e7\u00e3o com o objetivo de aumentar o lucro. Assim, o controlo de custos come\u00e7a com a estimativa (tornando as estimativas precisas e lucrativas) e termina com o pagamento aos subempreiteiros. A gest\u00e3o de subempreiteiros&#8230;  <a class=\"excerpt-read-more\" href=\"https:\/\/planyard.com\/pt-pt\/controlo-de-custos-na-construcao\" title=\"L\u00ea  O que \u00e9 o Controlo de Custos na Constru\u00e7\u00e3o?\">L\u00ea mais &#8220;<\/a><\/p>\n","protected":false},"author":2,"featured_media":0,"parent":0,"menu_order":0,"comment_status":"closed","ping_status":"closed","template":"","meta":{"_acf_changed":false,"content-type":"","footnotes":""},"page_intent":[168],"page_type":[],"class_list":["post-13546","page","type-page","status-publish","hentry"],"acf":[],"yoast_head":"<!-- This site is optimized with the Yoast SEO plugin v27.1.1 - https:\/\/yoast.com\/product\/yoast-seo-wordpress\/ -->\n<title>O que \u00e9 o Controlo de Custos na Constru\u00e7\u00e3o? - Planyard Portugal<\/title>\n<meta name=\"description\" content=\"Quais s\u00e3o as melhores pr\u00e1ticas para o controlo de custos na constru\u00e7\u00e3o e como escolher software para gerir custos e maximizar a rentabilidade.\" \/>\n<meta name=\"robots\" content=\"index, follow, max-snippet:-1, max-image-preview:large, max-video-preview:-1\" \/>\n<link rel=\"canonical\" href=\"https:\/\/planyard.com\/pt-pt\/controlo-de-custos-na-construcao\" \/>\n<meta property=\"og:locale\" content=\"pt_PT\" \/>\n<meta property=\"og:type\" content=\"article\" \/>\n<meta property=\"og:title\" content=\"O que \u00e9 o Controlo de Custos na Constru\u00e7\u00e3o? - Planyard Portugal\" \/>\n<meta property=\"og:description\" content=\"Quais s\u00e3o as melhores pr\u00e1ticas para o controlo de custos na constru\u00e7\u00e3o e como escolher software para gerir custos e maximizar a rentabilidade.\" \/>\n<meta property=\"og:url\" content=\"https:\/\/planyard.com\/pt-pt\/controlo-de-custos-na-construcao\" \/>\n<meta property=\"og:site_name\" content=\"Planyard Portugal\" \/>\n<meta property=\"article:modified_time\" content=\"2025-05-19T20:09:06+00:00\" \/>\n<meta property=\"og:image\" content=\"https:\/\/planyard.com\/wp-content\/uploads\/2024\/08\/construction-cost-control-1.png\" \/>\n\t<meta property=\"og:image:width\" content=\"1200\" \/>\n\t<meta property=\"og:image:height\" content=\"500\" \/>\n\t<meta property=\"og:image:type\" content=\"image\/png\" \/>\n<meta name=\"twitter:card\" content=\"summary_large_image\" \/>\n<meta name=\"twitter:label1\" content=\"Tempo estimado de leitura\" \/>\n\t<meta name=\"twitter:data1\" content=\"3 minutos\" \/>\n<!-- \/ Yoast SEO plugin. -->","yoast_head_json":{"title":"O que \u00e9 o Controlo de Custos na Constru\u00e7\u00e3o? - Planyard Portugal","description":"Quais s\u00e3o as melhores pr\u00e1ticas para o controlo de custos na constru\u00e7\u00e3o e como escolher software para gerir custos e maximizar a rentabilidade.","robots":{"index":"index","follow":"follow","max-snippet":"max-snippet:-1","max-image-preview":"max-image-preview:large","max-video-preview":"max-video-preview:-1"},"canonical":"https:\/\/planyard.com\/pt-pt\/controlo-de-custos-na-construcao","og_locale":"pt_PT","og_type":"article","og_title":"O que \u00e9 o Controlo de Custos na Constru\u00e7\u00e3o? - Planyard Portugal","og_description":"Quais s\u00e3o as melhores pr\u00e1ticas para o controlo de custos na constru\u00e7\u00e3o e como escolher software para gerir custos e maximizar a rentabilidade.","og_url":"https:\/\/planyard.com\/pt-pt\/controlo-de-custos-na-construcao","og_site_name":"Planyard Portugal","article_modified_time":"2025-05-19T20:09:06+00:00","og_image":[{"width":1200,"height":500,"url":"https:\/\/planyard.com\/wp-content\/uploads\/2024\/08\/construction-cost-control-1.png","type":"image\/png"}],"twitter_card":"summary_large_image","twitter_misc":{"Tempo estimado de leitura":"3 minutos"},"schema":{"@context":"https:\/\/schema.org","@graph":[{"@type":"WebPage","@id":"https:\/\/planyard.com\/pt-pt\/controlo-de-custos-na-construcao","url":"https:\/\/planyard.com\/pt-pt\/controlo-de-custos-na-construcao","name":"O que \u00e9 o Controlo de Custos na Constru\u00e7\u00e3o? - Planyard Portugal","isPartOf":{"@id":"https:\/\/planyard.com\/pt-pt#website"},"primaryImageOfPage":{"@id":"https:\/\/planyard.com\/pt-pt\/controlo-de-custos-na-construcao#primaryimage"},"image":{"@id":"https:\/\/planyard.com\/pt-pt\/controlo-de-custos-na-construcao#primaryimage"},"thumbnailUrl":"https:\/\/planyard.com\/wp-content\/uploads\/2024\/08\/construction-cost-control-1.png","datePublished":"2024-08-27T16:43:01+00:00","dateModified":"2025-05-19T20:09:06+00:00","description":"Quais s\u00e3o as melhores pr\u00e1ticas para o controlo de custos na constru\u00e7\u00e3o e como escolher software para gerir custos e maximizar a rentabilidade.","breadcrumb":{"@id":"https:\/\/planyard.com\/pt-pt\/controlo-de-custos-na-construcao#breadcrumb"},"inLanguage":"pt-PT","potentialAction":[{"@type":"ReadAction","target":["https:\/\/planyard.com\/pt-pt\/controlo-de-custos-na-construcao"]}]},{"@type":"ImageObject","inLanguage":"pt-PT","@id":"https:\/\/planyard.com\/pt-pt\/controlo-de-custos-na-construcao#primaryimage","url":"https:\/\/planyard.com\/wp-content\/uploads\/2024\/08\/construction-cost-control-1.png","contentUrl":"https:\/\/planyard.com\/wp-content\/uploads\/2024\/08\/construction-cost-control-1.png"},{"@type":"BreadcrumbList","@id":"https:\/\/planyard.com\/pt-pt\/controlo-de-custos-na-construcao#breadcrumb","itemListElement":[{"@type":"ListItem","position":1,"name":"Home","item":"https:\/\/planyard.com\/pt-pt"},{"@type":"ListItem","position":2,"name":"O que \u00e9 o Controlo de Custos na Constru\u00e7\u00e3o?"}]},{"@type":"WebSite","@id":"https:\/\/planyard.com\/pt-pt#website","url":"https:\/\/planyard.com\/pt-pt","name":"Planyard Portugal","description":"","potentialAction":[{"@type":"SearchAction","target":{"@type":"EntryPoint","urlTemplate":"https:\/\/planyard.com\/pt-pt?s={search_term_string}"},"query-input":{"@type":"PropertyValueSpecification","valueRequired":true,"valueName":"search_term_string"}}],"inLanguage":"pt-PT"}]}},"_links":{"self":[{"href":"https:\/\/planyard.com\/pt-pt\/wp-json\/wp\/v2\/pages\/13546","targetHints":{"allow":["GET"]}}],"collection":[{"href":"https:\/\/planyard.com\/pt-pt\/wp-json\/wp\/v2\/pages"}],"about":[{"href":"https:\/\/planyard.com\/pt-pt\/wp-json\/wp\/v2\/types\/page"}],"author":[{"embeddable":true,"href":"https:\/\/planyard.com\/pt-pt\/wp-json\/wp\/v2\/users\/2"}],"replies":[{"embeddable":true,"href":"https:\/\/planyard.com\/pt-pt\/wp-json\/wp\/v2\/comments?post=13546"}],"version-history":[{"count":3,"href":"https:\/\/planyard.com\/pt-pt\/wp-json\/wp\/v2\/pages\/13546\/revisions"}],"predecessor-version":[{"id":16595,"href":"https:\/\/planyard.com\/pt-pt\/wp-json\/wp\/v2\/pages\/13546\/revisions\/16595"}],"wp:attachment":[{"href":"https:\/\/planyard.com\/pt-pt\/wp-json\/wp\/v2\/media?parent=13546"}],"wp:term":[{"taxonomy":"page_intent","embeddable":true,"href":"https:\/\/planyard.com\/pt-pt\/wp-json\/wp\/v2\/page_intent?post=13546"},{"taxonomy":"page_type","embeddable":true,"href":"https:\/\/planyard.com\/pt-pt\/wp-json\/wp\/v2\/page_type?post=13546"}],"curies":[{"name":"wp","href":"https:\/\/api.w.org\/{rel}","templated":true}]}}