{"id":13538,"date":"2024-08-26T11:54:21","date_gmt":"2024-08-26T11:54:21","guid":{"rendered":"https:\/\/planyard.com\/small-projects"},"modified":"2025-05-19T09:01:54","modified_gmt":"2025-05-19T09:01:54","slug":"pequenos-projetos","status":"publish","type":"page","link":"https:\/\/planyard.com\/pt-pt\/pequenos-projetos","title":{"rendered":"Pequenos Projetos"},"content":{"rendered":"","protected":false},"excerpt":{"rendered":"","protected":false},"author":2,"featured_media":0,"parent":0,"menu_order":0,"comment_status":"closed","ping_status":"closed","template":"","meta":{"_acf_changed":false,"content-type":"","footnotes":""},"page_intent":[153],"page_type":[],"class_list":["post-13538","page","type-page","status-publish","hentry"],"acf":[],"yoast_head":"<!-- This site is optimized with the Yoast SEO plugin v27.1.1 - https:\/\/yoast.com\/product\/yoast-seo-wordpress\/ -->\n<title>Conjunto de Ferramentas de Or\u00e7amenta\u00e7\u00e3o da Planyard para Controlo de Custos em Pequenos Projetos<\/title>\n<meta name=\"description\" content=\"O Conjunto de Ferramentas de Or\u00e7amenta\u00e7\u00e3o da Planyard para Controlo de Custos em Pequenos Projetos facilita a gest\u00e3o das faturas. Comece gratuitamente\" \/>\n<meta name=\"robots\" content=\"index, follow, max-snippet:-1, max-image-preview:large, max-video-preview:-1\" \/>\n<link rel=\"canonical\" href=\"https:\/\/planyard.com\/pt-pt\/pequenos-projetos\" \/>\n<meta property=\"og:locale\" content=\"pt_PT\" \/>\n<meta property=\"og:type\" content=\"article\" \/>\n<meta property=\"og:title\" content=\"Conjunto de Ferramentas de Or\u00e7amenta\u00e7\u00e3o da Planyard para Controlo de Custos em Pequenos Projetos\" \/>\n<meta property=\"og:description\" content=\"O Conjunto de Ferramentas de Or\u00e7amenta\u00e7\u00e3o da Planyard para Controlo de Custos em Pequenos Projetos facilita a gest\u00e3o das faturas. Comece gratuitamente\" \/>\n<meta property=\"og:url\" content=\"https:\/\/planyard.com\/pt-pt\/pequenos-projetos\" \/>\n<meta property=\"og:site_name\" content=\"Planyard Portugal\" \/>\n<meta property=\"article:modified_time\" content=\"2025-05-19T09:01:54+00:00\" \/>\n<meta name=\"twitter:card\" content=\"summary_large_image\" \/>\n<!-- \/ Yoast SEO plugin. -->","yoast_head_json":{"title":"Conjunto de Ferramentas de Or\u00e7amenta\u00e7\u00e3o da Planyard para Controlo de Custos em Pequenos Projetos","description":"O Conjunto de Ferramentas de Or\u00e7amenta\u00e7\u00e3o da Planyard para Controlo de Custos em Pequenos Projetos facilita a gest\u00e3o das faturas. Comece gratuitamente","robots":{"index":"index","follow":"follow","max-snippet":"max-snippet:-1","max-image-preview":"max-image-preview:large","max-video-preview":"max-video-preview:-1"},"canonical":"https:\/\/planyard.com\/pt-pt\/pequenos-projetos","og_locale":"pt_PT","og_type":"article","og_title":"Conjunto de Ferramentas de Or\u00e7amenta\u00e7\u00e3o da Planyard para Controlo de Custos em Pequenos Projetos","og_description":"O Conjunto de Ferramentas de Or\u00e7amenta\u00e7\u00e3o da Planyard para Controlo de Custos em Pequenos Projetos facilita a gest\u00e3o das faturas. Comece gratuitamente","og_url":"https:\/\/planyard.com\/pt-pt\/pequenos-projetos","og_site_name":"Planyard Portugal","article_modified_time":"2025-05-19T09:01:54+00:00","twitter_card":"summary_large_image","schema":{"@context":"https:\/\/schema.org","@graph":[{"@type":"WebPage","@id":"https:\/\/planyard.com\/pt-pt\/pequenos-projetos","url":"https:\/\/planyard.com\/pt-pt\/pequenos-projetos","name":"Conjunto de Ferramentas de Or\u00e7amenta\u00e7\u00e3o da Planyard para Controlo de Custos em Pequenos Projetos","isPartOf":{"@id":"https:\/\/planyard.com\/pt-pt#website"},"datePublished":"2024-08-26T11:54:21+00:00","dateModified":"2025-05-19T09:01:54+00:00","description":"O Conjunto de Ferramentas de Or\u00e7amenta\u00e7\u00e3o da Planyard para Controlo de Custos em Pequenos Projetos facilita a gest\u00e3o das faturas. Comece gratuitamente","breadcrumb":{"@id":"https:\/\/planyard.com\/pt-pt\/pequenos-projetos#breadcrumb"},"inLanguage":"pt-PT","potentialAction":[{"@type":"ReadAction","target":["https:\/\/planyard.com\/pt-pt\/pequenos-projetos"]}]},{"@type":"BreadcrumbList","@id":"https:\/\/planyard.com\/pt-pt\/pequenos-projetos#breadcrumb","itemListElement":[{"@type":"ListItem","position":1,"name":"Home","item":"https:\/\/planyard.com\/pt-pt"},{"@type":"ListItem","position":2,"name":"Pequenos Projetos"}]},{"@type":"WebSite","@id":"https:\/\/planyard.com\/pt-pt#website","url":"https:\/\/planyard.com\/pt-pt","name":"Planyard Portugal","description":"","potentialAction":[{"@type":"SearchAction","target":{"@type":"EntryPoint","urlTemplate":"https:\/\/planyard.com\/pt-pt?s={search_term_string}"},"query-input":{"@type":"PropertyValueSpecification","valueRequired":true,"valueName":"search_term_string"}}],"inLanguage":"pt-PT"}]}},"_links":{"self":[{"href":"https:\/\/planyard.com\/pt-pt\/wp-json\/wp\/v2\/pages\/13538","targetHints":{"allow":["GET"]}}],"collection":[{"href":"https:\/\/planyard.com\/pt-pt\/wp-json\/wp\/v2\/pages"}],"about":[{"href":"https:\/\/planyard.com\/pt-pt\/wp-json\/wp\/v2\/types\/page"}],"author":[{"embeddable":true,"href":"https:\/\/planyard.com\/pt-pt\/wp-json\/wp\/v2\/users\/2"}],"replies":[{"embeddable":true,"href":"https:\/\/planyard.com\/pt-pt\/wp-json\/wp\/v2\/comments?post=13538"}],"version-history":[{"count":1,"href":"https:\/\/planyard.com\/pt-pt\/wp-json\/wp\/v2\/pages\/13538\/revisions"}],"predecessor-version":[{"id":13705,"href":"https:\/\/planyard.com\/pt-pt\/wp-json\/wp\/v2\/pages\/13538\/revisions\/13705"}],"wp:attachment":[{"href":"https:\/\/planyard.com\/pt-pt\/wp-json\/wp\/v2\/media?parent=13538"}],"wp:term":[{"taxonomy":"page_intent","embeddable":true,"href":"https:\/\/planyard.com\/pt-pt\/wp-json\/wp\/v2\/page_intent?post=13538"},{"taxonomy":"page_type","embeddable":true,"href":"https:\/\/planyard.com\/pt-pt\/wp-json\/wp\/v2\/page_type?post=13538"}],"curies":[{"name":"wp","href":"https:\/\/api.w.org\/{rel}","templated":true}]}}