{"id":13536,"date":"2024-08-23T12:47:15","date_gmt":"2024-08-23T12:47:15","guid":{"rendered":"https:\/\/planyard.com\/integrate-sage-planyard-construction-software"},"modified":"2025-05-19T09:01:12","modified_gmt":"2025-05-19T09:01:12","slug":"integracao-sage-planyard-software-construcao","status":"publish","type":"page","link":"https:\/\/planyard.com\/pt-pt\/integracao-sage-planyard-software-construcao","title":{"rendered":"Integra\u00e7\u00e3o com Sage Accounting para Constru\u00e7\u00e3o"},"content":{"rendered":"","protected":false},"excerpt":{"rendered":"","protected":false},"author":2,"featured_media":0,"parent":0,"menu_order":0,"comment_status":"closed","ping_status":"closed","template":"","meta":{"_acf_changed":false,"content-type":"","footnotes":""},"page_intent":[153],"page_type":[],"class_list":["post-13536","page","type-page","status-publish","hentry"],"acf":[],"yoast_head":"<!-- This site is optimized with the Yoast SEO plugin v26.9 - https:\/\/yoast.com\/product\/yoast-seo-wordpress\/ -->\n<title>Integre Sage Accounting &amp; Planyard Software de Constru\u00e7\u00e3o<\/title>\n<meta name=\"description\" content=\"Facilite as finan\u00e7as da constru\u00e7\u00e3o com o software Planyard que integra com Sage. Experimente gr\u00e1tis por 14 dias.\" \/>\n<meta name=\"robots\" content=\"index, follow, max-snippet:-1, max-image-preview:large, max-video-preview:-1\" \/>\n<link rel=\"canonical\" href=\"https:\/\/planyard.com\/pt-pt\/integracao-sage-planyard-software-construcao\" \/>\n<meta property=\"og:locale\" content=\"pt_PT\" \/>\n<meta property=\"og:type\" content=\"article\" \/>\n<meta property=\"og:title\" content=\"Integre Sage Accounting &amp; Planyard Software de Constru\u00e7\u00e3o\" \/>\n<meta property=\"og:description\" content=\"Facilite as finan\u00e7as da constru\u00e7\u00e3o com o software Planyard que integra com Sage. Experimente gr\u00e1tis por 14 dias.\" \/>\n<meta property=\"og:url\" content=\"https:\/\/planyard.com\/pt-pt\/integracao-sage-planyard-software-construcao\" \/>\n<meta property=\"og:site_name\" content=\"Planyard Portugal\" \/>\n<meta property=\"article:modified_time\" content=\"2025-05-19T09:01:12+00:00\" \/>\n<meta name=\"twitter:card\" content=\"summary_large_image\" \/>\n<!-- \/ Yoast SEO plugin. -->","yoast_head_json":{"title":"Integre Sage Accounting & Planyard Software de Constru\u00e7\u00e3o","description":"Facilite as finan\u00e7as da constru\u00e7\u00e3o com o software Planyard que integra com Sage. Experimente gr\u00e1tis por 14 dias.","robots":{"index":"index","follow":"follow","max-snippet":"max-snippet:-1","max-image-preview":"max-image-preview:large","max-video-preview":"max-video-preview:-1"},"canonical":"https:\/\/planyard.com\/pt-pt\/integracao-sage-planyard-software-construcao","og_locale":"pt_PT","og_type":"article","og_title":"Integre Sage Accounting & Planyard Software de Constru\u00e7\u00e3o","og_description":"Facilite as finan\u00e7as da constru\u00e7\u00e3o com o software Planyard que integra com Sage. Experimente gr\u00e1tis por 14 dias.","og_url":"https:\/\/planyard.com\/pt-pt\/integracao-sage-planyard-software-construcao","og_site_name":"Planyard Portugal","article_modified_time":"2025-05-19T09:01:12+00:00","twitter_card":"summary_large_image","schema":{"@context":"https:\/\/schema.org","@graph":[{"@type":"WebPage","@id":"https:\/\/planyard.com\/pt-pt\/integracao-sage-planyard-software-construcao","url":"https:\/\/planyard.com\/pt-pt\/integracao-sage-planyard-software-construcao","name":"Integre Sage Accounting & Planyard Software de Constru\u00e7\u00e3o","isPartOf":{"@id":"https:\/\/planyard.com\/pt-pt#website"},"datePublished":"2024-08-23T12:47:15+00:00","dateModified":"2025-05-19T09:01:12+00:00","description":"Facilite as finan\u00e7as da constru\u00e7\u00e3o com o software Planyard que integra com Sage. Experimente gr\u00e1tis por 14 dias.","breadcrumb":{"@id":"https:\/\/planyard.com\/pt-pt\/integracao-sage-planyard-software-construcao#breadcrumb"},"inLanguage":"pt-PT","potentialAction":[{"@type":"ReadAction","target":["https:\/\/planyard.com\/pt-pt\/integracao-sage-planyard-software-construcao"]}]},{"@type":"BreadcrumbList","@id":"https:\/\/planyard.com\/pt-pt\/integracao-sage-planyard-software-construcao#breadcrumb","itemListElement":[{"@type":"ListItem","position":1,"name":"Home","item":"https:\/\/planyard.com\/pt-pt"},{"@type":"ListItem","position":2,"name":"Integra\u00e7\u00e3o com Sage Accounting para Constru\u00e7\u00e3o"}]},{"@type":"WebSite","@id":"https:\/\/planyard.com\/pt-pt#website","url":"https:\/\/planyard.com\/pt-pt","name":"Planyard Portugal","description":"","potentialAction":[{"@type":"SearchAction","target":{"@type":"EntryPoint","urlTemplate":"https:\/\/planyard.com\/pt-pt?s={search_term_string}"},"query-input":{"@type":"PropertyValueSpecification","valueRequired":true,"valueName":"search_term_string"}}],"inLanguage":"pt-PT"}]}},"_links":{"self":[{"href":"https:\/\/planyard.com\/pt-pt\/wp-json\/wp\/v2\/pages\/13536","targetHints":{"allow":["GET"]}}],"collection":[{"href":"https:\/\/planyard.com\/pt-pt\/wp-json\/wp\/v2\/pages"}],"about":[{"href":"https:\/\/planyard.com\/pt-pt\/wp-json\/wp\/v2\/types\/page"}],"author":[{"embeddable":true,"href":"https:\/\/planyard.com\/pt-pt\/wp-json\/wp\/v2\/users\/2"}],"replies":[{"embeddable":true,"href":"https:\/\/planyard.com\/pt-pt\/wp-json\/wp\/v2\/comments?post=13536"}],"version-history":[{"count":1,"href":"https:\/\/planyard.com\/pt-pt\/wp-json\/wp\/v2\/pages\/13536\/revisions"}],"predecessor-version":[{"id":13696,"href":"https:\/\/planyard.com\/pt-pt\/wp-json\/wp\/v2\/pages\/13536\/revisions\/13696"}],"wp:attachment":[{"href":"https:\/\/planyard.com\/pt-pt\/wp-json\/wp\/v2\/media?parent=13536"}],"wp:term":[{"taxonomy":"page_intent","embeddable":true,"href":"https:\/\/planyard.com\/pt-pt\/wp-json\/wp\/v2\/page_intent?post=13536"},{"taxonomy":"page_type","embeddable":true,"href":"https:\/\/planyard.com\/pt-pt\/wp-json\/wp\/v2\/page_type?post=13536"}],"curies":[{"name":"wp","href":"https:\/\/api.w.org\/{rel}","templated":true}]}}