{"id":13535,"date":"2024-08-29T10:26:44","date_gmt":"2024-08-29T10:26:44","guid":{"rendered":"https:\/\/planyard.com\/request-a-planyard-pricing-proposal"},"modified":"2025-05-19T20:06:17","modified_gmt":"2025-05-19T20:06:17","slug":"solicitar-uma-proposta-de-precos-do-planyard","status":"publish","type":"page","link":"https:\/\/planyard.com\/pt-pt\/solicitar-uma-proposta-de-precos-do-planyard","title":{"rendered":"Solicitar uma Proposta de Pre\u00e7os do Planyard"},"content":{"rendered":"\n<div class=\"wp-block-columns is-layout-flex wp-container-core-columns-is-layout-9d6595d7 wp-block-columns-is-layout-flex\">\n<div class=\"wp-block-column is-layout-flow wp-block-column-is-layout-flow\">\n<p>Se a sua empresa gere um portef\u00f3lio diversificado de constru\u00e7\u00e3o com v\u00e1rias unidades de neg\u00f3cio e entidades legais, e precisa de integrar gestores de projeto, medidores or\u00e7amentistas, engenheiros de obra, or\u00e7amentistas e mais, estamos aqui para ajudar.<\/p>\n\n\n\n<h5 class=\"wp-block-heading\">Por favor, preencha o formul\u00e1rio e um dos nossos representantes de vendas entrar\u00e1 em contacto consigo em breve para fornecer uma proposta de pre\u00e7os personalizada.<\/h5>\n<\/div>\n\n\n\n<div class=\"wp-block-column is-layout-flow wp-block-column-is-layout-flow\">\n<script charset=\"utf-8\" type=\"text\/javascript\" src=\"\/\/js.hsforms.net\/forms\/embed\/v2.js\"><\/script>\n<script>\n  hbspt.forms.create({\n    region: \"na1\",\n    portalId: \"4963994\",\n    formId: \"494ccc6f-398f-476e-b68d-ffeffb321027\"\n  });\n<\/script>\n<\/div>\n<\/div>\n\n\n\n<p><\/p>\n","protected":false},"excerpt":{"rendered":"<p>Se a sua empresa gere um portef\u00f3lio diversificado de constru\u00e7\u00e3o com v\u00e1rias unidades de neg\u00f3cio e entidades legais, e precisa de integrar gestores de projeto, medidores or\u00e7amentistas, engenheiros de obra, or\u00e7amentistas e mais, estamos aqui para ajudar. Por favor, preencha o formul\u00e1rio e um dos nossos representantes de vendas entrar\u00e1 em contacto consigo em breve&#8230;  <a class=\"excerpt-read-more\" href=\"https:\/\/planyard.com\/pt-pt\/solicitar-uma-proposta-de-precos-do-planyard\" title=\"L\u00ea  Solicitar uma Proposta de Pre\u00e7os do Planyard\">L\u00ea mais &#8220;<\/a><\/p>\n","protected":false},"author":2,"featured_media":0,"parent":0,"menu_order":0,"comment_status":"closed","ping_status":"closed","template":"","meta":{"_acf_changed":false,"content-type":"","footnotes":""},"page_intent":[183],"page_type":[],"class_list":["post-13535","page","type-page","status-publish","hentry"],"acf":[],"yoast_head":"<!-- This site is optimized with the Yoast SEO plugin v26.9 - https:\/\/yoast.com\/product\/yoast-seo-wordpress\/ -->\n<title>Solicitar uma Proposta de Pre\u00e7os do Planyard -<\/title>\n<meta name=\"description\" content=\"Descarregue gratuitamente os c\u00f3digos de custos de constru\u00e7\u00e3o do Planyard e mantenha-se facilmente a par dos custos dos seus projetos. Controlo de custos, acompanhamento de KPI, ideal para uso em toda a empresa e muito mais\" \/>\n<meta name=\"robots\" content=\"index, follow, max-snippet:-1, max-image-preview:large, max-video-preview:-1\" \/>\n<link rel=\"canonical\" href=\"https:\/\/planyard.com\/pt-pt\/solicitar-uma-proposta-de-precos-do-planyard\" \/>\n<meta property=\"og:locale\" content=\"pt_PT\" \/>\n<meta property=\"og:type\" content=\"article\" \/>\n<meta property=\"og:title\" content=\"Solicitar uma Proposta de Pre\u00e7os do Planyard -\" \/>\n<meta property=\"og:description\" content=\"Descarregue gratuitamente os c\u00f3digos de custos de constru\u00e7\u00e3o do Planyard e mantenha-se facilmente a par dos custos dos seus projetos. Controlo de custos, acompanhamento de KPI, ideal para uso em toda a empresa e muito mais\" \/>\n<meta property=\"og:url\" content=\"https:\/\/planyard.com\/pt-pt\/solicitar-uma-proposta-de-precos-do-planyard\" \/>\n<meta property=\"og:site_name\" content=\"Planyard Portugal\" \/>\n<meta property=\"article:modified_time\" content=\"2025-05-19T20:06:17+00:00\" \/>\n<meta name=\"twitter:card\" content=\"summary_large_image\" \/>\n<meta name=\"twitter:label1\" content=\"Tempo estimado de leitura\" \/>\n\t<meta name=\"twitter:data1\" content=\"1 minuto\" \/>\n<!-- \/ Yoast SEO plugin. -->","yoast_head_json":{"title":"Solicitar uma Proposta de Pre\u00e7os do Planyard -","description":"Descarregue gratuitamente os c\u00f3digos de custos de constru\u00e7\u00e3o do Planyard e mantenha-se facilmente a par dos custos dos seus projetos. Controlo de custos, acompanhamento de KPI, ideal para uso em toda a empresa e muito mais","robots":{"index":"index","follow":"follow","max-snippet":"max-snippet:-1","max-image-preview":"max-image-preview:large","max-video-preview":"max-video-preview:-1"},"canonical":"https:\/\/planyard.com\/pt-pt\/solicitar-uma-proposta-de-precos-do-planyard","og_locale":"pt_PT","og_type":"article","og_title":"Solicitar uma Proposta de Pre\u00e7os do Planyard -","og_description":"Descarregue gratuitamente os c\u00f3digos de custos de constru\u00e7\u00e3o do Planyard e mantenha-se facilmente a par dos custos dos seus projetos. Controlo de custos, acompanhamento de KPI, ideal para uso em toda a empresa e muito mais","og_url":"https:\/\/planyard.com\/pt-pt\/solicitar-uma-proposta-de-precos-do-planyard","og_site_name":"Planyard Portugal","article_modified_time":"2025-05-19T20:06:17+00:00","twitter_card":"summary_large_image","twitter_misc":{"Tempo estimado de leitura":"1 minuto"},"schema":{"@context":"https:\/\/schema.org","@graph":[{"@type":"WebPage","@id":"https:\/\/planyard.com\/pt-pt\/solicitar-uma-proposta-de-precos-do-planyard","url":"https:\/\/planyard.com\/pt-pt\/solicitar-uma-proposta-de-precos-do-planyard","name":"Solicitar uma Proposta de Pre\u00e7os do Planyard -","isPartOf":{"@id":"https:\/\/planyard.com\/pt-pt#website"},"datePublished":"2024-08-29T10:26:44+00:00","dateModified":"2025-05-19T20:06:17+00:00","description":"Descarregue gratuitamente os c\u00f3digos de custos de constru\u00e7\u00e3o do Planyard e mantenha-se facilmente a par dos custos dos seus projetos. Controlo de custos, acompanhamento de KPI, ideal para uso em toda a empresa e muito mais","breadcrumb":{"@id":"https:\/\/planyard.com\/pt-pt\/solicitar-uma-proposta-de-precos-do-planyard#breadcrumb"},"inLanguage":"pt-PT","potentialAction":[{"@type":"ReadAction","target":["https:\/\/planyard.com\/pt-pt\/solicitar-uma-proposta-de-precos-do-planyard"]}]},{"@type":"BreadcrumbList","@id":"https:\/\/planyard.com\/pt-pt\/solicitar-uma-proposta-de-precos-do-planyard#breadcrumb","itemListElement":[{"@type":"ListItem","position":1,"name":"Home","item":"https:\/\/planyard.com\/pt-pt"},{"@type":"ListItem","position":2,"name":"Solicitar uma Proposta de Pre\u00e7os do Planyard"}]},{"@type":"WebSite","@id":"https:\/\/planyard.com\/pt-pt#website","url":"https:\/\/planyard.com\/pt-pt","name":"Planyard Portugal","description":"","potentialAction":[{"@type":"SearchAction","target":{"@type":"EntryPoint","urlTemplate":"https:\/\/planyard.com\/pt-pt?s={search_term_string}"},"query-input":{"@type":"PropertyValueSpecification","valueRequired":true,"valueName":"search_term_string"}}],"inLanguage":"pt-PT"}]}},"_links":{"self":[{"href":"https:\/\/planyard.com\/pt-pt\/wp-json\/wp\/v2\/pages\/13535","targetHints":{"allow":["GET"]}}],"collection":[{"href":"https:\/\/planyard.com\/pt-pt\/wp-json\/wp\/v2\/pages"}],"about":[{"href":"https:\/\/planyard.com\/pt-pt\/wp-json\/wp\/v2\/types\/page"}],"author":[{"embeddable":true,"href":"https:\/\/planyard.com\/pt-pt\/wp-json\/wp\/v2\/users\/2"}],"replies":[{"embeddable":true,"href":"https:\/\/planyard.com\/pt-pt\/wp-json\/wp\/v2\/comments?post=13535"}],"version-history":[{"count":3,"href":"https:\/\/planyard.com\/pt-pt\/wp-json\/wp\/v2\/pages\/13535\/revisions"}],"predecessor-version":[{"id":16589,"href":"https:\/\/planyard.com\/pt-pt\/wp-json\/wp\/v2\/pages\/13535\/revisions\/16589"}],"wp:attachment":[{"href":"https:\/\/planyard.com\/pt-pt\/wp-json\/wp\/v2\/media?parent=13535"}],"wp:term":[{"taxonomy":"page_intent","embeddable":true,"href":"https:\/\/planyard.com\/pt-pt\/wp-json\/wp\/v2\/page_intent?post=13535"},{"taxonomy":"page_type","embeddable":true,"href":"https:\/\/planyard.com\/pt-pt\/wp-json\/wp\/v2\/page_type?post=13535"}],"curies":[{"name":"wp","href":"https:\/\/api.w.org\/{rel}","templated":true}]}}