{"id":13533,"date":"2024-08-26T10:47:03","date_gmt":"2024-08-26T10:47:03","guid":{"rendered":"https:\/\/planyard.com\/quickbooks-disconnected"},"modified":"2025-05-19T20:06:11","modified_gmt":"2025-05-19T20:06:11","slug":"quickbooks-desconectado","status":"publish","type":"page","link":"https:\/\/planyard.com\/pt-pt\/quickbooks-desconectado","title":{"rendered":"QuickBooks Desconectado"},"content":{"rendered":"\n<p class=\"has-text-align-left\">A sua integra\u00e7\u00e3o com o QuickBooks foi desconectada. J\u00e1 n\u00e3o poder\u00e1 enviar faturas diretamente para a sua conta QuickBooks a partir do Planyard. Isto significa que os documentos de custo que confirmar no Planyard n\u00e3o ser\u00e3o enviados automaticamente para o QuickBooks.<\/p>\n\n\n\n<p class=\"has-text-align-left\">Se desejar reconectar o Planyard \u00e0 sua conta QuickBooks, <a href=\"https:\/\/central.planyard.com\/planyard-quickbooks-integration\"><strong>clique aqui para ver como reconectar o QuickBooks<\/strong><\/a> ou contacte o nosso suporte para mais informa\u00e7\u00f5es.<\/p>\n\n\n\n<p class=\"has-text-align-left\">Alternativamente, se estiver logado na aplica\u00e7\u00e3o Planyard, pode <a href=\"https:\/\/app.planyard.com\/#\/company\/integrations\"><strong>clicar aqui para ver as suas integra\u00e7\u00f5es<\/strong><\/a>.<br><\/p>\n","protected":false},"excerpt":{"rendered":"<p>A sua integra\u00e7\u00e3o com o QuickBooks foi desconectada. J\u00e1 n\u00e3o poder\u00e1 enviar faturas diretamente para a sua conta QuickBooks a partir do Planyard. Isto significa que os documentos de custo que confirmar no Planyard n\u00e3o ser\u00e3o enviados automaticamente para o QuickBooks. Se desejar reconectar o Planyard \u00e0 sua conta QuickBooks, clique aqui para ver como&#8230;  <a class=\"excerpt-read-more\" href=\"https:\/\/planyard.com\/pt-pt\/quickbooks-desconectado\" title=\"L\u00ea  QuickBooks Desconectado\">L\u00ea mais &#8220;<\/a><\/p>\n","protected":false},"author":2,"featured_media":0,"parent":0,"menu_order":0,"comment_status":"closed","ping_status":"closed","template":"","meta":{"_acf_changed":false,"content-type":"","footnotes":""},"page_intent":[228],"page_type":[],"class_list":["post-13533","page","type-page","status-publish","hentry"],"acf":[],"yoast_head":"<!-- This site is optimized with the Yoast SEO plugin v27.1.1 - https:\/\/yoast.com\/product\/yoast-seo-wordpress\/ -->\n<title>QuickBooks Desconectado - Planyard Portugal<\/title>\n<meta name=\"robots\" content=\"index, follow, max-snippet:-1, max-image-preview:large, max-video-preview:-1\" \/>\n<link rel=\"canonical\" href=\"https:\/\/planyard.com\/pt-pt\/quickbooks-desconectado\" \/>\n<meta property=\"og:locale\" content=\"pt_PT\" \/>\n<meta property=\"og:type\" content=\"article\" \/>\n<meta property=\"og:title\" content=\"QuickBooks Desconectado - Planyard Portugal\" \/>\n<meta property=\"og:description\" content=\"A sua integra\u00e7\u00e3o com o QuickBooks foi desconectada. J\u00e1 n\u00e3o poder\u00e1 enviar faturas diretamente para a sua conta QuickBooks a partir do Planyard. Isto significa que os documentos de custo que confirmar no Planyard n\u00e3o ser\u00e3o enviados automaticamente para o QuickBooks. Se desejar reconectar o Planyard \u00e0 sua conta QuickBooks, clique aqui para ver como... L\u00ea mais &quot;\" \/>\n<meta property=\"og:url\" content=\"https:\/\/planyard.com\/pt-pt\/quickbooks-desconectado\" \/>\n<meta property=\"og:site_name\" content=\"Planyard Portugal\" \/>\n<meta property=\"article:modified_time\" content=\"2025-05-19T20:06:11+00:00\" \/>\n<meta name=\"twitter:card\" content=\"summary_large_image\" \/>\n<meta name=\"twitter:label1\" content=\"Tempo estimado de leitura\" \/>\n\t<meta name=\"twitter:data1\" content=\"1 minuto\" \/>\n<!-- \/ Yoast SEO plugin. -->","yoast_head_json":{"title":"QuickBooks Desconectado - Planyard Portugal","robots":{"index":"index","follow":"follow","max-snippet":"max-snippet:-1","max-image-preview":"max-image-preview:large","max-video-preview":"max-video-preview:-1"},"canonical":"https:\/\/planyard.com\/pt-pt\/quickbooks-desconectado","og_locale":"pt_PT","og_type":"article","og_title":"QuickBooks Desconectado - Planyard Portugal","og_description":"A sua integra\u00e7\u00e3o com o QuickBooks foi desconectada. J\u00e1 n\u00e3o poder\u00e1 enviar faturas diretamente para a sua conta QuickBooks a partir do Planyard. Isto significa que os documentos de custo que confirmar no Planyard n\u00e3o ser\u00e3o enviados automaticamente para o QuickBooks. Se desejar reconectar o Planyard \u00e0 sua conta QuickBooks, clique aqui para ver como... L\u00ea mais \"","og_url":"https:\/\/planyard.com\/pt-pt\/quickbooks-desconectado","og_site_name":"Planyard Portugal","article_modified_time":"2025-05-19T20:06:11+00:00","twitter_card":"summary_large_image","twitter_misc":{"Tempo estimado de leitura":"1 minuto"},"schema":{"@context":"https:\/\/schema.org","@graph":[{"@type":"WebPage","@id":"https:\/\/planyard.com\/pt-pt\/quickbooks-desconectado","url":"https:\/\/planyard.com\/pt-pt\/quickbooks-desconectado","name":"QuickBooks Desconectado - Planyard Portugal","isPartOf":{"@id":"https:\/\/planyard.com\/pt-pt#website"},"datePublished":"2024-08-26T10:47:03+00:00","dateModified":"2025-05-19T20:06:11+00:00","breadcrumb":{"@id":"https:\/\/planyard.com\/pt-pt\/quickbooks-desconectado#breadcrumb"},"inLanguage":"pt-PT","potentialAction":[{"@type":"ReadAction","target":["https:\/\/planyard.com\/pt-pt\/quickbooks-desconectado"]}]},{"@type":"BreadcrumbList","@id":"https:\/\/planyard.com\/pt-pt\/quickbooks-desconectado#breadcrumb","itemListElement":[{"@type":"ListItem","position":1,"name":"Home","item":"https:\/\/planyard.com\/pt-pt"},{"@type":"ListItem","position":2,"name":"QuickBooks Desconectado"}]},{"@type":"WebSite","@id":"https:\/\/planyard.com\/pt-pt#website","url":"https:\/\/planyard.com\/pt-pt","name":"Planyard Portugal","description":"","potentialAction":[{"@type":"SearchAction","target":{"@type":"EntryPoint","urlTemplate":"https:\/\/planyard.com\/pt-pt?s={search_term_string}"},"query-input":{"@type":"PropertyValueSpecification","valueRequired":true,"valueName":"search_term_string"}}],"inLanguage":"pt-PT"}]}},"_links":{"self":[{"href":"https:\/\/planyard.com\/pt-pt\/wp-json\/wp\/v2\/pages\/13533","targetHints":{"allow":["GET"]}}],"collection":[{"href":"https:\/\/planyard.com\/pt-pt\/wp-json\/wp\/v2\/pages"}],"about":[{"href":"https:\/\/planyard.com\/pt-pt\/wp-json\/wp\/v2\/types\/page"}],"author":[{"embeddable":true,"href":"https:\/\/planyard.com\/pt-pt\/wp-json\/wp\/v2\/users\/2"}],"replies":[{"embeddable":true,"href":"https:\/\/planyard.com\/pt-pt\/wp-json\/wp\/v2\/comments?post=13533"}],"version-history":[{"count":3,"href":"https:\/\/planyard.com\/pt-pt\/wp-json\/wp\/v2\/pages\/13533\/revisions"}],"predecessor-version":[{"id":16588,"href":"https:\/\/planyard.com\/pt-pt\/wp-json\/wp\/v2\/pages\/13533\/revisions\/16588"}],"wp:attachment":[{"href":"https:\/\/planyard.com\/pt-pt\/wp-json\/wp\/v2\/media?parent=13533"}],"wp:term":[{"taxonomy":"page_intent","embeddable":true,"href":"https:\/\/planyard.com\/pt-pt\/wp-json\/wp\/v2\/page_intent?post=13533"},{"taxonomy":"page_type","embeddable":true,"href":"https:\/\/planyard.com\/pt-pt\/wp-json\/wp\/v2\/page_type?post=13533"}],"curies":[{"name":"wp","href":"https:\/\/api.w.org\/{rel}","templated":true}]}}