{"id":13528,"date":"2024-08-27T13:45:07","date_gmt":"2024-08-27T13:45:07","guid":{"rendered":"https:\/\/planyard.com\/procore-too-expensive"},"modified":"2025-05-19T20:04:38","modified_gmt":"2025-05-19T20:04:38","slug":"modelo-de-precos-procore-caro","status":"publish","type":"page","link":"https:\/\/planyard.com\/pt-pt\/modelo-de-precos-procore-caro","title":{"rendered":"Modelo de pre\u00e7os do Procore \u00e9 muito caro?"},"content":{"rendered":"\n<div class=\"wp-block-columns is-layout-flex wp-container-core-columns-is-layout-9d6595d7 wp-block-columns-is-layout-flex\">\n<div class=\"wp-block-column is-layout-flow wp-block-column-is-layout-flow\">\n<figure class=\"wp-block-image size-full\"><img loading=\"lazy\" decoding=\"async\" width=\"900\" height=\"500\" src=\"https:\/\/planyard.com\/wp-content\/uploads\/2024\/08\/procore-vector-logo.png\" alt=\"\" class=\"wp-image-1540\"\/><\/figure>\n<\/div>\n\n\n\n<div class=\"wp-block-column is-layout-flow wp-block-column-is-layout-flow\">\n<figure class=\"wp-block-image size-full is-resized\"><img loading=\"lazy\" decoding=\"async\" width=\"500\" height=\"200\" src=\"https:\/\/planyard.com\/wp-content\/uploads\/2024\/08\/Planyard-logo-500x200-1-1.png\" alt=\"\" class=\"wp-image-1541\" style=\"width:535px;height:auto\"\/><\/figure>\n<\/div>\n<\/div>\n\n\n\n<h2 class=\"wp-block-heading\">O que \u00e9 o Procore?<\/h2>\n\n\n\n<p><a href=\"https:\/\/www.procore.com\/\">Procore<\/a>&nbsp;\u00e9 um software de gest\u00e3o de projetos de constru\u00e7\u00e3o dos EUA com muitos m\u00f3dulos diferentes.<\/p>\n\n\n\n<p>O software abrange pr\u00e9-constru\u00e7\u00e3o, gest\u00e3o de projetos, gest\u00e3o de recursos e gest\u00e3o financeira.<\/p>\n\n\n\n<h2 class=\"wp-block-heading\" id=\"a-bit-more-context\">Um Pouco Mais de Contexto<\/h2>\n\n\n\n<p>O Procore tem desenvolvido o seu software desde 2003. Isso faz dele uma faca de dois gumes.<\/p>\n\n\n\n<p>Por um lado, \u00e9 muito abrangente. Cobre muitas fun\u00e7\u00f5es diferentes atrav\u00e9s de diferentes modelos, o que significa que pode unificar mais processos.<\/p>\n\n\n\n<p>Por outro lado, as empresas tendem a subir no mercado \u00e0 medida que amadurecem. As suas solu\u00e7\u00f5es tornam-se muito mais complexas e os pre\u00e7os sobem cada vez mais. O Procore \u00e9 como o Salesforce nesse sentido\u2014\u00e9 utilizado pelas maiores empresas do mundo, mas todas pagam caro por isso.<\/p>\n\n\n\n<p>Como o Procore \u00e9 um software em desenvolvimento h\u00e1 quase 20 anos, provavelmente cont\u00e9m muita tecnologia legada. Coisas que foram constru\u00eddas h\u00e1 dez anos agora parecem desatualizadas no software.<\/p>\n\n\n\n<h2 class=\"wp-block-heading\" id=\"what-is-planyard\">O que \u00e9 o Planyard?<\/h2>\n\n\n\n<p><a href=\"https:\/\/planyard.com\/pt-pt\">Planyard<\/a>&nbsp;\u00e9 um software de gest\u00e3o de or\u00e7amentos e subcontratados baseado na nuvem para empreiteiros principais.<\/p>\n\n\n\n<p>Pode gerir or\u00e7amentos sem Excel e sem trocas de e-mails. Os seus subcontratados far\u00e3o o trabalho por si.<\/p>\n\n\n\n<h2 class=\"wp-block-heading\" id=\"procore-vs-planyard-pricing\">Pre\u00e7os do Procore vs Planyard<\/h2>\n\n\n\n<figure class=\"wp-block-image size-full\"><img loading=\"lazy\" decoding=\"async\" width=\"1204\" height=\"324\" src=\"https:\/\/planyard.com\/wp-content\/uploads\/2024\/08\/Procore-vs-Planyard-pricing.png\" alt=\"\" class=\"wp-image-1542\"\/><\/figure>\n\n\n\n<p>O pre\u00e7o do Procore \u00e9 relativamente fixo, exigindo que pague grandes quantias antes de determinar se a plataforma \u00e9 adequada para si. O mesmo problema surge se for uma empresa menor ou tiver v\u00e1rios projetos. A abordagem de tamanho \u00fanico n\u00e3o se aplica a todos. \u00c9 por isso que o pre\u00e7o do Planyard depende da funcionalidade que necessita.<\/p>\n","protected":false},"excerpt":{"rendered":"<p>O que \u00e9 o Procore? Procore&nbsp;\u00e9 um software de gest\u00e3o de projetos de constru\u00e7\u00e3o dos EUA com muitos m\u00f3dulos diferentes. O software abrange pr\u00e9-constru\u00e7\u00e3o, gest\u00e3o de projetos, gest\u00e3o de recursos e gest\u00e3o financeira. Um Pouco Mais de Contexto O Procore tem desenvolvido o seu software desde 2003. Isso faz dele uma faca de dois gumes&#8230;.  <a class=\"excerpt-read-more\" href=\"https:\/\/planyard.com\/pt-pt\/modelo-de-precos-procore-caro\" title=\"L\u00ea  Modelo de pre\u00e7os do Procore \u00e9 muito caro?\">L\u00ea mais &#8220;<\/a><\/p>\n","protected":false},"author":2,"featured_media":0,"parent":0,"menu_order":0,"comment_status":"closed","ping_status":"closed","template":"","meta":{"_acf_changed":false,"content-type":"","footnotes":""},"page_intent":[198],"page_type":[],"class_list":["post-13528","page","type-page","status-publish","hentry"],"acf":[],"yoast_head":"<!-- This site is optimized with the Yoast SEO plugin v27.1.1 - https:\/\/yoast.com\/product\/yoast-seo-wordpress\/ -->\n<title>Modelo de pre\u00e7os do Procore \u00e9 muito caro? - Planyard Portugal<\/title>\n<meta name=\"description\" content=\"Pre\u00e7os do Procore muito fixos para si? Planyard \u00e9 uma plataforma de gest\u00e3o financeira e de custos de constru\u00e7\u00e3o baseada na nuvem para toda a sua equipa.\" \/>\n<meta name=\"robots\" content=\"index, follow, max-snippet:-1, max-image-preview:large, max-video-preview:-1\" \/>\n<link rel=\"canonical\" href=\"https:\/\/planyard.com\/pt-pt\/modelo-de-precos-procore-caro\" \/>\n<meta property=\"og:locale\" content=\"pt_PT\" \/>\n<meta property=\"og:type\" content=\"article\" \/>\n<meta property=\"og:title\" content=\"Modelo de pre\u00e7os do Procore \u00e9 muito caro? - Planyard Portugal\" \/>\n<meta property=\"og:description\" content=\"Pre\u00e7os do Procore muito fixos para si? Planyard \u00e9 uma plataforma de gest\u00e3o financeira e de custos de constru\u00e7\u00e3o baseada na nuvem para toda a sua equipa.\" \/>\n<meta property=\"og:url\" content=\"https:\/\/planyard.com\/pt-pt\/modelo-de-precos-procore-caro\" \/>\n<meta property=\"og:site_name\" content=\"Planyard Portugal\" \/>\n<meta property=\"article:modified_time\" content=\"2025-05-19T20:04:38+00:00\" \/>\n<meta property=\"og:image\" content=\"https:\/\/planyard.com\/wp-content\/uploads\/2024\/08\/procore-vector-logo.png\" \/>\n\t<meta property=\"og:image:width\" content=\"900\" \/>\n\t<meta property=\"og:image:height\" content=\"500\" \/>\n\t<meta property=\"og:image:type\" content=\"image\/png\" \/>\n<meta name=\"twitter:card\" content=\"summary_large_image\" \/>\n<meta name=\"twitter:label1\" content=\"Tempo estimado de leitura\" \/>\n\t<meta name=\"twitter:data1\" content=\"2 minutos\" \/>\n<!-- \/ Yoast SEO plugin. -->","yoast_head_json":{"title":"Modelo de pre\u00e7os do Procore \u00e9 muito caro? - Planyard Portugal","description":"Pre\u00e7os do Procore muito fixos para si? Planyard \u00e9 uma plataforma de gest\u00e3o financeira e de custos de constru\u00e7\u00e3o baseada na nuvem para toda a sua equipa.","robots":{"index":"index","follow":"follow","max-snippet":"max-snippet:-1","max-image-preview":"max-image-preview:large","max-video-preview":"max-video-preview:-1"},"canonical":"https:\/\/planyard.com\/pt-pt\/modelo-de-precos-procore-caro","og_locale":"pt_PT","og_type":"article","og_title":"Modelo de pre\u00e7os do Procore \u00e9 muito caro? - Planyard Portugal","og_description":"Pre\u00e7os do Procore muito fixos para si? Planyard \u00e9 uma plataforma de gest\u00e3o financeira e de custos de constru\u00e7\u00e3o baseada na nuvem para toda a sua equipa.","og_url":"https:\/\/planyard.com\/pt-pt\/modelo-de-precos-procore-caro","og_site_name":"Planyard Portugal","article_modified_time":"2025-05-19T20:04:38+00:00","og_image":[{"width":900,"height":500,"url":"https:\/\/planyard.com\/wp-content\/uploads\/2024\/08\/procore-vector-logo.png","type":"image\/png"}],"twitter_card":"summary_large_image","twitter_misc":{"Tempo estimado de leitura":"2 minutos"},"schema":{"@context":"https:\/\/schema.org","@graph":[{"@type":"WebPage","@id":"https:\/\/planyard.com\/pt-pt\/modelo-de-precos-procore-caro","url":"https:\/\/planyard.com\/pt-pt\/modelo-de-precos-procore-caro","name":"Modelo de pre\u00e7os do Procore \u00e9 muito caro? - Planyard Portugal","isPartOf":{"@id":"https:\/\/planyard.com\/pt-pt#website"},"primaryImageOfPage":{"@id":"https:\/\/planyard.com\/pt-pt\/modelo-de-precos-procore-caro#primaryimage"},"image":{"@id":"https:\/\/planyard.com\/pt-pt\/modelo-de-precos-procore-caro#primaryimage"},"thumbnailUrl":"https:\/\/planyard.com\/wp-content\/uploads\/2024\/08\/procore-vector-logo.png","datePublished":"2024-08-27T13:45:07+00:00","dateModified":"2025-05-19T20:04:38+00:00","description":"Pre\u00e7os do Procore muito fixos para si? Planyard \u00e9 uma plataforma de gest\u00e3o financeira e de custos de constru\u00e7\u00e3o baseada na nuvem para toda a sua equipa.","breadcrumb":{"@id":"https:\/\/planyard.com\/pt-pt\/modelo-de-precos-procore-caro#breadcrumb"},"inLanguage":"pt-PT","potentialAction":[{"@type":"ReadAction","target":["https:\/\/planyard.com\/pt-pt\/modelo-de-precos-procore-caro"]}]},{"@type":"ImageObject","inLanguage":"pt-PT","@id":"https:\/\/planyard.com\/pt-pt\/modelo-de-precos-procore-caro#primaryimage","url":"https:\/\/planyard.com\/wp-content\/uploads\/2024\/08\/procore-vector-logo.png","contentUrl":"https:\/\/planyard.com\/wp-content\/uploads\/2024\/08\/procore-vector-logo.png"},{"@type":"BreadcrumbList","@id":"https:\/\/planyard.com\/pt-pt\/modelo-de-precos-procore-caro#breadcrumb","itemListElement":[{"@type":"ListItem","position":1,"name":"Home","item":"https:\/\/planyard.com\/pt-pt"},{"@type":"ListItem","position":2,"name":"Modelo de pre\u00e7os do Procore \u00e9 muito caro?"}]},{"@type":"WebSite","@id":"https:\/\/planyard.com\/pt-pt#website","url":"https:\/\/planyard.com\/pt-pt","name":"Planyard Portugal","description":"","potentialAction":[{"@type":"SearchAction","target":{"@type":"EntryPoint","urlTemplate":"https:\/\/planyard.com\/pt-pt?s={search_term_string}"},"query-input":{"@type":"PropertyValueSpecification","valueRequired":true,"valueName":"search_term_string"}}],"inLanguage":"pt-PT"}]}},"_links":{"self":[{"href":"https:\/\/planyard.com\/pt-pt\/wp-json\/wp\/v2\/pages\/13528","targetHints":{"allow":["GET"]}}],"collection":[{"href":"https:\/\/planyard.com\/pt-pt\/wp-json\/wp\/v2\/pages"}],"about":[{"href":"https:\/\/planyard.com\/pt-pt\/wp-json\/wp\/v2\/types\/page"}],"author":[{"embeddable":true,"href":"https:\/\/planyard.com\/pt-pt\/wp-json\/wp\/v2\/users\/2"}],"replies":[{"embeddable":true,"href":"https:\/\/planyard.com\/pt-pt\/wp-json\/wp\/v2\/comments?post=13528"}],"version-history":[{"count":3,"href":"https:\/\/planyard.com\/pt-pt\/wp-json\/wp\/v2\/pages\/13528\/revisions"}],"predecessor-version":[{"id":16583,"href":"https:\/\/planyard.com\/pt-pt\/wp-json\/wp\/v2\/pages\/13528\/revisions\/16583"}],"wp:attachment":[{"href":"https:\/\/planyard.com\/pt-pt\/wp-json\/wp\/v2\/media?parent=13528"}],"wp:term":[{"taxonomy":"page_intent","embeddable":true,"href":"https:\/\/planyard.com\/pt-pt\/wp-json\/wp\/v2\/page_intent?post=13528"},{"taxonomy":"page_type","embeddable":true,"href":"https:\/\/planyard.com\/pt-pt\/wp-json\/wp\/v2\/page_type?post=13528"}],"curies":[{"name":"wp","href":"https:\/\/api.w.org\/{rel}","templated":true}]}}