{"id":13527,"date":"2024-08-26T08:47:45","date_gmt":"2024-08-26T08:47:45","guid":{"rendered":"https:\/\/planyard.com\/procore-financials-module-too-complicated"},"modified":"2025-05-19T20:04:26","modified_gmt":"2025-05-19T20:04:26","slug":"modulo-financeiro-do-procore-muito-complicado","status":"publish","type":"page","link":"https:\/\/planyard.com\/pt-pt\/modulo-financeiro-do-procore-muito-complicado","title":{"rendered":"M\u00f3dulo Financeiro do Procore Muito Complicado?"},"content":{"rendered":"\n<h2 class=\"wp-block-heading has-text-align-left paddedHeading\" id=\"still-using-procore-project-financials-for-budget-management-there-can-be-an-easier-way\">Ainda a usar o m\u00f3dulo financeiro do Procore para gest\u00e3o de or\u00e7amento? Pode haver uma maneira mais f\u00e1cil.<\/h2>\n\n\n\n<p class=\"has-text-align-center\"><img loading=\"lazy\" decoding=\"async\" width=\"500\" height=\"169\" class=\"wp-image-108\" style=\"width: 500px;\" src=\"https:\/\/planyard.com\/wp-content\/uploads\/2024\/07\/Procore_Logo_FC_Black_RGB-1.svg\" alt=\"\"><\/p>\n\n\n\n<p class=\"has-text-align-left\">O m\u00f3dulo financeiro do Procore pode n\u00e3o ser a melhor ferramenta para PME, de acordo com avalia\u00e7\u00f5es de utilizadores do Procore<\/p>\n\n\n\n<ul class=\"wp-block-list\">\n<li>O pre\u00e7o \u00e9 inflex\u00edvel e pode ser dif\u00edcil para empresas com receitas altas e margens baixas;<\/li>\n\n\n\n<li>A integra\u00e7\u00e3o e implementa\u00e7\u00e3o podem ser complicadas e um processo demorado;<\/li>\n\n\n\n<li>A necessidade de contas de utilizador e forma\u00e7\u00e3o para fornecedores pode afast\u00e1-los da utiliza\u00e7\u00e3o das ferramentas;<\/li>\n\n\n\n<li>As integra\u00e7\u00f5es de contabilidade s\u00e3o fornecidas por terceiros e podem n\u00e3o satisfazer todas as necessidades;<\/li>\n<\/ul>\n\n\n\n<h4 class=\"wp-block-heading\" id=\"planyard-saves-time-and-nerves\">Planyard poupa tempo e preocupa\u00e7\u00f5es<\/h4>\n\n\n\n<p>Acompanhe o seu or\u00e7amento em tempo real e tome medidas imediatas quando ocorrerem erros. Os <a href=\"https:\/\/planyard.com\/pt-pt\/software-de-custeio-de-obras-de-construcao\">custos de trabalho<\/a> est\u00e3o organizados, s\u00e3o totalmente pesquis\u00e1veis e acess\u00edveis para previs\u00e3o, gest\u00e3o de projetos e muito mais. A implementa\u00e7\u00e3o \u00e9 geralmente feita numa \u00fanica sess\u00e3o de forma\u00e7\u00e3o que leva apenas algumas horas.<\/p>\n\n\n\n<div class=\"wp-block-buttons is-layout-flex wp-block-buttons-is-layout-flex\">\n<div class=\"wp-block-button\"><a class=\"wp-block-button__link wp-element-button\" href=\"https:\/\/planyard.com\/sign-up\">Comece o seu teste gratuito<\/a><\/div>\n\n\n\n<div class=\"wp-block-button\"><a class=\"wp-block-button__link wp-element-button\" href=\"https:\/\/meetings.hubspot.com\/cedlund\" target=\"_blank\" rel=\"noreferrer noopener\">Pe\u00e7a uma demonstra\u00e7\u00e3o<\/a><\/div>\n<\/div>\n\n\n\n<h2 class=\"wp-block-heading\" id=\"what-is-procore\">O que \u00e9 o Procore?<\/h2>\n\n\n\n<p>O Procore \u00e9 um software de gest\u00e3o de projetos de constru\u00e7\u00e3o dos EUA com muitos m\u00f3dulos diferentes.<\/p>\n\n\n\n<p>O software abrange pr\u00e9-constru\u00e7\u00e3o, gest\u00e3o de projetos, gest\u00e3o de recursos e gest\u00e3o financeira.<\/p>\n\n\n\n<h2 class=\"wp-block-heading\" id=\"a-bit-more-context\">Um Pouco Mais de Contexto<\/h2>\n\n\n\n<p>O Procore tem vindo a desenvolver o seu software desde 2003. Isto torna-o uma faca de dois gumes.<\/p>\n\n\n\n<p>Por um lado, \u00e9 muito abrangente. Cobre muitas fun\u00e7\u00f5es diferentes atrav\u00e9s de diferentes modelos. O que significa que pode unificar mais processos.<\/p>\n\n\n\n<p>Por outro lado, as empresas tendem a subir no mercado \u00e0 medida que amadurecem. As suas solu\u00e7\u00f5es tornam-se muito mais complexas e os pre\u00e7os sobem cada vez mais. O Procore \u00e9 como o Salesforce nesse sentido \u2013 \u00e9 usado pelas maiores empresas do mundo, mas todas pagam caro por isso.<\/p>\n\n\n\n<p>Como o Procore \u00e9 um software em desenvolvimento h\u00e1 quase 20 anos, provavelmente cont\u00e9m muita tecnologia legada. Coisas que foram constru\u00eddas h\u00e1 10 anos parecem desatualizadas agora em software.<\/p>\n\n\n\n<h2 class=\"wp-block-heading\" id=\"what-is-planyard\">O que \u00e9 o Planyard?<\/h2>\n\n\n\n<p><a href=\"https:\/\/planyard.com\/pt-pt\">Planyard<\/a> \u00e9 um software de gest\u00e3o de or\u00e7amento e subcontratados baseado na nuvem para empreiteiros principais.<\/p>\n\n\n\n<p>Pode gerir or\u00e7amentos sem Excel e sem trocas de e-mails. Os seus subcontratados far\u00e3o o trabalho por si.<\/p>\n\n\n\n<h2 class=\"wp-block-heading\" id=\"procore-project-financials-vs-planyard-construction-financials-software-functionality\">M\u00f3dulo financeiro do Procore vs funcionalidade do software financeiro de constru\u00e7\u00e3o do Planyard<\/h2>\n\n\n\n<p>Diferentes sites de avalia\u00e7\u00e3o destacam que o processo de integra\u00e7\u00e3o do Procore \u00e9 complicado e caro. Se quiser usar o m\u00f3dulo financeiro no Procore, ter\u00e1 de se inscrever em v\u00e1rios pacotes de m\u00f3dulos diferentes, onde provavelmente haver\u00e1 muita funcionalidade que pode n\u00e3o precisar necessariamente.<\/p>\n\n\n\n<p>Como o m\u00f3dulo financeiro do Procore \u00e9 principalmente uma solu\u00e7\u00e3o empresarial, necessita de muita forma\u00e7\u00e3o e configura\u00e7\u00e3o para configurar tudo. No caso de ser uma empresa mais pequena com uma equipa de TI pequena ou inexistente, a configura\u00e7\u00e3o pode n\u00e3o ser muito simples e pode consumir tempo. Se quiser testar com um projeto piloto para ver se os seus processos correspondem ao software, pode n\u00e3o ser t\u00e3o f\u00e1cil faz\u00ea-lo devido aos processos fixos na configura\u00e7\u00e3o da sua conta.<\/p>\n\n\n\n<p>Se quiser tentar digitalizar os seus processos um pequeno passo de cada vez, ent\u00e3o os processos do Procore podem n\u00e3o ser os mais adequados para si. Pode ser um esfor\u00e7o menor testar uma plataforma de configura\u00e7\u00e3o mais f\u00e1cil como o <a href=\"https:\/\/planyard.com\/pt-pt\">Planyard<\/a> para ver se \u00e9 algo que poderia ser adequado para a sua empresa e funcion\u00e1rios.<\/p>\n\n\n\n<p>A boa not\u00edcia \u00e9 que o Procore tem um vasto mercado onde h\u00e1 muitas ferramentas diferentes que podem ser integradas se precisar de uma parte espec\u00edfica do seu processo corrigida ou automatizada.<\/p>\n\n\n\n<figure class=\"wp-block-table\"><table><tbody><tr><td class=\"has-text-align-left\" data-align=\"left\"><strong>Funcionalidade\/Fornecedor<\/strong><\/td><td class=\"has-text-align-left\" data-align=\"left\"><img loading=\"lazy\" decoding=\"async\" width=\"118\" height=\"40\" class=\"wp-image-108\" style=\"width: 118px;\" src=\"https:\/\/planyard.com\/wp-content\/uploads\/2024\/07\/Procore_Logo_FC_Black_RGB-1.svg\" alt=\"\"><\/td><td class=\"has-text-align-left\" data-align=\"left\"><img loading=\"lazy\" decoding=\"async\" width=\"135\" height=\"28\" class=\"wp-image-2040\" style=\"width: 135px;\" src=\"https:\/\/planyard.com\/wp-content\/uploads\/2024\/09\/planyard-logo.svg\" alt=\"\"><\/td><\/tr><tr><td class=\"has-text-align-left\" data-align=\"left\"><strong>Permiss\u00f5es a n\u00edvel de projeto e empresa<\/strong><\/td><td class=\"has-text-align-left\" data-align=\"left\"><img decoding=\"async\" src=\"https:\/\/planyard.com\/wp-content\/uploads\/2024\/10\/icons8-checkmark-30.png\" alt=\"\"><br>Configura\u00e7\u00f5es de administra\u00e7\u00e3o a n\u00edvel de empresa e projeto<\/td><td class=\"has-text-align-left\" data-align=\"left\"><img decoding=\"async\" src=\"https:\/\/planyard.com\/wp-content\/uploads\/2024\/10\/icons8-checkmark-30.png\" alt=\"\"><br>Configura\u00e7\u00f5es de administra\u00e7\u00e3o a n\u00edvel de empresa e projeto<br><img decoding=\"async\" src=\"https:\/\/planyard.com\/wp-content\/uploads\/2024\/10\/icons8-checkmark-30.png\" alt=\"\"><br>Permiss\u00f5es ajust\u00e1veis a n\u00edvel de projeto para enviar RFTs, criar subcontratos e preparar documentos para confirma\u00e7\u00e3o<\/td><\/tr><tr><td class=\"has-text-align-left\" data-align=\"left\"><strong>Concursos e compara\u00e7\u00e3o de propostas<\/strong><\/td><td class=\"has-text-align-left\" data-align=\"left\"><img decoding=\"async\" src=\"https:\/\/planyard.com\/wp-content\/uploads\/2024\/10\/icons8-checkmark-30.png\" alt=\"\"><br>Pode enviar pedidos de propostas para contactos e empresas no seu diret\u00f3rio<\/td><td class=\"has-text-align-left\" data-align=\"left\"><img decoding=\"async\" src=\"https:\/\/planyard.com\/wp-content\/uploads\/2024\/10\/icons8-checkmark-30.png\" alt=\"\"><br>Pode enviar pedidos de propostas para qualquer endere\u00e7o de e-mail e ser\u00e1 adicionado aos seus contactos.<br>Pode tamb\u00e9m adicionar qualquer contacto da sua base de dados de contactos.<\/td><\/tr><tr><td class=\"has-text-align-left\" data-align=\"left\"><strong>Subcontratos<\/strong><\/td><td class=\"has-text-align-left\" data-align=\"left\"><img decoding=\"async\" src=\"https:\/\/planyard.com\/wp-content\/uploads\/2024\/10\/icons8-checkmark-30.png\" alt=\"\"><br>Criar contratos a partir de propostas de subcontratados e manualmente<br><img decoding=\"async\" src=\"https:\/\/planyard.com\/wp-content\/uploads\/2024\/10\/icons8-delete-30.png\"><br>N\u00e3o h\u00e1 informa\u00e7\u00e3o de pre\u00e7o unit\u00e1rio dispon\u00edvel<\/td><td class=\"has-text-align-left\" data-align=\"left\"><img decoding=\"async\" src=\"https:\/\/planyard.com\/wp-content\/uploads\/2024\/10\/icons8-checkmark-30.png\" alt=\"\"><br>Criar contratos a partir de propostas de subcontratados e manualmente<br><img decoding=\"async\" src=\"https:\/\/planyard.com\/wp-content\/uploads\/2024\/10\/icons8-checkmark-30.png\" alt=\"\"><br>Informa\u00e7\u00e3o de pre\u00e7o unit\u00e1rio dispon\u00edvel<\/td><\/tr><tr><td class=\"has-text-align-left\" data-align=\"left\"><strong>Relat\u00f3rios de progresso\/reclama\u00e7\u00f5es de subcontratados<\/strong><\/td><td class=\"has-text-align-left\" data-align=\"left\"><img decoding=\"async\" src=\"https:\/\/planyard.com\/wp-content\/uploads\/2024\/10\/icons8-checkmark-30.png\" alt=\"\"><br>Faturas de subcontratos podem ser criadas por subcontratados e gestores de projeto<br><img decoding=\"async\" src=\"https:\/\/planyard.com\/wp-content\/uploads\/2024\/10\/icons8-delete-30.png\"><br>Processo de relat\u00f3rio de progresso n\u00e3o dispon\u00edvel fora da fatura\u00e7\u00e3o<br><img decoding=\"async\" src=\"https:\/\/planyard.com\/wp-content\/uploads\/2024\/10\/icons8-delete-30.png\"><br>Processo de feedback de relat\u00f3rio de progresso n\u00e3o existe fora da fatura\u00e7\u00e3o<\/td><td class=\"has-text-align-left\" data-align=\"left\"><img decoding=\"async\" src=\"https:\/\/planyard.com\/wp-content\/uploads\/2024\/10\/icons8-checkmark-30.png\" alt=\"\"><br>Cri\u00e1vel por subcontratados e gestores de projeto<br><img decoding=\"async\" src=\"https:\/\/planyard.com\/wp-content\/uploads\/2024\/10\/icons8-checkmark-30.png\" alt=\"\"><br>Processo de relat\u00f3rio de progresso dispon\u00edvel<br><img decoding=\"async\" src=\"https:\/\/planyard.com\/wp-content\/uploads\/2024\/10\/icons8-checkmark-30.png\" alt=\"\"><br>Processo de feedback de relat\u00f3rio de progresso \u00e9 simples e rastreado<\/td><\/tr><tr><td class=\"has-text-align-left\" data-align=\"left\"><strong>Ordens de altera\u00e7\u00e3o de subcontratados<\/strong><\/td><td class=\"has-text-align-left\" data-align=\"left\"><img decoding=\"async\" src=\"https:\/\/planyard.com\/wp-content\/uploads\/2024\/10\/icons8-checkmark-30.png\" alt=\"\"><br>Ordens de altera\u00e7\u00e3o cri\u00e1veis por gestores de projeto e subcontratados<\/td><td class=\"has-text-align-left\" data-align=\"left\"><img decoding=\"async\" src=\"https:\/\/planyard.com\/wp-content\/uploads\/2024\/10\/icons8-checkmark-30.png\" alt=\"\"><br>Ordens de altera\u00e7\u00e3o cri\u00e1veis por gestores de projeto e subcontratados<br>Ordens de altera\u00e7\u00e3o edit\u00e1veis por gestores de projeto<\/td><\/tr><tr><td class=\"has-text-align-left\" data-align=\"left\"><strong>Ordens de compra<\/strong><\/td><td class=\"has-text-align-left\" data-align=\"left\"><img decoding=\"async\" src=\"https:\/\/planyard.com\/wp-content\/uploads\/2024\/10\/icons8-checkmark-30.png\" alt=\"\"><br>Ordens de compra podem ser criadas para fornecedores no projeto<\/td><td class=\"has-text-align-left\" data-align=\"left\"><img decoding=\"async\" src=\"https:\/\/planyard.com\/wp-content\/uploads\/2024\/10\/icons8-checkmark-30.png\" alt=\"\"><br>Ordens de compra podem ser criadas para fornecedores em toda a empresa<\/td><\/tr><tr><td class=\"has-text-align-left\" data-align=\"left\"><strong>Contratos principais\/Contratos principais<\/strong><\/td><td class=\"has-text-align-left\" data-align=\"left\"><img decoding=\"async\" src=\"https:\/\/planyard.com\/wp-content\/uploads\/2024\/10\/icons8-checkmark-30.png\" alt=\"\"><br>Contratos principais podem ser criados usando itens de or\u00e7amento existentes ou novos com estrutura personalizada<\/td><td class=\"has-text-align-left\" data-align=\"left\"><img decoding=\"async\" src=\"https:\/\/planyard.com\/wp-content\/uploads\/2024\/10\/icons8-checkmark-30.png\" alt=\"\"><br>Contratos principais podem ser criados usando itens de or\u00e7amento existentes ou novos com estrutura personalizada<\/td><\/tr><tr><td class=\"has-text-align-left\" data-align=\"left\"><strong>Ordens de altera\u00e7\u00e3o do contrato principal<\/strong><\/td><td class=\"has-text-align-left\" data-align=\"left\"><img decoding=\"async\" src=\"https:\/\/planyard.com\/wp-content\/uploads\/2024\/10\/icons8-checkmark-30.png\" alt=\"\"><br>Pode criar ordens de altera\u00e7\u00e3o para o contrato principal<br><img decoding=\"async\" src=\"https:\/\/planyard.com\/wp-content\/uploads\/2024\/10\/icons8-delete-30.png\"><br>Configura\u00e7\u00e3o de margens bastante complexa<\/td><td class=\"has-text-align-left\" data-align=\"left\"><img decoding=\"async\" src=\"https:\/\/planyard.com\/wp-content\/uploads\/2024\/10\/icons8-checkmark-30.png\" alt=\"\"><br>Pode criar ordens de altera\u00e7\u00e3o para o contrato principal<br><img decoding=\"async\" src=\"https:\/\/planyard.com\/wp-content\/uploads\/2024\/10\/icons8-checkmark-30.png\" alt=\"\"><br>A configura\u00e7\u00e3o de margens \u00e9 feita implicitamente nos trabalhos e n\u00e3o necessita de configura\u00e7\u00e3o adicional<\/td><\/tr><tr><td class=\"has-text-align-left\" data-align=\"left\"><strong>Gest\u00e3o de faturas e custos<\/strong><\/td><td class=\"has-text-align-left\" data-align=\"left\"><img decoding=\"async\" src=\"https:\/\/planyard.com\/wp-content\/uploads\/2024\/10\/icons8-checkmark-30.png\" alt=\"\"><br>Faturas de subcontratos s\u00e3o submetidas diretamente contra o subcontrato sem um relat\u00f3rio de progresso<br><img decoding=\"async\" src=\"https:\/\/planyard.com\/wp-content\/uploads\/2024\/10\/icons8-checkmark-30.png\" alt=\"\"><br>Rastreamento de custos de ordens de compra est\u00e1 dispon\u00edvel<\/td><td class=\"has-text-align-left\" data-align=\"left\"><img decoding=\"async\" src=\"https:\/\/planyard.com\/wp-content\/uploads\/2024\/10\/icons8-checkmark-30.png\" alt=\"\"><br>Faturas de subcontratos s\u00e3o submetidas de acordo com o relat\u00f3rio de progresso<br><img decoding=\"async\" src=\"https:\/\/planyard.com\/wp-content\/uploads\/2024\/10\/icons8-checkmark-30.png\" alt=\"\"><br>Rastreamento de custos de ordens de compra est\u00e1 dispon\u00edvel<\/td><\/tr><tr><td class=\"has-text-align-left\" data-align=\"left\"><strong>Carregamento de documentos de fatura<\/strong><\/td><td class=\"has-text-align-left\" data-align=\"left\"><img decoding=\"async\" src=\"https:\/\/planyard.com\/wp-content\/uploads\/2024\/10\/icons8-delete-30.png\"><br>N\u00e3o h\u00e1 uma maneira sem atrito de colocar documentos no sistema al\u00e9m de carregamentos manuais por qualquer uma das partes<\/td><td class=\"has-text-align-left\" data-align=\"left\"><img decoding=\"async\" src=\"https:\/\/planyard.com\/wp-content\/uploads\/2024\/10\/icons8-checkmark-30.png\" alt=\"\"><br>V\u00e1rias maneiras simples de colocar os documentos de custo no sistema:<br>* Endere\u00e7os de e-mail de contas a pagar de projeto e empresa<br>* Plugin do Outlook<br>* Aplica\u00e7\u00f5es m\u00f3veis<\/td><\/tr><tr><td class=\"has-text-align-left\" data-align=\"left\"><strong>Integra\u00e7\u00f5es de contabilidade<\/strong><\/td><td class=\"has-text-align-left\" data-align=\"left\"><img decoding=\"async\" src=\"https:\/\/planyard.com\/wp-content\/uploads\/2024\/10\/icons8-checkmark-30.png\" alt=\"\"><br>Diferentes conectores personalizados no mercado<\/td><td class=\"has-text-align-left\" data-align=\"left\"><img decoding=\"async\" src=\"https:\/\/planyard.com\/wp-content\/uploads\/2024\/10\/icons8-checkmark-30.png\" alt=\"\"><br>Configura\u00e7\u00e3o simples com <a href=\"https:\/\/planyard.com\/pt-pt\/integracao-xero-construcao\">Xero<\/a>, <a href=\"https:\/\/planyard.com\/quickboks-contractors-integration-for-budgeting\">QuickBooks<\/a>, Directo e muitos outros.<br>Pode atribuir contas de contabilidade no Planyard para reduzir o trabalho para o contabilista<\/td><\/tr><tr><td class=\"has-text-align-left\" data-align=\"left\"><strong>Contas n\u00e3o s\u00e3o necess\u00e1rias para fornecedores e subcontratados<\/strong><\/td><td class=\"has-text-align-left\" data-align=\"left\"><img decoding=\"async\" src=\"https:\/\/planyard.com\/wp-content\/uploads\/2024\/10\/icons8-delete-30.png\"><br>Todos os utilizadores precisam de ter contas com permiss\u00f5es corretas partilhadas com eles para aceder aos dados<\/td><td class=\"has-text-align-left\" data-align=\"left\"><img decoding=\"async\" src=\"https:\/\/planyard.com\/wp-content\/uploads\/2024\/10\/icons8-checkmark-30.png\" alt=\"\"><br>Os subcontratados podem submeter propostas, relat\u00f3rios de progresso e faturas via e-mail e sem precisar de um nome de utilizador e senha<\/td><\/tr><tr><td class=\"has-text-align-left\" data-align=\"left\"><strong>Forma\u00e7\u00e3o n\u00e3o \u00e9 necess\u00e1ria para fornecedores e subcontratados<\/strong><\/td><td class=\"has-text-align-left\" data-align=\"left\"><img decoding=\"async\" src=\"https:\/\/planyard.com\/wp-content\/uploads\/2024\/10\/icons8-delete-30.png\"><br>Todos os fornecedores e subcontratados precisam de passar por certifica\u00e7\u00e3o para poderem usar a plataforma<\/td><td class=\"has-text-align-left\" data-align=\"left\"><img decoding=\"async\" src=\"https:\/\/planyard.com\/wp-content\/uploads\/2024\/10\/icons8-checkmark-30.png\" alt=\"\"><br>Os fornecedores e subcontratados n\u00e3o precisam de ser certificados e podem come\u00e7ar a usar a ferramenta sem qualquer certifica\u00e7\u00e3o<\/td><\/tr><tr><td class=\"has-text-align-left\" data-align=\"left\"><strong>Pre\u00e7os<\/strong><\/td><td class=\"has-text-align-left\" data-align=\"left\"><strong><strong>667<\/strong> USD por m\u00eas<\/strong><br>(com um contrato anual e m\u00e1ximo de 5M em receita anual)<\/td><td class=\"has-text-align-left\" data-align=\"left\">Planos a partir de&nbsp;<strong>20 EUR por projeto por m\u00eas<\/strong><\/td><\/tr><\/tbody><\/table><\/figure>\n\n\n\n<div class=\"wp-block-columns is-layout-flex wp-container-core-columns-is-layout-9d6595d7 wp-block-columns-is-layout-flex\">\n<div class=\"wp-block-column is-layout-flow wp-block-column-is-layout-flow\"><\/div>\n<\/div>\n\n\n\n<div class=\"wp-block-buttons is-layout-flex wp-block-buttons-is-layout-flex\">\n<div class=\"wp-block-button is-style-fill\"><a class=\"wp-block-button__link wp-element-button\" href=\"\/sign-up\" rel=\"\/sign-up\">Experimente agora gratuitamente<\/a><\/div>\n\n\n\n<div class=\"wp-block-button is-style-fill\"><a class=\"wp-block-button__link wp-element-button\" href=\"https:\/\/meetings.hubspot.com\/cedlund\">Inscreva-se para uma demonstra\u00e7\u00e3o de 30 minutos<\/a><\/div>\n<\/div>\n\n\n\n<p>Teste gratuito de 14 dias com todas as funcionalidades. Acesso total. N\u00e3o \u00e9 necess\u00e1rio cart\u00e3o de cr\u00e9dito.<\/p>\n\n\n\n<p><\/p>\n","protected":false},"excerpt":{"rendered":"<p>Ainda a usar o m\u00f3dulo financeiro do Procore para gest\u00e3o de or\u00e7amento? Pode haver uma maneira mais f\u00e1cil. O m\u00f3dulo financeiro do Procore pode n\u00e3o ser a melhor ferramenta para PME, de acordo com avalia\u00e7\u00f5es de utilizadores do Procore Planyard poupa tempo e preocupa\u00e7\u00f5es Acompanhe o seu or\u00e7amento em tempo real e tome medidas imediatas&#8230;  <a class=\"excerpt-read-more\" href=\"https:\/\/planyard.com\/pt-pt\/modulo-financeiro-do-procore-muito-complicado\" title=\"L\u00ea  M\u00f3dulo Financeiro do Procore Muito Complicado?\">L\u00ea mais &#8220;<\/a><\/p>\n","protected":false},"author":2,"featured_media":0,"parent":0,"menu_order":0,"comment_status":"closed","ping_status":"closed","template":"","meta":{"_acf_changed":false,"content-type":"","footnotes":""},"page_intent":[198],"page_type":[],"class_list":["post-13527","page","type-page","status-publish","hentry"],"acf":[],"yoast_head":"<!-- This site is optimized with the Yoast SEO plugin v27.1.1 - https:\/\/yoast.com\/product\/yoast-seo-wordpress\/ -->\n<title>M\u00f3dulo Financeiro do Procore Muito Complicado? - Planyard Portugal<\/title>\n<meta name=\"description\" content=\"O m\u00f3dulo financeiro do Procore \u00e9 muito complicado para si? O Planyard \u00e9 uma plataforma de gest\u00e3o financeira e de custos de trabalho na constru\u00e7\u00e3o baseada na nuvem para toda a sua equipa.\" \/>\n<meta name=\"robots\" content=\"index, follow, max-snippet:-1, max-image-preview:large, max-video-preview:-1\" \/>\n<link rel=\"canonical\" href=\"https:\/\/planyard.com\/pt-pt\/modulo-financeiro-do-procore-muito-complicado\" \/>\n<meta property=\"og:locale\" content=\"pt_PT\" \/>\n<meta property=\"og:type\" content=\"article\" \/>\n<meta property=\"og:title\" content=\"M\u00f3dulo Financeiro do Procore Muito Complicado? - Planyard Portugal\" \/>\n<meta property=\"og:description\" content=\"O m\u00f3dulo financeiro do Procore \u00e9 muito complicado para si? O Planyard \u00e9 uma plataforma de gest\u00e3o financeira e de custos de trabalho na constru\u00e7\u00e3o baseada na nuvem para toda a sua equipa.\" \/>\n<meta property=\"og:url\" content=\"https:\/\/planyard.com\/pt-pt\/modulo-financeiro-do-procore-muito-complicado\" \/>\n<meta property=\"og:site_name\" content=\"Planyard Portugal\" \/>\n<meta property=\"article:modified_time\" content=\"2025-05-19T20:04:26+00:00\" \/>\n<meta name=\"twitter:card\" content=\"summary_large_image\" \/>\n<meta name=\"twitter:label1\" content=\"Tempo estimado de leitura\" \/>\n\t<meta name=\"twitter:data1\" content=\"13 minutos\" \/>\n<!-- \/ Yoast SEO plugin. -->","yoast_head_json":{"title":"M\u00f3dulo Financeiro do Procore Muito Complicado? - Planyard Portugal","description":"O m\u00f3dulo financeiro do Procore \u00e9 muito complicado para si? O Planyard \u00e9 uma plataforma de gest\u00e3o financeira e de custos de trabalho na constru\u00e7\u00e3o baseada na nuvem para toda a sua equipa.","robots":{"index":"index","follow":"follow","max-snippet":"max-snippet:-1","max-image-preview":"max-image-preview:large","max-video-preview":"max-video-preview:-1"},"canonical":"https:\/\/planyard.com\/pt-pt\/modulo-financeiro-do-procore-muito-complicado","og_locale":"pt_PT","og_type":"article","og_title":"M\u00f3dulo Financeiro do Procore Muito Complicado? - Planyard Portugal","og_description":"O m\u00f3dulo financeiro do Procore \u00e9 muito complicado para si? O Planyard \u00e9 uma plataforma de gest\u00e3o financeira e de custos de trabalho na constru\u00e7\u00e3o baseada na nuvem para toda a sua equipa.","og_url":"https:\/\/planyard.com\/pt-pt\/modulo-financeiro-do-procore-muito-complicado","og_site_name":"Planyard Portugal","article_modified_time":"2025-05-19T20:04:26+00:00","twitter_card":"summary_large_image","twitter_misc":{"Tempo estimado de leitura":"13 minutos"},"schema":{"@context":"https:\/\/schema.org","@graph":[{"@type":"WebPage","@id":"https:\/\/planyard.com\/pt-pt\/modulo-financeiro-do-procore-muito-complicado","url":"https:\/\/planyard.com\/pt-pt\/modulo-financeiro-do-procore-muito-complicado","name":"M\u00f3dulo Financeiro do Procore Muito Complicado? - Planyard Portugal","isPartOf":{"@id":"https:\/\/planyard.com\/pt-pt#website"},"primaryImageOfPage":{"@id":"https:\/\/planyard.com\/pt-pt\/modulo-financeiro-do-procore-muito-complicado#primaryimage"},"image":{"@id":"https:\/\/planyard.com\/pt-pt\/modulo-financeiro-do-procore-muito-complicado#primaryimage"},"thumbnailUrl":"https:\/\/planyard.com\/wp-content\/uploads\/2024\/07\/Procore_Logo_FC_Black_RGB-1.svg","datePublished":"2024-08-26T08:47:45+00:00","dateModified":"2025-05-19T20:04:26+00:00","description":"O m\u00f3dulo financeiro do Procore \u00e9 muito complicado para si? O Planyard \u00e9 uma plataforma de gest\u00e3o financeira e de custos de trabalho na constru\u00e7\u00e3o baseada na nuvem para toda a sua equipa.","breadcrumb":{"@id":"https:\/\/planyard.com\/pt-pt\/modulo-financeiro-do-procore-muito-complicado#breadcrumb"},"inLanguage":"pt-PT","potentialAction":[{"@type":"ReadAction","target":["https:\/\/planyard.com\/pt-pt\/modulo-financeiro-do-procore-muito-complicado"]}]},{"@type":"ImageObject","inLanguage":"pt-PT","@id":"https:\/\/planyard.com\/pt-pt\/modulo-financeiro-do-procore-muito-complicado#primaryimage","url":"https:\/\/planyard.com\/wp-content\/uploads\/2024\/07\/Procore_Logo_FC_Black_RGB-1.svg","contentUrl":"https:\/\/planyard.com\/wp-content\/uploads\/2024\/07\/Procore_Logo_FC_Black_RGB-1.svg"},{"@type":"BreadcrumbList","@id":"https:\/\/planyard.com\/pt-pt\/modulo-financeiro-do-procore-muito-complicado#breadcrumb","itemListElement":[{"@type":"ListItem","position":1,"name":"Home","item":"https:\/\/planyard.com\/pt-pt"},{"@type":"ListItem","position":2,"name":"M\u00f3dulo Financeiro do Procore Muito Complicado?"}]},{"@type":"WebSite","@id":"https:\/\/planyard.com\/pt-pt#website","url":"https:\/\/planyard.com\/pt-pt","name":"Planyard Portugal","description":"","potentialAction":[{"@type":"SearchAction","target":{"@type":"EntryPoint","urlTemplate":"https:\/\/planyard.com\/pt-pt?s={search_term_string}"},"query-input":{"@type":"PropertyValueSpecification","valueRequired":true,"valueName":"search_term_string"}}],"inLanguage":"pt-PT"}]}},"_links":{"self":[{"href":"https:\/\/planyard.com\/pt-pt\/wp-json\/wp\/v2\/pages\/13527","targetHints":{"allow":["GET"]}}],"collection":[{"href":"https:\/\/planyard.com\/pt-pt\/wp-json\/wp\/v2\/pages"}],"about":[{"href":"https:\/\/planyard.com\/pt-pt\/wp-json\/wp\/v2\/types\/page"}],"author":[{"embeddable":true,"href":"https:\/\/planyard.com\/pt-pt\/wp-json\/wp\/v2\/users\/2"}],"replies":[{"embeddable":true,"href":"https:\/\/planyard.com\/pt-pt\/wp-json\/wp\/v2\/comments?post=13527"}],"version-history":[{"count":3,"href":"https:\/\/planyard.com\/pt-pt\/wp-json\/wp\/v2\/pages\/13527\/revisions"}],"predecessor-version":[{"id":16582,"href":"https:\/\/planyard.com\/pt-pt\/wp-json\/wp\/v2\/pages\/13527\/revisions\/16582"}],"wp:attachment":[{"href":"https:\/\/planyard.com\/pt-pt\/wp-json\/wp\/v2\/media?parent=13527"}],"wp:term":[{"taxonomy":"page_intent","embeddable":true,"href":"https:\/\/planyard.com\/pt-pt\/wp-json\/wp\/v2\/page_intent?post=13527"},{"taxonomy":"page_type","embeddable":true,"href":"https:\/\/planyard.com\/pt-pt\/wp-json\/wp\/v2\/page_type?post=13527"}],"curies":[{"name":"wp","href":"https:\/\/api.w.org\/{rel}","templated":true}]}}