{"id":13525,"date":"2024-08-26T07:14:20","date_gmt":"2024-08-26T07:14:20","guid":{"rendered":"https:\/\/planyard.com\/privacy-policy"},"modified":"2025-05-19T20:03:02","modified_gmt":"2025-05-19T20:03:02","slug":"politica-de-privacidade","status":"publish","type":"page","link":"https:\/\/planyard.com\/pt-pt\/politica-de-privacidade","title":{"rendered":"Pol\u00edtica de Privacidade"},"content":{"rendered":"\n<p>Esta Pol\u00edtica de Privacidade regula a forma como a Planyard recolhe, utiliza, mant\u00e9m e divulga informa\u00e7\u00f5es recolhidas dos utilizadores (cada um, um \u201cUtilizador\u201d) dos websites planyard.com, central.planyard.com e app.planyard.com (\u201cSite\u201d). Esta pol\u00edtica de privacidade aplica-se ao Site e a todos os produtos e servi\u00e7os oferecidos pela Planyard.<\/p>\n\n\n\n<p><strong>Informa\u00e7\u00f5es de identifica\u00e7\u00e3o pessoal<\/strong><\/p>\n\n\n\n<p>Poderemos recolher informa\u00e7\u00f5es de identifica\u00e7\u00e3o pessoal dos Utilizadores de v\u00e1rias formas, incluindo, mas n\u00e3o se limitando a, quando os Utilizadores visitam o nosso site, subscrevem a newsletter, preenchem um formul\u00e1rio, e em conex\u00e3o com outras atividades, servi\u00e7os, funcionalidades ou recursos que disponibilizamos no nosso Site. Os Utilizadores poder\u00e3o ser solicitados a fornecer, conforme apropriado, nome, endere\u00e7o de email, nome da empresa, n\u00famero de telefone. No entanto, os Utilizadores podem visitar o nosso Site de forma an\u00f3nima. Recolheremos informa\u00e7\u00f5es de identifica\u00e7\u00e3o pessoal dos Utilizadores apenas se eles voluntariamente nos fornecerem essas informa\u00e7\u00f5es. Os Utilizadores podem sempre recusar-se a fornecer informa\u00e7\u00f5es de identifica\u00e7\u00e3o pessoal, exceto que isso poder\u00e1 impedi-los de participar em certas atividades relacionadas com o Site &#8211; como as aplica\u00e7\u00f5es da Planyard.<\/p>\n\n\n\n<p><strong>Informa\u00e7\u00f5es de identifica\u00e7\u00e3o n\u00e3o pessoal<\/strong><\/p>\n\n\n\n<p>Poderemos recolher informa\u00e7\u00f5es de identifica\u00e7\u00e3o n\u00e3o pessoal sobre os Utilizadores sempre que interagem com o nosso Site. As informa\u00e7\u00f5es de identifica\u00e7\u00e3o n\u00e3o pessoal podem incluir o nome do navegador, o tipo de computador e informa\u00e7\u00f5es t\u00e9cnicas sobre os meios de conex\u00e3o dos Utilizadores ao nosso Site, como o sistema operativo e os fornecedores de servi\u00e7os de Internet utilizados e outras informa\u00e7\u00f5es semelhantes.<\/p>\n\n\n\n<p><strong>Cookies do navegador web<\/strong><\/p>\n\n\n\n<p>O nosso Site pode usar \u201ccookies\u201d para melhorar a experi\u00eancia do Utilizador. O navegador web do Utilizador coloca cookies no seu disco r\u00edgido para fins de manuten\u00e7\u00e3o de registos e, por vezes, para rastrear informa\u00e7\u00f5es sobre eles. O Utilizador pode optar por configurar o seu navegador web para recusar cookies, ou para alert\u00e1-lo quando os cookies est\u00e3o a ser enviados. Se o fizer, note que algumas partes do Site podem n\u00e3o funcionar corretamente.<\/p>\n\n\n\n<p><strong>Como usamos as informa\u00e7\u00f5es recolhidas<\/strong><\/p>\n\n\n\n<p>A Planyard pode recolher e usar informa\u00e7\u00f5es pessoais dos Utilizadores para os seguintes fins:<\/p>\n\n\n\n<ul class=\"wp-block-list\">\n<li>Para melhorar o atendimento ao cliente<\/li>\n\n<ul class=\"wp-block-list\">\n<li>As informa\u00e7\u00f5es que fornece ajudam-nos a responder de forma mais eficiente aos seus pedidos de assist\u00eancia e suporte ao cliente.<\/li>\n<\/ul>\n<\/li>\n\n\n\n<li>Para melhorar o nosso Site<\/li>\n\n<ul class=\"wp-block-list\">\n<li>Poderemos usar o feedback que fornece para melhorar os nossos produtos e servi\u00e7os.<\/li>\n<\/ul>\n<\/li>\n\n\n\n<li>Para enviar emails peri\u00f3dicos<\/li>\n\n<ul class=\"wp-block-list\">\n<li>Poderemos usar o endere\u00e7o de email para enviar informa\u00e7\u00f5es e atualiza\u00e7\u00f5es relacionadas com o pedido do Utilizador. Tamb\u00e9m pode ser usado para responder \u00e0s suas perguntas, d\u00favidas e\/ou outras solicita\u00e7\u00f5es. Se o Utilizador decidir aderir \u00e0 nossa lista de correio, receber\u00e1 emails que podem incluir not\u00edcias da empresa, atualiza\u00e7\u00f5es, informa\u00e7\u00f5es sobre produtos ou servi\u00e7os relacionados, etc. Se a qualquer momento o Utilizador desejar cancelar a subscri\u00e7\u00e3o de futuros emails, inclu\u00edmos instru\u00e7\u00f5es detalhadas de cancelamento no final de cada email.<\/li>\n<\/ul>\n<\/li>\n<\/ul>\n\n\n\n<p><strong>Como protegemos as suas informa\u00e7\u00f5es<\/strong><\/p>\n\n\n\n<p>Adotamos pr\u00e1ticas adequadas de recolha, armazenamento e processamento de dados e medidas de seguran\u00e7a para proteger contra acesso n\u00e3o autorizado, altera\u00e7\u00e3o, divulga\u00e7\u00e3o ou destrui\u00e7\u00e3o das suas informa\u00e7\u00f5es pessoais, nome de utilizador, palavra-passe, informa\u00e7\u00f5es de transa\u00e7\u00e3o e dados armazenados no nosso Site.<\/p>\n\n\n\n<p><strong>Partilha das suas informa\u00e7\u00f5es pessoais<\/strong><\/p>\n\n\n\n<p>N\u00e3o vendemos, trocamos ou alugamos informa\u00e7\u00f5es de identifica\u00e7\u00e3o pessoal dos Utilizadores a terceiros. Podemos partilhar informa\u00e7\u00f5es demogr\u00e1ficas gen\u00e9ricas agregadas n\u00e3o vinculadas a nenhuma informa\u00e7\u00e3o de identifica\u00e7\u00e3o pessoal sobre visitantes e utilizadores com os nossos parceiros de neg\u00f3cios, afiliados de confian\u00e7a e anunciantes para os fins descritos acima. Podemos usar prestadores de servi\u00e7os de terceiros para nos ajudar a operar o nosso neg\u00f3cio e o Site ou administrar atividades em nosso nome, como enviar newsletters ou inqu\u00e9ritos. Podemos partilhar as suas informa\u00e7\u00f5es com esses terceiros para esses fins limitados, desde que nos tenha dado a sua permiss\u00e3o.<\/p>\n\n\n\n<p><strong>Websites de terceiros<\/strong><\/p>\n\n\n\n<p>Os Utilizadores podem encontrar publicidade ou outro conte\u00fado no nosso Site que se ligue aos sites e servi\u00e7os dos nossos parceiros, fornecedores, anunciantes, patrocinadores, licenciadores e outros terceiros. N\u00e3o controlamos o conte\u00fado ou os links que aparecem nesses sites e n\u00e3o somos respons\u00e1veis pelas pr\u00e1ticas empregadas por websites ligados ao ou a partir do nosso Site. Al\u00e9m disso, esses sites ou servi\u00e7os, incluindo o seu conte\u00fado e links, podem estar em constante mudan\u00e7a. Esses sites e servi\u00e7os podem ter as suas pr\u00f3prias pol\u00edticas de privacidade e pol\u00edticas de atendimento ao cliente. A navega\u00e7\u00e3o e intera\u00e7\u00e3o em qualquer outro website, incluindo websites que tenham um link para o nosso Site, est\u00e3o sujeitas aos pr\u00f3prios termos e pol\u00edticas desse website.<\/p>\n\n\n\n<p><strong>Altera\u00e7\u00f5es a esta pol\u00edtica de privacidade<\/strong><\/p>\n\n\n\n<p>A Planyard reserva-se o direito de atualizar esta pol\u00edtica de privacidade a qualquer momento. Quando o fizermos, iremos rever a data de atualiza\u00e7\u00e3o no final desta p\u00e1gina. Incentivamos os Utilizadores a verificarem frequentemente esta p\u00e1gina para quaisquer altera\u00e7\u00f5es, para se manterem informados sobre como estamos a ajudar a proteger as informa\u00e7\u00f5es pessoais que recolhemos. Reconhece e concorda que \u00e9 sua responsabilidade rever esta pol\u00edtica de privacidade periodicamente e tomar conhecimento das modifica\u00e7\u00f5es.<\/p>\n\n\n\n<p><strong>A sua aceita\u00e7\u00e3o destes termos<\/strong><\/p>\n\n\n\n<p>Ao usar este Site, indica a sua aceita\u00e7\u00e3o desta pol\u00edtica. Se n\u00e3o concordar com esta pol\u00edtica, por favor n\u00e3o use o nosso Site. O seu uso continuado do Site ap\u00f3s a publica\u00e7\u00e3o de altera\u00e7\u00f5es a esta pol\u00edtica ser\u00e1 considerado como a sua aceita\u00e7\u00e3o dessas altera\u00e7\u00f5es.<\/p>\n\n\n\n<p><strong>Contacte-nos<\/strong><\/p>\n\n\n\n<p>Se tiver alguma d\u00favida sobre esta Pol\u00edtica de Privacidade, as pr\u00e1ticas deste site, ou as suas intera\u00e7\u00f5es com este site, por favor contacte-nos atrav\u00e9s do email info@planyard.com.<br><\/p>\n","protected":false},"excerpt":{"rendered":"<p>Esta Pol\u00edtica de Privacidade regula a forma como a Planyard recolhe, utiliza, mant\u00e9m e divulga informa\u00e7\u00f5es recolhidas dos utilizadores (cada um, um \u201cUtilizador\u201d) dos websites planyard.com, central.planyard.com e app.planyard.com (\u201cSite\u201d). Esta pol\u00edtica de privacidade aplica-se ao Site e a todos os produtos e servi\u00e7os oferecidos pela Planyard. Informa\u00e7\u00f5es de identifica\u00e7\u00e3o pessoal Poderemos recolher informa\u00e7\u00f5es de&#8230;  <a class=\"excerpt-read-more\" href=\"https:\/\/planyard.com\/pt-pt\/politica-de-privacidade\" title=\"L\u00ea  Pol\u00edtica de Privacidade\">L\u00ea mais &#8220;<\/a><\/p>\n","protected":false},"author":2,"featured_media":0,"parent":0,"menu_order":0,"comment_status":"closed","ping_status":"closed","template":"","meta":{"_acf_changed":false,"content-type":"","footnotes":""},"page_intent":[183],"page_type":[],"class_list":["post-13525","page","type-page","status-publish","hentry"],"acf":[],"yoast_head":"<!-- This site is optimized with the Yoast SEO plugin v26.9 - https:\/\/yoast.com\/product\/yoast-seo-wordpress\/ -->\n<title>Pol\u00edtica de Privacidade - Planyard Portugal<\/title>\n<meta name=\"description\" content=\"A Planyard n\u00e3o possui, controla ou direciona o uso de quaisquer Dados do Cliente armazenados ou processados por um Cliente ou Utilizador atrav\u00e9s do Servi\u00e7o.\" \/>\n<meta name=\"robots\" content=\"index, follow, max-snippet:-1, max-image-preview:large, max-video-preview:-1\" \/>\n<link rel=\"canonical\" href=\"https:\/\/planyard.com\/pt-pt\/politica-de-privacidade\" \/>\n<meta property=\"og:locale\" content=\"pt_PT\" \/>\n<meta property=\"og:type\" content=\"article\" \/>\n<meta property=\"og:title\" content=\"Pol\u00edtica de Privacidade - Planyard Portugal\" \/>\n<meta property=\"og:description\" content=\"A Planyard n\u00e3o possui, controla ou direciona o uso de quaisquer Dados do Cliente armazenados ou processados por um Cliente ou Utilizador atrav\u00e9s do Servi\u00e7o.\" \/>\n<meta property=\"og:url\" content=\"https:\/\/planyard.com\/pt-pt\/politica-de-privacidade\" \/>\n<meta property=\"og:site_name\" content=\"Planyard Portugal\" \/>\n<meta property=\"article:modified_time\" content=\"2025-05-19T20:03:02+00:00\" \/>\n<meta name=\"twitter:card\" content=\"summary_large_image\" \/>\n<meta name=\"twitter:label1\" content=\"Tempo estimado de leitura\" \/>\n\t<meta name=\"twitter:data1\" content=\"4 minutos\" \/>\n<!-- \/ Yoast SEO plugin. -->","yoast_head_json":{"title":"Pol\u00edtica de Privacidade - Planyard Portugal","description":"A Planyard n\u00e3o possui, controla ou direciona o uso de quaisquer Dados do Cliente armazenados ou processados por um Cliente ou Utilizador atrav\u00e9s do Servi\u00e7o.","robots":{"index":"index","follow":"follow","max-snippet":"max-snippet:-1","max-image-preview":"max-image-preview:large","max-video-preview":"max-video-preview:-1"},"canonical":"https:\/\/planyard.com\/pt-pt\/politica-de-privacidade","og_locale":"pt_PT","og_type":"article","og_title":"Pol\u00edtica de Privacidade - Planyard Portugal","og_description":"A Planyard n\u00e3o possui, controla ou direciona o uso de quaisquer Dados do Cliente armazenados ou processados por um Cliente ou Utilizador atrav\u00e9s do Servi\u00e7o.","og_url":"https:\/\/planyard.com\/pt-pt\/politica-de-privacidade","og_site_name":"Planyard Portugal","article_modified_time":"2025-05-19T20:03:02+00:00","twitter_card":"summary_large_image","twitter_misc":{"Tempo estimado de leitura":"4 minutos"},"schema":{"@context":"https:\/\/schema.org","@graph":[{"@type":"WebPage","@id":"https:\/\/planyard.com\/pt-pt\/politica-de-privacidade","url":"https:\/\/planyard.com\/pt-pt\/politica-de-privacidade","name":"Pol\u00edtica de Privacidade - Planyard Portugal","isPartOf":{"@id":"https:\/\/planyard.com\/pt-pt#website"},"datePublished":"2024-08-26T07:14:20+00:00","dateModified":"2025-05-19T20:03:02+00:00","description":"A Planyard n\u00e3o possui, controla ou direciona o uso de quaisquer Dados do Cliente armazenados ou processados por um Cliente ou Utilizador atrav\u00e9s do Servi\u00e7o.","breadcrumb":{"@id":"https:\/\/planyard.com\/pt-pt\/politica-de-privacidade#breadcrumb"},"inLanguage":"pt-PT","potentialAction":[{"@type":"ReadAction","target":["https:\/\/planyard.com\/pt-pt\/politica-de-privacidade"]}]},{"@type":"BreadcrumbList","@id":"https:\/\/planyard.com\/pt-pt\/politica-de-privacidade#breadcrumb","itemListElement":[{"@type":"ListItem","position":1,"name":"Home","item":"https:\/\/planyard.com\/pt-pt"},{"@type":"ListItem","position":2,"name":"Pol\u00edtica de Privacidade"}]},{"@type":"WebSite","@id":"https:\/\/planyard.com\/pt-pt#website","url":"https:\/\/planyard.com\/pt-pt","name":"Planyard Portugal","description":"","potentialAction":[{"@type":"SearchAction","target":{"@type":"EntryPoint","urlTemplate":"https:\/\/planyard.com\/pt-pt?s={search_term_string}"},"query-input":{"@type":"PropertyValueSpecification","valueRequired":true,"valueName":"search_term_string"}}],"inLanguage":"pt-PT"}]}},"_links":{"self":[{"href":"https:\/\/planyard.com\/pt-pt\/wp-json\/wp\/v2\/pages\/13525","targetHints":{"allow":["GET"]}}],"collection":[{"href":"https:\/\/planyard.com\/pt-pt\/wp-json\/wp\/v2\/pages"}],"about":[{"href":"https:\/\/planyard.com\/pt-pt\/wp-json\/wp\/v2\/types\/page"}],"author":[{"embeddable":true,"href":"https:\/\/planyard.com\/pt-pt\/wp-json\/wp\/v2\/users\/2"}],"replies":[{"embeddable":true,"href":"https:\/\/planyard.com\/pt-pt\/wp-json\/wp\/v2\/comments?post=13525"}],"version-history":[{"count":3,"href":"https:\/\/planyard.com\/pt-pt\/wp-json\/wp\/v2\/pages\/13525\/revisions"}],"predecessor-version":[{"id":16580,"href":"https:\/\/planyard.com\/pt-pt\/wp-json\/wp\/v2\/pages\/13525\/revisions\/16580"}],"wp:attachment":[{"href":"https:\/\/planyard.com\/pt-pt\/wp-json\/wp\/v2\/media?parent=13525"}],"wp:term":[{"taxonomy":"page_intent","embeddable":true,"href":"https:\/\/planyard.com\/pt-pt\/wp-json\/wp\/v2\/page_intent?post=13525"},{"taxonomy":"page_type","embeddable":true,"href":"https:\/\/planyard.com\/pt-pt\/wp-json\/wp\/v2\/page_type?post=13525"}],"curies":[{"name":"wp","href":"https:\/\/api.w.org\/{rel}","templated":true}]}}