{"id":13522,"date":"2025-04-03T10:21:32","date_gmt":"2025-04-03T10:21:32","guid":{"rendered":"https:\/\/planyard.com\/planyard-ultimate-functionality-training-videos"},"modified":"2025-05-19T20:01:27","modified_gmt":"2025-05-19T20:01:27","slug":"videos-de-formacao-sobre-funcionalidades-avancadas-do-planyard","status":"publish","type":"page","link":"https:\/\/planyard.com\/pt-pt\/videos-de-formacao-sobre-funcionalidades-avancadas-do-planyard","title":{"rendered":"V\u00eddeos de Forma\u00e7\u00e3o sobre Funcionalidades Avan\u00e7adas do Planyard"},"content":{"rendered":"\n<p>V\u00eddeos de forma\u00e7\u00e3o de 3 a 5 minutos para gestores de projeto e medidores or\u00e7amentistas dominarem o Pacote Avan\u00e7ado do Planyard\u2014abrangendo controlo de or\u00e7amento e compromissos, encomendas de subempreiteiros, aplica\u00e7\u00f5es de pagamento totalmente automatizadas, ordens de compra, ordens de altera\u00e7\u00e3o (varia\u00e7\u00f5es), gest\u00e3o de faturas e muito mais.<\/p>\n\n\n\n<h2 class=\"wp-block-heading\">Ordens de Compra<\/h2>\n\n\n\n<p>Aprenda a emitir ordens de compra para materiais, acompanhar compromissos or\u00e7amentais, atualizar facilmente previs\u00f5es e relat\u00f3rios de CVR, gerir faturas de pr\u00e9-pagamento, manter-se a par dos resumos de pagamento e evitar sobrecobran\u00e7as de fornecedores.<\/p>\n\n\n\n<figure class=\"wp-block-embed is-type-video is-provider-youtube wp-block-embed-youtube wp-embed-aspect-16-9 wp-has-aspect-ratio\"><div class=\"wp-block-embed__wrapper\">\n<iframe loading=\"lazy\" title=\"See How Planyard Software Makes Construction Project Purchase Orders Easy\" width=\"500\" height=\"281\" src=\"https:\/\/www.youtube.com\/embed\/hlaGwY6-bhA?feature=oembed\" frameborder=\"0\" allow=\"accelerometer; autoplay; clipboard-write; encrypted-media; gyroscope; picture-in-picture; web-share\" referrerpolicy=\"strict-origin-when-cross-origin\" allowfullscreen><\/iframe>\n<\/div><\/figure>\n\n\n\n<h2 class=\"wp-block-heading\">Encomendas de Subempreiteiros<\/h2>\n\n\n\n<p>Aprenda a emitir encomendas de subempreiteiros, gerir reten\u00e7\u00f5es, lidar com pr\u00e9-pagamentos, processar ordens de altera\u00e7\u00e3o (varia\u00e7\u00f5es) e acompanhar resumos de pagamento.<\/p>\n\n\n\n<figure class=\"wp-block-embed is-type-video is-provider-youtube wp-block-embed-youtube wp-embed-aspect-16-9 wp-has-aspect-ratio\"><div class=\"wp-block-embed__wrapper\">\n<iframe loading=\"lazy\" title=\"See How Planyard Software Makes Construction Project Subcontractor Orders Management Easy\" width=\"500\" height=\"281\" src=\"https:\/\/www.youtube.com\/embed\/Ijgum3S-EZQ?feature=oembed\" frameborder=\"0\" allow=\"accelerometer; autoplay; clipboard-write; encrypted-media; gyroscope; picture-in-picture; web-share\" referrerpolicy=\"strict-origin-when-cross-origin\" allowfullscreen><\/iframe>\n<\/div><\/figure>\n\n\n\n<h2 class=\"wp-block-heading\">Processamento de Faturas de Compra<\/h2>\n\n\n\n<p>Processar facilmente faturas de compra, atribu\u00ed-las a linhas or\u00e7amentais, sincronizar automaticamente com a contabilidade e acompanhar os custos do projeto em tempo real \u2014 tudo sem entrada de dados repetitiva.<\/p>\n\n\n\n<figure class=\"wp-block-embed is-type-video is-provider-youtube wp-block-embed-youtube wp-embed-aspect-16-9 wp-has-aspect-ratio\"><div class=\"wp-block-embed__wrapper\">\n<iframe loading=\"lazy\" title=\"Invoices processing on Planyard\" width=\"500\" height=\"281\" src=\"https:\/\/www.youtube.com\/embed\/cgVamRjQk1I?feature=oembed\" frameborder=\"0\" allow=\"accelerometer; autoplay; clipboard-write; encrypted-media; gyroscope; picture-in-picture; web-share\" referrerpolicy=\"strict-origin-when-cross-origin\" allowfullscreen><\/iframe>\n<\/div><\/figure>\n\n\n\n<h2 class=\"wp-block-heading\">Ordens de Altera\u00e7\u00e3o (Varia\u00e7\u00f5es)<\/h2>\n\n\n\n<p>Registe facilmente ordens de altera\u00e7\u00e3o de clientes e varia\u00e7\u00f5es de subempreiteiros e ordens de compra. Acompanhe o impacto financeiro de cada altera\u00e7\u00e3o para manter a rentabilidade sob controlo.<\/p>\n\n\n\n<figure class=\"wp-block-embed is-type-video is-provider-youtube wp-block-embed-youtube wp-embed-aspect-16-9 wp-has-aspect-ratio\"><div class=\"wp-block-embed__wrapper\">\n<iframe loading=\"lazy\" title=\"Construction change-orders (variations) management on Planyard software\" width=\"500\" height=\"281\" src=\"https:\/\/www.youtube.com\/embed\/6tACV4YQtas?feature=oembed\" frameborder=\"0\" allow=\"accelerometer; autoplay; clipboard-write; encrypted-media; gyroscope; picture-in-picture; web-share\" referrerpolicy=\"strict-origin-when-cross-origin\" allowfullscreen><\/iframe>\n<\/div><\/figure>\n\n\n\n<h2 class=\"wp-block-heading\">Controlo Or\u00e7amental e Previs\u00e3o (CVRs)<\/h2>\n\n\n\n<p>Prepare previs\u00f5es precisas e relat\u00f3rios de CVR, revise or\u00e7amentos conforme necess\u00e1rio, aprove faturas e reveja varia\u00e7\u00f5es or\u00e7amentais para manter o controlo da sa\u00fade financeira do seu projeto. Analise proje\u00e7\u00f5es de rentabilidade com facilidade.<\/p>\n\n\n\n<figure class=\"wp-block-embed is-type-video is-provider-youtube wp-block-embed-youtube wp-embed-aspect-16-9 wp-has-aspect-ratio\"><div class=\"wp-block-embed__wrapper\">\n<iframe loading=\"lazy\" title=\"Project cost control meeting how to video\" width=\"500\" height=\"281\" src=\"https:\/\/www.youtube.com\/embed\/oGkHgWPfIEo?feature=oembed\" frameborder=\"0\" allow=\"accelerometer; autoplay; clipboard-write; encrypted-media; gyroscope; picture-in-picture; web-share\" referrerpolicy=\"strict-origin-when-cross-origin\" allowfullscreen><\/iframe>\n<\/div><\/figure>\n\n\n\n<h2 class=\"wp-block-heading\">Aplica\u00e7\u00f5es de Pagamento de Subempreiteiros (Valora\u00e7\u00f5es, Reclama\u00e7\u00f5es de Progresso)<\/h2>\n\n\n\n<p>O Planyard simplifica a recolha de aplica\u00e7\u00f5es de pagamento de subempreiteiros\u2014tamb\u00e9m conhecidas como reclama\u00e7\u00f5es de progresso ou valora\u00e7\u00f5es\u2014facilitando a fatura\u00e7\u00e3o para gestores de projeto, engenheiros de obra e subempreiteiros.<\/p>\n\n\n\n<figure class=\"wp-block-embed is-type-video is-provider-youtube wp-block-embed-youtube wp-embed-aspect-16-9 wp-has-aspect-ratio\"><div class=\"wp-block-embed__wrapper\">\n<iframe loading=\"lazy\" title=\"Planyard Streamlines Collecting the Subcontractor Payment Applications (Valuations or Claims)\" width=\"500\" height=\"281\" src=\"https:\/\/www.youtube.com\/embed\/WxxW_wrdgBk?feature=oembed\" frameborder=\"0\" allow=\"accelerometer; autoplay; clipboard-write; encrypted-media; gyroscope; picture-in-picture; web-share\" referrerpolicy=\"strict-origin-when-cross-origin\" allowfullscreen><\/iframe>\n<\/div><\/figure>\n\n\n\n<h2 class=\"wp-block-heading\">Fatura\u00e7\u00e3o de Clientes e Aplica\u00e7\u00f5es de Pagamento (Valora\u00e7\u00f5es)<\/h2>\n\n\n\n<p>Aprenda a gerir o cronograma de valores do cliente, processar ordens de altera\u00e7\u00e3o (varia\u00e7\u00f5es), emitir aplica\u00e7\u00f5es de pagamento, lidar com faturas de pr\u00e9-pagamento, acompanhar reten\u00e7\u00f5es e aprovar faturas de vendas com facilidade.<\/p>\n\n\n\n<figure class=\"wp-block-embed is-type-video is-provider-youtube wp-block-embed-youtube wp-embed-aspect-16-9 wp-has-aspect-ratio\"><div class=\"wp-block-embed__wrapper\">\n<iframe loading=\"lazy\" title=\"How the client billing process is made simple on Planyard construction software\" width=\"500\" height=\"281\" src=\"https:\/\/www.youtube.com\/embed\/wZ0vTYTJtFs?feature=oembed\" frameborder=\"0\" allow=\"accelerometer; autoplay; clipboard-write; encrypted-media; gyroscope; picture-in-picture; web-share\" referrerpolicy=\"strict-origin-when-cross-origin\" allowfullscreen><\/iframe>\n<\/div><\/figure>\n\n\n\n<h2 class=\"wp-block-heading\">RFQs de Subempreiteiros e Automa\u00e7\u00e3o de Concursos<\/h2>\n\n\n\n<p>O Planyard facilita o envio de pedidos de proposta a subempreiteiros e fornecedores e a recolha e compara\u00e7\u00e3o de todas as cota\u00e7\u00f5es numa vis\u00e3o centralizada de avalia\u00e7\u00e3o de propostas.<\/p>\n\n\n\n<figure class=\"wp-block-embed is-type-video is-provider-youtube wp-block-embed-youtube wp-embed-aspect-16-9 wp-has-aspect-ratio\"><div class=\"wp-block-embed__wrapper\">\n<iframe loading=\"lazy\" title=\"Planyard Subcontractor and Vendor Bidding and RFQ Process Introductory Video\" width=\"500\" height=\"281\" src=\"https:\/\/www.youtube.com\/embed\/QNehauOk34E?feature=oembed\" frameborder=\"0\" allow=\"accelerometer; autoplay; clipboard-write; encrypted-media; gyroscope; picture-in-picture; web-share\" referrerpolicy=\"strict-origin-when-cross-origin\" allowfullscreen><\/iframe>\n<\/div><\/figure>\n","protected":false},"excerpt":{"rendered":"<p>V\u00eddeos de forma\u00e7\u00e3o de 3 a 5 minutos para gestores de projeto e medidores or\u00e7amentistas dominarem o Pacote Avan\u00e7ado do Planyard\u2014abrangendo controlo de or\u00e7amento e compromissos, encomendas de subempreiteiros, aplica\u00e7\u00f5es de pagamento totalmente automatizadas, ordens de compra, ordens de altera\u00e7\u00e3o (varia\u00e7\u00f5es), gest\u00e3o de faturas e muito mais. Ordens de Compra Aprenda a emitir ordens de&#8230;  <a class=\"excerpt-read-more\" href=\"https:\/\/planyard.com\/pt-pt\/videos-de-formacao-sobre-funcionalidades-avancadas-do-planyard\" title=\"L\u00ea  V\u00eddeos de Forma\u00e7\u00e3o sobre Funcionalidades Avan\u00e7adas do Planyard\">L\u00ea mais &#8220;<\/a><\/p>\n","protected":false},"author":4,"featured_media":0,"parent":0,"menu_order":0,"comment_status":"closed","ping_status":"closed","template":"page-smallheader.php","meta":{"_acf_changed":false,"content-type":"","footnotes":""},"page_intent":[],"page_type":[],"class_list":["post-13522","page","type-page","status-publish","hentry"],"acf":[],"yoast_head":"<!-- This site is optimized with the Yoast SEO plugin v27.1.1 - https:\/\/yoast.com\/product\/yoast-seo-wordpress\/ -->\n<title>Planyard Ultimate \u2013 Forma\u00e7\u00e3o para Controlo Total de Custos de Constru\u00e7\u00e3o<\/title>\n<meta name=\"description\" content=\"V\u00eddeos de forma\u00e7\u00e3o de 3 a 5 minutos para gestores de projeto e medidores or\u00e7amentistas dominarem o Pacote Avan\u00e7ado do Planyard\u2014fatura\u00e7\u00e3o de subempreiteiros, or\u00e7amentos, POs e mais.\" \/>\n<meta name=\"robots\" content=\"index, follow, max-snippet:-1, max-image-preview:large, max-video-preview:-1\" \/>\n<link rel=\"canonical\" href=\"https:\/\/planyard.com\/pt-pt\/videos-de-formacao-sobre-funcionalidades-avancadas-do-planyard\" \/>\n<meta property=\"og:locale\" content=\"pt_PT\" \/>\n<meta property=\"og:type\" content=\"article\" \/>\n<meta property=\"og:title\" content=\"Planyard Ultimate \u2013 Forma\u00e7\u00e3o para Controlo Total de Custos de Constru\u00e7\u00e3o\" \/>\n<meta property=\"og:description\" content=\"V\u00eddeos de forma\u00e7\u00e3o de 3 a 5 minutos para gestores de projeto e medidores or\u00e7amentistas dominarem o Pacote Avan\u00e7ado do Planyard\u2014fatura\u00e7\u00e3o de subempreiteiros, or\u00e7amentos, POs e mais.\" \/>\n<meta property=\"og:url\" content=\"https:\/\/planyard.com\/pt-pt\/videos-de-formacao-sobre-funcionalidades-avancadas-do-planyard\" \/>\n<meta property=\"og:site_name\" content=\"Planyard Portugal\" \/>\n<meta property=\"article:modified_time\" content=\"2025-05-19T20:01:27+00:00\" \/>\n<meta name=\"twitter:card\" content=\"summary_large_image\" \/>\n<meta name=\"twitter:label1\" content=\"Tempo estimado de leitura\" \/>\n\t<meta name=\"twitter:data1\" content=\"2 minutos\" \/>\n<!-- \/ Yoast SEO plugin. -->","yoast_head_json":{"title":"Planyard Ultimate \u2013 Forma\u00e7\u00e3o para Controlo Total de Custos de Constru\u00e7\u00e3o","description":"V\u00eddeos de forma\u00e7\u00e3o de 3 a 5 minutos para gestores de projeto e medidores or\u00e7amentistas dominarem o Pacote Avan\u00e7ado do Planyard\u2014fatura\u00e7\u00e3o de subempreiteiros, or\u00e7amentos, POs e mais.","robots":{"index":"index","follow":"follow","max-snippet":"max-snippet:-1","max-image-preview":"max-image-preview:large","max-video-preview":"max-video-preview:-1"},"canonical":"https:\/\/planyard.com\/pt-pt\/videos-de-formacao-sobre-funcionalidades-avancadas-do-planyard","og_locale":"pt_PT","og_type":"article","og_title":"Planyard Ultimate \u2013 Forma\u00e7\u00e3o para Controlo Total de Custos de Constru\u00e7\u00e3o","og_description":"V\u00eddeos de forma\u00e7\u00e3o de 3 a 5 minutos para gestores de projeto e medidores or\u00e7amentistas dominarem o Pacote Avan\u00e7ado do Planyard\u2014fatura\u00e7\u00e3o de subempreiteiros, or\u00e7amentos, POs e mais.","og_url":"https:\/\/planyard.com\/pt-pt\/videos-de-formacao-sobre-funcionalidades-avancadas-do-planyard","og_site_name":"Planyard Portugal","article_modified_time":"2025-05-19T20:01:27+00:00","twitter_card":"summary_large_image","twitter_misc":{"Tempo estimado de leitura":"2 minutos"},"schema":{"@context":"https:\/\/schema.org","@graph":[{"@type":"WebPage","@id":"https:\/\/planyard.com\/pt-pt\/videos-de-formacao-sobre-funcionalidades-avancadas-do-planyard","url":"https:\/\/planyard.com\/pt-pt\/videos-de-formacao-sobre-funcionalidades-avancadas-do-planyard","name":"Planyard Ultimate \u2013 Forma\u00e7\u00e3o para Controlo Total de Custos de Constru\u00e7\u00e3o","isPartOf":{"@id":"https:\/\/planyard.com\/pt-pt#website"},"datePublished":"2025-04-03T10:21:32+00:00","dateModified":"2025-05-19T20:01:27+00:00","description":"V\u00eddeos de forma\u00e7\u00e3o de 3 a 5 minutos para gestores de projeto e medidores or\u00e7amentistas dominarem o Pacote Avan\u00e7ado do Planyard\u2014fatura\u00e7\u00e3o de subempreiteiros, or\u00e7amentos, POs e mais.","breadcrumb":{"@id":"https:\/\/planyard.com\/pt-pt\/videos-de-formacao-sobre-funcionalidades-avancadas-do-planyard#breadcrumb"},"inLanguage":"pt-PT","potentialAction":[{"@type":"ReadAction","target":["https:\/\/planyard.com\/pt-pt\/videos-de-formacao-sobre-funcionalidades-avancadas-do-planyard"]}]},{"@type":"BreadcrumbList","@id":"https:\/\/planyard.com\/pt-pt\/videos-de-formacao-sobre-funcionalidades-avancadas-do-planyard#breadcrumb","itemListElement":[{"@type":"ListItem","position":1,"name":"Home","item":"https:\/\/planyard.com\/pt-pt"},{"@type":"ListItem","position":2,"name":"V\u00eddeos de Forma\u00e7\u00e3o sobre Funcionalidades Avan\u00e7adas do Planyard"}]},{"@type":"WebSite","@id":"https:\/\/planyard.com\/pt-pt#website","url":"https:\/\/planyard.com\/pt-pt","name":"Planyard Portugal","description":"","potentialAction":[{"@type":"SearchAction","target":{"@type":"EntryPoint","urlTemplate":"https:\/\/planyard.com\/pt-pt?s={search_term_string}"},"query-input":{"@type":"PropertyValueSpecification","valueRequired":true,"valueName":"search_term_string"}}],"inLanguage":"pt-PT"}]}},"_links":{"self":[{"href":"https:\/\/planyard.com\/pt-pt\/wp-json\/wp\/v2\/pages\/13522","targetHints":{"allow":["GET"]}}],"collection":[{"href":"https:\/\/planyard.com\/pt-pt\/wp-json\/wp\/v2\/pages"}],"about":[{"href":"https:\/\/planyard.com\/pt-pt\/wp-json\/wp\/v2\/types\/page"}],"author":[{"embeddable":true,"href":"https:\/\/planyard.com\/pt-pt\/wp-json\/wp\/v2\/users\/4"}],"replies":[{"embeddable":true,"href":"https:\/\/planyard.com\/pt-pt\/wp-json\/wp\/v2\/comments?post=13522"}],"version-history":[{"count":3,"href":"https:\/\/planyard.com\/pt-pt\/wp-json\/wp\/v2\/pages\/13522\/revisions"}],"predecessor-version":[{"id":16573,"href":"https:\/\/planyard.com\/pt-pt\/wp-json\/wp\/v2\/pages\/13522\/revisions\/16573"}],"wp:attachment":[{"href":"https:\/\/planyard.com\/pt-pt\/wp-json\/wp\/v2\/media?parent=13522"}],"wp:term":[{"taxonomy":"page_intent","embeddable":true,"href":"https:\/\/planyard.com\/pt-pt\/wp-json\/wp\/v2\/page_intent?post=13522"},{"taxonomy":"page_type","embeddable":true,"href":"https:\/\/planyard.com\/pt-pt\/wp-json\/wp\/v2\/page_type?post=13522"}],"curies":[{"name":"wp","href":"https:\/\/api.w.org\/{rel}","templated":true}]}}