{"id":13520,"date":"2025-04-03T10:02:17","date_gmt":"2025-04-03T10:02:17","guid":{"rendered":"https:\/\/planyard.com\/planyard-professional-functionality-training-videos"},"modified":"2025-05-19T10:01:27","modified_gmt":"2025-05-19T10:01:27","slug":"videos-de-formacao-sobre-funcionalidades-profissionais-do-planyard","status":"publish","type":"page","link":"https:\/\/planyard.com\/pt-pt\/videos-de-formacao-sobre-funcionalidades-profissionais-do-planyard","title":{"rendered":"V\u00eddeos de Forma\u00e7\u00e3o sobre Funcionalidades Profissionais do Planyard"},"content":{"rendered":"\n<p>3\u20135 minute training videos for quantity surveyors and project managers to master Planyard\u2019s Professional Package\u2014covering budget control, purchase orders, change orders, invoice management, and more.<\/p>\n\n<h2 class=\"wp-block-heading\">Purchase orders<\/h2>\n\n<p>Learn how to raise purchase orders for materials, track budget commitments, easily update forecasts and CVRs, manage prepayment invoices, stay on top of payment summaries, and prevent vendor overbilling.<\/p>\n\n<figure class=\"wp-block-embed is-type-video is-provider-youtube wp-block-embed-youtube wp-embed-aspect-16-9 wp-has-aspect-ratio\"><div class=\"wp-block-embed__wrapper\">\n<iframe loading=\"lazy\" title=\"See How Planyard Software Makes Construction Project Purchase Orders Easy\" width=\"500\" height=\"281\" src=\"https:\/\/www.youtube.com\/embed\/hlaGwY6-bhA?feature=oembed\" frameborder=\"0\" allow=\"accelerometer; autoplay; clipboard-write; encrypted-media; gyroscope; picture-in-picture; web-share\" referrerpolicy=\"strict-origin-when-cross-origin\" allowfullscreen><\/iframe>\n<\/div><\/figure>\n\n<h2 class=\"wp-block-heading\">Purchase invoices processing<\/h2>\n\n<p>Easily process purchase invoices, assign them to budget lines, automatically sync with accounting, and track project costs in real-time \u2014 all without repetitive data entry.<\/p>\n\n<figure class=\"wp-block-embed is-type-video is-provider-youtube wp-block-embed-youtube wp-embed-aspect-16-9 wp-has-aspect-ratio\"><div class=\"wp-block-embed__wrapper\">\n<iframe loading=\"lazy\" title=\"Invoices processing on Planyard\" width=\"500\" height=\"281\" src=\"https:\/\/www.youtube.com\/embed\/cgVamRjQk1I?feature=oembed\" frameborder=\"0\" allow=\"accelerometer; autoplay; clipboard-write; encrypted-media; gyroscope; picture-in-picture; web-share\" referrerpolicy=\"strict-origin-when-cross-origin\" allowfullscreen><\/iframe>\n<\/div><\/figure>\n\n<h2 class=\"wp-block-heading\">Change orders (Variations)<\/h2>\n\n<p>Easily register client change orders and subcontractor and purchase order variations. Track the financial impact of each change to stay on top of profitability.<\/p>\n\n<figure class=\"wp-block-embed is-type-video is-provider-youtube wp-block-embed-youtube wp-embed-aspect-16-9 wp-has-aspect-ratio\"><div class=\"wp-block-embed__wrapper\">\n<iframe loading=\"lazy\" title=\"Construction change-orders (variations) management on Planyard software\" width=\"500\" height=\"281\" src=\"https:\/\/www.youtube.com\/embed\/6tACV4YQtas?feature=oembed\" frameborder=\"0\" allow=\"accelerometer; autoplay; clipboard-write; encrypted-media; gyroscope; picture-in-picture; web-share\" referrerpolicy=\"strict-origin-when-cross-origin\" allowfullscreen><\/iframe>\n<\/div><\/figure>\n\n<h2 class=\"wp-block-heading\">Budget control and forecasting (CVRs)<\/h2>\n\n<p>Prepare accurate forecasts and CVR reports, revise budgets as needed, approve invoices, and review budget variances to stay in control of your project\u2019s financial health. Analyze profitability projections with ease.<\/p>\n\n<figure class=\"wp-block-embed is-type-video is-provider-youtube wp-block-embed-youtube wp-embed-aspect-16-9 wp-has-aspect-ratio\"><div class=\"wp-block-embed__wrapper\">\n<iframe loading=\"lazy\" title=\"Project cost control meeting how to video\" width=\"500\" height=\"281\" src=\"https:\/\/www.youtube.com\/embed\/oGkHgWPfIEo?feature=oembed\" frameborder=\"0\" allow=\"accelerometer; autoplay; clipboard-write; encrypted-media; gyroscope; picture-in-picture; web-share\" referrerpolicy=\"strict-origin-when-cross-origin\" allowfullscreen><\/iframe>\n<\/div><\/figure>\n\n<h2 class=\"wp-block-heading\">Client billing &amp; payment applications (Valuations)<\/h2>\n\n<p>Learn how to manage the client schedule of values, process change orders (variations), issue payment applications, handle prepayment invoices, track retentions, and approve sales invoices with ease.<\/p>\n\n<figure class=\"wp-block-embed is-type-video is-provider-youtube wp-block-embed-youtube wp-embed-aspect-16-9 wp-has-aspect-ratio\"><div class=\"wp-block-embed__wrapper\">\n<iframe loading=\"lazy\" title=\"How the client billing process is made simple on Planyard construction software\" width=\"500\" height=\"281\" src=\"https:\/\/www.youtube.com\/embed\/wZ0vTYTJtFs?feature=oembed\" frameborder=\"0\" allow=\"accelerometer; autoplay; clipboard-write; encrypted-media; gyroscope; picture-in-picture; web-share\" referrerpolicy=\"strict-origin-when-cross-origin\" allowfullscreen><\/iframe>\n<\/div><\/figure>\n","protected":false},"excerpt":{"rendered":"<p>3\u20135 minute training videos for quantity surveyors and project managers to master Planyard\u2019s Professional Package\u2014covering budget control, purchase orders, change orders, invoice management, and more. Purchase orders Learn how to raise purchase orders for materials, track budget commitments, easily update forecasts and CVRs, manage prepayment invoices, stay on top of payment summaries, and prevent vendor&#8230;  <a class=\"excerpt-read-more\" href=\"https:\/\/planyard.com\/pt-pt\/videos-de-formacao-sobre-funcionalidades-profissionais-do-planyard\" title=\"L\u00ea  V\u00eddeos de Forma\u00e7\u00e3o sobre Funcionalidades Profissionais do Planyard\">L\u00ea mais &#8220;<\/a><\/p>\n","protected":false},"author":4,"featured_media":0,"parent":0,"menu_order":0,"comment_status":"closed","ping_status":"closed","template":"page-smallheader.php","meta":{"_acf_changed":false,"content-type":"","footnotes":""},"page_intent":[],"page_type":[],"class_list":["post-13520","page","type-page","status-publish","hentry"],"acf":[],"yoast_head":"<!-- This site is optimized with the Yoast SEO plugin v26.9 - https:\/\/yoast.com\/product\/yoast-seo-wordpress\/ -->\n<title>Planyard Professional \u2013 Controlo Total de Custos de Constru\u00e7\u00e3o para Equipas em Crescimento<\/title>\n<meta name=\"description\" content=\"V\u00eddeos curtos de forma\u00e7\u00e3o para gestores de projeto e gestores de obra dominarem o Pacote Profissional do Planyard\u2014abrangendo controlo or\u00e7amental, ordens de compra e muito mais.\" \/>\n<meta name=\"robots\" content=\"index, follow, max-snippet:-1, max-image-preview:large, max-video-preview:-1\" \/>\n<link rel=\"canonical\" href=\"https:\/\/planyard.com\/pt-pt\/videos-de-formacao-sobre-funcionalidades-profissionais-do-planyard\" \/>\n<meta property=\"og:locale\" content=\"pt_PT\" \/>\n<meta property=\"og:type\" content=\"article\" \/>\n<meta property=\"og:title\" content=\"Planyard Professional \u2013 Controlo Total de Custos de Constru\u00e7\u00e3o para Equipas em Crescimento\" \/>\n<meta property=\"og:description\" content=\"V\u00eddeos curtos de forma\u00e7\u00e3o para gestores de projeto e gestores de obra dominarem o Pacote Profissional do Planyard\u2014abrangendo controlo or\u00e7amental, ordens de compra e muito mais.\" \/>\n<meta property=\"og:url\" content=\"https:\/\/planyard.com\/pt-pt\/videos-de-formacao-sobre-funcionalidades-profissionais-do-planyard\" \/>\n<meta property=\"og:site_name\" content=\"Planyard Portugal\" \/>\n<meta property=\"article:modified_time\" content=\"2025-05-19T10:01:27+00:00\" \/>\n<meta name=\"twitter:card\" content=\"summary_large_image\" \/>\n<meta name=\"twitter:label1\" content=\"Tempo estimado de leitura\" \/>\n\t<meta name=\"twitter:data1\" content=\"1 minuto\" \/>\n<!-- \/ Yoast SEO plugin. -->","yoast_head_json":{"title":"Planyard Professional \u2013 Controlo Total de Custos de Constru\u00e7\u00e3o para Equipas em Crescimento","description":"V\u00eddeos curtos de forma\u00e7\u00e3o para gestores de projeto e gestores de obra dominarem o Pacote Profissional do Planyard\u2014abrangendo controlo or\u00e7amental, ordens de compra e muito mais.","robots":{"index":"index","follow":"follow","max-snippet":"max-snippet:-1","max-image-preview":"max-image-preview:large","max-video-preview":"max-video-preview:-1"},"canonical":"https:\/\/planyard.com\/pt-pt\/videos-de-formacao-sobre-funcionalidades-profissionais-do-planyard","og_locale":"pt_PT","og_type":"article","og_title":"Planyard Professional \u2013 Controlo Total de Custos de Constru\u00e7\u00e3o para Equipas em Crescimento","og_description":"V\u00eddeos curtos de forma\u00e7\u00e3o para gestores de projeto e gestores de obra dominarem o Pacote Profissional do Planyard\u2014abrangendo controlo or\u00e7amental, ordens de compra e muito mais.","og_url":"https:\/\/planyard.com\/pt-pt\/videos-de-formacao-sobre-funcionalidades-profissionais-do-planyard","og_site_name":"Planyard Portugal","article_modified_time":"2025-05-19T10:01:27+00:00","twitter_card":"summary_large_image","twitter_misc":{"Tempo estimado de leitura":"1 minuto"},"schema":{"@context":"https:\/\/schema.org","@graph":[{"@type":"WebPage","@id":"https:\/\/planyard.com\/pt-pt\/videos-de-formacao-sobre-funcionalidades-profissionais-do-planyard","url":"https:\/\/planyard.com\/pt-pt\/videos-de-formacao-sobre-funcionalidades-profissionais-do-planyard","name":"Planyard Professional \u2013 Controlo Total de Custos de Constru\u00e7\u00e3o para Equipas em Crescimento","isPartOf":{"@id":"https:\/\/planyard.com\/pt-pt#website"},"datePublished":"2025-04-03T10:02:17+00:00","dateModified":"2025-05-19T10:01:27+00:00","description":"V\u00eddeos curtos de forma\u00e7\u00e3o para gestores de projeto e gestores de obra dominarem o Pacote Profissional do Planyard\u2014abrangendo controlo or\u00e7amental, ordens de compra e muito mais.","breadcrumb":{"@id":"https:\/\/planyard.com\/pt-pt\/videos-de-formacao-sobre-funcionalidades-profissionais-do-planyard#breadcrumb"},"inLanguage":"pt-PT","potentialAction":[{"@type":"ReadAction","target":["https:\/\/planyard.com\/pt-pt\/videos-de-formacao-sobre-funcionalidades-profissionais-do-planyard"]}]},{"@type":"BreadcrumbList","@id":"https:\/\/planyard.com\/pt-pt\/videos-de-formacao-sobre-funcionalidades-profissionais-do-planyard#breadcrumb","itemListElement":[{"@type":"ListItem","position":1,"name":"Home","item":"https:\/\/planyard.com\/pt-pt"},{"@type":"ListItem","position":2,"name":"V\u00eddeos de Forma\u00e7\u00e3o sobre Funcionalidades Profissionais do Planyard"}]},{"@type":"WebSite","@id":"https:\/\/planyard.com\/pt-pt#website","url":"https:\/\/planyard.com\/pt-pt","name":"Planyard Portugal","description":"","potentialAction":[{"@type":"SearchAction","target":{"@type":"EntryPoint","urlTemplate":"https:\/\/planyard.com\/pt-pt?s={search_term_string}"},"query-input":{"@type":"PropertyValueSpecification","valueRequired":true,"valueName":"search_term_string"}}],"inLanguage":"pt-PT"}]}},"_links":{"self":[{"href":"https:\/\/planyard.com\/pt-pt\/wp-json\/wp\/v2\/pages\/13520","targetHints":{"allow":["GET"]}}],"collection":[{"href":"https:\/\/planyard.com\/pt-pt\/wp-json\/wp\/v2\/pages"}],"about":[{"href":"https:\/\/planyard.com\/pt-pt\/wp-json\/wp\/v2\/types\/page"}],"author":[{"embeddable":true,"href":"https:\/\/planyard.com\/pt-pt\/wp-json\/wp\/v2\/users\/4"}],"replies":[{"embeddable":true,"href":"https:\/\/planyard.com\/pt-pt\/wp-json\/wp\/v2\/comments?post=13520"}],"version-history":[{"count":2,"href":"https:\/\/planyard.com\/pt-pt\/wp-json\/wp\/v2\/pages\/13520\/revisions"}],"predecessor-version":[{"id":14019,"href":"https:\/\/planyard.com\/pt-pt\/wp-json\/wp\/v2\/pages\/13520\/revisions\/14019"}],"wp:attachment":[{"href":"https:\/\/planyard.com\/pt-pt\/wp-json\/wp\/v2\/media?parent=13520"}],"wp:term":[{"taxonomy":"page_intent","embeddable":true,"href":"https:\/\/planyard.com\/pt-pt\/wp-json\/wp\/v2\/page_intent?post=13520"},{"taxonomy":"page_type","embeddable":true,"href":"https:\/\/planyard.com\/pt-pt\/wp-json\/wp\/v2\/page_type?post=13520"}],"curies":[{"name":"wp","href":"https:\/\/api.w.org\/{rel}","templated":true}]}}