{"id":13515,"date":"2025-04-01T15:34:46","date_gmt":"2025-04-01T15:34:46","guid":{"rendered":"https:\/\/planyard.com\/planyard-essential-functionality-training-videos"},"modified":"2025-05-19T19:09:20","modified_gmt":"2025-05-19T19:09:20","slug":"videos-de-treinamento-sobre-funcionalidades-essenciais-do-planyard","status":"publish","type":"page","link":"https:\/\/planyard.com\/pt-pt\/videos-de-treinamento-sobre-funcionalidades-essenciais-do-planyard","title":{"rendered":"V\u00eddeos de Treinamento sobre Funcionalidades Essenciais do Planyard"},"content":{"rendered":"\n<p>Comece assistindo a v\u00eddeos curtos de 3 a 4 minutos, projetados para gestores de projeto e medidores or\u00e7amentais aprenderem de forma aut\u00f3noma os fluxos de trabalho essenciais\u2014sem necessidade de configura\u00e7\u00e3o ou sess\u00f5es de forma\u00e7\u00e3o.<\/p>\n\n\n\n<h2 class=\"wp-block-heading\">Introdu\u00e7\u00e3o<\/h2>\n\n\n\n<figure class=\"wp-block-embed is-type-video is-provider-youtube wp-block-embed-youtube wp-embed-aspect-16-9 wp-has-aspect-ratio\"><div class=\"wp-block-embed__wrapper\">\n<iframe loading=\"lazy\" title=\"Planyard Essential Package: Ditch Spreadsheets &amp; Simplify Construction Cost Control\" width=\"500\" height=\"281\" src=\"https:\/\/www.youtube.com\/embed\/MmqEaSN7Y38?feature=oembed\" frameborder=\"0\" allow=\"accelerometer; autoplay; clipboard-write; encrypted-media; gyroscope; picture-in-picture; web-share\" referrerpolicy=\"strict-origin-when-cross-origin\" allowfullscreen><\/iframe>\n<\/div><\/figure>\n\n\n\n<h2 class=\"wp-block-heading\">Processamento de faturas de compra<\/h2>\n\n\n\n<p>Processe facilmente faturas de compra, atribua-as a linhas de or\u00e7amento, sincronize automaticamente com a contabilidade e acompanhe os custos do projeto em tempo real \u2014 tudo sem entrada de dados repetitiva.<\/p>\n\n\n\n<figure class=\"wp-block-embed is-type-video is-provider-youtube wp-block-embed-youtube wp-embed-aspect-16-9 wp-has-aspect-ratio\"><div class=\"wp-block-embed__wrapper\">\n<iframe loading=\"lazy\" title=\"Invoices processing on Planyard\" width=\"500\" height=\"281\" src=\"https:\/\/www.youtube.com\/embed\/cgVamRjQk1I?feature=oembed\" frameborder=\"0\" allow=\"accelerometer; autoplay; clipboard-write; encrypted-media; gyroscope; picture-in-picture; web-share\" referrerpolicy=\"strict-origin-when-cross-origin\" allowfullscreen><\/iframe>\n<\/div><\/figure>\n\n\n\n<h2 class=\"wp-block-heading\">Ordens de altera\u00e7\u00e3o (Varia\u00e7\u00f5es)<\/h2>\n\n\n\n<p>Registe facilmente ordens de altera\u00e7\u00e3o de clientes e varia\u00e7\u00f5es de subcontratos e ordens de compra. Acompanhe o impacto financeiro de cada altera\u00e7\u00e3o para manter a rentabilidade sob controlo.<\/p>\n\n\n\n<figure class=\"wp-block-embed is-type-video is-provider-youtube wp-block-embed-youtube wp-embed-aspect-16-9 wp-has-aspect-ratio\"><div class=\"wp-block-embed__wrapper\">\n<iframe loading=\"lazy\" title=\"Construction change-orders (variations) management on Planyard software\" width=\"500\" height=\"281\" src=\"https:\/\/www.youtube.com\/embed\/6tACV4YQtas?feature=oembed\" frameborder=\"0\" allow=\"accelerometer; autoplay; clipboard-write; encrypted-media; gyroscope; picture-in-picture; web-share\" referrerpolicy=\"strict-origin-when-cross-origin\" allowfullscreen><\/iframe>\n<\/div><\/figure>\n\n\n\n<h2 class=\"wp-block-heading\">Controlo de or\u00e7amento e previs\u00e3o (CVRs)<\/h2>\n\n\n\n<p>Prepare previs\u00f5es precisas e relat\u00f3rios CVR, revise or\u00e7amentos conforme necess\u00e1rio, aprove faturas e reveja varia\u00e7\u00f5es or\u00e7amentais para manter o controlo da sa\u00fade financeira do seu projeto. Analise proje\u00e7\u00f5es de rentabilidade com facilidade.<\/p>\n\n\n\n<figure class=\"wp-block-embed is-type-video is-provider-youtube wp-block-embed-youtube wp-embed-aspect-16-9 wp-has-aspect-ratio\"><div class=\"wp-block-embed__wrapper\">\n<iframe loading=\"lazy\" title=\"Project cost control meeting how to video\" width=\"500\" height=\"281\" src=\"https:\/\/www.youtube.com\/embed\/oGkHgWPfIEo?feature=oembed\" frameborder=\"0\" allow=\"accelerometer; autoplay; clipboard-write; encrypted-media; gyroscope; picture-in-picture; web-share\" referrerpolicy=\"strict-origin-when-cross-origin\" allowfullscreen><\/iframe>\n<\/div><\/figure>\n\n\n\n<p><\/p>\n","protected":false},"excerpt":{"rendered":"<p>Comece assistindo a v\u00eddeos curtos de 3 a 4 minutos, projetados para gestores de projeto e medidores or\u00e7amentais aprenderem de forma aut\u00f3noma os fluxos de trabalho essenciais\u2014sem necessidade de configura\u00e7\u00e3o ou sess\u00f5es de forma\u00e7\u00e3o. Introdu\u00e7\u00e3o Processamento de faturas de compra Processe facilmente faturas de compra, atribua-as a linhas de or\u00e7amento, sincronize automaticamente com a contabilidade&#8230;  <a class=\"excerpt-read-more\" href=\"https:\/\/planyard.com\/pt-pt\/videos-de-treinamento-sobre-funcionalidades-essenciais-do-planyard\" title=\"L\u00ea  V\u00eddeos de Treinamento sobre Funcionalidades Essenciais do Planyard\">L\u00ea mais &#8220;<\/a><\/p>\n","protected":false},"author":4,"featured_media":0,"parent":0,"menu_order":0,"comment_status":"closed","ping_status":"closed","template":"page-smallheader.php","meta":{"_acf_changed":false,"content-type":"","footnotes":""},"page_intent":[],"page_type":[],"class_list":["post-13515","page","type-page","status-publish","hentry"],"acf":[],"yoast_head":"<!-- This site is optimized with the Yoast SEO plugin v27.1.1 - https:\/\/yoast.com\/product\/yoast-seo-wordpress\/ -->\n<title>V\u00eddeos de Treinamento sobre Funcionalidades Essenciais do Planyard - Planyard Portugal<\/title>\n<meta name=\"description\" content=\"Aprenda a gerir or\u00e7amentos de constru\u00e7\u00e3o, ordens de altera\u00e7\u00e3o e previs\u00f5es com v\u00eddeos curtos de 3 a 4 minutos para gestores de projeto e medidores or\u00e7amentistas\u2014sem necessidade de configura\u00e7\u00e3o ou forma\u00e7\u00e3o.\" \/>\n<meta name=\"robots\" content=\"index, follow, max-snippet:-1, max-image-preview:large, max-video-preview:-1\" \/>\n<link rel=\"canonical\" href=\"https:\/\/planyard.com\/pt-pt\/videos-de-treinamento-sobre-funcionalidades-essenciais-do-planyard\" \/>\n<meta property=\"og:locale\" content=\"pt_PT\" \/>\n<meta property=\"og:type\" content=\"article\" \/>\n<meta property=\"og:title\" content=\"V\u00eddeos de Treinamento sobre Funcionalidades Essenciais do Planyard - Planyard Portugal\" \/>\n<meta property=\"og:description\" content=\"Aprenda a gerir or\u00e7amentos de constru\u00e7\u00e3o, ordens de altera\u00e7\u00e3o e previs\u00f5es com v\u00eddeos curtos de 3 a 4 minutos para gestores de projeto e medidores or\u00e7amentistas\u2014sem necessidade de configura\u00e7\u00e3o ou forma\u00e7\u00e3o.\" \/>\n<meta property=\"og:url\" content=\"https:\/\/planyard.com\/pt-pt\/videos-de-treinamento-sobre-funcionalidades-essenciais-do-planyard\" \/>\n<meta property=\"og:site_name\" content=\"Planyard Portugal\" \/>\n<meta property=\"article:modified_time\" content=\"2025-05-19T19:09:20+00:00\" \/>\n<meta name=\"twitter:card\" content=\"summary_large_image\" \/>\n<meta name=\"twitter:label1\" content=\"Tempo estimado de leitura\" \/>\n\t<meta name=\"twitter:data1\" content=\"1 minuto\" \/>\n<!-- \/ Yoast SEO plugin. -->","yoast_head_json":{"title":"V\u00eddeos de Treinamento sobre Funcionalidades Essenciais do Planyard - Planyard Portugal","description":"Aprenda a gerir or\u00e7amentos de constru\u00e7\u00e3o, ordens de altera\u00e7\u00e3o e previs\u00f5es com v\u00eddeos curtos de 3 a 4 minutos para gestores de projeto e medidores or\u00e7amentistas\u2014sem necessidade de configura\u00e7\u00e3o ou forma\u00e7\u00e3o.","robots":{"index":"index","follow":"follow","max-snippet":"max-snippet:-1","max-image-preview":"max-image-preview:large","max-video-preview":"max-video-preview:-1"},"canonical":"https:\/\/planyard.com\/pt-pt\/videos-de-treinamento-sobre-funcionalidades-essenciais-do-planyard","og_locale":"pt_PT","og_type":"article","og_title":"V\u00eddeos de Treinamento sobre Funcionalidades Essenciais do Planyard - Planyard Portugal","og_description":"Aprenda a gerir or\u00e7amentos de constru\u00e7\u00e3o, ordens de altera\u00e7\u00e3o e previs\u00f5es com v\u00eddeos curtos de 3 a 4 minutos para gestores de projeto e medidores or\u00e7amentistas\u2014sem necessidade de configura\u00e7\u00e3o ou forma\u00e7\u00e3o.","og_url":"https:\/\/planyard.com\/pt-pt\/videos-de-treinamento-sobre-funcionalidades-essenciais-do-planyard","og_site_name":"Planyard Portugal","article_modified_time":"2025-05-19T19:09:20+00:00","twitter_card":"summary_large_image","twitter_misc":{"Tempo estimado de leitura":"1 minuto"},"schema":{"@context":"https:\/\/schema.org","@graph":[{"@type":"WebPage","@id":"https:\/\/planyard.com\/pt-pt\/videos-de-treinamento-sobre-funcionalidades-essenciais-do-planyard","url":"https:\/\/planyard.com\/pt-pt\/videos-de-treinamento-sobre-funcionalidades-essenciais-do-planyard","name":"V\u00eddeos de Treinamento sobre Funcionalidades Essenciais do Planyard - Planyard Portugal","isPartOf":{"@id":"https:\/\/planyard.com\/pt-pt#website"},"datePublished":"2025-04-01T15:34:46+00:00","dateModified":"2025-05-19T19:09:20+00:00","description":"Aprenda a gerir or\u00e7amentos de constru\u00e7\u00e3o, ordens de altera\u00e7\u00e3o e previs\u00f5es com v\u00eddeos curtos de 3 a 4 minutos para gestores de projeto e medidores or\u00e7amentistas\u2014sem necessidade de configura\u00e7\u00e3o ou forma\u00e7\u00e3o.","breadcrumb":{"@id":"https:\/\/planyard.com\/pt-pt\/videos-de-treinamento-sobre-funcionalidades-essenciais-do-planyard#breadcrumb"},"inLanguage":"pt-PT","potentialAction":[{"@type":"ReadAction","target":["https:\/\/planyard.com\/pt-pt\/videos-de-treinamento-sobre-funcionalidades-essenciais-do-planyard"]}]},{"@type":"BreadcrumbList","@id":"https:\/\/planyard.com\/pt-pt\/videos-de-treinamento-sobre-funcionalidades-essenciais-do-planyard#breadcrumb","itemListElement":[{"@type":"ListItem","position":1,"name":"Home","item":"https:\/\/planyard.com\/pt-pt"},{"@type":"ListItem","position":2,"name":"V\u00eddeos de Forma\u00e7\u00e3o Essencial do Planyard"}]},{"@type":"WebSite","@id":"https:\/\/planyard.com\/pt-pt#website","url":"https:\/\/planyard.com\/pt-pt","name":"Planyard Portugal","description":"","potentialAction":[{"@type":"SearchAction","target":{"@type":"EntryPoint","urlTemplate":"https:\/\/planyard.com\/pt-pt?s={search_term_string}"},"query-input":{"@type":"PropertyValueSpecification","valueRequired":true,"valueName":"search_term_string"}}],"inLanguage":"pt-PT"}]}},"_links":{"self":[{"href":"https:\/\/planyard.com\/pt-pt\/wp-json\/wp\/v2\/pages\/13515","targetHints":{"allow":["GET"]}}],"collection":[{"href":"https:\/\/planyard.com\/pt-pt\/wp-json\/wp\/v2\/pages"}],"about":[{"href":"https:\/\/planyard.com\/pt-pt\/wp-json\/wp\/v2\/types\/page"}],"author":[{"embeddable":true,"href":"https:\/\/planyard.com\/pt-pt\/wp-json\/wp\/v2\/users\/4"}],"replies":[{"embeddable":true,"href":"https:\/\/planyard.com\/pt-pt\/wp-json\/wp\/v2\/comments?post=13515"}],"version-history":[{"count":3,"href":"https:\/\/planyard.com\/pt-pt\/wp-json\/wp\/v2\/pages\/13515\/revisions"}],"predecessor-version":[{"id":16399,"href":"https:\/\/planyard.com\/pt-pt\/wp-json\/wp\/v2\/pages\/13515\/revisions\/16399"}],"wp:attachment":[{"href":"https:\/\/planyard.com\/pt-pt\/wp-json\/wp\/v2\/media?parent=13515"}],"wp:term":[{"taxonomy":"page_intent","embeddable":true,"href":"https:\/\/planyard.com\/pt-pt\/wp-json\/wp\/v2\/page_intent?post=13515"},{"taxonomy":"page_type","embeddable":true,"href":"https:\/\/planyard.com\/pt-pt\/wp-json\/wp\/v2\/page_type?post=13515"}],"curies":[{"name":"wp","href":"https:\/\/api.w.org\/{rel}","templated":true}]}}