{"id":13513,"date":"2025-04-03T08:56:22","date_gmt":"2025-04-03T08:56:22","guid":{"rendered":"https:\/\/planyard.com\/planyard-cost-estimating-and-quoting-functionality-training-videos"},"modified":"2025-05-19T19:09:05","modified_gmt":"2025-05-19T19:09:05","slug":"videos-formacao-funcionalidade-estimativa-custos-cotacoes-planyard","status":"publish","type":"page","link":"https:\/\/planyard.com\/pt-pt\/videos-formacao-funcionalidade-estimativa-custos-cotacoes-planyard","title":{"rendered":"V\u00eddeos de Forma\u00e7\u00e3o sobre Funcionalidade de Estimativa de Custos e Cota\u00e7\u00f5es do Planyard"},"content":{"rendered":"\n<p>Aprenda a criar estimativas de custos precisas e cota\u00e7\u00f5es profissionais para clientes no Planyard. Converta cota\u00e7\u00f5es ganhas em projetos ativos, acompanhe as estimativas em rela\u00e7\u00e3o aos valores reais e garanta o controlo total dos custos desde o primeiro dia. Ideal para or\u00e7amentistas e gestores de projeto que est\u00e3o a deixar de usar folhas de c\u00e1lculo.<\/p>\n\n\n\n<h2 class=\"wp-block-heading\">Introdu\u00e7\u00e3o<\/h2>\n\n\n\n<figure class=\"wp-block-embed is-type-video is-provider-youtube wp-block-embed-youtube wp-embed-aspect-16-9 wp-has-aspect-ratio\"><div class=\"wp-block-embed__wrapper\">\n<iframe loading=\"lazy\" title=\"Construction Cost Estimating and Quoting on Planyard Software\" width=\"500\" height=\"281\" src=\"https:\/\/www.youtube.com\/embed\/wvN-Tk-5CZs?feature=oembed\" frameborder=\"0\" allow=\"accelerometer; autoplay; clipboard-write; encrypted-media; gyroscope; picture-in-picture; web-share\" referrerpolicy=\"strict-origin-when-cross-origin\" allowfullscreen><\/iframe>\n<\/div><\/figure>\n","protected":false},"excerpt":{"rendered":"<p>Aprenda a criar estimativas de custos precisas e cota\u00e7\u00f5es profissionais para clientes no Planyard. Converta cota\u00e7\u00f5es ganhas em projetos ativos, acompanhe as estimativas em rela\u00e7\u00e3o aos valores reais e garanta o controlo total dos custos desde o primeiro dia. Ideal para or\u00e7amentistas e gestores de projeto que est\u00e3o a deixar de usar folhas de c\u00e1lculo&#8230;.  <a class=\"excerpt-read-more\" href=\"https:\/\/planyard.com\/pt-pt\/videos-formacao-funcionalidade-estimativa-custos-cotacoes-planyard\" title=\"L\u00ea  V\u00eddeos de Forma\u00e7\u00e3o sobre Funcionalidade de Estimativa de Custos e Cota\u00e7\u00f5es do Planyard\">L\u00ea mais &#8220;<\/a><\/p>\n","protected":false},"author":4,"featured_media":0,"parent":0,"menu_order":0,"comment_status":"closed","ping_status":"closed","template":"page-smallheader.php","meta":{"_acf_changed":false,"content-type":"","footnotes":""},"page_intent":[],"page_type":[],"class_list":["post-13513","page","type-page","status-publish","hentry"],"acf":[],"yoast_head":"<!-- This site is optimized with the Yoast SEO plugin v26.9 - https:\/\/yoast.com\/product\/yoast-seo-wordpress\/ -->\n<title>Planyard Estimativa &amp; Or\u00e7amentos \u2013 Forma\u00e7\u00e3o em V\u00eddeo para Estimadores<\/title>\n<meta name=\"description\" content=\"V\u00eddeos de forma\u00e7\u00e3o curtos para estimadores criarem estimativas de custos precisas e or\u00e7amentos para clientes. Aprenda a otimizar propostas e a converter or\u00e7amentos em projetos ativos rapidamente.\" \/>\n<meta name=\"robots\" content=\"index, follow, max-snippet:-1, max-image-preview:large, max-video-preview:-1\" \/>\n<link rel=\"canonical\" href=\"https:\/\/planyard.com\/pt-pt\/videos-formacao-funcionalidade-estimativa-custos-cotacoes-planyard\" \/>\n<meta property=\"og:locale\" content=\"pt_PT\" \/>\n<meta property=\"og:type\" content=\"article\" \/>\n<meta property=\"og:title\" content=\"Planyard Estimativa &amp; Or\u00e7amentos \u2013 Forma\u00e7\u00e3o em V\u00eddeo para Estimadores\" \/>\n<meta property=\"og:description\" content=\"V\u00eddeos de forma\u00e7\u00e3o curtos para estimadores criarem estimativas de custos precisas e or\u00e7amentos para clientes. Aprenda a otimizar propostas e a converter or\u00e7amentos em projetos ativos rapidamente.\" \/>\n<meta property=\"og:url\" content=\"https:\/\/planyard.com\/pt-pt\/videos-formacao-funcionalidade-estimativa-custos-cotacoes-planyard\" \/>\n<meta property=\"og:site_name\" content=\"Planyard Portugal\" \/>\n<meta property=\"article:modified_time\" content=\"2025-05-19T19:09:05+00:00\" \/>\n<meta name=\"twitter:card\" content=\"summary_large_image\" \/>\n<meta name=\"twitter:label1\" content=\"Tempo estimado de leitura\" \/>\n\t<meta name=\"twitter:data1\" content=\"1 minuto\" \/>\n<!-- \/ Yoast SEO plugin. -->","yoast_head_json":{"title":"Planyard Estimativa & Or\u00e7amentos \u2013 Forma\u00e7\u00e3o em V\u00eddeo para Estimadores","description":"V\u00eddeos de forma\u00e7\u00e3o curtos para estimadores criarem estimativas de custos precisas e or\u00e7amentos para clientes. Aprenda a otimizar propostas e a converter or\u00e7amentos em projetos ativos rapidamente.","robots":{"index":"index","follow":"follow","max-snippet":"max-snippet:-1","max-image-preview":"max-image-preview:large","max-video-preview":"max-video-preview:-1"},"canonical":"https:\/\/planyard.com\/pt-pt\/videos-formacao-funcionalidade-estimativa-custos-cotacoes-planyard","og_locale":"pt_PT","og_type":"article","og_title":"Planyard Estimativa & Or\u00e7amentos \u2013 Forma\u00e7\u00e3o em V\u00eddeo para Estimadores","og_description":"V\u00eddeos de forma\u00e7\u00e3o curtos para estimadores criarem estimativas de custos precisas e or\u00e7amentos para clientes. Aprenda a otimizar propostas e a converter or\u00e7amentos em projetos ativos rapidamente.","og_url":"https:\/\/planyard.com\/pt-pt\/videos-formacao-funcionalidade-estimativa-custos-cotacoes-planyard","og_site_name":"Planyard Portugal","article_modified_time":"2025-05-19T19:09:05+00:00","twitter_card":"summary_large_image","twitter_misc":{"Tempo estimado de leitura":"1 minuto"},"schema":{"@context":"https:\/\/schema.org","@graph":[{"@type":"WebPage","@id":"https:\/\/planyard.com\/pt-pt\/videos-formacao-funcionalidade-estimativa-custos-cotacoes-planyard","url":"https:\/\/planyard.com\/pt-pt\/videos-formacao-funcionalidade-estimativa-custos-cotacoes-planyard","name":"Planyard Estimativa & Or\u00e7amentos \u2013 Forma\u00e7\u00e3o em V\u00eddeo para Estimadores","isPartOf":{"@id":"https:\/\/planyard.com\/pt-pt#website"},"datePublished":"2025-04-03T08:56:22+00:00","dateModified":"2025-05-19T19:09:05+00:00","description":"V\u00eddeos de forma\u00e7\u00e3o curtos para estimadores criarem estimativas de custos precisas e or\u00e7amentos para clientes. Aprenda a otimizar propostas e a converter or\u00e7amentos em projetos ativos rapidamente.","breadcrumb":{"@id":"https:\/\/planyard.com\/pt-pt\/videos-formacao-funcionalidade-estimativa-custos-cotacoes-planyard#breadcrumb"},"inLanguage":"pt-PT","potentialAction":[{"@type":"ReadAction","target":["https:\/\/planyard.com\/pt-pt\/videos-formacao-funcionalidade-estimativa-custos-cotacoes-planyard"]}]},{"@type":"BreadcrumbList","@id":"https:\/\/planyard.com\/pt-pt\/videos-formacao-funcionalidade-estimativa-custos-cotacoes-planyard#breadcrumb","itemListElement":[{"@type":"ListItem","position":1,"name":"Home","item":"https:\/\/planyard.com\/pt-pt"},{"@type":"ListItem","position":2,"name":"V\u00eddeos de Forma\u00e7\u00e3o sobre Funcionalidades de Estimativa de Custos e Or\u00e7amentos do Planyard"}]},{"@type":"WebSite","@id":"https:\/\/planyard.com\/pt-pt#website","url":"https:\/\/planyard.com\/pt-pt","name":"Planyard Portugal","description":"","potentialAction":[{"@type":"SearchAction","target":{"@type":"EntryPoint","urlTemplate":"https:\/\/planyard.com\/pt-pt?s={search_term_string}"},"query-input":{"@type":"PropertyValueSpecification","valueRequired":true,"valueName":"search_term_string"}}],"inLanguage":"pt-PT"}]}},"_links":{"self":[{"href":"https:\/\/planyard.com\/pt-pt\/wp-json\/wp\/v2\/pages\/13513","targetHints":{"allow":["GET"]}}],"collection":[{"href":"https:\/\/planyard.com\/pt-pt\/wp-json\/wp\/v2\/pages"}],"about":[{"href":"https:\/\/planyard.com\/pt-pt\/wp-json\/wp\/v2\/types\/page"}],"author":[{"embeddable":true,"href":"https:\/\/planyard.com\/pt-pt\/wp-json\/wp\/v2\/users\/4"}],"replies":[{"embeddable":true,"href":"https:\/\/planyard.com\/pt-pt\/wp-json\/wp\/v2\/comments?post=13513"}],"version-history":[{"count":3,"href":"https:\/\/planyard.com\/pt-pt\/wp-json\/wp\/v2\/pages\/13513\/revisions"}],"predecessor-version":[{"id":16396,"href":"https:\/\/planyard.com\/pt-pt\/wp-json\/wp\/v2\/pages\/13513\/revisions\/16396"}],"wp:attachment":[{"href":"https:\/\/planyard.com\/pt-pt\/wp-json\/wp\/v2\/media?parent=13513"}],"wp:term":[{"taxonomy":"page_intent","embeddable":true,"href":"https:\/\/planyard.com\/pt-pt\/wp-json\/wp\/v2\/page_intent?post=13513"},{"taxonomy":"page_type","embeddable":true,"href":"https:\/\/planyard.com\/pt-pt\/wp-json\/wp\/v2\/page_type?post=13513"}],"curies":[{"name":"wp","href":"https:\/\/api.w.org\/{rel}","templated":true}]}}