{"id":13511,"date":"2024-08-16T10:16:13","date_gmt":"2024-08-16T10:16:13","guid":{"rendered":"https:\/\/planyard.com\/construction-billing-software"},"modified":"2025-05-19T08:59:19","modified_gmt":"2025-05-19T08:59:19","slug":"software-de-faturacao-para-construcao","status":"publish","type":"page","link":"https:\/\/planyard.com\/pt-pt\/software-de-faturacao-para-construcao","title":{"rendered":"Software de Fatura\u00e7\u00e3o para Constru\u00e7\u00e3o Planyard"},"content":{"rendered":"","protected":false},"excerpt":{"rendered":"","protected":false},"author":2,"featured_media":0,"parent":0,"menu_order":0,"comment_status":"closed","ping_status":"closed","template":"","meta":{"_acf_changed":false,"content-type":"","footnotes":""},"page_intent":[153],"page_type":[],"class_list":["post-13511","page","type-page","status-publish","hentry"],"acf":[],"yoast_head":"<!-- This site is optimized with the Yoast SEO plugin v26.9 - https:\/\/yoast.com\/product\/yoast-seo-wordpress\/ -->\n<title>Solu\u00e7\u00e3o de Software de Fatura\u00e7\u00e3o para Constru\u00e7\u00e3o - Planyard<\/title>\n<meta name=\"description\" content=\"O software de fatura\u00e7\u00e3o da Planyard simplifica avalia\u00e7\u00f5es, gest\u00e3o de varia\u00e7\u00f5es e rastreamento de faturas para finan\u00e7as de projetos eficientes. Experimente gratuitamente.\" \/>\n<meta name=\"robots\" content=\"index, follow, max-snippet:-1, max-image-preview:large, max-video-preview:-1\" \/>\n<link rel=\"canonical\" href=\"https:\/\/planyard.com\/pt-pt\/software-de-faturacao-para-construcao\" \/>\n<meta property=\"og:locale\" content=\"pt_PT\" \/>\n<meta property=\"og:type\" content=\"article\" \/>\n<meta property=\"og:title\" content=\"Solu\u00e7\u00e3o de Software de Fatura\u00e7\u00e3o para Constru\u00e7\u00e3o - Planyard\" \/>\n<meta property=\"og:description\" content=\"O software de fatura\u00e7\u00e3o da Planyard simplifica avalia\u00e7\u00f5es, gest\u00e3o de varia\u00e7\u00f5es e rastreamento de faturas para finan\u00e7as de projetos eficientes. Experimente gratuitamente.\" \/>\n<meta property=\"og:url\" content=\"https:\/\/planyard.com\/pt-pt\/software-de-faturacao-para-construcao\" \/>\n<meta property=\"og:site_name\" content=\"Planyard Portugal\" \/>\n<meta property=\"article:modified_time\" content=\"2025-05-19T08:59:19+00:00\" \/>\n<meta name=\"twitter:card\" content=\"summary_large_image\" \/>\n<!-- \/ Yoast SEO plugin. -->","yoast_head_json":{"title":"Solu\u00e7\u00e3o de Software de Fatura\u00e7\u00e3o para Constru\u00e7\u00e3o - Planyard","description":"O software de fatura\u00e7\u00e3o da Planyard simplifica avalia\u00e7\u00f5es, gest\u00e3o de varia\u00e7\u00f5es e rastreamento de faturas para finan\u00e7as de projetos eficientes. Experimente gratuitamente.","robots":{"index":"index","follow":"follow","max-snippet":"max-snippet:-1","max-image-preview":"max-image-preview:large","max-video-preview":"max-video-preview:-1"},"canonical":"https:\/\/planyard.com\/pt-pt\/software-de-faturacao-para-construcao","og_locale":"pt_PT","og_type":"article","og_title":"Solu\u00e7\u00e3o de Software de Fatura\u00e7\u00e3o para Constru\u00e7\u00e3o - Planyard","og_description":"O software de fatura\u00e7\u00e3o da Planyard simplifica avalia\u00e7\u00f5es, gest\u00e3o de varia\u00e7\u00f5es e rastreamento de faturas para finan\u00e7as de projetos eficientes. Experimente gratuitamente.","og_url":"https:\/\/planyard.com\/pt-pt\/software-de-faturacao-para-construcao","og_site_name":"Planyard Portugal","article_modified_time":"2025-05-19T08:59:19+00:00","twitter_card":"summary_large_image","schema":{"@context":"https:\/\/schema.org","@graph":[{"@type":"WebPage","@id":"https:\/\/planyard.com\/pt-pt\/software-de-faturacao-para-construcao","url":"https:\/\/planyard.com\/pt-pt\/software-de-faturacao-para-construcao","name":"Solu\u00e7\u00e3o de Software de Fatura\u00e7\u00e3o para Constru\u00e7\u00e3o - Planyard","isPartOf":{"@id":"https:\/\/planyard.com\/pt-pt#website"},"datePublished":"2024-08-16T10:16:13+00:00","dateModified":"2025-05-19T08:59:19+00:00","description":"O software de fatura\u00e7\u00e3o da Planyard simplifica avalia\u00e7\u00f5es, gest\u00e3o de varia\u00e7\u00f5es e rastreamento de faturas para finan\u00e7as de projetos eficientes. Experimente gratuitamente.","breadcrumb":{"@id":"https:\/\/planyard.com\/pt-pt\/software-de-faturacao-para-construcao#breadcrumb"},"inLanguage":"pt-PT","potentialAction":[{"@type":"ReadAction","target":["https:\/\/planyard.com\/pt-pt\/software-de-faturacao-para-construcao"]}]},{"@type":"BreadcrumbList","@id":"https:\/\/planyard.com\/pt-pt\/software-de-faturacao-para-construcao#breadcrumb","itemListElement":[{"@type":"ListItem","position":1,"name":"Home","item":"https:\/\/planyard.com\/pt-pt"},{"@type":"ListItem","position":2,"name":"Software de Fatura\u00e7\u00e3o para Constru\u00e7\u00e3o Planyard"}]},{"@type":"WebSite","@id":"https:\/\/planyard.com\/pt-pt#website","url":"https:\/\/planyard.com\/pt-pt","name":"Planyard Portugal","description":"","potentialAction":[{"@type":"SearchAction","target":{"@type":"EntryPoint","urlTemplate":"https:\/\/planyard.com\/pt-pt?s={search_term_string}"},"query-input":{"@type":"PropertyValueSpecification","valueRequired":true,"valueName":"search_term_string"}}],"inLanguage":"pt-PT"}]}},"_links":{"self":[{"href":"https:\/\/planyard.com\/pt-pt\/wp-json\/wp\/v2\/pages\/13511","targetHints":{"allow":["GET"]}}],"collection":[{"href":"https:\/\/planyard.com\/pt-pt\/wp-json\/wp\/v2\/pages"}],"about":[{"href":"https:\/\/planyard.com\/pt-pt\/wp-json\/wp\/v2\/types\/page"}],"author":[{"embeddable":true,"href":"https:\/\/planyard.com\/pt-pt\/wp-json\/wp\/v2\/users\/2"}],"replies":[{"embeddable":true,"href":"https:\/\/planyard.com\/pt-pt\/wp-json\/wp\/v2\/comments?post=13511"}],"version-history":[{"count":1,"href":"https:\/\/planyard.com\/pt-pt\/wp-json\/wp\/v2\/pages\/13511\/revisions"}],"predecessor-version":[{"id":13670,"href":"https:\/\/planyard.com\/pt-pt\/wp-json\/wp\/v2\/pages\/13511\/revisions\/13670"}],"wp:attachment":[{"href":"https:\/\/planyard.com\/pt-pt\/wp-json\/wp\/v2\/media?parent=13511"}],"wp:term":[{"taxonomy":"page_intent","embeddable":true,"href":"https:\/\/planyard.com\/pt-pt\/wp-json\/wp\/v2\/page_intent?post=13511"},{"taxonomy":"page_type","embeddable":true,"href":"https:\/\/planyard.com\/pt-pt\/wp-json\/wp\/v2\/page_type?post=13511"}],"curies":[{"name":"wp","href":"https:\/\/api.w.org\/{rel}","templated":true}]}}