{"id":13505,"date":"2024-08-26T08:24:21","date_gmt":"2024-08-26T08:24:21","guid":{"rendered":"https:\/\/planyard.com\/partners"},"modified":"2025-05-19T19:08:19","modified_gmt":"2025-05-19T19:08:19","slug":"programas-de-parceria","status":"publish","type":"page","link":"https:\/\/planyard.com\/pt-pt\/programas-de-parceria","title":{"rendered":"Programas de Parceria"},"content":{"rendered":"\n<div class=\"wp-block-group\"><div class=\"wp-block-group__inner-container is-layout-constrained wp-block-group-is-layout-constrained\">\n<h3 class=\"wp-block-heading\">Os Problemas dos Empreiteiros Principais<\/h3>\n\n\n\n<p>\u00c9 bastante comum que os empreiteiros principais s\u00f3 saibam se um projeto \u00e9 rent\u00e1vel ap\u00f3s a sua conclus\u00e3o. Mesmo em retrospectiva, \u00e9 muito dif\u00edcil perceber exatamente o que correu bem ou mal.<\/p>\n\n\n\n<p>Relat\u00f3rios de progresso de subempreiteiros, faturas e contratos est\u00e3o espalhados por centenas de e-mails e dezenas de pastas, e os or\u00e7amentos s\u00e3o geridos em Excel. Conseguir a aprova\u00e7\u00e3o de uma fatura ou relat\u00f3rio de progresso muitas vezes significa perseguir pessoas durante semanas (desde que n\u00e3o seja esquecido).<\/p>\n\n\n\n<p>Isso \u00e9 frustrante para os gestores de projeto, mas tamb\u00e9m para a gest\u00e3o e contabilistas.<\/p>\n\n\n\n<p>Tamb\u00e9m significa que n\u00e3o existem processos padronizados na gest\u00e3o de or\u00e7amentos, o que dificulta o crescimento do neg\u00f3cio.<\/p>\n\n\n\n<p>Como parceiro da Planyard, pode ajudar a mudar isso.<\/p>\n\n\n\n<h3 class=\"wp-block-heading\">Duas Formas de Parceria com a Planyard<\/h3>\n\n\n\n<p>Tanto os afiliados como os especialistas t\u00eam acesso a recursos de vendas e marketing para ajudar a vender a Planyard.<\/p>\n\n\n\n<p>Os especialistas receber\u00e3o forma\u00e7\u00e3o adicional sobre a implementa\u00e7\u00e3o da Planyard.<\/p>\n\n\n\n<h4 class=\"wp-block-heading\">Afiliados<\/h4>\n\n\n\n<ul class=\"wp-block-list\">\n<li>Recomende potenciais clientes \u00e0 Planyard usando um c\u00f3digo promocional especial<\/li>\n\n\n\n<li>N\u00f3s cuidaremos da integra\u00e7\u00e3o deles<\/li>\n\n\n\n<li><strong>Ganhe 30% da receita do primeiro ano dos clientes<\/strong><\/li>\n<\/ul>\n\n\n\n<h4 class=\"wp-block-heading\">Especialistas<\/h4>\n\n\n\n<ul class=\"wp-block-list\">\n<li>Recomende potenciais clientes \u00e0 Planyard usando um c\u00f3digo promocional especial<\/li>\n\n\n\n<li>Forne\u00e7a integra\u00e7\u00e3o e suporte durante o primeiro ano<\/li>\n\n\n\n<li><strong>Ganhe 20% do valor vital\u00edcio dos clientes<\/strong><\/li>\n<\/ul>\n<\/div><\/div>\n\n\n\n<div class=\"wp-block-group\"><div class=\"wp-block-group__inner-container is-layout-constrained wp-block-group-is-layout-constrained\">\n<h3 class=\"wp-block-heading\">Contacte-nos<\/h3>\n\n\n\n<p>Entre em contacto via email em info@planyard.com<\/p>\n<\/div><\/div>\n","protected":false},"excerpt":{"rendered":"<p>Os Problemas dos Empreiteiros Principais \u00c9 bastante comum que os empreiteiros principais s\u00f3 saibam se um projeto \u00e9 rent\u00e1vel ap\u00f3s a sua conclus\u00e3o. Mesmo em retrospectiva, \u00e9 muito dif\u00edcil perceber exatamente o que correu bem ou mal. Relat\u00f3rios de progresso de subempreiteiros, faturas e contratos est\u00e3o espalhados por centenas de e-mails e dezenas de pastas,&#8230;  <a class=\"excerpt-read-more\" href=\"https:\/\/planyard.com\/pt-pt\/programas-de-parceria\" title=\"L\u00ea  Programas de Parceria\">L\u00ea mais &#8220;<\/a><\/p>\n","protected":false},"author":2,"featured_media":0,"parent":0,"menu_order":0,"comment_status":"closed","ping_status":"closed","template":"","meta":{"_acf_changed":false,"content-type":"","footnotes":""},"page_intent":[183],"page_type":[],"class_list":["post-13505","page","type-page","status-publish","hentry"],"acf":[],"yoast_head":"<!-- This site is optimized with the Yoast SEO plugin v27.1.1 - https:\/\/yoast.com\/product\/yoast-seo-wordpress\/ -->\n<title>Programas de Parceria - Planyard Portugal<\/title>\n<meta name=\"description\" content=\"Programas de parceria Planyard para consultores, revendedores de software e parceiros tecnol\u00f3gicos. Ajude a vender a Planyard e ganhe uma percentagem.\" \/>\n<meta name=\"robots\" content=\"index, follow, max-snippet:-1, max-image-preview:large, max-video-preview:-1\" \/>\n<link rel=\"canonical\" href=\"https:\/\/planyard.com\/pt-pt\/programas-de-parceria\" \/>\n<meta property=\"og:locale\" content=\"pt_PT\" \/>\n<meta property=\"og:type\" content=\"article\" \/>\n<meta property=\"og:title\" content=\"Programas de Parceria - Planyard Portugal\" \/>\n<meta property=\"og:description\" content=\"Programas de parceria Planyard para consultores, revendedores de software e parceiros tecnol\u00f3gicos. Ajude a vender a Planyard e ganhe uma percentagem.\" \/>\n<meta property=\"og:url\" content=\"https:\/\/planyard.com\/pt-pt\/programas-de-parceria\" \/>\n<meta property=\"og:site_name\" content=\"Planyard Portugal\" \/>\n<meta property=\"article:modified_time\" content=\"2025-05-19T19:08:19+00:00\" \/>\n<meta name=\"twitter:card\" content=\"summary_large_image\" \/>\n<meta name=\"twitter:label1\" content=\"Tempo estimado de leitura\" \/>\n\t<meta name=\"twitter:data1\" content=\"1 minuto\" \/>\n<!-- \/ Yoast SEO plugin. -->","yoast_head_json":{"title":"Programas de Parceria - Planyard Portugal","description":"Programas de parceria Planyard para consultores, revendedores de software e parceiros tecnol\u00f3gicos. Ajude a vender a Planyard e ganhe uma percentagem.","robots":{"index":"index","follow":"follow","max-snippet":"max-snippet:-1","max-image-preview":"max-image-preview:large","max-video-preview":"max-video-preview:-1"},"canonical":"https:\/\/planyard.com\/pt-pt\/programas-de-parceria","og_locale":"pt_PT","og_type":"article","og_title":"Programas de Parceria - Planyard Portugal","og_description":"Programas de parceria Planyard para consultores, revendedores de software e parceiros tecnol\u00f3gicos. Ajude a vender a Planyard e ganhe uma percentagem.","og_url":"https:\/\/planyard.com\/pt-pt\/programas-de-parceria","og_site_name":"Planyard Portugal","article_modified_time":"2025-05-19T19:08:19+00:00","twitter_card":"summary_large_image","twitter_misc":{"Tempo estimado de leitura":"1 minuto"},"schema":{"@context":"https:\/\/schema.org","@graph":[{"@type":"WebPage","@id":"https:\/\/planyard.com\/pt-pt\/programas-de-parceria","url":"https:\/\/planyard.com\/pt-pt\/programas-de-parceria","name":"Programas de Parceria - Planyard Portugal","isPartOf":{"@id":"https:\/\/planyard.com\/pt-pt#website"},"datePublished":"2024-08-26T08:24:21+00:00","dateModified":"2025-05-19T19:08:19+00:00","description":"Programas de parceria Planyard para consultores, revendedores de software e parceiros tecnol\u00f3gicos. Ajude a vender a Planyard e ganhe uma percentagem.","breadcrumb":{"@id":"https:\/\/planyard.com\/pt-pt\/programas-de-parceria#breadcrumb"},"inLanguage":"pt-PT","potentialAction":[{"@type":"ReadAction","target":["https:\/\/planyard.com\/pt-pt\/programas-de-parceria"]}]},{"@type":"BreadcrumbList","@id":"https:\/\/planyard.com\/pt-pt\/programas-de-parceria#breadcrumb","itemListElement":[{"@type":"ListItem","position":1,"name":"Home","item":"https:\/\/planyard.com\/pt-pt"},{"@type":"ListItem","position":2,"name":"Programas de Parceria"}]},{"@type":"WebSite","@id":"https:\/\/planyard.com\/pt-pt#website","url":"https:\/\/planyard.com\/pt-pt","name":"Planyard Portugal","description":"","potentialAction":[{"@type":"SearchAction","target":{"@type":"EntryPoint","urlTemplate":"https:\/\/planyard.com\/pt-pt?s={search_term_string}"},"query-input":{"@type":"PropertyValueSpecification","valueRequired":true,"valueName":"search_term_string"}}],"inLanguage":"pt-PT"}]}},"_links":{"self":[{"href":"https:\/\/planyard.com\/pt-pt\/wp-json\/wp\/v2\/pages\/13505","targetHints":{"allow":["GET"]}}],"collection":[{"href":"https:\/\/planyard.com\/pt-pt\/wp-json\/wp\/v2\/pages"}],"about":[{"href":"https:\/\/planyard.com\/pt-pt\/wp-json\/wp\/v2\/types\/page"}],"author":[{"embeddable":true,"href":"https:\/\/planyard.com\/pt-pt\/wp-json\/wp\/v2\/users\/2"}],"replies":[{"embeddable":true,"href":"https:\/\/planyard.com\/pt-pt\/wp-json\/wp\/v2\/comments?post=13505"}],"version-history":[{"count":3,"href":"https:\/\/planyard.com\/pt-pt\/wp-json\/wp\/v2\/pages\/13505\/revisions"}],"predecessor-version":[{"id":16388,"href":"https:\/\/planyard.com\/pt-pt\/wp-json\/wp\/v2\/pages\/13505\/revisions\/16388"}],"wp:attachment":[{"href":"https:\/\/planyard.com\/pt-pt\/wp-json\/wp\/v2\/media?parent=13505"}],"wp:term":[{"taxonomy":"page_intent","embeddable":true,"href":"https:\/\/planyard.com\/pt-pt\/wp-json\/wp\/v2\/page_intent?post=13505"},{"taxonomy":"page_type","embeddable":true,"href":"https:\/\/planyard.com\/pt-pt\/wp-json\/wp\/v2\/page_type?post=13505"}],"curies":[{"name":"wp","href":"https:\/\/api.w.org\/{rel}","templated":true}]}}