{"id":13503,"date":"2024-08-26T07:20:15","date_gmt":"2024-08-26T07:20:15","guid":{"rendered":"https:\/\/planyard.com\/nahb-cost-codes"},"modified":"2025-06-03T18:11:20","modified_gmt":"2025-06-03T18:11:20","slug":"codigos-de-custo-nahb","status":"publish","type":"page","link":"https:\/\/planyard.com\/pt-pt\/codigos-de-custo-nahb","title":{"rendered":"C\u00f3digos de Custo NAHB"},"content":{"rendered":"\n<div class=\"wp-block-media-text alignwide has-media-on-the-right is-stacked-on-mobile\" style=\"grid-template-columns:auto 49%\"><div class=\"wp-block-media-text__content\">\n<p><br>Os c\u00f3digos de custo NAHB s\u00e3o um conjunto padronizado de c\u00f3digos definidos pela <a href=\"https:\/\/www.nahb.org\">Associa\u00e7\u00e3o Nacional de Construtores de Casas<\/a> para rastrear, gerir e reportar dados financeiros e de projeto. Estes c\u00f3digos simplificam a gest\u00e3o de dados em toda a empresa, beneficiando todas as partes interessadas, incluindo estimadores, gestores de projeto e contabilidade. A estrutura padronizada ajuda a estimar custos com base em projetos anteriores e simplifica a gest\u00e3o financeira do projeto.<\/p>\n<\/div><figure class=\"wp-block-media-text__media\"><img loading=\"lazy\" decoding=\"async\" width=\"1010\" height=\"1006\" src=\"https:\/\/planyard.com\/wp-content\/uploads\/2024\/10\/NAHB_cost_codes.jpg\" alt=\"NAHB cost codes with sections and lower parts\" class=\"wp-image-2296 size-full\" srcset=\"https:\/\/planyard.com\/wp-content\/uploads\/2024\/10\/NAHB_cost_codes.jpg 1010w, https:\/\/planyard.com\/wp-content\/uploads\/2024\/10\/NAHB_cost_codes-150x150.jpg 150w\" sizes=\"auto, (max-width: 1010px) 100vw, 1010px\" \/><\/figure><\/div>\n\n\n\n<div class=\"wp-block-group\"><div class=\"wp-block-group__inner-container is-layout-constrained wp-block-group-is-layout-constrained\">\n<h2 class=\"wp-block-heading has-text-align-center paddedHeading\" id=\"benefits-of-using-construction-cost-codes\">Vantagens de usar c\u00f3digos de custo na constru\u00e7\u00e3o<\/h2>\n\n\n\n<div class=\"wp-block-columns is-layout-flex wp-container-core-columns-is-layout-9d6595d7 wp-block-columns-is-layout-flex\">\n<div class=\"wp-block-column is-layout-flow wp-block-column-is-layout-flow\">\n<h4 class=\"wp-block-heading\" id=\"cost-control\">Controlo de custos<\/h4>\n\n\n\n<p>M\u00e9todo r\u00e1pido e f\u00e1cil para identificar e analisar como o dinheiro \u00e9 gasto no projeto.<\/p>\n<\/div>\n\n\n\n<div class=\"wp-block-column is-layout-flow wp-block-column-is-layout-flow\">\n<h4 class=\"wp-block-heading\" id=\"kpis-tracking\">Monitoriza\u00e7\u00e3o de KPIs<\/h4>\n\n\n\n<p>Rastreie e gerencie KPIs como custo estimado, estimativa de custo, custos atuais, entre outros.<\/p>\n<\/div>\n\n\n\n<div class=\"wp-block-column is-layout-flow wp-block-column-is-layout-flow\">\n<h4 class=\"wp-block-heading\" id=\"ideal-for-companywide-use\">Uso em toda a empresa<\/h4>\n\n\n\n<p>Usar os mesmos c\u00f3digos em toda a empresa facilita o rastreamento e an\u00e1lise de custos, erros e previs\u00f5es para todas as partes interessadas.<\/p>\n<\/div>\n<\/div>\n\n\n\n<div class=\"wp-block-columns is-layout-flex wp-container-core-columns-is-layout-9d6595d7 wp-block-columns-is-layout-flex\">\n<div class=\"wp-block-column is-layout-flow wp-block-column-is-layout-flow\">\n<h4 class=\"wp-block-heading\" id=\"visualize-profit-centers\">Visualizar centros de lucro<\/h4>\n\n\n\n<p>An\u00e1lise de ponta a ponta para visualizar centros de lucro e \u00e1reas problem\u00e1ticas.<\/p>\n<\/div>\n\n\n\n<div class=\"wp-block-column is-layout-flow wp-block-column-is-layout-flow\">\n<h4 class=\"wp-block-heading\" id=\"estimating\">Estimativas<\/h4>\n\n\n\n<p>Fornece estrutura e acesso para acompanhar os custos em tempo real, estabelecendo estimativas mais precisas e realistas.<\/p>\n<\/div>\n\n\n\n<div class=\"wp-block-column is-layout-flow wp-block-column-is-layout-flow\">\n<h4 class=\"wp-block-heading\" id=\"real-time-tracking\">Rastreamento em tempo real<\/h4>\n\n\n\n<p>Permite que a gest\u00e3o tenha uma vis\u00e3o clara do trabalho e mantenha todas as partes interessadas envolvidas.<\/p>\n<\/div>\n<\/div>\n<\/div><\/div>\n\n\n\n<h2 class=\"wp-block-heading has-text-align-center paddedHeading\" id=\"cost-codes-are-hierarchical-and-chronological\">Os c\u00f3digos de custo s\u00e3o hier\u00e1rquicos e cronol\u00f3gicos<\/h2>\n\n\n\n<div class=\"wp-block-media-text alignwide has-media-on-the-right is-stacked-on-mobile\"><div class=\"wp-block-media-text__content\">\n<p>Pode ver que os trabalhos s\u00e3o divididos em termos de estrutura e em ordem cronol\u00f3gica. A NAHB definiu bem os c\u00f3digos de custo para que as maiores sec\u00e7\u00f5es de trabalho contenham partes menores.<\/p>\n\n\n\n<p>Por causa disso, pode facilmente ver o progresso e a rentabilidade do projeto em etapas. Isso significa que j\u00e1 pode ver quanto lucro alguns dos primeiros trabalhos v\u00e3o gerar antes do t\u00e9rmino do projeto.<\/p>\n<\/div><figure class=\"wp-block-media-text__media\"><img loading=\"lazy\" decoding=\"async\" width=\"736\" height=\"890\" src=\"https:\/\/planyard.com\/wp-content\/uploads\/2024\/10\/NAHB_cost_code_job_sections.jpg\" alt=\"NAHB cost code job sections\" class=\"wp-image-2294 size-full\"\/><\/figure><\/div>\n\n\n\n<h2 class=\"wp-block-heading has-text-align-center paddedHeading\" id=\"where-can-you-get-a-list-of-nahb-cost-codes\">Onde pode obter uma lista de c\u00f3digos de custo NAHB?<\/h2>\n\n\n\n<div class=\"wp-block-buttons is-content-justification-center is-layout-flex wp-container-core-buttons-is-layout-16018d1d wp-block-buttons-is-layout-flex\">\n<div class=\"wp-block-button\"><a class=\"wp-block-button__link wp-element-button\" href=\"https:\/\/planyard.com\/pt-pt\/obtenha-gratuitamente-os-codigos-de-custo-nahb\">Obtenha C\u00f3digos de Custo de Constru\u00e7\u00e3o NAHB Gratuitamente<\/a><\/div>\n<\/div>\n\n\n\n<h3 class=\"wp-block-heading has-text-align-center\">O software Planyard para empreiteiros ajuda equipas ambiciosas a atingir os seus objetivos e acelerar o seu crescimento.<\/h3>\n\n\n\n<div class=\"wp-block-media-text alignwide has-media-on-the-right is-stacked-on-mobile is-vertically-aligned-center\"><div class=\"wp-block-media-text__content\">\n<ul class=\"wp-block-list\">\n<li>Chega de folhas de c\u00e1lculo<\/li>\n\n\n\n<li>Poupa tempo aos gestores de projeto e QSs<\/li>\n\n\n\n<li>F\u00e1cil de implementar e usar<\/li>\n\n\n\n<li>Previs\u00f5es financeiras precisas e em tempo real<\/li>\n\n\n\n<li>Sem mais entradas de dados duplicadas<\/li>\n<\/ul>\n<\/div><figure class=\"wp-block-media-text__media\"><img loading=\"lazy\" decoding=\"async\" width=\"1024\" height=\"598\" src=\"https:\/\/planyard.com\/wp-content\/uploads\/2024\/09\/construction-project-management-software-macbook-iphone-1_reduced-1024x598-1.webp\" alt=\"\" class=\"wp-image-1980 size-large\"\/><\/figure><\/div>\n","protected":false},"excerpt":{"rendered":"<p>Os c\u00f3digos de custo NAHB s\u00e3o um conjunto padronizado de c\u00f3digos definidos pela Associa\u00e7\u00e3o Nacional de Construtores de Casas para rastrear, gerir e reportar dados financeiros e de projeto. Estes c\u00f3digos simplificam a gest\u00e3o de dados em toda a empresa, beneficiando todas as partes interessadas, incluindo estimadores, gestores de projeto e contabilidade. A estrutura padronizada&#8230;  <a class=\"excerpt-read-more\" href=\"https:\/\/planyard.com\/pt-pt\/codigos-de-custo-nahb\" title=\"L\u00ea  C\u00f3digos de Custo NAHB\">L\u00ea mais &#8220;<\/a><\/p>\n","protected":false},"author":2,"featured_media":0,"parent":0,"menu_order":0,"comment_status":"closed","ping_status":"closed","template":"","meta":{"_acf_changed":false,"content-type":"","footnotes":""},"page_intent":[168],"page_type":[],"class_list":["post-13503","page","type-page","status-publish","hentry"],"acf":[],"yoast_head":"<!-- This site is optimized with the Yoast SEO plugin v26.9 - https:\/\/yoast.com\/product\/yoast-seo-wordpress\/ -->\n<title>C\u00f3digos de Custo NAHB - Guia e Modelo Gratuito<\/title>\n<meta name=\"description\" content=\"Descarregue gratuitamente os c\u00f3digos de custo de constru\u00e7\u00e3o NAHB e mantenha o controlo dos custos do seu trabalho com facilidade. Padronize os seus processos para maior transpar\u00eancia.\" \/>\n<meta name=\"robots\" content=\"index, follow, max-snippet:-1, max-image-preview:large, max-video-preview:-1\" \/>\n<link rel=\"canonical\" href=\"https:\/\/planyard.com\/pt-pt\/codigos-de-custo-nahb\" \/>\n<meta property=\"og:locale\" content=\"pt_PT\" \/>\n<meta property=\"og:type\" content=\"article\" \/>\n<meta property=\"og:title\" content=\"C\u00f3digos de Custo NAHB - Guia e Modelo Gratuito\" \/>\n<meta property=\"og:description\" content=\"Descarregue gratuitamente os c\u00f3digos de custo de constru\u00e7\u00e3o NAHB e mantenha o controlo dos custos do seu trabalho com facilidade. Padronize os seus processos para maior transpar\u00eancia.\" \/>\n<meta property=\"og:url\" content=\"https:\/\/planyard.com\/pt-pt\/codigos-de-custo-nahb\" \/>\n<meta property=\"og:site_name\" content=\"Planyard Portugal\" \/>\n<meta property=\"article:modified_time\" content=\"2025-06-03T18:11:20+00:00\" \/>\n<meta property=\"og:image\" content=\"https:\/\/planyard.com\/wp-content\/uploads\/2024\/10\/NAHB_cost_codes.jpg\" \/>\n\t<meta property=\"og:image:width\" content=\"1010\" \/>\n\t<meta property=\"og:image:height\" content=\"1006\" \/>\n\t<meta property=\"og:image:type\" content=\"image\/jpeg\" \/>\n<meta name=\"twitter:card\" content=\"summary_large_image\" \/>\n<meta name=\"twitter:label1\" content=\"Tempo estimado de leitura\" \/>\n\t<meta name=\"twitter:data1\" content=\"2 minutos\" \/>\n<!-- \/ Yoast SEO plugin. -->","yoast_head_json":{"title":"C\u00f3digos de Custo NAHB - Guia e Modelo Gratuito","description":"Descarregue gratuitamente os c\u00f3digos de custo de constru\u00e7\u00e3o NAHB e mantenha o controlo dos custos do seu trabalho com facilidade. Padronize os seus processos para maior transpar\u00eancia.","robots":{"index":"index","follow":"follow","max-snippet":"max-snippet:-1","max-image-preview":"max-image-preview:large","max-video-preview":"max-video-preview:-1"},"canonical":"https:\/\/planyard.com\/pt-pt\/codigos-de-custo-nahb","og_locale":"pt_PT","og_type":"article","og_title":"C\u00f3digos de Custo NAHB - Guia e Modelo Gratuito","og_description":"Descarregue gratuitamente os c\u00f3digos de custo de constru\u00e7\u00e3o NAHB e mantenha o controlo dos custos do seu trabalho com facilidade. Padronize os seus processos para maior transpar\u00eancia.","og_url":"https:\/\/planyard.com\/pt-pt\/codigos-de-custo-nahb","og_site_name":"Planyard Portugal","article_modified_time":"2025-06-03T18:11:20+00:00","og_image":[{"width":1010,"height":1006,"url":"https:\/\/planyard.com\/wp-content\/uploads\/2024\/10\/NAHB_cost_codes.jpg","type":"image\/jpeg"}],"twitter_card":"summary_large_image","twitter_misc":{"Tempo estimado de leitura":"2 minutos"},"schema":{"@context":"https:\/\/schema.org","@graph":[{"@type":"WebPage","@id":"https:\/\/planyard.com\/pt-pt\/codigos-de-custo-nahb","url":"https:\/\/planyard.com\/pt-pt\/codigos-de-custo-nahb","name":"C\u00f3digos de Custo NAHB - Guia e Modelo Gratuito","isPartOf":{"@id":"https:\/\/planyard.com\/pt-pt#website"},"primaryImageOfPage":{"@id":"https:\/\/planyard.com\/pt-pt\/codigos-de-custo-nahb#primaryimage"},"image":{"@id":"https:\/\/planyard.com\/pt-pt\/codigos-de-custo-nahb#primaryimage"},"thumbnailUrl":"https:\/\/planyard.com\/wp-content\/uploads\/2024\/10\/NAHB_cost_codes.jpg","datePublished":"2024-08-26T07:20:15+00:00","dateModified":"2025-06-03T18:11:20+00:00","description":"Descarregue gratuitamente os c\u00f3digos de custo de constru\u00e7\u00e3o NAHB e mantenha o controlo dos custos do seu trabalho com facilidade. Padronize os seus processos para maior transpar\u00eancia.","breadcrumb":{"@id":"https:\/\/planyard.com\/pt-pt\/codigos-de-custo-nahb#breadcrumb"},"inLanguage":"pt-PT","potentialAction":[{"@type":"ReadAction","target":["https:\/\/planyard.com\/pt-pt\/codigos-de-custo-nahb"]}]},{"@type":"ImageObject","inLanguage":"pt-PT","@id":"https:\/\/planyard.com\/pt-pt\/codigos-de-custo-nahb#primaryimage","url":"https:\/\/planyard.com\/wp-content\/uploads\/2024\/10\/NAHB_cost_codes.jpg","contentUrl":"https:\/\/planyard.com\/wp-content\/uploads\/2024\/10\/NAHB_cost_codes.jpg"},{"@type":"BreadcrumbList","@id":"https:\/\/planyard.com\/pt-pt\/codigos-de-custo-nahb#breadcrumb","itemListElement":[{"@type":"ListItem","position":1,"name":"Home","item":"https:\/\/planyard.com\/pt-pt"},{"@type":"ListItem","position":2,"name":"C\u00f3digos de Custo NAHB"}]},{"@type":"WebSite","@id":"https:\/\/planyard.com\/pt-pt#website","url":"https:\/\/planyard.com\/pt-pt","name":"Planyard Portugal","description":"","potentialAction":[{"@type":"SearchAction","target":{"@type":"EntryPoint","urlTemplate":"https:\/\/planyard.com\/pt-pt?s={search_term_string}"},"query-input":{"@type":"PropertyValueSpecification","valueRequired":true,"valueName":"search_term_string"}}],"inLanguage":"pt-PT"}]}},"_links":{"self":[{"href":"https:\/\/planyard.com\/pt-pt\/wp-json\/wp\/v2\/pages\/13503","targetHints":{"allow":["GET"]}}],"collection":[{"href":"https:\/\/planyard.com\/pt-pt\/wp-json\/wp\/v2\/pages"}],"about":[{"href":"https:\/\/planyard.com\/pt-pt\/wp-json\/wp\/v2\/types\/page"}],"author":[{"embeddable":true,"href":"https:\/\/planyard.com\/pt-pt\/wp-json\/wp\/v2\/users\/2"}],"replies":[{"embeddable":true,"href":"https:\/\/planyard.com\/pt-pt\/wp-json\/wp\/v2\/comments?post=13503"}],"version-history":[{"count":4,"href":"https:\/\/planyard.com\/pt-pt\/wp-json\/wp\/v2\/pages\/13503\/revisions"}],"predecessor-version":[{"id":16712,"href":"https:\/\/planyard.com\/pt-pt\/wp-json\/wp\/v2\/pages\/13503\/revisions\/16712"}],"wp:attachment":[{"href":"https:\/\/planyard.com\/pt-pt\/wp-json\/wp\/v2\/media?parent=13503"}],"wp:term":[{"taxonomy":"page_intent","embeddable":true,"href":"https:\/\/planyard.com\/pt-pt\/wp-json\/wp\/v2\/page_intent?post=13503"},{"taxonomy":"page_type","embeddable":true,"href":"https:\/\/planyard.com\/pt-pt\/wp-json\/wp\/v2\/page_type?post=13503"}],"curies":[{"name":"wp","href":"https:\/\/api.w.org\/{rel}","templated":true}]}}