{"id":13501,"date":"2024-08-23T13:18:45","date_gmt":"2024-08-23T13:18:45","guid":{"rendered":"https:\/\/planyard.com\/multi-currency-construction-project-accounting-software"},"modified":"2025-05-19T08:55:00","modified_gmt":"2025-05-19T08:55:00","slug":"software-de-contabilidade-de-projetos-de-construcao-multimoeda","status":"publish","type":"page","link":"https:\/\/planyard.com\/pt-pt\/software-de-contabilidade-de-projetos-de-construcao-multimoeda","title":{"rendered":"Software de Contabilidade de Projetos de Constru\u00e7\u00e3o Multimoeda"},"content":{"rendered":"","protected":false},"excerpt":{"rendered":"","protected":false},"author":2,"featured_media":0,"parent":0,"menu_order":0,"comment_status":"closed","ping_status":"closed","template":"","meta":{"_acf_changed":false,"content-type":"","footnotes":""},"page_intent":[153],"page_type":[],"class_list":["post-13501","page","type-page","status-publish","hentry"],"acf":[],"yoast_head":"<!-- This site is optimized with the Yoast SEO plugin v26.9 - https:\/\/yoast.com\/product\/yoast-seo-wordpress\/ -->\n<title>Multimoeda | Software F\u00e1cil de Contabilidade de Projetos de Constru\u00e7\u00e3o<\/title>\n<meta name=\"description\" content=\"O software Planyard facilita a gest\u00e3o de or\u00e7amentos de projetos de constru\u00e7\u00e3o multimoeda, ordens de compra e gest\u00e3o de faturas. Experimente gr\u00e1tis por 14 dias\" \/>\n<meta name=\"robots\" content=\"index, follow, max-snippet:-1, max-image-preview:large, max-video-preview:-1\" \/>\n<link rel=\"canonical\" href=\"https:\/\/planyard.com\/pt-pt\/software-de-contabilidade-de-projetos-de-construcao-multimoeda\" \/>\n<meta property=\"og:locale\" content=\"pt_PT\" \/>\n<meta property=\"og:type\" content=\"article\" \/>\n<meta property=\"og:title\" content=\"Multimoeda | Software F\u00e1cil de Contabilidade de Projetos de Constru\u00e7\u00e3o\" \/>\n<meta property=\"og:description\" content=\"O software Planyard facilita a gest\u00e3o de or\u00e7amentos de projetos de constru\u00e7\u00e3o multimoeda, ordens de compra e gest\u00e3o de faturas. Experimente gr\u00e1tis por 14 dias\" \/>\n<meta property=\"og:url\" content=\"https:\/\/planyard.com\/pt-pt\/software-de-contabilidade-de-projetos-de-construcao-multimoeda\" \/>\n<meta property=\"og:site_name\" content=\"Planyard Portugal\" \/>\n<meta property=\"article:modified_time\" content=\"2025-05-19T08:55:00+00:00\" \/>\n<meta name=\"twitter:card\" content=\"summary_large_image\" \/>\n<!-- \/ Yoast SEO plugin. -->","yoast_head_json":{"title":"Multimoeda | Software F\u00e1cil de Contabilidade de Projetos de Constru\u00e7\u00e3o","description":"O software Planyard facilita a gest\u00e3o de or\u00e7amentos de projetos de constru\u00e7\u00e3o multimoeda, ordens de compra e gest\u00e3o de faturas. Experimente gr\u00e1tis por 14 dias","robots":{"index":"index","follow":"follow","max-snippet":"max-snippet:-1","max-image-preview":"max-image-preview:large","max-video-preview":"max-video-preview:-1"},"canonical":"https:\/\/planyard.com\/pt-pt\/software-de-contabilidade-de-projetos-de-construcao-multimoeda","og_locale":"pt_PT","og_type":"article","og_title":"Multimoeda | Software F\u00e1cil de Contabilidade de Projetos de Constru\u00e7\u00e3o","og_description":"O software Planyard facilita a gest\u00e3o de or\u00e7amentos de projetos de constru\u00e7\u00e3o multimoeda, ordens de compra e gest\u00e3o de faturas. Experimente gr\u00e1tis por 14 dias","og_url":"https:\/\/planyard.com\/pt-pt\/software-de-contabilidade-de-projetos-de-construcao-multimoeda","og_site_name":"Planyard Portugal","article_modified_time":"2025-05-19T08:55:00+00:00","twitter_card":"summary_large_image","schema":{"@context":"https:\/\/schema.org","@graph":[{"@type":"WebPage","@id":"https:\/\/planyard.com\/pt-pt\/software-de-contabilidade-de-projetos-de-construcao-multimoeda","url":"https:\/\/planyard.com\/pt-pt\/software-de-contabilidade-de-projetos-de-construcao-multimoeda","name":"Multimoeda | Software F\u00e1cil de Contabilidade de Projetos de Constru\u00e7\u00e3o","isPartOf":{"@id":"https:\/\/planyard.com\/pt-pt#website"},"datePublished":"2024-08-23T13:18:45+00:00","dateModified":"2025-05-19T08:55:00+00:00","description":"O software Planyard facilita a gest\u00e3o de or\u00e7amentos de projetos de constru\u00e7\u00e3o multimoeda, ordens de compra e gest\u00e3o de faturas. Experimente gr\u00e1tis por 14 dias","breadcrumb":{"@id":"https:\/\/planyard.com\/pt-pt\/software-de-contabilidade-de-projetos-de-construcao-multimoeda#breadcrumb"},"inLanguage":"pt-PT","potentialAction":[{"@type":"ReadAction","target":["https:\/\/planyard.com\/pt-pt\/software-de-contabilidade-de-projetos-de-construcao-multimoeda"]}]},{"@type":"BreadcrumbList","@id":"https:\/\/planyard.com\/pt-pt\/software-de-contabilidade-de-projetos-de-construcao-multimoeda#breadcrumb","itemListElement":[{"@type":"ListItem","position":1,"name":"Home","item":"https:\/\/planyard.com\/pt-pt"},{"@type":"ListItem","position":2,"name":"Software de Contabilidade de Projetos de Constru\u00e7\u00e3o Multimoeda"}]},{"@type":"WebSite","@id":"https:\/\/planyard.com\/pt-pt#website","url":"https:\/\/planyard.com\/pt-pt","name":"Planyard Portugal","description":"","potentialAction":[{"@type":"SearchAction","target":{"@type":"EntryPoint","urlTemplate":"https:\/\/planyard.com\/pt-pt?s={search_term_string}"},"query-input":{"@type":"PropertyValueSpecification","valueRequired":true,"valueName":"search_term_string"}}],"inLanguage":"pt-PT"}]}},"_links":{"self":[{"href":"https:\/\/planyard.com\/pt-pt\/wp-json\/wp\/v2\/pages\/13501","targetHints":{"allow":["GET"]}}],"collection":[{"href":"https:\/\/planyard.com\/pt-pt\/wp-json\/wp\/v2\/pages"}],"about":[{"href":"https:\/\/planyard.com\/pt-pt\/wp-json\/wp\/v2\/types\/page"}],"author":[{"embeddable":true,"href":"https:\/\/planyard.com\/pt-pt\/wp-json\/wp\/v2\/users\/2"}],"replies":[{"embeddable":true,"href":"https:\/\/planyard.com\/pt-pt\/wp-json\/wp\/v2\/comments?post=13501"}],"version-history":[{"count":1,"href":"https:\/\/planyard.com\/pt-pt\/wp-json\/wp\/v2\/pages\/13501\/revisions"}],"predecessor-version":[{"id":13601,"href":"https:\/\/planyard.com\/pt-pt\/wp-json\/wp\/v2\/pages\/13501\/revisions\/13601"}],"wp:attachment":[{"href":"https:\/\/planyard.com\/pt-pt\/wp-json\/wp\/v2\/media?parent=13501"}],"wp:term":[{"taxonomy":"page_intent","embeddable":true,"href":"https:\/\/planyard.com\/pt-pt\/wp-json\/wp\/v2\/page_intent?post=13501"},{"taxonomy":"page_type","embeddable":true,"href":"https:\/\/planyard.com\/pt-pt\/wp-json\/wp\/v2\/page_type?post=13501"}],"curies":[{"name":"wp","href":"https:\/\/api.w.org\/{rel}","templated":true}]}}