{"id":13496,"date":"2024-08-26T10:49:36","date_gmt":"2024-08-26T10:49:36","guid":{"rendered":"https:\/\/planyard.com\/set-realistic-project-management-goals"},"modified":"2025-05-19T19:07:15","modified_gmt":"2025-05-19T19:07:15","slug":"definir-metas-realistas-gestao-projetos","status":"publish","type":"page","link":"https:\/\/planyard.com\/pt-pt\/definir-metas-realistas-gestao-projetos","title":{"rendered":"Como definir metas realistas para a gest\u00e3o de projetos (Data de publica\u00e7\u00e3o 31 de agosto de 2023)"},"content":{"rendered":"\n<div class=\"wp-block-columns is-layout-flex wp-container-core-columns-is-layout-9d6595d7 wp-block-columns-is-layout-flex\">\n<div class=\"wp-block-column is-layout-flow wp-block-column-is-layout-flow\">\n<h2 class=\"wp-block-heading\">Subscreva agora e enviaremos um email quando for publicado<\/h2>\n\n\n\n<h5 class=\"wp-block-heading\">Como a leitura deste guia o beneficiar\u00e1?<\/h5>\n\n\n\n<ol class=\"wp-block-list\">\n<li>Adquirir\u00e1 o conhecimento necess\u00e1rio para definir metas realistas<\/li>\n\n\n\n<li>Aprender\u00e1 a melhorar o seu conjunto de compet\u00eancias em gest\u00e3o de projetos<\/li>\n\n\n\n<li>Aprender\u00e1 a entregar o seu projeto a tempo e dentro do or\u00e7amento<\/li>\n<\/ol>\n\n\n\n<p>Criado por gestores de projetos para gestores de projetos.<\/p>\n<\/div>\n\n\n\n<div class=\"wp-block-column is-layout-flow wp-block-column-is-layout-flow\">\n\n\n  hbspt.forms.create({\n\tportalId: &#8220;4963994&#8221;,\n\tformId: &#8220;6d637baa-1f66-4c3c-8cb5-c8ddd8057932&#8221;\n});\n\n<\/div>\n<\/div>\n","protected":false},"excerpt":{"rendered":"<p>Subscreva agora e enviaremos um email quando for publicado Como a leitura deste guia o beneficiar\u00e1? Criado por gestores de projetos para gestores de projetos. hbspt.forms.create({ portalId: &#8220;4963994&#8221;, formId: &#8220;6d637baa-1f66-4c3c-8cb5-c8ddd8057932&#8221; });<\/p>\n","protected":false},"author":2,"featured_media":0,"parent":0,"menu_order":0,"comment_status":"closed","ping_status":"closed","template":"","meta":{"_acf_changed":false,"content-type":"","footnotes":""},"page_intent":[168],"page_type":[],"class_list":["post-13496","page","type-page","status-publish","hentry"],"acf":[],"yoast_head":"<!-- This site is optimized with the Yoast SEO plugin v27.1.1 - https:\/\/yoast.com\/product\/yoast-seo-wordpress\/ -->\n<title>Como definir metas realistas para a gest\u00e3o de projetos (Data de publica\u00e7\u00e3o 31 de agosto de 2023) - Planyard Portugal<\/title>\n<meta name=\"description\" content=\"Preencha o formul\u00e1rio e descarregue o guia de gest\u00e3o de projetos de constru\u00e7\u00e3o e melhore o seu conjunto de compet\u00eancias em gest\u00e3o de projetos.\" \/>\n<meta name=\"robots\" content=\"index, follow, max-snippet:-1, max-image-preview:large, max-video-preview:-1\" \/>\n<link rel=\"canonical\" href=\"https:\/\/planyard.com\/pt-pt\/definir-metas-realistas-gestao-projetos\" \/>\n<meta property=\"og:locale\" content=\"pt_PT\" \/>\n<meta property=\"og:type\" content=\"article\" \/>\n<meta property=\"og:title\" content=\"Como definir metas realistas para a gest\u00e3o de projetos (Data de publica\u00e7\u00e3o 31 de agosto de 2023) - Planyard Portugal\" \/>\n<meta property=\"og:description\" content=\"Preencha o formul\u00e1rio e descarregue o guia de gest\u00e3o de projetos de constru\u00e7\u00e3o e melhore o seu conjunto de compet\u00eancias em gest\u00e3o de projetos.\" \/>\n<meta property=\"og:url\" content=\"https:\/\/planyard.com\/pt-pt\/definir-metas-realistas-gestao-projetos\" \/>\n<meta property=\"og:site_name\" content=\"Planyard Portugal\" \/>\n<meta property=\"article:modified_time\" content=\"2025-05-19T19:07:15+00:00\" \/>\n<meta name=\"twitter:card\" content=\"summary_large_image\" \/>\n<meta name=\"twitter:label1\" content=\"Tempo estimado de leitura\" \/>\n\t<meta name=\"twitter:data1\" content=\"1 minuto\" \/>\n<!-- \/ Yoast SEO plugin. -->","yoast_head_json":{"title":"Como definir metas realistas para a gest\u00e3o de projetos (Data de publica\u00e7\u00e3o 31 de agosto de 2023) - Planyard Portugal","description":"Preencha o formul\u00e1rio e descarregue o guia de gest\u00e3o de projetos de constru\u00e7\u00e3o e melhore o seu conjunto de compet\u00eancias em gest\u00e3o de projetos.","robots":{"index":"index","follow":"follow","max-snippet":"max-snippet:-1","max-image-preview":"max-image-preview:large","max-video-preview":"max-video-preview:-1"},"canonical":"https:\/\/planyard.com\/pt-pt\/definir-metas-realistas-gestao-projetos","og_locale":"pt_PT","og_type":"article","og_title":"Como definir metas realistas para a gest\u00e3o de projetos (Data de publica\u00e7\u00e3o 31 de agosto de 2023) - Planyard Portugal","og_description":"Preencha o formul\u00e1rio e descarregue o guia de gest\u00e3o de projetos de constru\u00e7\u00e3o e melhore o seu conjunto de compet\u00eancias em gest\u00e3o de projetos.","og_url":"https:\/\/planyard.com\/pt-pt\/definir-metas-realistas-gestao-projetos","og_site_name":"Planyard Portugal","article_modified_time":"2025-05-19T19:07:15+00:00","twitter_card":"summary_large_image","twitter_misc":{"Tempo estimado de leitura":"1 minuto"},"schema":{"@context":"https:\/\/schema.org","@graph":[{"@type":"WebPage","@id":"https:\/\/planyard.com\/pt-pt\/definir-metas-realistas-gestao-projetos","url":"https:\/\/planyard.com\/pt-pt\/definir-metas-realistas-gestao-projetos","name":"Como definir metas realistas para a gest\u00e3o de projetos (Data de publica\u00e7\u00e3o 31 de agosto de 2023) - Planyard Portugal","isPartOf":{"@id":"https:\/\/planyard.com\/pt-pt#website"},"datePublished":"2024-08-26T10:49:36+00:00","dateModified":"2025-05-19T19:07:15+00:00","description":"Preencha o formul\u00e1rio e descarregue o guia de gest\u00e3o de projetos de constru\u00e7\u00e3o e melhore o seu conjunto de compet\u00eancias em gest\u00e3o de projetos.","breadcrumb":{"@id":"https:\/\/planyard.com\/pt-pt\/definir-metas-realistas-gestao-projetos#breadcrumb"},"inLanguage":"pt-PT","potentialAction":[{"@type":"ReadAction","target":["https:\/\/planyard.com\/pt-pt\/definir-metas-realistas-gestao-projetos"]}]},{"@type":"BreadcrumbList","@id":"https:\/\/planyard.com\/pt-pt\/definir-metas-realistas-gestao-projetos#breadcrumb","itemListElement":[{"@type":"ListItem","position":1,"name":"Home","item":"https:\/\/planyard.com\/pt-pt"},{"@type":"ListItem","position":2,"name":"Como definir metas realistas para a gest\u00e3o de projetos (Data de publica\u00e7\u00e3o 31 de agosto de 2023)"}]},{"@type":"WebSite","@id":"https:\/\/planyard.com\/pt-pt#website","url":"https:\/\/planyard.com\/pt-pt","name":"Planyard Portugal","description":"","potentialAction":[{"@type":"SearchAction","target":{"@type":"EntryPoint","urlTemplate":"https:\/\/planyard.com\/pt-pt?s={search_term_string}"},"query-input":{"@type":"PropertyValueSpecification","valueRequired":true,"valueName":"search_term_string"}}],"inLanguage":"pt-PT"}]}},"_links":{"self":[{"href":"https:\/\/planyard.com\/pt-pt\/wp-json\/wp\/v2\/pages\/13496","targetHints":{"allow":["GET"]}}],"collection":[{"href":"https:\/\/planyard.com\/pt-pt\/wp-json\/wp\/v2\/pages"}],"about":[{"href":"https:\/\/planyard.com\/pt-pt\/wp-json\/wp\/v2\/types\/page"}],"author":[{"embeddable":true,"href":"https:\/\/planyard.com\/pt-pt\/wp-json\/wp\/v2\/users\/2"}],"replies":[{"embeddable":true,"href":"https:\/\/planyard.com\/pt-pt\/wp-json\/wp\/v2\/comments?post=13496"}],"version-history":[{"count":3,"href":"https:\/\/planyard.com\/pt-pt\/wp-json\/wp\/v2\/pages\/13496\/revisions"}],"predecessor-version":[{"id":16383,"href":"https:\/\/planyard.com\/pt-pt\/wp-json\/wp\/v2\/pages\/13496\/revisions\/16383"}],"wp:attachment":[{"href":"https:\/\/planyard.com\/pt-pt\/wp-json\/wp\/v2\/media?parent=13496"}],"wp:term":[{"taxonomy":"page_intent","embeddable":true,"href":"https:\/\/planyard.com\/pt-pt\/wp-json\/wp\/v2\/page_intent?post=13496"},{"taxonomy":"page_type","embeddable":true,"href":"https:\/\/planyard.com\/pt-pt\/wp-json\/wp\/v2\/page_type?post=13496"}],"curies":[{"name":"wp","href":"https:\/\/api.w.org\/{rel}","templated":true}]}}