{"id":13488,"date":"2024-08-22T08:14:52","date_gmt":"2024-08-22T08:14:52","guid":{"rendered":"https:\/\/planyard.com\/how-to-create-subcontracts"},"modified":"2025-05-19T19:06:13","modified_gmt":"2025-05-19T19:06:13","slug":"como-criar-subcontratos","status":"publish","type":"page","link":"https:\/\/planyard.com\/pt-pt\/como-criar-subcontratos","title":{"rendered":"Como Criar e Assinar Subcontratos (Data de Publica\u00e7\u00e3o: 27 de Abril de 2023)"},"content":{"rendered":"\n<div class=\"wp-block-columns is-layout-flex wp-container-core-columns-is-layout-9d6595d7 wp-block-columns-is-layout-flex\">\n<div class=\"wp-block-column is-layout-flow wp-block-column-is-layout-flow\">\n<h2 class=\"wp-block-heading\">Subscreva Agora e Enviaremos um Email Quando For Publicado<\/h2>\n\n\n\n<h5 class=\"wp-block-heading\">Como a leitura deste guia o beneficiar\u00e1?<\/h5>\n\n\n\n<ol class=\"wp-block-list\">\n<li>Adquirir\u00e1 o conhecimento necess\u00e1rio para criar e assinar subcontratos<\/li>\n\n\n\n<li>Aprender\u00e1 a melhorar as suas compet\u00eancias em gest\u00e3o de projetos<\/li>\n\n\n\n<li>Aprender\u00e1 a entregar o seu projeto a tempo e dentro do or\u00e7amento<\/li>\n<\/ol>\n\n\n\n<p>Criado por gestores de projeto para gestores de projeto<\/p>\n<\/div>\n\n\n\n<div class=\"wp-block-column is-layout-flow wp-block-column-is-layout-flow\">\n\n\n  hbspt.forms.create({\n\tportalId: &#8220;4963994&#8221;,\n\tformId: &#8220;755fb653-4e2b-44be-8e55-113df2ff998b&#8221;\n});\n\n<\/div>\n<\/div>\n","protected":false},"excerpt":{"rendered":"<p>Subscreva Agora e Enviaremos um Email Quando For Publicado Como a leitura deste guia o beneficiar\u00e1? Criado por gestores de projeto para gestores de projeto hbspt.forms.create({ portalId: &#8220;4963994&#8221;, formId: &#8220;755fb653-4e2b-44be-8e55-113df2ff998b&#8221; });<\/p>\n","protected":false},"author":2,"featured_media":0,"parent":0,"menu_order":0,"comment_status":"closed","ping_status":"closed","template":"","meta":{"_acf_changed":false,"content-type":"","footnotes":""},"page_intent":[168],"page_type":[],"class_list":["post-13488","page","type-page","status-publish","hentry"],"acf":[],"yoast_head":"<!-- This site is optimized with the Yoast SEO plugin v27.1.1 - https:\/\/yoast.com\/product\/yoast-seo-wordpress\/ -->\n<title>Como Criar e Assinar Subcontratos (Data de Publica\u00e7\u00e3o: 27 de Abril de 2023) - Planyard Portugal<\/title>\n<meta name=\"description\" content=\"Preencha o formul\u00e1rio e descarregue o guia de gest\u00e3o de projetos de constru\u00e7\u00e3o e melhore as suas compet\u00eancias em gest\u00e3o de projetos.\" \/>\n<meta name=\"robots\" content=\"index, follow, max-snippet:-1, max-image-preview:large, max-video-preview:-1\" \/>\n<link rel=\"canonical\" href=\"https:\/\/planyard.com\/pt-pt\/como-criar-subcontratos\" \/>\n<meta property=\"og:locale\" content=\"pt_PT\" \/>\n<meta property=\"og:type\" content=\"article\" \/>\n<meta property=\"og:title\" content=\"Como Criar e Assinar Subcontratos (Data de Publica\u00e7\u00e3o: 27 de Abril de 2023) - Planyard Portugal\" \/>\n<meta property=\"og:description\" content=\"Preencha o formul\u00e1rio e descarregue o guia de gest\u00e3o de projetos de constru\u00e7\u00e3o e melhore as suas compet\u00eancias em gest\u00e3o de projetos.\" \/>\n<meta property=\"og:url\" content=\"https:\/\/planyard.com\/pt-pt\/como-criar-subcontratos\" \/>\n<meta property=\"og:site_name\" content=\"Planyard Portugal\" \/>\n<meta property=\"article:modified_time\" content=\"2025-05-19T19:06:13+00:00\" \/>\n<meta name=\"twitter:card\" content=\"summary_large_image\" \/>\n<meta name=\"twitter:label1\" content=\"Tempo estimado de leitura\" \/>\n\t<meta name=\"twitter:data1\" content=\"1 minuto\" \/>\n<!-- \/ Yoast SEO plugin. -->","yoast_head_json":{"title":"Como Criar e Assinar Subcontratos (Data de Publica\u00e7\u00e3o: 27 de Abril de 2023) - Planyard Portugal","description":"Preencha o formul\u00e1rio e descarregue o guia de gest\u00e3o de projetos de constru\u00e7\u00e3o e melhore as suas compet\u00eancias em gest\u00e3o de projetos.","robots":{"index":"index","follow":"follow","max-snippet":"max-snippet:-1","max-image-preview":"max-image-preview:large","max-video-preview":"max-video-preview:-1"},"canonical":"https:\/\/planyard.com\/pt-pt\/como-criar-subcontratos","og_locale":"pt_PT","og_type":"article","og_title":"Como Criar e Assinar Subcontratos (Data de Publica\u00e7\u00e3o: 27 de Abril de 2023) - Planyard Portugal","og_description":"Preencha o formul\u00e1rio e descarregue o guia de gest\u00e3o de projetos de constru\u00e7\u00e3o e melhore as suas compet\u00eancias em gest\u00e3o de projetos.","og_url":"https:\/\/planyard.com\/pt-pt\/como-criar-subcontratos","og_site_name":"Planyard Portugal","article_modified_time":"2025-05-19T19:06:13+00:00","twitter_card":"summary_large_image","twitter_misc":{"Tempo estimado de leitura":"1 minuto"},"schema":{"@context":"https:\/\/schema.org","@graph":[{"@type":"WebPage","@id":"https:\/\/planyard.com\/pt-pt\/como-criar-subcontratos","url":"https:\/\/planyard.com\/pt-pt\/como-criar-subcontratos","name":"Como Criar e Assinar Subcontratos (Data de Publica\u00e7\u00e3o: 27 de Abril de 2023) - Planyard Portugal","isPartOf":{"@id":"https:\/\/planyard.com\/pt-pt#website"},"datePublished":"2024-08-22T08:14:52+00:00","dateModified":"2025-05-19T19:06:13+00:00","description":"Preencha o formul\u00e1rio e descarregue o guia de gest\u00e3o de projetos de constru\u00e7\u00e3o e melhore as suas compet\u00eancias em gest\u00e3o de projetos.","breadcrumb":{"@id":"https:\/\/planyard.com\/pt-pt\/como-criar-subcontratos#breadcrumb"},"inLanguage":"pt-PT","potentialAction":[{"@type":"ReadAction","target":["https:\/\/planyard.com\/pt-pt\/como-criar-subcontratos"]}]},{"@type":"BreadcrumbList","@id":"https:\/\/planyard.com\/pt-pt\/como-criar-subcontratos#breadcrumb","itemListElement":[{"@type":"ListItem","position":1,"name":"Home","item":"https:\/\/planyard.com\/pt-pt"},{"@type":"ListItem","position":2,"name":"Como Criar e Assinar Subcontratos (Data de Publica\u00e7\u00e3o: 27 de Abril de 2023)"}]},{"@type":"WebSite","@id":"https:\/\/planyard.com\/pt-pt#website","url":"https:\/\/planyard.com\/pt-pt","name":"Planyard Portugal","description":"","potentialAction":[{"@type":"SearchAction","target":{"@type":"EntryPoint","urlTemplate":"https:\/\/planyard.com\/pt-pt?s={search_term_string}"},"query-input":{"@type":"PropertyValueSpecification","valueRequired":true,"valueName":"search_term_string"}}],"inLanguage":"pt-PT"}]}},"_links":{"self":[{"href":"https:\/\/planyard.com\/pt-pt\/wp-json\/wp\/v2\/pages\/13488","targetHints":{"allow":["GET"]}}],"collection":[{"href":"https:\/\/planyard.com\/pt-pt\/wp-json\/wp\/v2\/pages"}],"about":[{"href":"https:\/\/planyard.com\/pt-pt\/wp-json\/wp\/v2\/types\/page"}],"author":[{"embeddable":true,"href":"https:\/\/planyard.com\/pt-pt\/wp-json\/wp\/v2\/users\/2"}],"replies":[{"embeddable":true,"href":"https:\/\/planyard.com\/pt-pt\/wp-json\/wp\/v2\/comments?post=13488"}],"version-history":[{"count":3,"href":"https:\/\/planyard.com\/pt-pt\/wp-json\/wp\/v2\/pages\/13488\/revisions"}],"predecessor-version":[{"id":16373,"href":"https:\/\/planyard.com\/pt-pt\/wp-json\/wp\/v2\/pages\/13488\/revisions\/16373"}],"wp:attachment":[{"href":"https:\/\/planyard.com\/pt-pt\/wp-json\/wp\/v2\/media?parent=13488"}],"wp:term":[{"taxonomy":"page_intent","embeddable":true,"href":"https:\/\/planyard.com\/pt-pt\/wp-json\/wp\/v2\/page_intent?post=13488"},{"taxonomy":"page_type","embeddable":true,"href":"https:\/\/planyard.com\/pt-pt\/wp-json\/wp\/v2\/page_type?post=13488"}],"curies":[{"name":"wp","href":"https:\/\/api.w.org\/{rel}","templated":true}]}}