{"id":13479,"date":"2025-03-18T13:23:05","date_gmt":"2025-03-18T13:23:05","guid":{"rendered":"https:\/\/planyard.com\/get-your-free-construction-bid-comparison-template"},"modified":"2025-06-04T06:37:06","modified_gmt":"2025-06-04T06:37:06","slug":"obtenha-o-seu-modelo-gratuito-de-comparacao-de-propostas-de-construcao","status":"publish","type":"page","link":"https:\/\/planyard.com\/pt-pt\/obtenha-o-seu-modelo-gratuito-de-comparacao-de-propostas-de-construcao","title":{"rendered":"Obtenha o Seu Modelo Gratuito de Compara\u00e7\u00e3o de Propostas de Constru\u00e7\u00e3o para Excel ou Google Sheets"},"content":{"rendered":"\n<div class=\"wp-block-columns is-layout-flex wp-container-core-columns-is-layout-9d6595d7 wp-block-columns-is-layout-flex\">\n<div class=\"wp-block-column is-layout-flow wp-block-column-is-layout-flow\">\n<p>Compare rapidamente as suas propostas de constru\u00e7\u00e3o com este modelo f\u00e1cil de usar para Excel ou Google Sheets.<\/p>\n\n\n\n<h5 class=\"wp-block-heading\">Este modelo gratuito \u00e9 projetado para profissionais da constru\u00e7\u00e3o que desejam comparar propostas submetidas entre si para tomar decis\u00f5es de compra informadas.<\/h5>\n\n\n\n<p>Ap\u00f3s preencher o formul\u00e1rio, receber\u00e1 um link de download instant\u00e2neo na sua caixa de entrada.<\/p>\n<\/div>\n\n\n\n<div class=\"wp-block-column is-layout-flow wp-block-column-is-layout-flow\">\n<div id=\"mc_embed_shell\">\n      <link href=\"\/\/cdn-images.mailchimp.com\/embedcode\/classic-061523.css\" rel=\"stylesheet\" type=\"text\/css\">\n  <style type=\"text\/css\">\n        #mc_embed_signup{background:#fff; false;clear:left; font:14px Helvetica,Arial,sans-serif; width: 600px;}\n        \/* Add your own Mailchimp form style overrides in your site stylesheet or in this style block.\n           We recommend moving this block and the preceding CSS link to the HEAD of your HTML file. *\/\n<\/style>\n<div id=\"mc_embed_signup\">\n    <form action=\"https:\/\/fizure.us20.list-manage.com\/subscribe\/post?u=f9f67b9f9dc3438656ad73fc8&amp;id=f8c5dc20cf&amp;f_id=004520eef0\" method=\"post\" id=\"mc-embedded-subscribe-form\" name=\"mc-embedded-subscribe-form\" class=\"validate\" target=\"_blank\">\n        <div id=\"mc_embed_signup_scroll\"><h2>Download The Template<\/h2>\n            <div class=\"indicates-required\"><span class=\"asterisk\">*<\/span> indicates required<\/div>\n            <div class=\"mc-field-group\"><label for=\"mce-EMAIL\">Email Address <span class=\"asterisk\">*<\/span><\/label><input type=\"email\" name=\"EMAIL\" class=\"required email\" id=\"mce-EMAIL\" required=\"\" value=\"\"><\/div><div class=\"mc-field-group\"><label for=\"mce-FNAME\">First Name <\/label><input type=\"text\" name=\"FNAME\" class=\" text\" id=\"mce-FNAME\" value=\"\"><\/div><div class=\"mc-field-group\"><label for=\"mce-LNAME\">Last Name <\/label><input type=\"text\" name=\"LNAME\" class=\" text\" id=\"mce-LNAME\" value=\"\"><\/div><div class=\"mc-field-group\"><label for=\"mce-PHONE\">Phone Number <\/label><input type=\"text\" name=\"PHONE\" class=\"REQ_CSS\" id=\"mce-PHONE\" value=\"\"><\/div><div class=\"mc-field-group\"><label for=\"mce-COMPANY\">Company <span class=\"asterisk\">*<\/span><\/label><input type=\"text\" name=\"COMPANY\" class=\"required text\" id=\"mce-COMPANY\" required=\"\" value=\"\"><\/div><div class=\"mc-field-group\"><label for=\"mce-MMERGE8\">Role <\/label><input type=\"text\" name=\"MMERGE8\" class=\" text\" id=\"mce-MMERGE8\" value=\"\"><\/div>\n<div hidden=\"\"><input type=\"hidden\" name=\"tags\" value=\"4263788\"><\/div>\n        <div id=\"mce-responses\" class=\"clear\">\n            <div class=\"response\" id=\"mce-error-response\" style=\"display: none;\"><\/div>\n            <div class=\"response\" id=\"mce-success-response\" style=\"display: none;\"><\/div>\n        <\/div><div aria-hidden=\"true\" style=\"position: absolute; left: -5000px;\"><input type=\"text\" name=\"b_f9f67b9f9dc3438656ad73fc8_f8c5dc20cf\" tabindex=\"-1\" value=\"\"><\/div><div class=\"clear\"><input type=\"submit\" name=\"subscribe\" id=\"mc-embedded-subscribe\" class=\"button\" value=\"Subscribe\"><\/div>\n    <\/div>\n<\/form>\n<\/div>\n<script type=\"text\/javascript\" src=\"\/\/s3.amazonaws.com\/downloads.mailchimp.com\/js\/mc-validate.js\"><\/script><script type=\"text\/javascript\">(function($) {window.fnames = new Array(); window.ftypes = new Array();fnames[0]='EMAIL';ftypes[0]='email';fnames[1]='FNAME';ftypes[1]='text';fnames[2]='LNAME';ftypes[2]='text';fnames[4]='PHONE';ftypes[4]='phone';fnames[7]='COMPANY';ftypes[7]='text';fnames[8]='MMERGE8';ftypes[8]='text';fnames[3]='ADDRESS';ftypes[3]='address';fnames[5]='BIRTHDAY';ftypes[5]='birthday';fnames[6]='ORIGIN';ftypes[6]='text';}(jQuery));var $mcj = jQuery.noConflict(true);<\/script><\/div>\n\n<\/div>\n<\/div>\n","protected":false},"excerpt":{"rendered":"<p>Compare rapidamente as suas propostas de constru\u00e7\u00e3o com este modelo f\u00e1cil de usar para Excel ou Google Sheets. Este modelo gratuito \u00e9 projetado para profissionais da constru\u00e7\u00e3o que desejam comparar propostas submetidas entre si para tomar decis\u00f5es de compra informadas. Ap\u00f3s preencher o formul\u00e1rio, receber\u00e1 um link de download instant\u00e2neo na sua caixa de entrada&#8230;.  <a class=\"excerpt-read-more\" href=\"https:\/\/planyard.com\/pt-pt\/obtenha-o-seu-modelo-gratuito-de-comparacao-de-propostas-de-construcao\" title=\"L\u00ea  Obtenha o Seu Modelo Gratuito de Compara\u00e7\u00e3o de Propostas de Constru\u00e7\u00e3o para Excel ou Google Sheets\">L\u00ea mais &#8220;<\/a><\/p>\n","protected":false},"author":3,"featured_media":0,"parent":0,"menu_order":0,"comment_status":"closed","ping_status":"closed","template":"","meta":{"_acf_changed":false,"content-type":"","footnotes":""},"page_intent":[168],"page_type":[],"class_list":["post-13479","page","type-page","status-publish","hentry"],"acf":[],"yoast_head":"<!-- This site is optimized with the Yoast SEO plugin v26.9 - https:\/\/yoast.com\/product\/yoast-seo-wordpress\/ -->\n<title>Obtenha o Seu Modelo Gratuito de Compara\u00e7\u00e3o de Propostas de Constru\u00e7\u00e3o<\/title>\n<meta name=\"description\" content=\"Compare rapidamente as suas propostas de constru\u00e7\u00e3o com este modelo f\u00e1cil de usar de compara\u00e7\u00e3o de propostas de constru\u00e7\u00e3o.\" \/>\n<meta name=\"robots\" content=\"index, follow, max-snippet:-1, max-image-preview:large, max-video-preview:-1\" \/>\n<link rel=\"canonical\" href=\"https:\/\/planyard.com\/pt-pt\/obtenha-o-seu-modelo-gratuito-de-comparacao-de-propostas-de-construcao\" \/>\n<meta property=\"og:locale\" content=\"pt_PT\" \/>\n<meta property=\"og:type\" content=\"article\" \/>\n<meta property=\"og:title\" content=\"Obtenha o Seu Modelo Gratuito de Compara\u00e7\u00e3o de Propostas de Constru\u00e7\u00e3o\" \/>\n<meta property=\"og:description\" content=\"Compare rapidamente as suas propostas de constru\u00e7\u00e3o com este modelo f\u00e1cil de usar de compara\u00e7\u00e3o de propostas de constru\u00e7\u00e3o.\" \/>\n<meta property=\"og:url\" content=\"https:\/\/planyard.com\/pt-pt\/obtenha-o-seu-modelo-gratuito-de-comparacao-de-propostas-de-construcao\" \/>\n<meta property=\"og:site_name\" content=\"Planyard Portugal\" \/>\n<meta property=\"article:modified_time\" content=\"2025-06-04T06:37:06+00:00\" \/>\n<meta name=\"twitter:card\" content=\"summary_large_image\" \/>\n<meta name=\"twitter:label1\" content=\"Tempo estimado de leitura\" \/>\n\t<meta name=\"twitter:data1\" content=\"1 minuto\" \/>\n<!-- \/ Yoast SEO plugin. -->","yoast_head_json":{"title":"Obtenha o Seu Modelo Gratuito de Compara\u00e7\u00e3o de Propostas de Constru\u00e7\u00e3o","description":"Compare rapidamente as suas propostas de constru\u00e7\u00e3o com este modelo f\u00e1cil de usar de compara\u00e7\u00e3o de propostas de constru\u00e7\u00e3o.","robots":{"index":"index","follow":"follow","max-snippet":"max-snippet:-1","max-image-preview":"max-image-preview:large","max-video-preview":"max-video-preview:-1"},"canonical":"https:\/\/planyard.com\/pt-pt\/obtenha-o-seu-modelo-gratuito-de-comparacao-de-propostas-de-construcao","og_locale":"pt_PT","og_type":"article","og_title":"Obtenha o Seu Modelo Gratuito de Compara\u00e7\u00e3o de Propostas de Constru\u00e7\u00e3o","og_description":"Compare rapidamente as suas propostas de constru\u00e7\u00e3o com este modelo f\u00e1cil de usar de compara\u00e7\u00e3o de propostas de constru\u00e7\u00e3o.","og_url":"https:\/\/planyard.com\/pt-pt\/obtenha-o-seu-modelo-gratuito-de-comparacao-de-propostas-de-construcao","og_site_name":"Planyard Portugal","article_modified_time":"2025-06-04T06:37:06+00:00","twitter_card":"summary_large_image","twitter_misc":{"Tempo estimado de leitura":"1 minuto"},"schema":{"@context":"https:\/\/schema.org","@graph":[{"@type":"WebPage","@id":"https:\/\/planyard.com\/pt-pt\/obtenha-o-seu-modelo-gratuito-de-comparacao-de-propostas-de-construcao","url":"https:\/\/planyard.com\/pt-pt\/obtenha-o-seu-modelo-gratuito-de-comparacao-de-propostas-de-construcao","name":"Obtenha o Seu Modelo Gratuito de Compara\u00e7\u00e3o de Propostas de Constru\u00e7\u00e3o","isPartOf":{"@id":"https:\/\/planyard.com\/pt-pt#website"},"datePublished":"2025-03-18T13:23:05+00:00","dateModified":"2025-06-04T06:37:06+00:00","description":"Compare rapidamente as suas propostas de constru\u00e7\u00e3o com este modelo f\u00e1cil de usar de compara\u00e7\u00e3o de propostas de constru\u00e7\u00e3o.","breadcrumb":{"@id":"https:\/\/planyard.com\/pt-pt\/obtenha-o-seu-modelo-gratuito-de-comparacao-de-propostas-de-construcao#breadcrumb"},"inLanguage":"pt-PT","potentialAction":[{"@type":"ReadAction","target":["https:\/\/planyard.com\/pt-pt\/obtenha-o-seu-modelo-gratuito-de-comparacao-de-propostas-de-construcao"]}]},{"@type":"BreadcrumbList","@id":"https:\/\/planyard.com\/pt-pt\/obtenha-o-seu-modelo-gratuito-de-comparacao-de-propostas-de-construcao#breadcrumb","itemListElement":[{"@type":"ListItem","position":1,"name":"Home","item":"https:\/\/planyard.com\/pt-pt"},{"@type":"ListItem","position":2,"name":"Obtenha o Seu Modelo Gratuito de Compara\u00e7\u00e3o de Propostas de Constru\u00e7\u00e3o para Excel ou Google Sheets"}]},{"@type":"WebSite","@id":"https:\/\/planyard.com\/pt-pt#website","url":"https:\/\/planyard.com\/pt-pt","name":"Planyard Portugal","description":"","potentialAction":[{"@type":"SearchAction","target":{"@type":"EntryPoint","urlTemplate":"https:\/\/planyard.com\/pt-pt?s={search_term_string}"},"query-input":{"@type":"PropertyValueSpecification","valueRequired":true,"valueName":"search_term_string"}}],"inLanguage":"pt-PT"}]}},"_links":{"self":[{"href":"https:\/\/planyard.com\/pt-pt\/wp-json\/wp\/v2\/pages\/13479","targetHints":{"allow":["GET"]}}],"collection":[{"href":"https:\/\/planyard.com\/pt-pt\/wp-json\/wp\/v2\/pages"}],"about":[{"href":"https:\/\/planyard.com\/pt-pt\/wp-json\/wp\/v2\/types\/page"}],"author":[{"embeddable":true,"href":"https:\/\/planyard.com\/pt-pt\/wp-json\/wp\/v2\/users\/3"}],"replies":[{"embeddable":true,"href":"https:\/\/planyard.com\/pt-pt\/wp-json\/wp\/v2\/comments?post=13479"}],"version-history":[{"count":5,"href":"https:\/\/planyard.com\/pt-pt\/wp-json\/wp\/v2\/pages\/13479\/revisions"}],"predecessor-version":[{"id":17049,"href":"https:\/\/planyard.com\/pt-pt\/wp-json\/wp\/v2\/pages\/13479\/revisions\/17049"}],"wp:attachment":[{"href":"https:\/\/planyard.com\/pt-pt\/wp-json\/wp\/v2\/media?parent=13479"}],"wp:term":[{"taxonomy":"page_intent","embeddable":true,"href":"https:\/\/planyard.com\/pt-pt\/wp-json\/wp\/v2\/page_intent?post=13479"},{"taxonomy":"page_type","embeddable":true,"href":"https:\/\/planyard.com\/pt-pt\/wp-json\/wp\/v2\/page_type?post=13479"}],"curies":[{"name":"wp","href":"https:\/\/api.w.org\/{rel}","templated":true}]}}