{"id":13478,"date":"2025-01-30T10:30:14","date_gmt":"2025-01-30T10:30:14","guid":{"rendered":"https:\/\/planyard.com\/get-the-next-chapter-of-the-master-construction-project-management-guide"},"modified":"2025-05-19T19:11:45","modified_gmt":"2025-05-19T19:11:45","slug":"obtenha-o-proximo-capitulo-do-guia-mestre-de-gestao-de-projetos-de-construcao","status":"publish","type":"page","link":"https:\/\/planyard.com\/pt-pt\/obtenha-o-proximo-capitulo-do-guia-mestre-de-gestao-de-projetos-de-construcao","title":{"rendered":"Obtenha o Pr\u00f3ximo Cap\u00edtulo do Guia Mestre de Gest\u00e3o de Projetos de Constru\u00e7\u00e3o"},"content":{"rendered":"\n<div class=\"wp-block-columns is-layout-flex wp-container-core-columns-is-layout-9d6595d7 wp-block-columns-is-layout-flex\">\n<div class=\"wp-block-column is-layout-flow wp-block-column-is-layout-flow\">\n<p>Quer estar \u00e0 frente na gest\u00e3o de projetos de constru\u00e7\u00e3o? Subscreva para ser notificado quando o pr\u00f3ximo cap\u00edtulo do nosso guia gratuito for lan\u00e7ado\u2014repleto de insights de especialistas para ajudar a otimizar projetos, melhorar o controlo de custos e aumentar a efici\u00eancia.<\/p>\n\n\n\n<h5 class=\"wp-block-heading\">Verifique o cronograma completo de lan\u00e7amentos <a href=\"https:\/\/planyard.com\/free-guide-master-construction-project-management\">aqui<\/a><\/h5>\n<\/div>\n\n\n\n<div class=\"wp-block-column is-layout-flow wp-block-column-is-layout-flow\">\n<div id=\"mc_embed_shell\">\n      \n  \n        #mc_embed_signup{background:#fff; false;clear:left; font:14px Helvetica,Arial,sans-serif; width: 600px;}\n        \/* Add your own Mailchimp form style overrides in your site stylesheet or in this style block.\n           We recommend moving this block and the preceding CSS link to the HEAD of your HTML file. *\/\n\n<div id=\"mc_embed_signup\">\n    \n        <div id=\"mc_embed_signup_scroll\"><h2>Subscrever<\/h2>\n            <div class=\"indicates-required\"><span class=\"asterisk\">*<\/span> indica obrigat\u00f3rio<\/div>\n            <div class=\"mc-field-group\"><label for=\"mce-EMAIL\">Endere\u00e7o de Email <span class=\"asterisk\">*<\/span><\/label><\/div><div class=\"mc-field-group\"><label for=\"mce-FNAME\">Nome <\/label><\/div><div class=\"mc-field-group\"><label for=\"mce-LNAME\">Sobrenome <\/label><\/div><div class=\"mc-field-group\"><label for=\"mce-COMPANY\">Empresa <span class=\"asterisk\">*<\/span><\/label><\/div><div class=\"mc-field-group\"><label for=\"mce-PHONE\">N\u00famero de Telefone <\/label><\/div><div class=\"mc-field-group\"><label for=\"mce-MMERGE8\">Fun\u00e7\u00e3o <span class=\"asterisk\">*<\/span><\/label><\/div>\n<div hidden=\"\"><\/div>\n        <div id=\"mce-responses\" class=\"clear\">\n            <div class=\"response\" id=\"mce-error-response\"><\/div>\n            <div class=\"response\" id=\"mce-success-response\"><\/div>\n        <\/div><div aria-hidden=\"true\" style=\"position: absolute;left: -5000px\"><\/div><div class=\"clear\"><\/div>\n    <\/div>\n\n<\/div>\n(function($) {window.fnames = new Array(); window.ftypes = new Array();fnames[0]=&#8217;EMAIL&#8217;;ftypes[0]=&#8217;email&#8217;;fnames[1]=&#8217;FNAME&#8217;;ftypes[1]=&#8217;text&#8217;;fnames[2]=&#8217;LNAME&#8217;;ftypes[2]=&#8217;text&#8217;;fnames[7]=&#8217;COMPANY&#8217;;ftypes[7]=&#8217;text&#8217;;fnames[4]=&#8217;PHONE&#8217;;ftypes[4]=&#8217;phone&#8217;;fnames[8]=&#8217;MMERGE8&#8242;;ftypes[8]=&#8217;text&#8217;;fnames[3]=&#8217;ADDRESS&#8217;;ftypes[3]=&#8217;address&#8217;;fnames[5]=&#8217;BIRTHDAY&#8217;;ftypes[5]=&#8217;birthday&#8217;;fnames[6]=&#8217;ORIGIN&#8217;;ftypes[6]=&#8217;text&#8217;;}(jQuery));var $mcj = jQuery.noConflict(true);<\/div>\n\n<\/div>\n<\/div>\n\n\n\n<p><\/p>\n","protected":false},"excerpt":{"rendered":"<p>Quer estar \u00e0 frente na gest\u00e3o de projetos de constru\u00e7\u00e3o? Subscreva para ser notificado quando o pr\u00f3ximo cap\u00edtulo do nosso guia gratuito for lan\u00e7ado\u2014repleto de insights de especialistas para ajudar a otimizar projetos, melhorar o controlo de custos e aumentar a efici\u00eancia. Verifique o cronograma completo de lan\u00e7amentos aqui #mc_embed_signup{background:#fff; false;clear:left; font:14px Helvetica,Arial,sans-serif; width: 600px;}&#8230;  <a class=\"excerpt-read-more\" href=\"https:\/\/planyard.com\/pt-pt\/obtenha-o-proximo-capitulo-do-guia-mestre-de-gestao-de-projetos-de-construcao\" title=\"L\u00ea  Obtenha o Pr\u00f3ximo Cap\u00edtulo do Guia Mestre de Gest\u00e3o de Projetos de Constru\u00e7\u00e3o\">L\u00ea mais &#8220;<\/a><\/p>\n","protected":false},"author":4,"featured_media":0,"parent":0,"menu_order":0,"comment_status":"closed","ping_status":"closed","template":"","meta":{"_acf_changed":false,"content-type":"","footnotes":""},"page_intent":[168],"page_type":[],"class_list":["post-13478","page","type-page","status-publish","hentry"],"acf":[],"yoast_head":"<!-- This site is optimized with the Yoast SEO plugin v26.9 - https:\/\/yoast.com\/product\/yoast-seo-wordpress\/ -->\n<title>Obtenha o Pr\u00f3ximo Cap\u00edtulo do Guia Mestre de Gest\u00e3o de Projetos de Constru\u00e7\u00e3o<\/title>\n<meta name=\"description\" content=\"Quer estar \u00e0 frente na gest\u00e3o de projetos de constru\u00e7\u00e3o? Subscreva para ser notificado quando o pr\u00f3ximo cap\u00edtulo do nosso guia gratuito for lan\u00e7ado.\" \/>\n<meta name=\"robots\" content=\"index, follow, max-snippet:-1, max-image-preview:large, max-video-preview:-1\" \/>\n<link rel=\"canonical\" href=\"https:\/\/planyard.com\/pt-pt\/obtenha-o-proximo-capitulo-do-guia-mestre-de-gestao-de-projetos-de-construcao\" \/>\n<meta property=\"og:locale\" content=\"pt_PT\" \/>\n<meta property=\"og:type\" content=\"article\" \/>\n<meta property=\"og:title\" content=\"Obtenha o Pr\u00f3ximo Cap\u00edtulo do Guia Mestre de Gest\u00e3o de Projetos de Constru\u00e7\u00e3o\" \/>\n<meta property=\"og:description\" content=\"Quer estar \u00e0 frente na gest\u00e3o de projetos de constru\u00e7\u00e3o? Subscreva para ser notificado quando o pr\u00f3ximo cap\u00edtulo do nosso guia gratuito for lan\u00e7ado.\" \/>\n<meta property=\"og:url\" content=\"https:\/\/planyard.com\/pt-pt\/obtenha-o-proximo-capitulo-do-guia-mestre-de-gestao-de-projetos-de-construcao\" \/>\n<meta property=\"og:site_name\" content=\"Planyard Portugal\" \/>\n<meta property=\"article:modified_time\" content=\"2025-05-19T19:11:45+00:00\" \/>\n<meta name=\"twitter:card\" content=\"summary_large_image\" \/>\n<meta name=\"twitter:label1\" content=\"Tempo estimado de leitura\" \/>\n\t<meta name=\"twitter:data1\" content=\"1 minuto\" \/>\n<!-- \/ Yoast SEO plugin. -->","yoast_head_json":{"title":"Obtenha o Pr\u00f3ximo Cap\u00edtulo do Guia Mestre de Gest\u00e3o de Projetos de Constru\u00e7\u00e3o","description":"Quer estar \u00e0 frente na gest\u00e3o de projetos de constru\u00e7\u00e3o? Subscreva para ser notificado quando o pr\u00f3ximo cap\u00edtulo do nosso guia gratuito for lan\u00e7ado.","robots":{"index":"index","follow":"follow","max-snippet":"max-snippet:-1","max-image-preview":"max-image-preview:large","max-video-preview":"max-video-preview:-1"},"canonical":"https:\/\/planyard.com\/pt-pt\/obtenha-o-proximo-capitulo-do-guia-mestre-de-gestao-de-projetos-de-construcao","og_locale":"pt_PT","og_type":"article","og_title":"Obtenha o Pr\u00f3ximo Cap\u00edtulo do Guia Mestre de Gest\u00e3o de Projetos de Constru\u00e7\u00e3o","og_description":"Quer estar \u00e0 frente na gest\u00e3o de projetos de constru\u00e7\u00e3o? Subscreva para ser notificado quando o pr\u00f3ximo cap\u00edtulo do nosso guia gratuito for lan\u00e7ado.","og_url":"https:\/\/planyard.com\/pt-pt\/obtenha-o-proximo-capitulo-do-guia-mestre-de-gestao-de-projetos-de-construcao","og_site_name":"Planyard Portugal","article_modified_time":"2025-05-19T19:11:45+00:00","twitter_card":"summary_large_image","twitter_misc":{"Tempo estimado de leitura":"1 minuto"},"schema":{"@context":"https:\/\/schema.org","@graph":[{"@type":"WebPage","@id":"https:\/\/planyard.com\/pt-pt\/obtenha-o-proximo-capitulo-do-guia-mestre-de-gestao-de-projetos-de-construcao","url":"https:\/\/planyard.com\/pt-pt\/obtenha-o-proximo-capitulo-do-guia-mestre-de-gestao-de-projetos-de-construcao","name":"Obtenha o Pr\u00f3ximo Cap\u00edtulo do Guia Mestre de Gest\u00e3o de Projetos de Constru\u00e7\u00e3o","isPartOf":{"@id":"https:\/\/planyard.com\/pt-pt#website"},"datePublished":"2025-01-30T10:30:14+00:00","dateModified":"2025-05-19T19:11:45+00:00","description":"Quer estar \u00e0 frente na gest\u00e3o de projetos de constru\u00e7\u00e3o? Subscreva para ser notificado quando o pr\u00f3ximo cap\u00edtulo do nosso guia gratuito for lan\u00e7ado.","breadcrumb":{"@id":"https:\/\/planyard.com\/pt-pt\/obtenha-o-proximo-capitulo-do-guia-mestre-de-gestao-de-projetos-de-construcao#breadcrumb"},"inLanguage":"pt-PT","potentialAction":[{"@type":"ReadAction","target":["https:\/\/planyard.com\/pt-pt\/obtenha-o-proximo-capitulo-do-guia-mestre-de-gestao-de-projetos-de-construcao"]}]},{"@type":"BreadcrumbList","@id":"https:\/\/planyard.com\/pt-pt\/obtenha-o-proximo-capitulo-do-guia-mestre-de-gestao-de-projetos-de-construcao#breadcrumb","itemListElement":[{"@type":"ListItem","position":1,"name":"Home","item":"https:\/\/planyard.com\/pt-pt"},{"@type":"ListItem","position":2,"name":"Obtenha o Pr\u00f3ximo Cap\u00edtulo do Guia Mestre de Gest\u00e3o de Projetos de Constru\u00e7\u00e3o"}]},{"@type":"WebSite","@id":"https:\/\/planyard.com\/pt-pt#website","url":"https:\/\/planyard.com\/pt-pt","name":"Planyard Portugal","description":"","potentialAction":[{"@type":"SearchAction","target":{"@type":"EntryPoint","urlTemplate":"https:\/\/planyard.com\/pt-pt?s={search_term_string}"},"query-input":{"@type":"PropertyValueSpecification","valueRequired":true,"valueName":"search_term_string"}}],"inLanguage":"pt-PT"}]}},"_links":{"self":[{"href":"https:\/\/planyard.com\/pt-pt\/wp-json\/wp\/v2\/pages\/13478","targetHints":{"allow":["GET"]}}],"collection":[{"href":"https:\/\/planyard.com\/pt-pt\/wp-json\/wp\/v2\/pages"}],"about":[{"href":"https:\/\/planyard.com\/pt-pt\/wp-json\/wp\/v2\/types\/page"}],"author":[{"embeddable":true,"href":"https:\/\/planyard.com\/pt-pt\/wp-json\/wp\/v2\/users\/4"}],"replies":[{"embeddable":true,"href":"https:\/\/planyard.com\/pt-pt\/wp-json\/wp\/v2\/comments?post=13478"}],"version-history":[{"count":3,"href":"https:\/\/planyard.com\/pt-pt\/wp-json\/wp\/v2\/pages\/13478\/revisions"}],"predecessor-version":[{"id":16403,"href":"https:\/\/planyard.com\/pt-pt\/wp-json\/wp\/v2\/pages\/13478\/revisions\/16403"}],"wp:attachment":[{"href":"https:\/\/planyard.com\/pt-pt\/wp-json\/wp\/v2\/media?parent=13478"}],"wp:term":[{"taxonomy":"page_intent","embeddable":true,"href":"https:\/\/planyard.com\/pt-pt\/wp-json\/wp\/v2\/page_intent?post=13478"},{"taxonomy":"page_type","embeddable":true,"href":"https:\/\/planyard.com\/pt-pt\/wp-json\/wp\/v2\/page_type?post=13478"}],"curies":[{"name":"wp","href":"https:\/\/api.w.org\/{rel}","templated":true}]}}