{"id":13474,"date":"2024-08-22T05:54:23","date_gmt":"2024-08-22T05:54:23","guid":{"rendered":"https:\/\/planyard.com\/construction-estimating-template"},"modified":"2025-06-04T06:36:06","modified_gmt":"2025-06-04T06:36:06","slug":"modelo-estimativa-construcao","status":"publish","type":"page","link":"https:\/\/planyard.com\/pt-pt\/modelo-estimativa-construcao","title":{"rendered":"Modelo Gratuito de Estimativa de Constru\u00e7\u00e3o"},"content":{"rendered":"","protected":false},"excerpt":{"rendered":"","protected":false},"author":2,"featured_media":0,"parent":0,"menu_order":0,"comment_status":"closed","ping_status":"closed","template":"","meta":{"_acf_changed":false,"content-type":"","footnotes":""},"page_intent":[168],"page_type":[],"class_list":["post-13474","page","type-page","status-publish","hentry"],"acf":[],"yoast_head":"<!-- This site is optimized with the Yoast SEO plugin v27.1.1 - https:\/\/yoast.com\/product\/yoast-seo-wordpress\/ -->\n<title>Modelo de Estimativa de Constru\u00e7\u00e3o para Gestores de Projeto - Download Gratuito<\/title>\n<meta name=\"description\" content=\"Os modelos de estimativa de constru\u00e7\u00e3o ajudam os gestores de projeto a estimar rapidamente e com precis\u00e3o os custos do projeto. Descarregue a folha de c\u00e1lculo gratuita!\" \/>\n<meta name=\"robots\" content=\"index, follow, max-snippet:-1, max-image-preview:large, max-video-preview:-1\" \/>\n<link rel=\"canonical\" href=\"https:\/\/planyard.com\/pt-pt\/modelo-estimativa-construcao\" \/>\n<meta property=\"og:locale\" content=\"pt_PT\" \/>\n<meta property=\"og:type\" content=\"article\" \/>\n<meta property=\"og:title\" content=\"Modelo de Estimativa de Constru\u00e7\u00e3o para Gestores de Projeto - Download Gratuito\" \/>\n<meta property=\"og:description\" content=\"Os modelos de estimativa de constru\u00e7\u00e3o ajudam os gestores de projeto a estimar rapidamente e com precis\u00e3o os custos do projeto. Descarregue a folha de c\u00e1lculo gratuita!\" \/>\n<meta property=\"og:url\" content=\"https:\/\/planyard.com\/pt-pt\/modelo-estimativa-construcao\" \/>\n<meta property=\"og:site_name\" content=\"Planyard Portugal\" \/>\n<meta property=\"article:modified_time\" content=\"2025-06-04T06:36:06+00:00\" \/>\n<meta name=\"twitter:card\" content=\"summary_large_image\" \/>\n<!-- \/ Yoast SEO plugin. -->","yoast_head_json":{"title":"Modelo de Estimativa de Constru\u00e7\u00e3o para Gestores de Projeto - Download Gratuito","description":"Os modelos de estimativa de constru\u00e7\u00e3o ajudam os gestores de projeto a estimar rapidamente e com precis\u00e3o os custos do projeto. Descarregue a folha de c\u00e1lculo gratuita!","robots":{"index":"index","follow":"follow","max-snippet":"max-snippet:-1","max-image-preview":"max-image-preview:large","max-video-preview":"max-video-preview:-1"},"canonical":"https:\/\/planyard.com\/pt-pt\/modelo-estimativa-construcao","og_locale":"pt_PT","og_type":"article","og_title":"Modelo de Estimativa de Constru\u00e7\u00e3o para Gestores de Projeto - Download Gratuito","og_description":"Os modelos de estimativa de constru\u00e7\u00e3o ajudam os gestores de projeto a estimar rapidamente e com precis\u00e3o os custos do projeto. Descarregue a folha de c\u00e1lculo gratuita!","og_url":"https:\/\/planyard.com\/pt-pt\/modelo-estimativa-construcao","og_site_name":"Planyard Portugal","article_modified_time":"2025-06-04T06:36:06+00:00","twitter_card":"summary_large_image","schema":{"@context":"https:\/\/schema.org","@graph":[{"@type":"WebPage","@id":"https:\/\/planyard.com\/pt-pt\/modelo-estimativa-construcao","url":"https:\/\/planyard.com\/pt-pt\/modelo-estimativa-construcao","name":"Modelo de Estimativa de Constru\u00e7\u00e3o para Gestores de Projeto - Download Gratuito","isPartOf":{"@id":"https:\/\/planyard.com\/pt-pt#website"},"datePublished":"2024-08-22T05:54:23+00:00","dateModified":"2025-06-04T06:36:06+00:00","description":"Os modelos de estimativa de constru\u00e7\u00e3o ajudam os gestores de projeto a estimar rapidamente e com precis\u00e3o os custos do projeto. Descarregue a folha de c\u00e1lculo gratuita!","breadcrumb":{"@id":"https:\/\/planyard.com\/pt-pt\/modelo-estimativa-construcao#breadcrumb"},"inLanguage":"pt-PT","potentialAction":[{"@type":"ReadAction","target":["https:\/\/planyard.com\/pt-pt\/modelo-estimativa-construcao"]}]},{"@type":"BreadcrumbList","@id":"https:\/\/planyard.com\/pt-pt\/modelo-estimativa-construcao#breadcrumb","itemListElement":[{"@type":"ListItem","position":1,"name":"Home","item":"https:\/\/planyard.com\/pt-pt"},{"@type":"ListItem","position":2,"name":"Modelo Gratuito de Estimativa de Constru\u00e7\u00e3o"}]},{"@type":"WebSite","@id":"https:\/\/planyard.com\/pt-pt#website","url":"https:\/\/planyard.com\/pt-pt","name":"Planyard Portugal","description":"","potentialAction":[{"@type":"SearchAction","target":{"@type":"EntryPoint","urlTemplate":"https:\/\/planyard.com\/pt-pt?s={search_term_string}"},"query-input":{"@type":"PropertyValueSpecification","valueRequired":true,"valueName":"search_term_string"}}],"inLanguage":"pt-PT"}]}},"_links":{"self":[{"href":"https:\/\/planyard.com\/pt-pt\/wp-json\/wp\/v2\/pages\/13474","targetHints":{"allow":["GET"]}}],"collection":[{"href":"https:\/\/planyard.com\/pt-pt\/wp-json\/wp\/v2\/pages"}],"about":[{"href":"https:\/\/planyard.com\/pt-pt\/wp-json\/wp\/v2\/types\/page"}],"author":[{"embeddable":true,"href":"https:\/\/planyard.com\/pt-pt\/wp-json\/wp\/v2\/users\/2"}],"replies":[{"embeddable":true,"href":"https:\/\/planyard.com\/pt-pt\/wp-json\/wp\/v2\/comments?post=13474"}],"version-history":[{"count":1,"href":"https:\/\/planyard.com\/pt-pt\/wp-json\/wp\/v2\/pages\/13474\/revisions"}],"predecessor-version":[{"id":13657,"href":"https:\/\/planyard.com\/pt-pt\/wp-json\/wp\/v2\/pages\/13474\/revisions\/13657"}],"wp:attachment":[{"href":"https:\/\/planyard.com\/pt-pt\/wp-json\/wp\/v2\/media?parent=13474"}],"wp:term":[{"taxonomy":"page_intent","embeddable":true,"href":"https:\/\/planyard.com\/pt-pt\/wp-json\/wp\/v2\/page_intent?post=13474"},{"taxonomy":"page_type","embeddable":true,"href":"https:\/\/planyard.com\/pt-pt\/wp-json\/wp\/v2\/page_type?post=13474"}],"curies":[{"name":"wp","href":"https:\/\/api.w.org\/{rel}","templated":true}]}}