{"id":13463,"date":"2024-07-30T17:26:26","date_gmt":"2024-07-30T17:26:26","guid":{"rendered":"https:\/\/planyard.com\/contact"},"modified":"2026-02-12T10:43:54","modified_gmt":"2026-02-12T10:43:54","slug":"contacte-nos","status":"publish","type":"page","link":"https:\/\/planyard.com\/pt-pt\/contacte-nos","title":{"rendered":"Contacte-nos"},"content":{"rendered":"","protected":false},"excerpt":{"rendered":"","protected":false},"author":1,"featured_media":0,"parent":0,"menu_order":0,"comment_status":"closed","ping_status":"closed","template":"","meta":{"_acf_changed":false,"content-type":"","footnotes":""},"page_intent":[183],"page_type":[],"class_list":["post-13463","page","type-page","status-publish","hentry"],"acf":[],"yoast_head":"<!-- This site is optimized with the Yoast SEO plugin v26.9 - https:\/\/yoast.com\/product\/yoast-seo-wordpress\/ -->\n<title>Contacte-nos - Planyard Portugal<\/title>\n<meta name=\"description\" content=\"\u00c9 assim que pode contactar-nos. Se tiver alguma d\u00favida, entre em contacto connosco atrav\u00e9s do formul\u00e1rio ou do chat.\" \/>\n<meta name=\"robots\" content=\"index, follow, max-snippet:-1, max-image-preview:large, max-video-preview:-1\" \/>\n<link rel=\"canonical\" href=\"https:\/\/planyard.com\/pt-pt\/contacte-nos\" \/>\n<meta property=\"og:locale\" content=\"pt_PT\" \/>\n<meta property=\"og:type\" content=\"article\" \/>\n<meta property=\"og:title\" content=\"Contacte-nos - Planyard Portugal\" \/>\n<meta property=\"og:description\" content=\"\u00c9 assim que pode contactar-nos. Se tiver alguma d\u00favida, entre em contacto connosco atrav\u00e9s do formul\u00e1rio ou do chat.\" \/>\n<meta property=\"og:url\" content=\"https:\/\/planyard.com\/pt-pt\/contacte-nos\" \/>\n<meta property=\"og:site_name\" content=\"Planyard Portugal\" \/>\n<meta property=\"article:modified_time\" content=\"2026-02-12T10:43:54+00:00\" \/>\n<meta name=\"twitter:card\" content=\"summary_large_image\" \/>\n<!-- \/ Yoast SEO plugin. -->","yoast_head_json":{"title":"Contacte-nos - Planyard Portugal","description":"\u00c9 assim que pode contactar-nos. Se tiver alguma d\u00favida, entre em contacto connosco atrav\u00e9s do formul\u00e1rio ou do chat.","robots":{"index":"index","follow":"follow","max-snippet":"max-snippet:-1","max-image-preview":"max-image-preview:large","max-video-preview":"max-video-preview:-1"},"canonical":"https:\/\/planyard.com\/pt-pt\/contacte-nos","og_locale":"pt_PT","og_type":"article","og_title":"Contacte-nos - Planyard Portugal","og_description":"\u00c9 assim que pode contactar-nos. Se tiver alguma d\u00favida, entre em contacto connosco atrav\u00e9s do formul\u00e1rio ou do chat.","og_url":"https:\/\/planyard.com\/pt-pt\/contacte-nos","og_site_name":"Planyard Portugal","article_modified_time":"2026-02-12T10:43:54+00:00","twitter_card":"summary_large_image","schema":{"@context":"https:\/\/schema.org","@graph":[{"@type":"WebPage","@id":"https:\/\/planyard.com\/pt-pt\/contacte-nos","url":"https:\/\/planyard.com\/pt-pt\/contacte-nos","name":"Contacte-nos - Planyard Portugal","isPartOf":{"@id":"https:\/\/planyard.com\/pt-pt#website"},"datePublished":"2024-07-30T17:26:26+00:00","dateModified":"2026-02-12T10:43:54+00:00","description":"\u00c9 assim que pode contactar-nos. Se tiver alguma d\u00favida, entre em contacto connosco atrav\u00e9s do formul\u00e1rio ou do chat.","breadcrumb":{"@id":"https:\/\/planyard.com\/pt-pt\/contacte-nos#breadcrumb"},"inLanguage":"pt-PT","potentialAction":[{"@type":"ReadAction","target":["https:\/\/planyard.com\/pt-pt\/contacte-nos"]}]},{"@type":"BreadcrumbList","@id":"https:\/\/planyard.com\/pt-pt\/contacte-nos#breadcrumb","itemListElement":[{"@type":"ListItem","position":1,"name":"Home","item":"https:\/\/planyard.com\/pt-pt"},{"@type":"ListItem","position":2,"name":"Contacte-nos"}]},{"@type":"WebSite","@id":"https:\/\/planyard.com\/pt-pt#website","url":"https:\/\/planyard.com\/pt-pt","name":"Planyard Portugal","description":"","potentialAction":[{"@type":"SearchAction","target":{"@type":"EntryPoint","urlTemplate":"https:\/\/planyard.com\/pt-pt?s={search_term_string}"},"query-input":{"@type":"PropertyValueSpecification","valueRequired":true,"valueName":"search_term_string"}}],"inLanguage":"pt-PT"}]}},"_links":{"self":[{"href":"https:\/\/planyard.com\/pt-pt\/wp-json\/wp\/v2\/pages\/13463","targetHints":{"allow":["GET"]}}],"collection":[{"href":"https:\/\/planyard.com\/pt-pt\/wp-json\/wp\/v2\/pages"}],"about":[{"href":"https:\/\/planyard.com\/pt-pt\/wp-json\/wp\/v2\/types\/page"}],"author":[{"embeddable":true,"href":"https:\/\/planyard.com\/pt-pt\/wp-json\/wp\/v2\/users\/1"}],"replies":[{"embeddable":true,"href":"https:\/\/planyard.com\/pt-pt\/wp-json\/wp\/v2\/comments?post=13463"}],"version-history":[{"count":1,"href":"https:\/\/planyard.com\/pt-pt\/wp-json\/wp\/v2\/pages\/13463\/revisions"}],"predecessor-version":[{"id":13600,"href":"https:\/\/planyard.com\/pt-pt\/wp-json\/wp\/v2\/pages\/13463\/revisions\/13600"}],"wp:attachment":[{"href":"https:\/\/planyard.com\/pt-pt\/wp-json\/wp\/v2\/media?parent=13463"}],"wp:term":[{"taxonomy":"page_intent","embeddable":true,"href":"https:\/\/planyard.com\/pt-pt\/wp-json\/wp\/v2\/page_intent?post=13463"},{"taxonomy":"page_type","embeddable":true,"href":"https:\/\/planyard.com\/pt-pt\/wp-json\/wp\/v2\/page_type?post=13463"}],"curies":[{"name":"wp","href":"https:\/\/api.w.org\/{rel}","templated":true}]}}