{"id":13462,"date":"2024-12-05T13:29:27","date_gmt":"2024-12-05T13:29:27","guid":{"rendered":"https:\/\/planyard.com\/construction-templates"},"modified":"2025-05-19T19:08:34","modified_gmt":"2025-05-19T19:08:34","slug":"biblioteca-de-modelos-de-construcao","status":"publish","type":"page","link":"https:\/\/planyard.com\/pt-pt\/biblioteca-de-modelos-de-construcao","title":{"rendered":"Biblioteca de Modelos de Constru\u00e7\u00e3o"},"content":{"rendered":"\n<div class=\"wp-block-media-text is-stacked-on-mobile\"><figure class=\"wp-block-media-text__media\"><img loading=\"lazy\" decoding=\"async\" width=\"1080\" height=\"1080\" src=\"https:\/\/planyard.com\/wp-content\/uploads\/2024\/12\/construction_contract_template.png\" alt=\"Construction contract template\" class=\"wp-image-7944 size-full\" srcset=\"https:\/\/planyard.com\/wp-content\/uploads\/2024\/12\/construction_contract_template.png 1080w, https:\/\/planyard.com\/wp-content\/uploads\/2024\/12\/construction_contract_template-150x150.png 150w\" sizes=\"auto, (max-width: 1080px) 100vw, 1080px\" \/><\/figure><div class=\"wp-block-media-text__content\">\n<p>Bem-vindo \u00e0 nossa abrangente biblioteca de modelos de constru\u00e7\u00e3o, projetada para otimizar o seu projeto desde o in\u00edcio at\u00e9 \u00e0 conclus\u00e3o.<\/p>\n\n\n\n<p>Seja um empreiteiro experiente ou um gestor de projeto novo na \u00e1rea, os nossos modelos fornecem as ferramentas necess\u00e1rias para um planeamento, execu\u00e7\u00e3o e gest\u00e3o eficientes.<\/p>\n\n\n\n<p><\/p>\n<\/div><\/div>\n\n\n\n<p><\/p>\n\n\n\n<p>Explore os nossos modelos categorizados abaixo para encontrar exatamente o que precisa para dar vida ao seu projeto de constru\u00e7\u00e3o. A lista de modelos ser\u00e1 ampliada e melhorada ao longo do tempo. Se sentir falta de algum modelo nesta lista, por favor, informe-nos.<\/p>\n\n\n\n<h2 class=\"wp-block-heading\">Modelos de C\u00f3digos de Custo<\/h2>\n\n\n\n<p><em>V\u00e1rias op\u00e7\u00f5es <\/em>para c\u00f3digos de custo, dependendo do seu projeto e regi\u00e3o.<\/p>\n\n\n\n<ul class=\"wp-block-list\">\n<li><strong><a href=\"https:\/\/planyard.com\/blog\/aia-construction-codes-for-construction-billing\">Modelo de C\u00f3digos de Custo AIA<\/a><\/strong><\/li>\n\n\n\n<li><strong><a href=\"https:\/\/planyard.com\/pt-pt\/codigos-de-custo-nahb\">Modelo de C\u00f3digos de Custo NAHB<\/a><\/strong><\/li>\n\n\n\n<li><strong><a href=\"https:\/\/planyard.com\/pt-pt\/codigos-de-custo-na-construcao-para-gestores-de-projeto\">Modelo Detalhado de C\u00f3digos de Custo<\/a><\/strong><\/li>\n\n\n\n<li><strong>Modelo de Mapeamento de C\u00f3digo de Custo para o Raz\u00e3o Geral (em breve)<\/strong><\/li>\n<\/ul>\n\n\n\n<h2 class=\"wp-block-heading\">Modelos de Planeamento de Projetos<\/h2>\n\n\n\n<p><em>Estabele\u00e7a uma base s\u00f3lida para o seu projeto com estas ferramentas de planeamento essenciais.<\/em><\/p>\n\n\n\n<ul class=\"wp-block-list\">\n<li><strong><a href=\"https:\/\/planyard.com\/pt-pt\/modelo-de-orcamento-de-construcao\">Modelo de Or\u00e7amento de Constru\u00e7\u00e3o<\/a><\/strong><\/li>\n\n\n\n<li><a href=\"https:\/\/planyard.com\/pt-pt\/modelo-estimativa-construcao\"><strong>Modelo de Estimativa de Constru\u00e7\u00e3o<\/strong><\/a><\/li>\n\n\n\n<li><strong><a href=\"https:\/\/planyard.com\/pt-pt\/modelo-de-proposta-de-construcao\">Modelo de Proposta de Projeto<\/a><\/strong><\/li>\n\n\n\n<li><a href=\"https:\/\/planyard.com\/pt-pt\/modelo-gratuito-de-cronograma-de-construcao-para-excel-faca-o-download-agora\"><strong>Modelo de Cronograma de Constru\u00e7\u00e3o<\/strong><\/a><\/li>\n\n\n\n<li><strong>Modelo de Aloca\u00e7\u00e3o de Recursos<strong> (em breve)<\/strong><\/strong><\/li>\n<\/ul>\n\n\n\n<h2 class=\"wp-block-heading\">Modelos de Gest\u00e3o de Projetos<\/h2>\n\n\n\n<p><em>Mantenha o seu projeto no caminho certo e os interessados informados com estas ferramentas de gest\u00e3o.<\/em><\/p>\n\n\n\n<ul class=\"wp-block-list\">\n<li><strong><a href=\"https:\/\/planyard.com\/pt-pt\/modelo-reconciliacao-custo-valor\">Modelo de Reconcilia\u00e7\u00e3o de Custo-Valor de Constru\u00e7\u00e3o<\/a><\/strong><\/li>\n\n\n\n<li><strong>Modelo de Gr\u00e1fico de Gantt<strong><strong> (em breve)<\/strong><\/strong><\/strong><\/li>\n\n\n\n<li><strong>Modelo de Relat\u00f3rio de Progresso<strong><strong> (em breve)<\/strong><\/strong><\/strong><\/li>\n\n\n\n<li><strong>Modelo de Ordem de Altera\u00e7\u00e3o<strong><strong> (em breve)<\/strong><\/strong><\/strong><\/li>\n\n\n\n<li><strong>Plano de Comunica\u00e7\u00e3o com Stakeholders<strong><strong> (em breve)<\/strong><\/strong><\/strong><\/li>\n<\/ul>\n\n\n\n<h2 class=\"wp-block-heading\">Modelos de Documenta\u00e7\u00e3o e Contratos<\/h2>\n\n\n\n<p><em>Gerencie legalidades e documenta\u00e7\u00e3o sem esfor\u00e7o com estes modelos abrangentes.<\/em><\/p>\n\n\n\n<ul class=\"wp-block-list\">\n<li><strong><a href=\"https:\/\/planyard.com\/pt-pt\/modelo-de-contrato-de-construcao\">Modelo de Contrato de Constru\u00e7\u00e3o<\/a><\/strong><\/li>\n\n\n\n<li><strong><a href=\"https:\/\/planyard.com\/pt-pt\/modelo-de-fatura-de-construcao\">Modelo de Fatura de Constru\u00e7\u00e3o<\/a><\/strong><\/li>\n\n\n\n<li><strong>Modelo de Ordem de Trabalho (em breve)<\/strong><\/li>\n\n\n\n<li><strong>Modelo de Lista de Verifica\u00e7\u00e3o<strong> (em breve)<\/strong><\/strong><\/li>\n<\/ul>\n\n\n\n<h2 class=\"wp-block-heading\">Modelos de Seguran\u00e7a e Conformidade<\/h2>\n\n\n\n<p><em>Garanta que o seu projeto cumpre todas as normas de seguran\u00e7a e requisitos regulamentares.<\/em><\/p>\n\n\n\n<ul class=\"wp-block-list\">\n<li><strong>Modelo de Plano de Seguran\u00e7a<strong> (em breve)<\/strong><\/strong><\/li>\n\n\n\n<li><strong>Modelo de Avalia\u00e7\u00e3o de Risco<strong> (em breve)<\/strong><\/strong><\/li>\n\n\n\n<li><strong>Lista de Verifica\u00e7\u00e3o de Conformidade Regulamentar<strong> (em breve)<\/strong><\/strong><\/li>\n\n\n\n<li><strong>Modelo de Relat\u00f3rio de Incidente<strong> (em breve)<\/strong><\/strong><\/li>\n<\/ul>\n\n\n\n<p>Sinta-se \u00e0 vontade para baixar e personalizar estes modelos para atender \u00e0s necessidades espec\u00edficas do seu projeto. Cada modelo \u00e9 elaborado para ajud\u00e1-lo a economizar tempo, reduzir erros e garantir que todos os aspectos do seu processo de constru\u00e7\u00e3o sejam bem documentados e geridos profissionalmente.<\/p>\n\n\n\n<p>Procuramos fornecer os nossos documentos de forma a estarem atualizados com as <a href=\"https:\/\/www.hse.gov.uk\/construction\/index.htm\">regulamenta\u00e7\u00f5es HSE<\/a>, <a href=\"https:\/\/www.osha.gov\/construction\">regulamenta\u00e7\u00f5es OSHA<\/a>, entre outras &#8211; pode haver alguns documentos que ainda n\u00e3o foram atualizados. Se for esse o caso, por favor, informe-nos.<\/p>\n","protected":false},"excerpt":{"rendered":"<p>Bem-vindo \u00e0 nossa abrangente biblioteca de modelos de constru\u00e7\u00e3o, projetada para otimizar o seu projeto desde o in\u00edcio at\u00e9 \u00e0 conclus\u00e3o. Seja um empreiteiro experiente ou um gestor de projeto novo na \u00e1rea, os nossos modelos fornecem as ferramentas necess\u00e1rias para um planeamento, execu\u00e7\u00e3o e gest\u00e3o eficientes. Explore os nossos modelos categorizados abaixo para encontrar&#8230;  <a class=\"excerpt-read-more\" href=\"https:\/\/planyard.com\/pt-pt\/biblioteca-de-modelos-de-construcao\" title=\"L\u00ea  Biblioteca de Modelos de Constru\u00e7\u00e3o\">L\u00ea mais &#8220;<\/a><\/p>\n","protected":false},"author":3,"featured_media":0,"parent":0,"menu_order":0,"comment_status":"closed","ping_status":"closed","template":"","meta":{"_acf_changed":false,"content-type":"","footnotes":""},"page_intent":[168],"page_type":[],"class_list":["post-13462","page","type-page","status-publish","hentry"],"acf":[],"yoast_head":"<!-- This site is optimized with the Yoast SEO plugin v27.1.1 - https:\/\/yoast.com\/product\/yoast-seo-wordpress\/ -->\n<title>Biblioteca de Modelos de Constru\u00e7\u00e3o - Downloads Gratuitos - Planyard Portugal<\/title>\n<meta name=\"description\" content=\"Modelos gratuitos de constru\u00e7\u00e3o para planeamento, design, seguran\u00e7a ou documenta\u00e7\u00e3o. Melhore a sua gest\u00e3o de projetos com modelos personaliz\u00e1veis.\" \/>\n<meta name=\"robots\" content=\"index, follow, max-snippet:-1, max-image-preview:large, max-video-preview:-1\" \/>\n<link rel=\"canonical\" href=\"https:\/\/planyard.com\/pt-pt\/biblioteca-de-modelos-de-construcao\" \/>\n<meta property=\"og:locale\" content=\"pt_PT\" \/>\n<meta property=\"og:type\" content=\"article\" \/>\n<meta property=\"og:title\" content=\"Biblioteca de Modelos de Constru\u00e7\u00e3o - Downloads Gratuitos - Planyard Portugal\" \/>\n<meta property=\"og:description\" content=\"Modelos gratuitos de constru\u00e7\u00e3o para planeamento, design, seguran\u00e7a ou documenta\u00e7\u00e3o. Melhore a sua gest\u00e3o de projetos com modelos personaliz\u00e1veis.\" \/>\n<meta property=\"og:url\" content=\"https:\/\/planyard.com\/pt-pt\/biblioteca-de-modelos-de-construcao\" \/>\n<meta property=\"og:site_name\" content=\"Planyard Portugal\" \/>\n<meta property=\"article:modified_time\" content=\"2025-05-19T19:08:34+00:00\" \/>\n<meta property=\"og:image\" content=\"https:\/\/planyard.com\/wp-content\/uploads\/2024\/12\/construction_contract_template.png\" \/>\n\t<meta property=\"og:image:width\" content=\"1080\" \/>\n\t<meta property=\"og:image:height\" content=\"1080\" \/>\n\t<meta property=\"og:image:type\" content=\"image\/png\" \/>\n<meta name=\"twitter:card\" content=\"summary_large_image\" \/>\n<meta name=\"twitter:label1\" content=\"Tempo estimado de leitura\" \/>\n\t<meta name=\"twitter:data1\" content=\"2 minutos\" \/>\n<!-- \/ Yoast SEO plugin. -->","yoast_head_json":{"title":"Biblioteca de Modelos de Constru\u00e7\u00e3o - Downloads Gratuitos - Planyard Portugal","description":"Modelos gratuitos de constru\u00e7\u00e3o para planeamento, design, seguran\u00e7a ou documenta\u00e7\u00e3o. Melhore a sua gest\u00e3o de projetos com modelos personaliz\u00e1veis.","robots":{"index":"index","follow":"follow","max-snippet":"max-snippet:-1","max-image-preview":"max-image-preview:large","max-video-preview":"max-video-preview:-1"},"canonical":"https:\/\/planyard.com\/pt-pt\/biblioteca-de-modelos-de-construcao","og_locale":"pt_PT","og_type":"article","og_title":"Biblioteca de Modelos de Constru\u00e7\u00e3o - Downloads Gratuitos - Planyard Portugal","og_description":"Modelos gratuitos de constru\u00e7\u00e3o para planeamento, design, seguran\u00e7a ou documenta\u00e7\u00e3o. Melhore a sua gest\u00e3o de projetos com modelos personaliz\u00e1veis.","og_url":"https:\/\/planyard.com\/pt-pt\/biblioteca-de-modelos-de-construcao","og_site_name":"Planyard Portugal","article_modified_time":"2025-05-19T19:08:34+00:00","og_image":[{"width":1080,"height":1080,"url":"https:\/\/planyard.com\/wp-content\/uploads\/2024\/12\/construction_contract_template.png","type":"image\/png"}],"twitter_card":"summary_large_image","twitter_misc":{"Tempo estimado de leitura":"2 minutos"},"schema":{"@context":"https:\/\/schema.org","@graph":[{"@type":"WebPage","@id":"https:\/\/planyard.com\/pt-pt\/biblioteca-de-modelos-de-construcao","url":"https:\/\/planyard.com\/pt-pt\/biblioteca-de-modelos-de-construcao","name":"Biblioteca de Modelos de Constru\u00e7\u00e3o - Downloads Gratuitos - Planyard Portugal","isPartOf":{"@id":"https:\/\/planyard.com\/pt-pt#website"},"primaryImageOfPage":{"@id":"https:\/\/planyard.com\/pt-pt\/biblioteca-de-modelos-de-construcao#primaryimage"},"image":{"@id":"https:\/\/planyard.com\/pt-pt\/biblioteca-de-modelos-de-construcao#primaryimage"},"thumbnailUrl":"https:\/\/planyard.com\/wp-content\/uploads\/2024\/12\/construction_contract_template.png","datePublished":"2024-12-05T13:29:27+00:00","dateModified":"2025-05-19T19:08:34+00:00","description":"Modelos gratuitos de constru\u00e7\u00e3o para planeamento, design, seguran\u00e7a ou documenta\u00e7\u00e3o. Melhore a sua gest\u00e3o de projetos com modelos personaliz\u00e1veis.","breadcrumb":{"@id":"https:\/\/planyard.com\/pt-pt\/biblioteca-de-modelos-de-construcao#breadcrumb"},"inLanguage":"pt-PT","potentialAction":[{"@type":"ReadAction","target":["https:\/\/planyard.com\/pt-pt\/biblioteca-de-modelos-de-construcao"]}]},{"@type":"ImageObject","inLanguage":"pt-PT","@id":"https:\/\/planyard.com\/pt-pt\/biblioteca-de-modelos-de-construcao#primaryimage","url":"https:\/\/planyard.com\/wp-content\/uploads\/2024\/12\/construction_contract_template.png","contentUrl":"https:\/\/planyard.com\/wp-content\/uploads\/2024\/12\/construction_contract_template.png"},{"@type":"BreadcrumbList","@id":"https:\/\/planyard.com\/pt-pt\/biblioteca-de-modelos-de-construcao#breadcrumb","itemListElement":[{"@type":"ListItem","position":1,"name":"Home","item":"https:\/\/planyard.com\/pt-pt"},{"@type":"ListItem","position":2,"name":"Biblioteca de Modelos de Constru\u00e7\u00e3o"}]},{"@type":"WebSite","@id":"https:\/\/planyard.com\/pt-pt#website","url":"https:\/\/planyard.com\/pt-pt","name":"Planyard Portugal","description":"","potentialAction":[{"@type":"SearchAction","target":{"@type":"EntryPoint","urlTemplate":"https:\/\/planyard.com\/pt-pt?s={search_term_string}"},"query-input":{"@type":"PropertyValueSpecification","valueRequired":true,"valueName":"search_term_string"}}],"inLanguage":"pt-PT"}]}},"_links":{"self":[{"href":"https:\/\/planyard.com\/pt-pt\/wp-json\/wp\/v2\/pages\/13462","targetHints":{"allow":["GET"]}}],"collection":[{"href":"https:\/\/planyard.com\/pt-pt\/wp-json\/wp\/v2\/pages"}],"about":[{"href":"https:\/\/planyard.com\/pt-pt\/wp-json\/wp\/v2\/types\/page"}],"author":[{"embeddable":true,"href":"https:\/\/planyard.com\/pt-pt\/wp-json\/wp\/v2\/users\/3"}],"replies":[{"embeddable":true,"href":"https:\/\/planyard.com\/pt-pt\/wp-json\/wp\/v2\/comments?post=13462"}],"version-history":[{"count":3,"href":"https:\/\/planyard.com\/pt-pt\/wp-json\/wp\/v2\/pages\/13462\/revisions"}],"predecessor-version":[{"id":16390,"href":"https:\/\/planyard.com\/pt-pt\/wp-json\/wp\/v2\/pages\/13462\/revisions\/16390"}],"wp:attachment":[{"href":"https:\/\/planyard.com\/pt-pt\/wp-json\/wp\/v2\/media?parent=13462"}],"wp:term":[{"taxonomy":"page_intent","embeddable":true,"href":"https:\/\/planyard.com\/pt-pt\/wp-json\/wp\/v2\/page_intent?post=13462"},{"taxonomy":"page_type","embeddable":true,"href":"https:\/\/planyard.com\/pt-pt\/wp-json\/wp\/v2\/page_type?post=13462"}],"curies":[{"name":"wp","href":"https:\/\/api.w.org\/{rel}","templated":true}]}}