{"id":13457,"date":"2025-01-29T11:49:32","date_gmt":"2025-01-29T11:49:32","guid":{"rendered":"https:\/\/planyard.com\/free-guide-master-construction-project-management"},"modified":"2025-05-19T19:08:02","modified_gmt":"2025-05-19T19:08:02","slug":"guia-gratis-domine-gestao-de-projetos-de-construcao","status":"publish","type":"page","link":"https:\/\/planyard.com\/pt-pt\/guia-gratis-domine-gestao-de-projetos-de-construcao","title":{"rendered":"Gest\u00e3o de Projetos de Constru\u00e7\u00e3o: Um Guia Pr\u00e1tico em 10 Passos"},"content":{"rendered":"\n<h2 class=\"wp-block-heading\">A Mentalidade de um Gestor de Projetos de Constru\u00e7\u00e3o<\/h2>\n\n\n\n<p>Quando pensa em gest\u00e3o de projetos de constru\u00e7\u00e3o, \u00e9 f\u00e1cil perder-se na complexidade. H\u00e1 cronogramas para elaborar, contratos para rever, or\u00e7amentos para monitorizar e dezenas de pessoas a pedir as suas decis\u00f5es. \u00c9 o caos\u2014um caos controlado, se o fizer corretamente.<\/p>\n\n\n\n<p>Nos \u00faltimos 20 anos, trabalhei em projetos que v\u00e3o desde renova\u00e7\u00f5es de 104.023,00 $ (\u20ac100.000) at\u00e9 constru\u00e7\u00f5es de infraestruturas de mil milh\u00f5es de euros. Centrais nucleares, sistemas avan\u00e7ados de AVAC e aceleradores de part\u00edculas s\u00e3o apenas alguns exemplos. Os riscos eram elevados, os prazos apertados e as equipas t\u00e3o diversas quanto os desafios que enfrent\u00e1mos.<\/p>\n\n\n\n<p>Durante todo esse tempo, percebi algo fundamental: as ferramentas e o software n\u00e3o tornam o projeto bem-sucedido. <em>A sua mentalidade sim.<\/em> Pode ter os melhores recursos \u00e0 sua disposi\u00e7\u00e3o, mas se n\u00e3o abordar o projeto com os h\u00e1bitos, princ\u00edpios e sistemas corretos, ele vai falhar.<\/p>\n\n\n\n<p>Este guia n\u00e3o \u00e9 sobre teorias elevadas ou o que leria num manual de certifica\u00e7\u00e3o de gest\u00e3o de projetos. \u00c9 uma vers\u00e3o destilada de li\u00e7\u00f5es aprendidas da maneira mais dif\u00edcil\u2014no local, em reuni\u00f5es e durante momentos em que parecia que tudo estava a desmoronar-se.<\/p>\n\n\n\n<h2 class=\"wp-block-heading\">Por Que Escrevi Este Guia<\/h2>\n\n\n\n<p>Nos meus primeiros dias como gestor de projetos, muitas vezes desejei algo que agora chamo de &#8220;manual de campo.&#8221; Um recurso que n\u00e3o desse li\u00e7\u00f5es, mas oferecesse conselhos pr\u00e1ticos para aqueles momentos em que a press\u00e3o est\u00e1 alta. O que deve fazer quando a aquisi\u00e7\u00e3o falha no \u00faltimo minuto? Ou quando os atrasos de um subempreiteiro amea\u00e7am descarrilar o cronograma?<\/p>\n\n\n\n<p>N\u00e3o tinha tal manual. Em vez disso, tive tentativa e erro. Cometi erros, corrigi-os e aprendi.<\/p>\n\n\n\n<p>Hoje, depois de gerir in\u00fameros projetos, notei padr\u00f5es. Os problemas podem parecer diferentes \u00e0 superf\u00edcie, mas por baixo, partilham semelhan\u00e7as. As estrat\u00e9gias que funcionaram para um projeto de mil milh\u00f5es de d\u00f3lares muitas vezes funcionam igualmente bem para um projeto de 520.115,00 $ (\u20ac500.000). Este guia \u00e9 a minha tentativa de documentar essas estrat\u00e9gias\u2014para lhe dar algo que gostaria de ter tido no in\u00edcio.<\/p>\n\n\n\n<h2 class=\"wp-block-heading\"><strong>O Que Este Guia Abrange<\/strong><\/h2>\n\n\n\n<p>Este \u00e9 um guia de 10 cap\u00edtulos. Cada cap\u00edtulo foca-se num \u00fanico aspeto da gest\u00e3o de projetos. Pense nele como uma lista de verifica\u00e7\u00e3o ou uma s\u00e9rie de &#8220;regras pr\u00e1ticas&#8221; que pode revisitar antes de iniciar um novo projeto.<\/p>\n\n\n\n<p>Veja os cap\u00edtulos:<\/p>\n\n\n\n<ol class=\"wp-block-list\">\n<li><strong>Criar e Acompanhar Cronogramas de Projetos<\/strong> <br>Por que os cronogramas falham e como criar aqueles que n\u00e3o falham. <a href=\"https:\/\/planyard.com\/pt-pt\/programacao-de-construcao\">Leia mais aqui<\/a><\/li>\n\n\n\n<li><strong>Concursos de Constru\u00e7\u00e3o<\/strong> <br>Como realizar processos de concurso suaves que minimizam o risco. <a href=\"https:\/\/planyard.com\/pt-pt\/licitacao-construcao-guia\">Leia mais aqui<\/a><\/li>\n\n\n\n<li><strong>Revis\u00e3o de Projetos na Pr\u00e9-constru\u00e7\u00e3o<\/strong> <br>A arte de dissecar planos para encontrar riscos antes que se tornem problemas. <a href=\"https:\/\/planyard.com\/pt-pt\/guia-de-pre-construcao-para-gestores-de-projetos-lista-de-verificacao\">Leia mais aqui<\/a><\/li>\n\n\n\n<li><strong>Gest\u00e3o de Contratos<\/strong> <br>Escolher os contratos certos e negociar termos que protejam o seu projeto. <a href=\"https:\/\/planyard.com\/pt-pt\/guia-de-gestao-de-contratos-de-construcao\">Leia mais aqui<\/a><\/li>\n\n\n\n<li><strong>Delega\u00e7\u00e3o e Motiva\u00e7\u00e3o<\/strong> <br>Liderar a sua equipa de forma eficaz\u2014mesmo quando os recursos s\u00e3o escassos. (Ser\u00e1 publicado em 26 de mar\u00e7o de 2025; subscreva <a href=\"https:\/\/planyard.com\/pt-pt\/obtenha-o-proximo-capitulo-do-guia-mestre-de-gestao-de-projetos-de-construcao\">aqui<\/a> para receber por e-mail) <\/li>\n\n\n\n<li><strong>Reuni\u00f5es Que Importam<\/strong> <br>Evitar as armadilhas de tempo das reuni\u00f5es enquanto ainda impulsiona o progresso. (Ser\u00e1 publicado em 9 de abril de 2025; subscreva <a href=\"https:\/\/planyard.com\/pt-pt\/obtenha-o-proximo-capitulo-do-guia-mestre-de-gestao-de-projetos-de-construcao\">aqui<\/a> para receber por e-mail)<\/li>\n\n\n\n<li><strong>Monitoriza\u00e7\u00e3o de Custos<\/strong>  <br>Estrat\u00e9gias do mundo real para manter-se dentro do or\u00e7amento e evitar surpresas desagrad\u00e1veis. (Ser\u00e1 publicado em 23 de abril de 2025; subscreva <a href=\"https:\/\/planyard.com\/pt-pt\/obtenha-o-proximo-capitulo-do-guia-mestre-de-gestao-de-projetos-de-construcao\">aqui<\/a> para receber por e-mail)<\/li>\n\n\n\n<li><strong>Comunica\u00e7\u00e3o<\/strong><br>O fio invis\u00edvel que mant\u00e9m os projetos a funcionar sem problemas\u2014ou os desmorona. (Ser\u00e1 publicado em 7 de maio, subscreva <a href=\"https:\/\/planyard.com\/pt-pt\/obtenha-o-proximo-capitulo-do-guia-mestre-de-gestao-de-projetos-de-construcao\">aqui<\/a> para receber por e-mail)<\/li>\n\n\n\n<li><strong>Or\u00e7amenta\u00e7\u00e3o e Previs\u00e3o<\/strong> <br>Configurar or\u00e7amentos que possam lidar com o inesperado. (Ser\u00e1 publicado em 21 de maio de 2025; subscreva <a href=\"https:\/\/planyard.com\/pt-pt\/obtenha-o-proximo-capitulo-do-guia-mestre-de-gestao-de-projetos-de-construcao\">aqui<\/a> para receber por e-mail)<\/li>\n\n\n\n<li><strong>Definir e Alcan\u00e7ar Objetivos<\/strong> <br>Alinhar a sua equipa e as partes interessadas para um sucesso partilhado. (Ser\u00e1 publicado em 4 de junho de 2025; subscreva <a href=\"https:\/\/planyard.com\/pt-pt\/obtenha-o-proximo-capitulo-do-guia-mestre-de-gestao-de-projetos-de-construcao\">aqui<\/a> para receber por e-mail)<\/li>\n<\/ol>\n\n\n\n<p>Este n\u00e3o \u00e9 um quadro te\u00f3rico\u2014\u00e9 uma caixa de ferramentas\u2014o tipo de conselho que pode levar para a sua pr\u00f3xima reuni\u00e3o de in\u00edcio de projeto e aplicar de imediato.<\/p>\n\n\n\n<h2 class=\"wp-block-heading\"><strong>Quem Vai Beneficiar com Este Guia?<\/strong><\/h2>\n\n\n\n<p>\u00c9 para qualquer pessoa envolvida na gest\u00e3o de projetos de constru\u00e7\u00e3o, mas particularmente:<\/p>\n\n\n\n<ul class=\"wp-block-list\">\n<li><strong>Gestores de Projetos J\u00fanior:<\/strong> Se est\u00e1 a come\u00e7ar, isto dar-lhe-\u00e1 a base necess\u00e1ria para come\u00e7ar com o p\u00e9 direito.<\/li>\n\n\n\n<li><strong>Propriet\u00e1rios de Pequenas Empresas:<\/strong> Quer melhorar os seus processos internos e entender a mentalidade dos empreiteiros com quem trabalha? Isto \u00e9 para si.<\/li>\n\n\n\n<li><strong>Executivos de Constru\u00e7\u00e3o:<\/strong> Use este guia para garantir que as suas equipas seguem as melhores pr\u00e1ticas e entregam resultados consistentes.<\/li>\n<\/ul>\n\n\n\n<p>Quer esteja a gerir uma pequena renova\u00e7\u00e3o ou um projeto de infraestrutura em grande escala, os princ\u00edpios aqui permanecem os mesmos.<\/p>\n\n\n\n<h2 class=\"wp-block-heading\"><strong>Por Que Este Guia Funciona<\/strong><\/h2>\n\n\n\n<p>Quando me sento para iniciar um novo projeto, revisito sempre estes princ\u00edpios. Todas as vezes. N\u00e3o porque n\u00e3o os conhe\u00e7a\u2014mas porque a repeti\u00e7\u00e3o agu\u00e7a o foco. Rever os fundamentos garante que nenhum detalhe, por menor que seja, seja negligenciado.<\/p>\n\n\n\n<p>Os projetos de constru\u00e7\u00e3o s\u00e3o implac\u00e1veis. Se esquecer de rever uma cl\u00e1usula do contrato, pode acabar num dispendioso lit\u00edgio. Se perder um prazo, o seu cliente pode perder a confian\u00e7a. Esses erros n\u00e3o acontecem por acaso\u2014s\u00e3o sintomas de falta de prepara\u00e7\u00e3o.<\/p>\n\n\n\n<p>Este guia \u00e9 como me preparo. E agora, \u00e9 seu para usar.<\/p>\n\n\n\n<h3 class=\"wp-block-heading\"><strong>Sobre o Autor<\/strong><\/h3>\n\n\n\n<p>Margus Rahuoja (<a href=\"https:\/\/www.linkedin.com\/in\/margus-rahuoja-96b27184\/\">LinkedIn<\/a>) tem mais de 20 anos de experi\u00eancia em gest\u00e3o de projetos de constru\u00e7\u00e3o, tendo realizado projetos na Est\u00f3nia, Finl\u00e2ndia e Su\u00e9cia, trabalhando em tudo, desde sistemas AVAC multimilion\u00e1rios at\u00e9 centrais nucleares de mil milh\u00f5es de euros. A minha filosofia \u00e9 simples: gerencie o seu projeto como se a sua reputa\u00e7\u00e3o dependesse disso\u2014porque depende.<\/p>\n\n\n\n<p><strong><a href=\"https:\/\/planyard.com\/pt-pt\/programacao-de-construcao\">Leia o pr\u00f3ximo cap\u00edtulo<\/a><\/strong><\/p>\n\n\n\n<p><\/p>\n","protected":false},"excerpt":{"rendered":"<p>A Mentalidade de um Gestor de Projetos de Constru\u00e7\u00e3o Quando pensa em gest\u00e3o de projetos de constru\u00e7\u00e3o, \u00e9 f\u00e1cil perder-se na complexidade. H\u00e1 cronogramas para elaborar, contratos para rever, or\u00e7amentos para monitorizar e dezenas de pessoas a pedir as suas decis\u00f5es. \u00c9 o caos\u2014um caos controlado, se o fizer corretamente. Nos \u00faltimos 20 anos, trabalhei&#8230;  <a class=\"excerpt-read-more\" href=\"https:\/\/planyard.com\/pt-pt\/guia-gratis-domine-gestao-de-projetos-de-construcao\" title=\"L\u00ea  Gest\u00e3o de Projetos de Constru\u00e7\u00e3o: Um Guia Pr\u00e1tico em 10 Passos\">L\u00ea mais &#8220;<\/a><\/p>\n","protected":false},"author":4,"featured_media":0,"parent":0,"menu_order":0,"comment_status":"closed","ping_status":"closed","template":"","meta":{"_acf_changed":false,"content-type":"","footnotes":""},"page_intent":[288],"page_type":[],"class_list":["post-13457","page","type-page","status-publish","hentry"],"acf":[],"yoast_head":"<!-- This site is optimized with the Yoast SEO plugin v27.1.1 - https:\/\/yoast.com\/product\/yoast-seo-wordpress\/ -->\n<title>Gest\u00e3o de Projetos de Constru\u00e7\u00e3o: Um Guia Pr\u00e1tico em 10 Passos - Planyard Portugal<\/title>\n<meta name=\"description\" content=\"Quando pensa em gest\u00e3o de projetos de constru\u00e7\u00e3o, \u00e9 f\u00e1cil perder-se na complexidade.\" \/>\n<meta name=\"robots\" content=\"index, follow, max-snippet:-1, max-image-preview:large, max-video-preview:-1\" \/>\n<link rel=\"canonical\" href=\"https:\/\/planyard.com\/pt-pt\/guia-gratis-domine-gestao-de-projetos-de-construcao\" \/>\n<meta property=\"og:locale\" content=\"pt_PT\" \/>\n<meta property=\"og:type\" content=\"article\" \/>\n<meta property=\"og:title\" content=\"Gest\u00e3o de Projetos de Constru\u00e7\u00e3o: Um Guia Pr\u00e1tico em 10 Passos - Planyard Portugal\" \/>\n<meta property=\"og:description\" content=\"Quando pensa em gest\u00e3o de projetos de constru\u00e7\u00e3o, \u00e9 f\u00e1cil perder-se na complexidade.\" \/>\n<meta property=\"og:url\" content=\"https:\/\/planyard.com\/pt-pt\/guia-gratis-domine-gestao-de-projetos-de-construcao\" \/>\n<meta property=\"og:site_name\" content=\"Planyard Portugal\" \/>\n<meta property=\"article:modified_time\" content=\"2025-05-19T19:08:02+00:00\" \/>\n<meta name=\"twitter:card\" content=\"summary_large_image\" \/>\n<meta name=\"twitter:label1\" content=\"Tempo estimado de leitura\" \/>\n\t<meta name=\"twitter:data1\" content=\"4 minutos\" \/>\n<!-- \/ Yoast SEO plugin. -->","yoast_head_json":{"title":"Gest\u00e3o de Projetos de Constru\u00e7\u00e3o: Um Guia Pr\u00e1tico em 10 Passos - Planyard Portugal","description":"Quando pensa em gest\u00e3o de projetos de constru\u00e7\u00e3o, \u00e9 f\u00e1cil perder-se na complexidade.","robots":{"index":"index","follow":"follow","max-snippet":"max-snippet:-1","max-image-preview":"max-image-preview:large","max-video-preview":"max-video-preview:-1"},"canonical":"https:\/\/planyard.com\/pt-pt\/guia-gratis-domine-gestao-de-projetos-de-construcao","og_locale":"pt_PT","og_type":"article","og_title":"Gest\u00e3o de Projetos de Constru\u00e7\u00e3o: Um Guia Pr\u00e1tico em 10 Passos - Planyard Portugal","og_description":"Quando pensa em gest\u00e3o de projetos de constru\u00e7\u00e3o, \u00e9 f\u00e1cil perder-se na complexidade.","og_url":"https:\/\/planyard.com\/pt-pt\/guia-gratis-domine-gestao-de-projetos-de-construcao","og_site_name":"Planyard Portugal","article_modified_time":"2025-05-19T19:08:02+00:00","twitter_card":"summary_large_image","twitter_misc":{"Tempo estimado de leitura":"4 minutos"},"schema":{"@context":"https:\/\/schema.org","@graph":[{"@type":"WebPage","@id":"https:\/\/planyard.com\/pt-pt\/guia-gratis-domine-gestao-de-projetos-de-construcao","url":"https:\/\/planyard.com\/pt-pt\/guia-gratis-domine-gestao-de-projetos-de-construcao","name":"Gest\u00e3o de Projetos de Constru\u00e7\u00e3o: Um Guia Pr\u00e1tico em 10 Passos - Planyard Portugal","isPartOf":{"@id":"https:\/\/planyard.com\/pt-pt#website"},"datePublished":"2025-01-29T11:49:32+00:00","dateModified":"2025-05-19T19:08:02+00:00","description":"Quando pensa em gest\u00e3o de projetos de constru\u00e7\u00e3o, \u00e9 f\u00e1cil perder-se na complexidade.","breadcrumb":{"@id":"https:\/\/planyard.com\/pt-pt\/guia-gratis-domine-gestao-de-projetos-de-construcao#breadcrumb"},"inLanguage":"pt-PT","potentialAction":[{"@type":"ReadAction","target":["https:\/\/planyard.com\/pt-pt\/guia-gratis-domine-gestao-de-projetos-de-construcao"]}]},{"@type":"BreadcrumbList","@id":"https:\/\/planyard.com\/pt-pt\/guia-gratis-domine-gestao-de-projetos-de-construcao#breadcrumb","itemListElement":[{"@type":"ListItem","position":1,"name":"Home","item":"https:\/\/planyard.com\/pt-pt"},{"@type":"ListItem","position":2,"name":"Gest\u00e3o de Projetos de Constru\u00e7\u00e3o: Um Guia Pr\u00e1tico em 10 Passos"}]},{"@type":"WebSite","@id":"https:\/\/planyard.com\/pt-pt#website","url":"https:\/\/planyard.com\/pt-pt","name":"Planyard Portugal","description":"","potentialAction":[{"@type":"SearchAction","target":{"@type":"EntryPoint","urlTemplate":"https:\/\/planyard.com\/pt-pt?s={search_term_string}"},"query-input":{"@type":"PropertyValueSpecification","valueRequired":true,"valueName":"search_term_string"}}],"inLanguage":"pt-PT"}]}},"_links":{"self":[{"href":"https:\/\/planyard.com\/pt-pt\/wp-json\/wp\/v2\/pages\/13457","targetHints":{"allow":["GET"]}}],"collection":[{"href":"https:\/\/planyard.com\/pt-pt\/wp-json\/wp\/v2\/pages"}],"about":[{"href":"https:\/\/planyard.com\/pt-pt\/wp-json\/wp\/v2\/types\/page"}],"author":[{"embeddable":true,"href":"https:\/\/planyard.com\/pt-pt\/wp-json\/wp\/v2\/users\/4"}],"replies":[{"embeddable":true,"href":"https:\/\/planyard.com\/pt-pt\/wp-json\/wp\/v2\/comments?post=13457"}],"version-history":[{"count":3,"href":"https:\/\/planyard.com\/pt-pt\/wp-json\/wp\/v2\/pages\/13457\/revisions"}],"predecessor-version":[{"id":16386,"href":"https:\/\/planyard.com\/pt-pt\/wp-json\/wp\/v2\/pages\/13457\/revisions\/16386"}],"wp:attachment":[{"href":"https:\/\/planyard.com\/pt-pt\/wp-json\/wp\/v2\/media?parent=13457"}],"wp:term":[{"taxonomy":"page_intent","embeddable":true,"href":"https:\/\/planyard.com\/pt-pt\/wp-json\/wp\/v2\/page_intent?post=13457"},{"taxonomy":"page_type","embeddable":true,"href":"https:\/\/planyard.com\/pt-pt\/wp-json\/wp\/v2\/page_type?post=13457"}],"curies":[{"name":"wp","href":"https:\/\/api.w.org\/{rel}","templated":true}]}}