{"id":13450,"date":"2024-10-10T12:08:25","date_gmt":"2024-10-10T12:08:25","guid":{"rendered":"https:\/\/planyard.com\/construction-management-software-for-small-contractors"},"modified":"2025-05-19T08:59:55","modified_gmt":"2025-05-19T08:59:55","slug":"software-de-gestao-de-construcao-para-pequenos-empreiteiros","status":"publish","type":"page","link":"https:\/\/planyard.com\/pt-pt\/software-de-gestao-de-construcao-para-pequenos-empreiteiros","title":{"rendered":"Software de Gest\u00e3o de Constru\u00e7\u00e3o para Pequenos Empreiteiros"},"content":{"rendered":"","protected":false},"excerpt":{"rendered":"","protected":false},"author":5,"featured_media":0,"parent":0,"menu_order":0,"comment_status":"closed","ping_status":"closed","template":"","meta":{"_acf_changed":false,"content-type":"","footnotes":""},"page_intent":[153],"page_type":[],"class_list":["post-13450","page","type-page","status-publish","hentry"],"acf":[],"yoast_head":"<!-- This site is optimized with the Yoast SEO plugin v27.1.1 - https:\/\/yoast.com\/product\/yoast-seo-wordpress\/ -->\n<title>Software de Gest\u00e3o de Constru\u00e7\u00e3o para Pequenos Empreiteiros - Planyard Portugal<\/title>\n<meta name=\"description\" content=\"Software de gest\u00e3o de constru\u00e7\u00e3o para pequenos empreiteiros, projetado para gest\u00e3o financeira. Simplifique o or\u00e7amento, o acompanhamento de custos e a fatura\u00e7\u00e3o\u2014experimente gratuitamente.\" \/>\n<meta name=\"robots\" content=\"index, follow, max-snippet:-1, max-image-preview:large, max-video-preview:-1\" \/>\n<link rel=\"canonical\" href=\"https:\/\/planyard.com\/pt-pt\/software-de-gestao-de-construcao-para-pequenos-empreiteiros\" \/>\n<meta property=\"og:locale\" content=\"pt_PT\" \/>\n<meta property=\"og:type\" content=\"article\" \/>\n<meta property=\"og:title\" content=\"Software de Gest\u00e3o de Constru\u00e7\u00e3o para Pequenos Empreiteiros - Planyard Portugal\" \/>\n<meta property=\"og:description\" content=\"Software de gest\u00e3o de constru\u00e7\u00e3o para pequenos empreiteiros, projetado para gest\u00e3o financeira. Simplifique o or\u00e7amento, o acompanhamento de custos e a fatura\u00e7\u00e3o\u2014experimente gratuitamente.\" \/>\n<meta property=\"og:url\" content=\"https:\/\/planyard.com\/pt-pt\/software-de-gestao-de-construcao-para-pequenos-empreiteiros\" \/>\n<meta property=\"og:site_name\" content=\"Planyard Portugal\" \/>\n<meta property=\"article:modified_time\" content=\"2025-05-19T08:59:55+00:00\" \/>\n<meta name=\"twitter:card\" content=\"summary_large_image\" \/>\n<!-- \/ Yoast SEO plugin. -->","yoast_head_json":{"title":"Software de Gest\u00e3o de Constru\u00e7\u00e3o para Pequenos Empreiteiros - Planyard Portugal","description":"Software de gest\u00e3o de constru\u00e7\u00e3o para pequenos empreiteiros, projetado para gest\u00e3o financeira. Simplifique o or\u00e7amento, o acompanhamento de custos e a fatura\u00e7\u00e3o\u2014experimente gratuitamente.","robots":{"index":"index","follow":"follow","max-snippet":"max-snippet:-1","max-image-preview":"max-image-preview:large","max-video-preview":"max-video-preview:-1"},"canonical":"https:\/\/planyard.com\/pt-pt\/software-de-gestao-de-construcao-para-pequenos-empreiteiros","og_locale":"pt_PT","og_type":"article","og_title":"Software de Gest\u00e3o de Constru\u00e7\u00e3o para Pequenos Empreiteiros - Planyard Portugal","og_description":"Software de gest\u00e3o de constru\u00e7\u00e3o para pequenos empreiteiros, projetado para gest\u00e3o financeira. Simplifique o or\u00e7amento, o acompanhamento de custos e a fatura\u00e7\u00e3o\u2014experimente gratuitamente.","og_url":"https:\/\/planyard.com\/pt-pt\/software-de-gestao-de-construcao-para-pequenos-empreiteiros","og_site_name":"Planyard Portugal","article_modified_time":"2025-05-19T08:59:55+00:00","twitter_card":"summary_large_image","schema":{"@context":"https:\/\/schema.org","@graph":[{"@type":"WebPage","@id":"https:\/\/planyard.com\/pt-pt\/software-de-gestao-de-construcao-para-pequenos-empreiteiros","url":"https:\/\/planyard.com\/pt-pt\/software-de-gestao-de-construcao-para-pequenos-empreiteiros","name":"Software de Gest\u00e3o de Constru\u00e7\u00e3o para Pequenos Empreiteiros - Planyard Portugal","isPartOf":{"@id":"https:\/\/planyard.com\/pt-pt#website"},"datePublished":"2024-10-10T12:08:25+00:00","dateModified":"2025-05-19T08:59:55+00:00","description":"Software de gest\u00e3o de constru\u00e7\u00e3o para pequenos empreiteiros, projetado para gest\u00e3o financeira. Simplifique o or\u00e7amento, o acompanhamento de custos e a fatura\u00e7\u00e3o\u2014experimente gratuitamente.","breadcrumb":{"@id":"https:\/\/planyard.com\/pt-pt\/software-de-gestao-de-construcao-para-pequenos-empreiteiros#breadcrumb"},"inLanguage":"pt-PT","potentialAction":[{"@type":"ReadAction","target":["https:\/\/planyard.com\/pt-pt\/software-de-gestao-de-construcao-para-pequenos-empreiteiros"]}]},{"@type":"BreadcrumbList","@id":"https:\/\/planyard.com\/pt-pt\/software-de-gestao-de-construcao-para-pequenos-empreiteiros#breadcrumb","itemListElement":[{"@type":"ListItem","position":1,"name":"Home","item":"https:\/\/planyard.com\/pt-pt"},{"@type":"ListItem","position":2,"name":"Software de Gest\u00e3o de Constru\u00e7\u00e3o para Pequenos Empreiteiros"}]},{"@type":"WebSite","@id":"https:\/\/planyard.com\/pt-pt#website","url":"https:\/\/planyard.com\/pt-pt","name":"Planyard Portugal","description":"","potentialAction":[{"@type":"SearchAction","target":{"@type":"EntryPoint","urlTemplate":"https:\/\/planyard.com\/pt-pt?s={search_term_string}"},"query-input":{"@type":"PropertyValueSpecification","valueRequired":true,"valueName":"search_term_string"}}],"inLanguage":"pt-PT"}]}},"_links":{"self":[{"href":"https:\/\/planyard.com\/pt-pt\/wp-json\/wp\/v2\/pages\/13450","targetHints":{"allow":["GET"]}}],"collection":[{"href":"https:\/\/planyard.com\/pt-pt\/wp-json\/wp\/v2\/pages"}],"about":[{"href":"https:\/\/planyard.com\/pt-pt\/wp-json\/wp\/v2\/types\/page"}],"author":[{"embeddable":true,"href":"https:\/\/planyard.com\/pt-pt\/wp-json\/wp\/v2\/users\/5"}],"replies":[{"embeddable":true,"href":"https:\/\/planyard.com\/pt-pt\/wp-json\/wp\/v2\/comments?post=13450"}],"version-history":[{"count":1,"href":"https:\/\/planyard.com\/pt-pt\/wp-json\/wp\/v2\/pages\/13450\/revisions"}],"predecessor-version":[{"id":13679,"href":"https:\/\/planyard.com\/pt-pt\/wp-json\/wp\/v2\/pages\/13450\/revisions\/13679"}],"wp:attachment":[{"href":"https:\/\/planyard.com\/pt-pt\/wp-json\/wp\/v2\/media?parent=13450"}],"wp:term":[{"taxonomy":"page_intent","embeddable":true,"href":"https:\/\/planyard.com\/pt-pt\/wp-json\/wp\/v2\/page_intent?post=13450"},{"taxonomy":"page_type","embeddable":true,"href":"https:\/\/planyard.com\/pt-pt\/wp-json\/wp\/v2\/page_type?post=13450"}],"curies":[{"name":"wp","href":"https:\/\/api.w.org\/{rel}","templated":true}]}}