{"id":13437,"date":"2024-11-01T07:39:25","date_gmt":"2024-11-01T07:39:25","guid":{"rendered":"https:\/\/planyard.com\/construction-estimating-software"},"modified":"2025-05-19T08:53:00","modified_gmt":"2025-05-19T08:53:00","slug":"software-de-estimativa-de-construcao","status":"publish","type":"page","link":"https:\/\/planyard.com\/pt-pt\/software-de-estimativa-de-construcao","title":{"rendered":"Software de Estimativa de Constru\u00e7\u00e3o"},"content":{"rendered":"","protected":false},"excerpt":{"rendered":"","protected":false},"author":5,"featured_media":0,"parent":0,"menu_order":0,"comment_status":"closed","ping_status":"closed","template":"","meta":{"_acf_changed":false,"content-type":"","footnotes":""},"page_intent":[153],"page_type":[],"class_list":["post-13437","page","type-page","status-publish","hentry"],"acf":[],"yoast_head":"<!-- This site is optimized with the Yoast SEO plugin v27.1.1 - https:\/\/yoast.com\/product\/yoast-seo-wordpress\/ -->\n<title>Software de Estimativa de Constru\u00e7\u00e3o - Planyard Portugal<\/title>\n<meta name=\"description\" content=\"Simplifique as propostas com o software de estimativa de constru\u00e7\u00e3o da Planyard. Crie estimativas precisas, acompanhe o progresso e converta propostas em or\u00e7amentos. Experimente gr\u00e1tis hoje!\" \/>\n<meta name=\"robots\" content=\"index, follow, max-snippet:-1, max-image-preview:large, max-video-preview:-1\" \/>\n<link rel=\"canonical\" href=\"https:\/\/planyard.com\/pt-pt\/software-de-estimativa-de-construcao\" \/>\n<meta property=\"og:locale\" content=\"pt_PT\" \/>\n<meta property=\"og:type\" content=\"article\" \/>\n<meta property=\"og:title\" content=\"Software de Estimativa de Constru\u00e7\u00e3o - Planyard Portugal\" \/>\n<meta property=\"og:description\" content=\"Simplifique as propostas com o software de estimativa de constru\u00e7\u00e3o da Planyard. Crie estimativas precisas, acompanhe o progresso e converta propostas em or\u00e7amentos. Experimente gr\u00e1tis hoje!\" \/>\n<meta property=\"og:url\" content=\"https:\/\/planyard.com\/pt-pt\/software-de-estimativa-de-construcao\" \/>\n<meta property=\"og:site_name\" content=\"Planyard Portugal\" \/>\n<meta property=\"article:modified_time\" content=\"2025-05-19T08:53:00+00:00\" \/>\n<meta name=\"twitter:card\" content=\"summary_large_image\" \/>\n<!-- \/ Yoast SEO plugin. -->","yoast_head_json":{"title":"Software de Estimativa de Constru\u00e7\u00e3o - Planyard Portugal","description":"Simplifique as propostas com o software de estimativa de constru\u00e7\u00e3o da Planyard. Crie estimativas precisas, acompanhe o progresso e converta propostas em or\u00e7amentos. Experimente gr\u00e1tis hoje!","robots":{"index":"index","follow":"follow","max-snippet":"max-snippet:-1","max-image-preview":"max-image-preview:large","max-video-preview":"max-video-preview:-1"},"canonical":"https:\/\/planyard.com\/pt-pt\/software-de-estimativa-de-construcao","og_locale":"pt_PT","og_type":"article","og_title":"Software de Estimativa de Constru\u00e7\u00e3o - Planyard Portugal","og_description":"Simplifique as propostas com o software de estimativa de constru\u00e7\u00e3o da Planyard. Crie estimativas precisas, acompanhe o progresso e converta propostas em or\u00e7amentos. Experimente gr\u00e1tis hoje!","og_url":"https:\/\/planyard.com\/pt-pt\/software-de-estimativa-de-construcao","og_site_name":"Planyard Portugal","article_modified_time":"2025-05-19T08:53:00+00:00","twitter_card":"summary_large_image","schema":{"@context":"https:\/\/schema.org","@graph":[{"@type":"WebPage","@id":"https:\/\/planyard.com\/pt-pt\/software-de-estimativa-de-construcao","url":"https:\/\/planyard.com\/pt-pt\/software-de-estimativa-de-construcao","name":"Software de Estimativa de Constru\u00e7\u00e3o - Planyard Portugal","isPartOf":{"@id":"https:\/\/planyard.com\/pt-pt#website"},"datePublished":"2024-11-01T07:39:25+00:00","dateModified":"2025-05-19T08:53:00+00:00","description":"Simplifique as propostas com o software de estimativa de constru\u00e7\u00e3o da Planyard. Crie estimativas precisas, acompanhe o progresso e converta propostas em or\u00e7amentos. Experimente gr\u00e1tis hoje!","breadcrumb":{"@id":"https:\/\/planyard.com\/pt-pt\/software-de-estimativa-de-construcao#breadcrumb"},"inLanguage":"pt-PT","potentialAction":[{"@type":"ReadAction","target":["https:\/\/planyard.com\/pt-pt\/software-de-estimativa-de-construcao"]}]},{"@type":"BreadcrumbList","@id":"https:\/\/planyard.com\/pt-pt\/software-de-estimativa-de-construcao#breadcrumb","itemListElement":[{"@type":"ListItem","position":1,"name":"Home","item":"https:\/\/planyard.com\/pt-pt"},{"@type":"ListItem","position":2,"name":"Software de Estimativa de Constru\u00e7\u00e3o"}]},{"@type":"WebSite","@id":"https:\/\/planyard.com\/pt-pt#website","url":"https:\/\/planyard.com\/pt-pt","name":"Planyard Portugal","description":"","potentialAction":[{"@type":"SearchAction","target":{"@type":"EntryPoint","urlTemplate":"https:\/\/planyard.com\/pt-pt?s={search_term_string}"},"query-input":{"@type":"PropertyValueSpecification","valueRequired":true,"valueName":"search_term_string"}}],"inLanguage":"pt-PT"}]}},"_links":{"self":[{"href":"https:\/\/planyard.com\/pt-pt\/wp-json\/wp\/v2\/pages\/13437","targetHints":{"allow":["GET"]}}],"collection":[{"href":"https:\/\/planyard.com\/pt-pt\/wp-json\/wp\/v2\/pages"}],"about":[{"href":"https:\/\/planyard.com\/pt-pt\/wp-json\/wp\/v2\/types\/page"}],"author":[{"embeddable":true,"href":"https:\/\/planyard.com\/pt-pt\/wp-json\/wp\/v2\/users\/5"}],"replies":[{"embeddable":true,"href":"https:\/\/planyard.com\/pt-pt\/wp-json\/wp\/v2\/comments?post=13437"}],"version-history":[{"count":1,"href":"https:\/\/planyard.com\/pt-pt\/wp-json\/wp\/v2\/pages\/13437\/revisions"}],"predecessor-version":[{"id":13569,"href":"https:\/\/planyard.com\/pt-pt\/wp-json\/wp\/v2\/pages\/13437\/revisions\/13569"}],"wp:attachment":[{"href":"https:\/\/planyard.com\/pt-pt\/wp-json\/wp\/v2\/media?parent=13437"}],"wp:term":[{"taxonomy":"page_intent","embeddable":true,"href":"https:\/\/planyard.com\/pt-pt\/wp-json\/wp\/v2\/page_intent?post=13437"},{"taxonomy":"page_type","embeddable":true,"href":"https:\/\/planyard.com\/pt-pt\/wp-json\/wp\/v2\/page_type?post=13437"}],"curies":[{"name":"wp","href":"https:\/\/api.w.org\/{rel}","templated":true}]}}