{"id":13430,"date":"2024-08-19T12:13:44","date_gmt":"2024-08-19T12:13:44","guid":{"rendered":"https:\/\/planyard.com\/construction-cost-control-software-app"},"modified":"2025-05-19T09:04:21","modified_gmt":"2025-05-19T09:04:21","slug":"software-de-controlo-de-custos-na-construcao","status":"publish","type":"page","link":"https:\/\/planyard.com\/pt-pt\/software-de-controlo-de-custos-na-construcao","title":{"rendered":"Software de Controlo de Custos na Constru\u00e7\u00e3o"},"content":{"rendered":"","protected":false},"excerpt":{"rendered":"","protected":false},"author":2,"featured_media":0,"parent":0,"menu_order":0,"comment_status":"closed","ping_status":"closed","template":"","meta":{"_acf_changed":false,"content-type":"","footnotes":""},"page_intent":[153],"page_type":[],"class_list":["post-13430","page","type-page","status-publish","hentry"],"acf":[],"yoast_head":"<!-- This site is optimized with the Yoast SEO plugin v26.9 - https:\/\/yoast.com\/product\/yoast-seo-wordpress\/ -->\n<title>Software de Controlo de Custos na Constru\u00e7\u00e3o - Experimente Gr\u00e1tis por 14 Dias - Planyard Portugal<\/title>\n<meta name=\"description\" content=\"O software de controlo de custos na constru\u00e7\u00e3o Planyard ajuda os gestores de projeto a acompanhar os custos sem usar Excel. Experimente gr\u00e1tis por 14 dias.\" \/>\n<meta name=\"robots\" content=\"index, follow, max-snippet:-1, max-image-preview:large, max-video-preview:-1\" \/>\n<link rel=\"canonical\" href=\"https:\/\/planyard.com\/pt-pt\/software-de-controlo-de-custos-na-construcao\" \/>\n<meta property=\"og:locale\" content=\"pt_PT\" \/>\n<meta property=\"og:type\" content=\"article\" \/>\n<meta property=\"og:title\" content=\"Software de Controlo de Custos na Constru\u00e7\u00e3o - Experimente Gr\u00e1tis por 14 Dias - Planyard Portugal\" \/>\n<meta property=\"og:description\" content=\"O software de controlo de custos na constru\u00e7\u00e3o Planyard ajuda os gestores de projeto a acompanhar os custos sem usar Excel. Experimente gr\u00e1tis por 14 dias.\" \/>\n<meta property=\"og:url\" content=\"https:\/\/planyard.com\/pt-pt\/software-de-controlo-de-custos-na-construcao\" \/>\n<meta property=\"og:site_name\" content=\"Planyard Portugal\" \/>\n<meta property=\"article:modified_time\" content=\"2025-05-19T09:04:21+00:00\" \/>\n<meta name=\"twitter:card\" content=\"summary_large_image\" \/>\n<!-- \/ Yoast SEO plugin. -->","yoast_head_json":{"title":"Software de Controlo de Custos na Constru\u00e7\u00e3o - Experimente Gr\u00e1tis por 14 Dias - Planyard Portugal","description":"O software de controlo de custos na constru\u00e7\u00e3o Planyard ajuda os gestores de projeto a acompanhar os custos sem usar Excel. Experimente gr\u00e1tis por 14 dias.","robots":{"index":"index","follow":"follow","max-snippet":"max-snippet:-1","max-image-preview":"max-image-preview:large","max-video-preview":"max-video-preview:-1"},"canonical":"https:\/\/planyard.com\/pt-pt\/software-de-controlo-de-custos-na-construcao","og_locale":"pt_PT","og_type":"article","og_title":"Software de Controlo de Custos na Constru\u00e7\u00e3o - Experimente Gr\u00e1tis por 14 Dias - Planyard Portugal","og_description":"O software de controlo de custos na constru\u00e7\u00e3o Planyard ajuda os gestores de projeto a acompanhar os custos sem usar Excel. Experimente gr\u00e1tis por 14 dias.","og_url":"https:\/\/planyard.com\/pt-pt\/software-de-controlo-de-custos-na-construcao","og_site_name":"Planyard Portugal","article_modified_time":"2025-05-19T09:04:21+00:00","twitter_card":"summary_large_image","schema":{"@context":"https:\/\/schema.org","@graph":[{"@type":"WebPage","@id":"https:\/\/planyard.com\/pt-pt\/software-de-controlo-de-custos-na-construcao","url":"https:\/\/planyard.com\/pt-pt\/software-de-controlo-de-custos-na-construcao","name":"Software de Controlo de Custos na Constru\u00e7\u00e3o - Experimente Gr\u00e1tis por 14 Dias - Planyard Portugal","isPartOf":{"@id":"https:\/\/planyard.com\/pt-pt#website"},"datePublished":"2024-08-19T12:13:44+00:00","dateModified":"2025-05-19T09:04:21+00:00","description":"O software de controlo de custos na constru\u00e7\u00e3o Planyard ajuda os gestores de projeto a acompanhar os custos sem usar Excel. Experimente gr\u00e1tis por 14 dias.","breadcrumb":{"@id":"https:\/\/planyard.com\/pt-pt\/software-de-controlo-de-custos-na-construcao#breadcrumb"},"inLanguage":"pt-PT","potentialAction":[{"@type":"ReadAction","target":["https:\/\/planyard.com\/pt-pt\/software-de-controlo-de-custos-na-construcao"]}]},{"@type":"BreadcrumbList","@id":"https:\/\/planyard.com\/pt-pt\/software-de-controlo-de-custos-na-construcao#breadcrumb","itemListElement":[{"@type":"ListItem","position":1,"name":"Home","item":"https:\/\/planyard.com\/pt-pt"},{"@type":"ListItem","position":2,"name":"Software de Controlo de Custos na Constru\u00e7\u00e3o"}]},{"@type":"WebSite","@id":"https:\/\/planyard.com\/pt-pt#website","url":"https:\/\/planyard.com\/pt-pt","name":"Planyard Portugal","description":"","potentialAction":[{"@type":"SearchAction","target":{"@type":"EntryPoint","urlTemplate":"https:\/\/planyard.com\/pt-pt?s={search_term_string}"},"query-input":{"@type":"PropertyValueSpecification","valueRequired":true,"valueName":"search_term_string"}}],"inLanguage":"pt-PT"}]}},"_links":{"self":[{"href":"https:\/\/planyard.com\/pt-pt\/wp-json\/wp\/v2\/pages\/13430","targetHints":{"allow":["GET"]}}],"collection":[{"href":"https:\/\/planyard.com\/pt-pt\/wp-json\/wp\/v2\/pages"}],"about":[{"href":"https:\/\/planyard.com\/pt-pt\/wp-json\/wp\/v2\/types\/page"}],"author":[{"embeddable":true,"href":"https:\/\/planyard.com\/pt-pt\/wp-json\/wp\/v2\/users\/2"}],"replies":[{"embeddable":true,"href":"https:\/\/planyard.com\/pt-pt\/wp-json\/wp\/v2\/comments?post=13430"}],"version-history":[{"count":1,"href":"https:\/\/planyard.com\/pt-pt\/wp-json\/wp\/v2\/pages\/13430\/revisions"}],"predecessor-version":[{"id":13727,"href":"https:\/\/planyard.com\/pt-pt\/wp-json\/wp\/v2\/pages\/13430\/revisions\/13727"}],"wp:attachment":[{"href":"https:\/\/planyard.com\/pt-pt\/wp-json\/wp\/v2\/media?parent=13430"}],"wp:term":[{"taxonomy":"page_intent","embeddable":true,"href":"https:\/\/planyard.com\/pt-pt\/wp-json\/wp\/v2\/page_intent?post=13430"},{"taxonomy":"page_type","embeddable":true,"href":"https:\/\/planyard.com\/pt-pt\/wp-json\/wp\/v2\/page_type?post=13430"}],"curies":[{"name":"wp","href":"https:\/\/api.w.org\/{rel}","templated":true}]}}