{"id":13429,"date":"2024-09-12T06:06:03","date_gmt":"2024-09-12T06:06:03","guid":{"rendered":"https:\/\/planyard.com\/construction-cost-codes-for-project-managers"},"modified":"2025-05-19T19:05:44","modified_gmt":"2025-05-19T19:05:44","slug":"codigos-de-custo-na-construcao-para-gestores-de-projeto","status":"publish","type":"page","link":"https:\/\/planyard.com\/pt-pt\/codigos-de-custo-na-construcao-para-gestores-de-projeto","title":{"rendered":"C\u00f3digos de Custo na Constru\u00e7\u00e3o"},"content":{"rendered":"\n<h2 class=\"wp-block-heading has-text-align-center paddedHeading\" id=\"what-are-construction-cost-codes\">O que s\u00e3o C\u00f3digos de Custo na Constru\u00e7\u00e3o?<\/h2>\n\n\n\n<div class=\"wp-block-media-text alignwide has-media-on-the-right is-stacked-on-mobile\"><div class=\"wp-block-media-text__content\">\n<p><br>Os c\u00f3digos de custo na constru\u00e7\u00e3o s\u00e3o uma lista definida de c\u00f3digos usados para rastrear, gerir e reportar montantes, quantidades, or\u00e7amentos, lucros e outros dados relacionados com o trabalho. <\/p>\n\n\n\n<p>Estes c\u00f3digos simplificam a gest\u00e3o de dados em toda a empresa para todas as partes interessadas, incluindo estimadores, gestores de projeto e contabilidade.<\/p>\n\n\n\n<p>Devem ser usados para previs\u00e3o e contrata\u00e7\u00e3o at\u00e9 \u00e0 gest\u00e3o de custos e contabilidade, garantindo total visibilidade do projeto e permitindo a dete\u00e7\u00e3o de erros e reutiliza\u00e7\u00e3o de dados.<\/p>\n<\/div><figure class=\"wp-block-media-text__media\"><img loading=\"lazy\" decoding=\"async\" width=\"386\" height=\"365\" src=\"https:\/\/planyard.com\/wp-content\/uploads\/2024\/09\/Example-construction-cost-codes.png\" alt=\"\" class=\"wp-image-1976 size-full\"\/><\/figure><\/div>\n\n\n\n<h2 class=\"wp-block-heading has-text-align-center\">Benef\u00edcios de Usar C\u00f3digos de Custo na Constru\u00e7\u00e3o<\/h2>\n\n\n\n<div class=\"wp-block-columns is-layout-flex wp-container-core-columns-is-layout-9d6595d7 wp-block-columns-is-layout-flex\">\n<div class=\"wp-block-column is-layout-flow wp-block-column-is-layout-flow\">\n<h4 class=\"wp-block-heading\" id=\"cost-control\">Controlo de custos<\/h4>\n\n\n\n<p>M\u00e9todo r\u00e1pido e f\u00e1cil para identificar e analisar como o dinheiro \u00e9 gasto no projeto.<\/p>\n<\/div>\n\n\n\n<div class=\"wp-block-column is-layout-flow wp-block-column-is-layout-flow\">\n<h4 class=\"wp-block-heading\" id=\"kpis-tracking\">Rastreamento de KPIs<\/h4>\n\n\n\n<p>Rastreie e gerencie KPIs como custo estimado, estimativa de custo, custos atuais e mais.<\/p>\n<\/div>\n\n\n\n<div class=\"wp-block-column is-layout-flow wp-block-column-is-layout-flow\">\n<h4 class=\"wp-block-heading\" id=\"ideal-for-companywide-use\">Ideal para uso em toda a empresa<\/h4>\n\n\n\n<p>Usar os mesmos c\u00f3digos em toda a empresa facilita o rastreamento e an\u00e1lise de custos, erros e previs\u00f5es para todas as partes interessadas.<\/p>\n<\/div>\n<\/div>\n\n\n\n<div class=\"wp-block-columns is-layout-flex wp-container-core-columns-is-layout-9d6595d7 wp-block-columns-is-layout-flex\">\n<div class=\"wp-block-column is-layout-flow wp-block-column-is-layout-flow\">\n<h4 class=\"wp-block-heading\" id=\"visualize-profit-centers\">Visualizar centros de lucro<\/h4>\n\n\n\n<p>An\u00e1lise de ponta a ponta para visualizar centros de lucro e \u00e1reas problem\u00e1ticas.<\/p>\n<\/div>\n\n\n\n<div class=\"wp-block-column is-layout-flow wp-block-column-is-layout-flow\">\n<h4 class=\"wp-block-heading\" id=\"estimating\">Estimativa<\/h4>\n\n\n\n<p>Fornece estrutura e acesso para acompanhar os custos em tempo real para definir estimativas mais precisas e realistas.<\/p>\n<\/div>\n\n\n\n<div class=\"wp-block-column is-layout-flow wp-block-column-is-layout-flow\">\n<h4 class=\"wp-block-heading\" id=\"real-time-tracking\">Rastreamento em tempo real<\/h4>\n\n\n\n<p>Permite que a gest\u00e3o tenha uma vis\u00e3o clara do trabalho e mantenha todas as partes interessadas envolvidas.<\/p>\n<\/div>\n<\/div>\n\n\n\n<h2 class=\"wp-block-heading has-text-align-center\">Trabalho Dividido em Entregas Menores<\/h2>\n\n\n\n<div class=\"wp-block-media-text alignwide has-media-on-the-right is-stacked-on-mobile\"><div class=\"wp-block-media-text__content\">\n<p><br>O trabalho pode ser dividido usando os c\u00f3digos de custo da constru\u00e7\u00e3o de um projeto para dividir tarefas em entregas menores (por exemplo, funda\u00e7\u00f5es, instala\u00e7\u00f5es, fachadas).<\/p>\n\n\n\n<p>A Planyard recomenda seguir a ordem cronol\u00f3gica dos trabalhos. Estruturar os custos por atividades no local ajuda a gest\u00e3o a acompanhar a rentabilidade em fases. A meio do projeto, pode-se ver se as fases iniciais, como o trabalho de funda\u00e7\u00e3o, foram rent\u00e1veis.<\/p>\n<\/div><figure class=\"wp-block-media-text__media\"><img loading=\"lazy\" decoding=\"async\" width=\"586\" height=\"367\" src=\"https:\/\/planyard.com\/wp-content\/uploads\/2024\/09\/Categoreis.png\" alt=\"\" class=\"wp-image-1977 size-full\"\/><\/figure><\/div>\n\n\n\n<h2 class=\"wp-block-heading has-text-align-center\">Estrutura do or\u00e7amento de constru\u00e7\u00e3o<\/h2>\n\n\n\n<div class=\"wp-block-media-text alignwide has-media-on-the-right is-stacked-on-mobile\"><div class=\"wp-block-media-text__content\">\n<p>Os c\u00f3digos de custo na constru\u00e7\u00e3o devem ligar a previs\u00e3o do projeto e a gest\u00e3o de custos com as tarefas e estrutura do trabalho. Os c\u00f3digos de custo devem ter uma estrutura reconhec\u00edvel, desde o n\u00edvel geral do projeto at\u00e9 trabalhos e contas individuais.<\/p>\n\n\n\n<p>\u00c0 direita, pode ver a categoria de Instala\u00e7\u00f5es Externas dividida at\u00e9 ao n\u00edvel de conta.<\/p>\n<\/div><figure class=\"wp-block-media-text__media\"><img loading=\"lazy\" decoding=\"async\" width=\"809\" height=\"198\" src=\"https:\/\/planyard.com\/wp-content\/uploads\/2024\/09\/Category-breakdown.png\" alt=\"\" class=\"wp-image-1978 size-full\"\/><\/figure><\/div>\n\n\n\n<h2 class=\"wp-block-heading has-text-align-center paddedHeading\" id=\"budget-managed-from-an-estimate-from-job-costing-to-project-income\">Or\u00e7amento Gerido a Partir de uma Estimativa, Desde a Avalia\u00e7\u00e3o de Custos do Trabalho at\u00e9 \u00e0 Receita do Projeto<\/h2>\n\n\n\n<p>Al\u00e9m disso, \u00e9 inteligente listar o or\u00e7amento com o custo pago pelo cliente para permitir o rastreamento da rentabilidade do trabalho a n\u00edvel de artigo.<\/p>\n\n\n\n<figure class=\"wp-block-image size-full\"><img loading=\"lazy\" decoding=\"async\" width=\"1024\" height=\"165\" src=\"https:\/\/planyard.com\/wp-content\/uploads\/2024\/09\/Category-breakdown-goal-and-free-1024x165-1.png\" alt=\"\" class=\"wp-image-1979\"\/><\/figure>\n\n\n\n<div class=\"wp-block-group\"><div class=\"wp-block-group__inner-container is-layout-constrained wp-block-group-is-layout-constrained\">\n<h2 class=\"wp-block-heading has-text-align-center paddedHeading\" id=\"to-what-level-should-you-break-down-construction-cost-codes\">At\u00e9 que n\u00edvel deve dividir os c\u00f3digos de custo na constru\u00e7\u00e3o?<\/h2>\n\n\n\n<p>N\u00e3o h\u00e1 uma resposta \u00fanica para esta quest\u00e3o. Deve come\u00e7ar por rastrear o n\u00edvel de detalhe necess\u00e1rio para v\u00e1rias partes interessadas. Seguir os custos em demasiado detalhe torna a elabora\u00e7\u00e3o de relat\u00f3rios uma tarefa demorada para os gestores de projeto e adiciona complexidade ao processo de an\u00e1lise de custos.<\/p>\n\n\n\n<p><strong>NB! \u00c9 importante ter em mente que h\u00e1 v\u00e1rias partes interessadas envolvidas na gest\u00e3o de c\u00f3digos de custo. Todas as partes interessadas devem estar envolvidas na sele\u00e7\u00e3o da estrutura apropriada de c\u00f3digos de custo.<\/strong><\/p>\n\n\n\n<ol class=\"wp-block-list\">\n<li>Importante pensar em quem usar\u00e1 a informa\u00e7\u00e3o dos c\u00f3digos de custo<\/li>\n\n\n\n<li>Os gestores de projeto est\u00e3o interessados em concluir o trabalho e devem ter controlo sobre o or\u00e7amento com o m\u00ednimo de tempo gasto em relat\u00f3rios<\/li>\n\n\n\n<li>A contabilidade est\u00e1 interessada em seguir os custos por cada conta<br>Os gestores devem ser capazes de concordar com o rastreamento de erros, responsabilidade e rentabilidade<\/li>\n\n\n\n<li>Os estimadores para futuras estimativas precisam ser capazes de rastrear os custos reais dos trabalhos atuais<\/li>\n<\/ol>\n<\/div><\/div>\n\n\n\n<h2 class=\"wp-block-heading has-text-align-center paddedHeading\" id=\"where-to-get-a-list-of-construction-cost-codes\">Onde obter uma lista de c\u00f3digos de custo na constru\u00e7\u00e3o?<\/h2>\n\n\n\n<div class=\"wp-block-buttons is-horizontal is-content-justification-center is-layout-flex wp-container-core-buttons-is-layout-499968f5 wp-block-buttons-is-layout-flex\">\n<div class=\"wp-block-button\"><a class=\"wp-block-button__link has-background wp-element-button\" href=\"https:\/\/planyard.com\/pt-pt\/obtenha-a-sua-folha-de-codigos-de-custos-gratuitamente\" style=\"background-color:#2756ff\" target=\"_blank\" rel=\"noreferrer noopener\">Obtenha c\u00f3digos de custo na constru\u00e7\u00e3o gratuitamente<\/a><\/div>\n<\/div>\n\n\n\n<h2 class=\"wp-block-heading has-text-align-center\">O software de contratante da Planyard ajuda equipas ambiciosas a atingir os seus objetivos e acelerar o seu crescimento.<\/h2>\n\n\n\n<div class=\"wp-block-media-text alignwide has-media-on-the-right is-stacked-on-mobile is-vertically-aligned-center\" style=\"grid-template-columns:auto 41%\"><div class=\"wp-block-media-text__content\">\n<ul class=\"wp-block-list\">\n<li>Chega de folhas de c\u00e1lculo<\/li>\n\n\n\n<li>Poupa tempo aos gestores de projeto e QSs<\/li>\n\n\n\n<li>F\u00e1cil de implementar e usar<\/li>\n\n\n\n<li>Previs\u00f5es financeiras em tempo real e precisas<\/li>\n\n\n\n<li>Chega de entrada de dados duplicada<\/li>\n<\/ul>\n\n\n\n<div class=\"wp-block-buttons is-layout-flex wp-block-buttons-is-layout-flex\">\n<div class=\"wp-block-button\"><a class=\"wp-block-button__link has-background wp-element-button\" href=\"https:\/\/planyard.com\/sign-up\" style=\"background-color:#2756ff\">Comece o seu teste gratuito<\/a><\/div>\n\n\n\n<div class=\"wp-block-button\"><a class=\"wp-block-button__link has-background wp-element-button\" href=\"https:\/\/meetings.hubspot.com\/cedlund\" style=\"background-color:#2756ff\" target=\"_blank\" rel=\"noreferrer noopener\">Solicitar uma demonstra\u00e7\u00e3o<\/a><\/div>\n<\/div>\n<\/div><figure class=\"wp-block-media-text__media\"><img loading=\"lazy\" decoding=\"async\" width=\"1024\" height=\"598\" src=\"https:\/\/planyard.com\/wp-content\/uploads\/2024\/09\/construction-project-management-software-macbook-iphone-1_reduced-1024x598-1.webp\" alt=\"\" class=\"wp-image-1980 size-large\"\/><\/figure><\/div>\n","protected":false},"excerpt":{"rendered":"<p>O que s\u00e3o C\u00f3digos de Custo na Constru\u00e7\u00e3o? Os c\u00f3digos de custo na constru\u00e7\u00e3o s\u00e3o uma lista definida de c\u00f3digos usados para rastrear, gerir e reportar montantes, quantidades, or\u00e7amentos, lucros e outros dados relacionados com o trabalho. Estes c\u00f3digos simplificam a gest\u00e3o de dados em toda a empresa para todas as partes interessadas, incluindo estimadores,&#8230;  <a class=\"excerpt-read-more\" href=\"https:\/\/planyard.com\/pt-pt\/codigos-de-custo-na-construcao-para-gestores-de-projeto\" title=\"L\u00ea  C\u00f3digos de Custo na Constru\u00e7\u00e3o\">L\u00ea mais &#8220;<\/a><\/p>\n","protected":false},"author":5,"featured_media":0,"parent":0,"menu_order":0,"comment_status":"closed","ping_status":"closed","template":"","meta":{"_acf_changed":false,"content-type":"","footnotes":""},"page_intent":[168],"page_type":[],"class_list":["post-13429","page","type-page","status-publish","hentry"],"acf":[],"yoast_head":"<!-- This site is optimized with the Yoast SEO plugin v27.1.1 - https:\/\/yoast.com\/product\/yoast-seo-wordpress\/ -->\n<title>C\u00f3digos de Custo na Constru\u00e7\u00e3o - Guia e Modelo Gratuito<\/title>\n<meta name=\"description\" content=\"Descarregue gratuitamente os c\u00f3digos de custo de constru\u00e7\u00e3o da Planyard e mantenha-se a par dos seus custos de trabalho com facilidade. Folha de c\u00e1lculo gratuita para gestores de projeto na constru\u00e7\u00e3o.\" \/>\n<meta name=\"robots\" content=\"index, follow, max-snippet:-1, max-image-preview:large, max-video-preview:-1\" \/>\n<link rel=\"canonical\" href=\"https:\/\/planyard.com\/pt-pt\/codigos-de-custo-na-construcao-para-gestores-de-projeto\" \/>\n<meta property=\"og:locale\" content=\"pt_PT\" \/>\n<meta property=\"og:type\" content=\"article\" \/>\n<meta property=\"og:title\" content=\"C\u00f3digos de Custo na Constru\u00e7\u00e3o - Guia e Modelo Gratuito\" \/>\n<meta property=\"og:description\" content=\"Descarregue gratuitamente os c\u00f3digos de custo de constru\u00e7\u00e3o da Planyard e mantenha-se a par dos seus custos de trabalho com facilidade. Folha de c\u00e1lculo gratuita para gestores de projeto na constru\u00e7\u00e3o.\" \/>\n<meta property=\"og:url\" content=\"https:\/\/planyard.com\/pt-pt\/codigos-de-custo-na-construcao-para-gestores-de-projeto\" \/>\n<meta property=\"og:site_name\" content=\"Planyard Portugal\" \/>\n<meta property=\"article:modified_time\" content=\"2025-05-19T19:05:44+00:00\" \/>\n<meta property=\"og:image\" content=\"https:\/\/planyard.com\/wp-content\/uploads\/2024\/09\/Example-construction-cost-codes.png\" \/>\n\t<meta property=\"og:image:width\" content=\"386\" \/>\n\t<meta property=\"og:image:height\" content=\"365\" \/>\n\t<meta property=\"og:image:type\" content=\"image\/png\" \/>\n<meta name=\"twitter:card\" content=\"summary_large_image\" \/>\n<meta name=\"twitter:label1\" content=\"Tempo estimado de leitura\" \/>\n\t<meta name=\"twitter:data1\" content=\"4 minutos\" \/>\n<!-- \/ Yoast SEO plugin. -->","yoast_head_json":{"title":"C\u00f3digos de Custo na Constru\u00e7\u00e3o - Guia e Modelo Gratuito","description":"Descarregue gratuitamente os c\u00f3digos de custo de constru\u00e7\u00e3o da Planyard e mantenha-se a par dos seus custos de trabalho com facilidade. Folha de c\u00e1lculo gratuita para gestores de projeto na constru\u00e7\u00e3o.","robots":{"index":"index","follow":"follow","max-snippet":"max-snippet:-1","max-image-preview":"max-image-preview:large","max-video-preview":"max-video-preview:-1"},"canonical":"https:\/\/planyard.com\/pt-pt\/codigos-de-custo-na-construcao-para-gestores-de-projeto","og_locale":"pt_PT","og_type":"article","og_title":"C\u00f3digos de Custo na Constru\u00e7\u00e3o - Guia e Modelo Gratuito","og_description":"Descarregue gratuitamente os c\u00f3digos de custo de constru\u00e7\u00e3o da Planyard e mantenha-se a par dos seus custos de trabalho com facilidade. Folha de c\u00e1lculo gratuita para gestores de projeto na constru\u00e7\u00e3o.","og_url":"https:\/\/planyard.com\/pt-pt\/codigos-de-custo-na-construcao-para-gestores-de-projeto","og_site_name":"Planyard Portugal","article_modified_time":"2025-05-19T19:05:44+00:00","og_image":[{"width":386,"height":365,"url":"https:\/\/planyard.com\/wp-content\/uploads\/2024\/09\/Example-construction-cost-codes.png","type":"image\/png"}],"twitter_card":"summary_large_image","twitter_misc":{"Tempo estimado de leitura":"4 minutos"},"schema":{"@context":"https:\/\/schema.org","@graph":[{"@type":"WebPage","@id":"https:\/\/planyard.com\/pt-pt\/codigos-de-custo-na-construcao-para-gestores-de-projeto","url":"https:\/\/planyard.com\/pt-pt\/codigos-de-custo-na-construcao-para-gestores-de-projeto","name":"C\u00f3digos de Custo na Constru\u00e7\u00e3o - Guia e Modelo Gratuito","isPartOf":{"@id":"https:\/\/planyard.com\/pt-pt#website"},"primaryImageOfPage":{"@id":"https:\/\/planyard.com\/pt-pt\/codigos-de-custo-na-construcao-para-gestores-de-projeto#primaryimage"},"image":{"@id":"https:\/\/planyard.com\/pt-pt\/codigos-de-custo-na-construcao-para-gestores-de-projeto#primaryimage"},"thumbnailUrl":"https:\/\/planyard.com\/wp-content\/uploads\/2024\/09\/Example-construction-cost-codes.png","datePublished":"2024-09-12T06:06:03+00:00","dateModified":"2025-05-19T19:05:44+00:00","description":"Descarregue gratuitamente os c\u00f3digos de custo de constru\u00e7\u00e3o da Planyard e mantenha-se a par dos seus custos de trabalho com facilidade. Folha de c\u00e1lculo gratuita para gestores de projeto na constru\u00e7\u00e3o.","breadcrumb":{"@id":"https:\/\/planyard.com\/pt-pt\/codigos-de-custo-na-construcao-para-gestores-de-projeto#breadcrumb"},"inLanguage":"pt-PT","potentialAction":[{"@type":"ReadAction","target":["https:\/\/planyard.com\/pt-pt\/codigos-de-custo-na-construcao-para-gestores-de-projeto"]}]},{"@type":"ImageObject","inLanguage":"pt-PT","@id":"https:\/\/planyard.com\/pt-pt\/codigos-de-custo-na-construcao-para-gestores-de-projeto#primaryimage","url":"https:\/\/planyard.com\/wp-content\/uploads\/2024\/09\/Example-construction-cost-codes.png","contentUrl":"https:\/\/planyard.com\/wp-content\/uploads\/2024\/09\/Example-construction-cost-codes.png"},{"@type":"BreadcrumbList","@id":"https:\/\/planyard.com\/pt-pt\/codigos-de-custo-na-construcao-para-gestores-de-projeto#breadcrumb","itemListElement":[{"@type":"ListItem","position":1,"name":"Home","item":"https:\/\/planyard.com\/pt-pt"},{"@type":"ListItem","position":2,"name":"C\u00f3digos de Custo na Constru\u00e7\u00e3o"}]},{"@type":"WebSite","@id":"https:\/\/planyard.com\/pt-pt#website","url":"https:\/\/planyard.com\/pt-pt","name":"Planyard Portugal","description":"","potentialAction":[{"@type":"SearchAction","target":{"@type":"EntryPoint","urlTemplate":"https:\/\/planyard.com\/pt-pt?s={search_term_string}"},"query-input":{"@type":"PropertyValueSpecification","valueRequired":true,"valueName":"search_term_string"}}],"inLanguage":"pt-PT"}]}},"_links":{"self":[{"href":"https:\/\/planyard.com\/pt-pt\/wp-json\/wp\/v2\/pages\/13429","targetHints":{"allow":["GET"]}}],"collection":[{"href":"https:\/\/planyard.com\/pt-pt\/wp-json\/wp\/v2\/pages"}],"about":[{"href":"https:\/\/planyard.com\/pt-pt\/wp-json\/wp\/v2\/types\/page"}],"author":[{"embeddable":true,"href":"https:\/\/planyard.com\/pt-pt\/wp-json\/wp\/v2\/users\/5"}],"replies":[{"embeddable":true,"href":"https:\/\/planyard.com\/pt-pt\/wp-json\/wp\/v2\/comments?post=13429"}],"version-history":[{"count":3,"href":"https:\/\/planyard.com\/pt-pt\/wp-json\/wp\/v2\/pages\/13429\/revisions"}],"predecessor-version":[{"id":16371,"href":"https:\/\/planyard.com\/pt-pt\/wp-json\/wp\/v2\/pages\/13429\/revisions\/16371"}],"wp:attachment":[{"href":"https:\/\/planyard.com\/pt-pt\/wp-json\/wp\/v2\/media?parent=13429"}],"wp:term":[{"taxonomy":"page_intent","embeddable":true,"href":"https:\/\/planyard.com\/pt-pt\/wp-json\/wp\/v2\/page_intent?post=13429"},{"taxonomy":"page_type","embeddable":true,"href":"https:\/\/planyard.com\/pt-pt\/wp-json\/wp\/v2\/page_type?post=13429"}],"curies":[{"name":"wp","href":"https:\/\/api.w.org\/{rel}","templated":true}]}}