{"id":13416,"date":"2024-08-16T08:48:49","date_gmt":"2024-08-16T08:48:49","guid":{"rendered":"https:\/\/planyard.com\/construction-approval-workflows"},"modified":"2025-05-19T08:52:12","modified_gmt":"2025-05-19T08:52:12","slug":"fluxos-de-aprovacao-na-construcao","status":"publish","type":"page","link":"https:\/\/planyard.com\/pt-pt\/fluxos-de-aprovacao-na-construcao","title":{"rendered":"Fluxos de Aprova\u00e7\u00e3o na Constru\u00e7\u00e3o"},"content":{"rendered":"","protected":false},"excerpt":{"rendered":"","protected":false},"author":2,"featured_media":0,"parent":0,"menu_order":0,"comment_status":"closed","ping_status":"closed","template":"","meta":{"_acf_changed":false,"content-type":"","footnotes":""},"page_intent":[153],"page_type":[],"class_list":["post-13416","page","type-page","status-publish","hentry"],"acf":[],"yoast_head":"<!-- This site is optimized with the Yoast SEO plugin v26.9 - https:\/\/yoast.com\/product\/yoast-seo-wordpress\/ -->\n<title>Software de Fluxos de Aprova\u00e7\u00e3o na Constru\u00e7\u00e3o: Experimente Gratuitamente por 14 Dias<\/title>\n<meta name=\"description\" content=\"Simplifique a gest\u00e3o de or\u00e7amentos com os fluxos de aprova\u00e7\u00e3o na constru\u00e7\u00e3o da Planyard para encomendas, RFTs, faturas e pagamentos. Garanta conformidade e reduza erros.\" \/>\n<meta name=\"robots\" content=\"index, follow, max-snippet:-1, max-image-preview:large, max-video-preview:-1\" \/>\n<link rel=\"canonical\" href=\"https:\/\/planyard.com\/pt-pt\/fluxos-de-aprovacao-na-construcao\" \/>\n<meta property=\"og:locale\" content=\"pt_PT\" \/>\n<meta property=\"og:type\" content=\"article\" \/>\n<meta property=\"og:title\" content=\"Software de Fluxos de Aprova\u00e7\u00e3o na Constru\u00e7\u00e3o: Experimente Gratuitamente por 14 Dias\" \/>\n<meta property=\"og:description\" content=\"Simplifique a gest\u00e3o de or\u00e7amentos com os fluxos de aprova\u00e7\u00e3o na constru\u00e7\u00e3o da Planyard para encomendas, RFTs, faturas e pagamentos. Garanta conformidade e reduza erros.\" \/>\n<meta property=\"og:url\" content=\"https:\/\/planyard.com\/pt-pt\/fluxos-de-aprovacao-na-construcao\" \/>\n<meta property=\"og:site_name\" content=\"Planyard Portugal\" \/>\n<meta property=\"article:modified_time\" content=\"2025-05-19T08:52:12+00:00\" \/>\n<meta name=\"twitter:card\" content=\"summary_large_image\" \/>\n<!-- \/ Yoast SEO plugin. -->","yoast_head_json":{"title":"Software de Fluxos de Aprova\u00e7\u00e3o na Constru\u00e7\u00e3o: Experimente Gratuitamente por 14 Dias","description":"Simplifique a gest\u00e3o de or\u00e7amentos com os fluxos de aprova\u00e7\u00e3o na constru\u00e7\u00e3o da Planyard para encomendas, RFTs, faturas e pagamentos. Garanta conformidade e reduza erros.","robots":{"index":"index","follow":"follow","max-snippet":"max-snippet:-1","max-image-preview":"max-image-preview:large","max-video-preview":"max-video-preview:-1"},"canonical":"https:\/\/planyard.com\/pt-pt\/fluxos-de-aprovacao-na-construcao","og_locale":"pt_PT","og_type":"article","og_title":"Software de Fluxos de Aprova\u00e7\u00e3o na Constru\u00e7\u00e3o: Experimente Gratuitamente por 14 Dias","og_description":"Simplifique a gest\u00e3o de or\u00e7amentos com os fluxos de aprova\u00e7\u00e3o na constru\u00e7\u00e3o da Planyard para encomendas, RFTs, faturas e pagamentos. Garanta conformidade e reduza erros.","og_url":"https:\/\/planyard.com\/pt-pt\/fluxos-de-aprovacao-na-construcao","og_site_name":"Planyard Portugal","article_modified_time":"2025-05-19T08:52:12+00:00","twitter_card":"summary_large_image","schema":{"@context":"https:\/\/schema.org","@graph":[{"@type":"WebPage","@id":"https:\/\/planyard.com\/pt-pt\/fluxos-de-aprovacao-na-construcao","url":"https:\/\/planyard.com\/pt-pt\/fluxos-de-aprovacao-na-construcao","name":"Software de Fluxos de Aprova\u00e7\u00e3o na Constru\u00e7\u00e3o: Experimente Gratuitamente por 14 Dias","isPartOf":{"@id":"https:\/\/planyard.com\/pt-pt#website"},"datePublished":"2024-08-16T08:48:49+00:00","dateModified":"2025-05-19T08:52:12+00:00","description":"Simplifique a gest\u00e3o de or\u00e7amentos com os fluxos de aprova\u00e7\u00e3o na constru\u00e7\u00e3o da Planyard para encomendas, RFTs, faturas e pagamentos. Garanta conformidade e reduza erros.","breadcrumb":{"@id":"https:\/\/planyard.com\/pt-pt\/fluxos-de-aprovacao-na-construcao#breadcrumb"},"inLanguage":"pt-PT","potentialAction":[{"@type":"ReadAction","target":["https:\/\/planyard.com\/pt-pt\/fluxos-de-aprovacao-na-construcao"]}]},{"@type":"BreadcrumbList","@id":"https:\/\/planyard.com\/pt-pt\/fluxos-de-aprovacao-na-construcao#breadcrumb","itemListElement":[{"@type":"ListItem","position":1,"name":"Home","item":"https:\/\/planyard.com\/pt-pt"},{"@type":"ListItem","position":2,"name":"Fluxos de Aprova\u00e7\u00e3o na Constru\u00e7\u00e3o"}]},{"@type":"WebSite","@id":"https:\/\/planyard.com\/pt-pt#website","url":"https:\/\/planyard.com\/pt-pt","name":"Planyard Portugal","description":"","potentialAction":[{"@type":"SearchAction","target":{"@type":"EntryPoint","urlTemplate":"https:\/\/planyard.com\/pt-pt?s={search_term_string}"},"query-input":{"@type":"PropertyValueSpecification","valueRequired":true,"valueName":"search_term_string"}}],"inLanguage":"pt-PT"}]}},"_links":{"self":[{"href":"https:\/\/planyard.com\/pt-pt\/wp-json\/wp\/v2\/pages\/13416","targetHints":{"allow":["GET"]}}],"collection":[{"href":"https:\/\/planyard.com\/pt-pt\/wp-json\/wp\/v2\/pages"}],"about":[{"href":"https:\/\/planyard.com\/pt-pt\/wp-json\/wp\/v2\/types\/page"}],"author":[{"embeddable":true,"href":"https:\/\/planyard.com\/pt-pt\/wp-json\/wp\/v2\/users\/2"}],"replies":[{"embeddable":true,"href":"https:\/\/planyard.com\/pt-pt\/wp-json\/wp\/v2\/comments?post=13416"}],"version-history":[{"count":1,"href":"https:\/\/planyard.com\/pt-pt\/wp-json\/wp\/v2\/pages\/13416\/revisions"}],"predecessor-version":[{"id":13560,"href":"https:\/\/planyard.com\/pt-pt\/wp-json\/wp\/v2\/pages\/13416\/revisions\/13560"}],"wp:attachment":[{"href":"https:\/\/planyard.com\/pt-pt\/wp-json\/wp\/v2\/media?parent=13416"}],"wp:term":[{"taxonomy":"page_intent","embeddable":true,"href":"https:\/\/planyard.com\/pt-pt\/wp-json\/wp\/v2\/page_intent?post=13416"},{"taxonomy":"page_type","embeddable":true,"href":"https:\/\/planyard.com\/pt-pt\/wp-json\/wp\/v2\/page_type?post=13416"}],"curies":[{"name":"wp","href":"https:\/\/api.w.org\/{rel}","templated":true}]}}