{"id":13412,"date":"2024-07-24T20:49:38","date_gmt":"2024-07-24T20:49:38","guid":{"rendered":"https:\/\/planyard.com\/case-studies-collection"},"modified":"2025-05-19T19:03:21","modified_gmt":"2025-05-19T19:03:21","slug":"colecao-de-estudos-de-caso","status":"publish","type":"page","link":"https:\/\/planyard.com\/pt-pt\/colecao-de-estudos-de-caso","title":{"rendered":"Estudos de caso"},"content":{"rendered":"\n<p>Descubra como o Planyard facilita a gest\u00e3o de or\u00e7amentos de constru\u00e7\u00e3o. Os nossos estudos de caso mostram como equipas reais reduzem erros e poupam centenas de horas utilizando as ferramentas simples e intuitivas do Planyard. Veja como tamb\u00e9m pode ajud\u00e1-lo!<\/p>\n\n\n\n<p><\/p>\n","protected":false},"excerpt":{"rendered":"<p>Descubra como o Planyard facilita a gest\u00e3o de or\u00e7amentos de constru\u00e7\u00e3o. Os nossos estudos de caso mostram como equipas reais reduzem erros e poupam centenas de horas utilizando as ferramentas simples e intuitivas do Planyard. Veja como tamb\u00e9m pode ajud\u00e1-lo!<\/p>\n","protected":false},"author":1,"featured_media":0,"parent":0,"menu_order":0,"comment_status":"closed","ping_status":"closed","template":"template-casestudies.php","meta":{"_acf_changed":false,"content-type":"","footnotes":""},"page_intent":[243],"page_type":[],"class_list":["post-13412","page","type-page","status-publish","hentry"],"acf":[],"yoast_head":"<!-- This site is optimized with the Yoast SEO plugin v26.9 - https:\/\/yoast.com\/product\/yoast-seo-wordpress\/ -->\n<title>Estudos de caso - Planyard Portugal<\/title>\n<meta name=\"description\" content=\"Os nossos estudos de caso mostram como equipas reais reduzem erros e poupam centenas de horas utilizando as ferramentas simples e intuitivas do Planyard.\" \/>\n<meta name=\"robots\" content=\"index, follow, max-snippet:-1, max-image-preview:large, max-video-preview:-1\" \/>\n<link rel=\"canonical\" href=\"https:\/\/planyard.com\/pt-pt\/colecao-de-estudos-de-caso\" \/>\n<meta property=\"og:locale\" content=\"pt_PT\" \/>\n<meta property=\"og:type\" content=\"article\" \/>\n<meta property=\"og:title\" content=\"Estudos de caso - Planyard Portugal\" \/>\n<meta property=\"og:description\" content=\"Os nossos estudos de caso mostram como equipas reais reduzem erros e poupam centenas de horas utilizando as ferramentas simples e intuitivas do Planyard.\" \/>\n<meta property=\"og:url\" content=\"https:\/\/planyard.com\/pt-pt\/colecao-de-estudos-de-caso\" \/>\n<meta property=\"og:site_name\" content=\"Planyard Portugal\" \/>\n<meta property=\"article:modified_time\" content=\"2025-05-19T19:03:21+00:00\" \/>\n<meta name=\"twitter:card\" content=\"summary_large_image\" \/>\n<meta name=\"twitter:label1\" content=\"Tempo estimado de leitura\" \/>\n\t<meta name=\"twitter:data1\" content=\"1 minuto\" \/>\n<!-- \/ Yoast SEO plugin. -->","yoast_head_json":{"title":"Estudos de caso - Planyard Portugal","description":"Os nossos estudos de caso mostram como equipas reais reduzem erros e poupam centenas de horas utilizando as ferramentas simples e intuitivas do Planyard.","robots":{"index":"index","follow":"follow","max-snippet":"max-snippet:-1","max-image-preview":"max-image-preview:large","max-video-preview":"max-video-preview:-1"},"canonical":"https:\/\/planyard.com\/pt-pt\/colecao-de-estudos-de-caso","og_locale":"pt_PT","og_type":"article","og_title":"Estudos de caso - Planyard Portugal","og_description":"Os nossos estudos de caso mostram como equipas reais reduzem erros e poupam centenas de horas utilizando as ferramentas simples e intuitivas do Planyard.","og_url":"https:\/\/planyard.com\/pt-pt\/colecao-de-estudos-de-caso","og_site_name":"Planyard Portugal","article_modified_time":"2025-05-19T19:03:21+00:00","twitter_card":"summary_large_image","twitter_misc":{"Tempo estimado de leitura":"1 minuto"},"schema":{"@context":"https:\/\/schema.org","@graph":[{"@type":"WebPage","@id":"https:\/\/planyard.com\/pt-pt\/colecao-de-estudos-de-caso","url":"https:\/\/planyard.com\/pt-pt\/colecao-de-estudos-de-caso","name":"Estudos de caso - Planyard Portugal","isPartOf":{"@id":"https:\/\/planyard.com\/pt-pt#website"},"datePublished":"2024-07-24T20:49:38+00:00","dateModified":"2025-05-19T19:03:21+00:00","description":"Os nossos estudos de caso mostram como equipas reais reduzem erros e poupam centenas de horas utilizando as ferramentas simples e intuitivas do Planyard.","breadcrumb":{"@id":"https:\/\/planyard.com\/pt-pt\/colecao-de-estudos-de-caso#breadcrumb"},"inLanguage":"pt-PT","potentialAction":[{"@type":"ReadAction","target":["https:\/\/planyard.com\/pt-pt\/colecao-de-estudos-de-caso"]}]},{"@type":"BreadcrumbList","@id":"https:\/\/planyard.com\/pt-pt\/colecao-de-estudos-de-caso#breadcrumb","itemListElement":[{"@type":"ListItem","position":1,"name":"Home","item":"https:\/\/planyard.com\/pt-pt"},{"@type":"ListItem","position":2,"name":"Estudos de caso"}]},{"@type":"WebSite","@id":"https:\/\/planyard.com\/pt-pt#website","url":"https:\/\/planyard.com\/pt-pt","name":"Planyard Portugal","description":"","potentialAction":[{"@type":"SearchAction","target":{"@type":"EntryPoint","urlTemplate":"https:\/\/planyard.com\/pt-pt?s={search_term_string}"},"query-input":{"@type":"PropertyValueSpecification","valueRequired":true,"valueName":"search_term_string"}}],"inLanguage":"pt-PT"}]}},"_links":{"self":[{"href":"https:\/\/planyard.com\/pt-pt\/wp-json\/wp\/v2\/pages\/13412","targetHints":{"allow":["GET"]}}],"collection":[{"href":"https:\/\/planyard.com\/pt-pt\/wp-json\/wp\/v2\/pages"}],"about":[{"href":"https:\/\/planyard.com\/pt-pt\/wp-json\/wp\/v2\/types\/page"}],"author":[{"embeddable":true,"href":"https:\/\/planyard.com\/pt-pt\/wp-json\/wp\/v2\/users\/1"}],"replies":[{"embeddable":true,"href":"https:\/\/planyard.com\/pt-pt\/wp-json\/wp\/v2\/comments?post=13412"}],"version-history":[{"count":3,"href":"https:\/\/planyard.com\/pt-pt\/wp-json\/wp\/v2\/pages\/13412\/revisions"}],"predecessor-version":[{"id":16368,"href":"https:\/\/planyard.com\/pt-pt\/wp-json\/wp\/v2\/pages\/13412\/revisions\/16368"}],"wp:attachment":[{"href":"https:\/\/planyard.com\/pt-pt\/wp-json\/wp\/v2\/media?parent=13412"}],"wp:term":[{"taxonomy":"page_intent","embeddable":true,"href":"https:\/\/planyard.com\/pt-pt\/wp-json\/wp\/v2\/page_intent?post=13412"},{"taxonomy":"page_type","embeddable":true,"href":"https:\/\/planyard.com\/pt-pt\/wp-json\/wp\/v2\/page_type?post=13412"}],"curies":[{"name":"wp","href":"https:\/\/api.w.org\/{rel}","templated":true}]}}