{"id":13210,"date":"2024-08-27T16:43:01","date_gmt":"2024-08-27T16:43:01","guid":{"rendered":"https:\/\/planyard.com\/construction-cost-control"},"modified":"2025-05-19T19:02:36","modified_gmt":"2025-05-19T19:02:36","slug":"kostnadskontroll-bygg-anlegg","status":"publish","type":"page","link":"https:\/\/planyard.com\/no\/kostnadskontroll-bygg-anlegg","title":{"rendered":"Hva er kostnadskontroll i bygg og anlegg?"},"content":{"rendered":"\n<h2 class=\"wp-block-heading has-text-align-left\">Hva er kostnadskontroll i bygg og anlegg?<\/h2>\n\n\n\n<p>Kostnadskontroll i bygg og anlegg handler om \u00e5 administrere kostnadene dine med m\u00e5l om \u00e5 \u00f8ke fortjenesten. Kostnadskontroll starter med estimering (\u00e5 f\u00e5 estimatene n\u00f8yaktige og l\u00f8nnsomme) og avsluttes med betaling til underentrepren\u00f8rer.<\/p>\n\n\n\n<p>Administrasjon av underentrepren\u00f8rer er en stor del av dette, ettersom hovedentrepren\u00f8rer m\u00e5 samle inn anbud, m\u00e5nedlige fremdriftsrapporter og kostnadsdokumenter basert p\u00e5 kostnadskoder.<\/p>\n\n\n\n<p>En annen m\u00e5te \u00e5 se det p\u00e5 er at det dekker alle prosesser der kostnadskoder i bygg og anlegg er involvert (unntatt regnskap).<\/p>\n\n\n\n<p>Kostnadskontroll kan utf\u00f8res p\u00e5 ulike m\u00e5ter (papir og blyant, Excel, spesialisert programvare osv.), men det er noen \u00e5penbare fordeler ved \u00e5 bruke spesialisert programvare for kostnadskontroll.<\/p>\n\n\n\n<figure class=\"wp-block-image size-full\"><img loading=\"lazy\" decoding=\"async\" width=\"1200\" height=\"500\" src=\"https:\/\/planyard.com\/wp-content\/uploads\/2024\/08\/construction-cost-control-1.png\" alt=\"\" class=\"wp-image-1596\"\/><\/figure>\n\n\n\n<h2 class=\"wp-block-heading has-text-align-center paddedHeading\">Fordeler<\/h2>\n\n\n\n<div class=\"wp-block-columns is-layout-flex wp-container-core-columns-is-layout-9d6595d7 wp-block-columns-is-layout-flex\">\n<div class=\"wp-block-column is-layout-flow wp-block-column-is-layout-flow\">\n<h4 class=\"wp-block-heading checkedItem\">Vite om et prosjekt gir fortjeneste eller ikke f\u00f8r det er ferdig<\/h4>\n<\/div>\n\n\n\n<div class=\"wp-block-column is-layout-flow wp-block-column-is-layout-flow\">\n<h4 class=\"wp-block-heading checkedItem\">Spar 3-5 dager per m\u00e5ned per prosjektleder<\/h4>\n<\/div>\n\n\n\n<div class=\"wp-block-column is-layout-flow wp-block-column-is-layout-flow\">\n<h4 class=\"wp-block-heading checkedItem\">Standardiser prosessene og sikre samsvar<\/h4>\n<\/div>\n<\/div>\n\n\n\n<div class=\"wp-block-columns is-layout-flex wp-container-core-columns-is-layout-9d6595d7 wp-block-columns-is-layout-flex\">\n<div class=\"wp-block-column is-layout-flow wp-block-column-is-layout-flow\">\n<h4 class=\"wp-block-heading checkedItem\">Oppdag feil i estimering og design<\/h4>\n<\/div>\n\n\n\n<div class=\"wp-block-column is-layout-flow wp-block-column-is-layout-flow\">\n<h4 class=\"wp-block-heading checkedItem\">Bli kvitt manuelle beregninger og kopiering<\/h4>\n<\/div>\n\n\n\n<div class=\"wp-block-column is-layout-flow wp-block-column-is-layout-flow\">\n<h4 class=\"wp-block-heading checkedItem\">Ikke la ting falle mellom stolene<\/h4>\n<\/div>\n<\/div>\n\n\n\n<h2 class=\"wp-block-heading has-text-align-center\">Kj\u00f8psguide for programvare for kostnadskontroll i bygg og anlegg<\/h2>\n\n\n\n<div class=\"wp-block-columns is-layout-flex wp-container-core-columns-is-layout-9d6595d7 wp-block-columns-is-layout-flex\">\n<div class=\"wp-block-column is-layout-flow wp-block-column-is-layout-flow\">\n<h4 class=\"wp-block-heading\">Om guiden<\/h4>\n\n\n\n<p>Denne gratis guiden gir deg en oversikt over hvilke fordeler programvare for kostnadskontroll i bygg og anlegg gir. Og kanskje like viktig &#8211; hvordan den gir dem.<\/p>\n\n\n\n<p>Den er skrevet med hovedentrepren\u00f8rer i tankene som trenger \u00e5 administrere storskala byggeprosjekter.<\/p>\n\n\n\n<p>Selv om du ikke ser etter kostnadskontroll akkurat n\u00e5, vil den gi deg en bedre forst\u00e5else av hvordan du kan gj\u00f8re prosessene dine mer effektive.<\/p>\n\n\n\n<p>I tillegg inneholder den en detaljert oversikt over alle mulige funksjoner og hva m\u00e5let med den funksjonaliteten er.<\/p>\n<\/div>\n\n\n\n<div class=\"wp-block-column is-layout-flow wp-block-column-is-layout-flow\">\n<figure class=\"wp-block-image size-full\"><img loading=\"lazy\" decoding=\"async\" width=\"1024\" height=\"1024\" src=\"https:\/\/planyard.com\/wp-content\/uploads\/2024\/08\/construction-cost-control-ebook-1024x1024-1.png\" alt=\"\" class=\"wp-image-1598\" srcset=\"https:\/\/planyard.com\/wp-content\/uploads\/2024\/08\/construction-cost-control-ebook-1024x1024-1.png 1024w, https:\/\/planyard.com\/wp-content\/uploads\/2024\/08\/construction-cost-control-ebook-1024x1024-1-150x150.png 150w\" sizes=\"auto, (max-width: 1024px) 100vw, 1024px\" \/><\/figure>\n<\/div>\n<\/div>\n\n\n\n<div class=\"wp-block-columns is-layout-flex wp-container-core-columns-is-layout-9d6595d7 wp-block-columns-is-layout-flex\">\n<div class=\"wp-block-column is-layout-flow wp-block-column-is-layout-flow\">\n<h4 class=\"wp-block-heading\">Innholdsfortegnelse<\/h4>\n\n\n\n<ol class=\"wp-block-list\">\n<li>Hva er programvare for kostnadskontroll og hvorfor bruke det?<\/li>\n\n\n\n<li>Hvordan vurdere selskapets modenhet<\/li>\n\n\n\n<li>Lokalt installert vs skybasert programvare<\/li>\n\n\n\n<li>Kommunikasjon og integrasjoner<\/li>\n\n\n\n<li>Estimering<\/li>\n\n\n\n<li>Anbudsadministrasjon<\/li>\n\n\n\n<li>Budsjettstyring<\/li>\n\n\n\n<li>Kontrakt- og endringsordreh\u00e5ndtering<\/li>\n\n\n\n<li>Fremdriftsrapportering for underentrepren\u00f8rer<\/li>\n\n\n\n<li>Kostnadsdokumenth\u00e5ndtering<\/li>\n\n\n\n<li>Kostnadsprognoser<\/li>\n\n\n\n<li>Kontantstr\u00f8msporing<\/li>\n\n\n\n<li>Underentrepren\u00f8r- og kontaktadministrasjon<\/li>\n\n\n\n<li>Brukeradministrasjon<\/li>\n\n\n\n<li>Sikkerhet<\/li>\n<\/ol>\n<\/div>\n\n\n\n<div class=\"wp-block-column is-layout-flow wp-block-column-is-layout-flow\">\n<h4 class=\"wp-block-heading\">Gratis nedlasting<\/h4>\n\n\n\n<script charset=\"utf-8\" type=\"text\/javascript\" src=\"\/\/js.hsforms.net\/forms\/shell.js\"><\/script>\n<script>\n  hbspt.forms.create({\n\tportalId: \"4963994\",\n\tformId: \"5dc63c68-0796-4789-93ac-9d26427cf303\"\n});\n<\/script>\n<\/div>\n<\/div>\n\n\n\n<h2 class=\"wp-block-heading has-text-align-center\">Planyard entrepren\u00f8rprogramvare hjelper ambisi\u00f8se team med \u00e5 n\u00e5 sine m\u00e5l og akselerere veksten.<\/h2>\n\n\n\n<div class=\"wp-block-media-text alignwide has-media-on-the-right is-stacked-on-mobile is-vertically-aligned-center\"><div class=\"wp-block-media-text__content\">\n<ul class=\"wp-block-list\">\n<li>Ikke mer regneark<\/li>\n\n\n\n<li>Sparer tid for prosjektledere og mengdeberegnere<\/li>\n\n\n\n<li>Enkelt \u00e5 implementere og bruke<\/li>\n\n\n\n<li>Sanntids og n\u00f8yaktige \u00f8konomiske prognoser<\/li>\n\n\n\n<li>Ingen mer duplisering av data<\/li>\n<\/ul>\n\n\n\n<div class=\"wp-block-buttons is-layout-flex wp-block-buttons-is-layout-flex\">\n<div class=\"wp-block-button\"><a class=\"wp-block-button__link wp-element-button\" href=\"https:\/\/planyard.com\/sign-up\">Start din gratis pr\u00f8veperiode<\/a><\/div>\n\n\n\n<div class=\"wp-block-button\"><a class=\"wp-block-button__link wp-element-button\" href=\"https:\/\/meetings.hubspot.com\/cedlund\" target=\"_blank\" rel=\"noreferrer noopener\">Be om en demo<\/a><\/div>\n<\/div>\n<\/div><figure class=\"wp-block-media-text__media\"><img decoding=\"async\" src=\"https:\/\/planyard.com\/wp-content\/uploads\/2024\/10\/construction-project-management-software-macbook-iphone-1_reduced-1024x598-1.webp\" alt=\"\" class=\"wp-image-3832 size-large\"\/><\/figure><\/div>\n","protected":false},"excerpt":{"rendered":"<p>Hva er kostnadskontroll i bygg og anlegg? Kostnadskontroll i bygg og anlegg handler om \u00e5 administrere kostnadene dine med m\u00e5l om \u00e5 \u00f8ke fortjenesten. Kostnadskontroll starter med estimering (\u00e5 f\u00e5 estimatene n\u00f8yaktige og l\u00f8nnsomme) og avsluttes med betaling til underentrepren\u00f8rer. Administrasjon av underentrepren\u00f8rer er en stor del av dette, ettersom hovedentrepren\u00f8rer m\u00e5 samle inn anbud,&#8230;  <a class=\"excerpt-read-more\" href=\"https:\/\/planyard.com\/no\/kostnadskontroll-bygg-anlegg\" title=\"Les  Hva er kostnadskontroll i bygg og anlegg?\">Les mer &laquo;<\/a><\/p>\n","protected":false},"author":2,"featured_media":0,"parent":0,"menu_order":0,"comment_status":"closed","ping_status":"closed","template":"","meta":{"_acf_changed":false,"content-type":"","footnotes":""},"page_intent":[167],"page_type":[],"class_list":["post-13210","page","type-page","status-publish","hentry"],"acf":[],"yoast_head":"<!-- This site is optimized with the Yoast SEO plugin v27.1.1 - https:\/\/yoast.com\/product\/yoast-seo-wordpress\/ -->\n<title>Hva er kostnadskontroll i bygg og anlegg? - Planyard Norge<\/title>\n<meta name=\"description\" content=\"Hva er de beste praksisene for kostnadskontroll i bygg og anlegg, og hvordan velge programvare for \u00e5 h\u00e5ndtere kostnader og maksimere l\u00f8nnsomheten.\" \/>\n<meta name=\"robots\" content=\"index, follow, max-snippet:-1, max-image-preview:large, max-video-preview:-1\" \/>\n<link rel=\"canonical\" href=\"https:\/\/planyard.com\/no\/kostnadskontroll-bygg-anlegg\" \/>\n<meta property=\"og:locale\" content=\"nb_NO\" \/>\n<meta property=\"og:type\" content=\"article\" \/>\n<meta property=\"og:title\" content=\"Hva er kostnadskontroll i bygg og anlegg? - Planyard Norge\" \/>\n<meta property=\"og:description\" content=\"Hva er de beste praksisene for kostnadskontroll i bygg og anlegg, og hvordan velge programvare for \u00e5 h\u00e5ndtere kostnader og maksimere l\u00f8nnsomheten.\" \/>\n<meta property=\"og:url\" content=\"https:\/\/planyard.com\/no\/kostnadskontroll-bygg-anlegg\" \/>\n<meta property=\"og:site_name\" content=\"Planyard Norge\" \/>\n<meta property=\"article:modified_time\" content=\"2025-05-19T19:02:36+00:00\" \/>\n<meta property=\"og:image\" content=\"https:\/\/planyard.com\/wp-content\/uploads\/2024\/08\/construction-cost-control-1.png\" \/>\n\t<meta property=\"og:image:width\" content=\"1200\" \/>\n\t<meta property=\"og:image:height\" content=\"500\" \/>\n\t<meta property=\"og:image:type\" content=\"image\/png\" \/>\n<meta name=\"twitter:card\" content=\"summary_large_image\" \/>\n<meta name=\"twitter:label1\" content=\"Ansl. lesetid\" \/>\n\t<meta name=\"twitter:data1\" content=\"3 minutter\" \/>\n<!-- \/ Yoast SEO plugin. -->","yoast_head_json":{"title":"Hva er kostnadskontroll i bygg og anlegg? - Planyard Norge","description":"Hva er de beste praksisene for kostnadskontroll i bygg og anlegg, og hvordan velge programvare for \u00e5 h\u00e5ndtere kostnader og maksimere l\u00f8nnsomheten.","robots":{"index":"index","follow":"follow","max-snippet":"max-snippet:-1","max-image-preview":"max-image-preview:large","max-video-preview":"max-video-preview:-1"},"canonical":"https:\/\/planyard.com\/no\/kostnadskontroll-bygg-anlegg","og_locale":"nb_NO","og_type":"article","og_title":"Hva er kostnadskontroll i bygg og anlegg? - Planyard Norge","og_description":"Hva er de beste praksisene for kostnadskontroll i bygg og anlegg, og hvordan velge programvare for \u00e5 h\u00e5ndtere kostnader og maksimere l\u00f8nnsomheten.","og_url":"https:\/\/planyard.com\/no\/kostnadskontroll-bygg-anlegg","og_site_name":"Planyard Norge","article_modified_time":"2025-05-19T19:02:36+00:00","og_image":[{"width":1200,"height":500,"url":"https:\/\/planyard.com\/wp-content\/uploads\/2024\/08\/construction-cost-control-1.png","type":"image\/png"}],"twitter_card":"summary_large_image","twitter_misc":{"Ansl. lesetid":"3 minutter"},"schema":{"@context":"https:\/\/schema.org","@graph":[{"@type":"WebPage","@id":"https:\/\/planyard.com\/no\/kostnadskontroll-bygg-anlegg","url":"https:\/\/planyard.com\/no\/kostnadskontroll-bygg-anlegg","name":"Hva er kostnadskontroll i bygg og anlegg? - Planyard Norge","isPartOf":{"@id":"https:\/\/planyard.com\/no#website"},"primaryImageOfPage":{"@id":"https:\/\/planyard.com\/no\/kostnadskontroll-bygg-anlegg#primaryimage"},"image":{"@id":"https:\/\/planyard.com\/no\/kostnadskontroll-bygg-anlegg#primaryimage"},"thumbnailUrl":"https:\/\/planyard.com\/wp-content\/uploads\/2024\/08\/construction-cost-control-1.png","datePublished":"2024-08-27T16:43:01+00:00","dateModified":"2025-05-19T19:02:36+00:00","description":"Hva er de beste praksisene for kostnadskontroll i bygg og anlegg, og hvordan velge programvare for \u00e5 h\u00e5ndtere kostnader og maksimere l\u00f8nnsomheten.","breadcrumb":{"@id":"https:\/\/planyard.com\/no\/kostnadskontroll-bygg-anlegg#breadcrumb"},"inLanguage":"nb-NO","potentialAction":[{"@type":"ReadAction","target":["https:\/\/planyard.com\/no\/kostnadskontroll-bygg-anlegg"]}]},{"@type":"ImageObject","inLanguage":"nb-NO","@id":"https:\/\/planyard.com\/no\/kostnadskontroll-bygg-anlegg#primaryimage","url":"https:\/\/planyard.com\/wp-content\/uploads\/2024\/08\/construction-cost-control-1.png","contentUrl":"https:\/\/planyard.com\/wp-content\/uploads\/2024\/08\/construction-cost-control-1.png"},{"@type":"BreadcrumbList","@id":"https:\/\/planyard.com\/no\/kostnadskontroll-bygg-anlegg#breadcrumb","itemListElement":[{"@type":"ListItem","position":1,"name":"Home","item":"https:\/\/planyard.com\/no"},{"@type":"ListItem","position":2,"name":"Hva er kostnadskontroll i bygg og anlegg?"}]},{"@type":"WebSite","@id":"https:\/\/planyard.com\/no#website","url":"https:\/\/planyard.com\/no","name":"Planyard Norge","description":"","potentialAction":[{"@type":"SearchAction","target":{"@type":"EntryPoint","urlTemplate":"https:\/\/planyard.com\/no?s={search_term_string}"},"query-input":{"@type":"PropertyValueSpecification","valueRequired":true,"valueName":"search_term_string"}}],"inLanguage":"nb-NO"}]}},"_links":{"self":[{"href":"https:\/\/planyard.com\/no\/wp-json\/wp\/v2\/pages\/13210","targetHints":{"allow":["GET"]}}],"collection":[{"href":"https:\/\/planyard.com\/no\/wp-json\/wp\/v2\/pages"}],"about":[{"href":"https:\/\/planyard.com\/no\/wp-json\/wp\/v2\/types\/page"}],"author":[{"embeddable":true,"href":"https:\/\/planyard.com\/no\/wp-json\/wp\/v2\/users\/2"}],"replies":[{"embeddable":true,"href":"https:\/\/planyard.com\/no\/wp-json\/wp\/v2\/comments?post=13210"}],"version-history":[{"count":3,"href":"https:\/\/planyard.com\/no\/wp-json\/wp\/v2\/pages\/13210\/revisions"}],"predecessor-version":[{"id":16365,"href":"https:\/\/planyard.com\/no\/wp-json\/wp\/v2\/pages\/13210\/revisions\/16365"}],"wp:attachment":[{"href":"https:\/\/planyard.com\/no\/wp-json\/wp\/v2\/media?parent=13210"}],"wp:term":[{"taxonomy":"page_intent","embeddable":true,"href":"https:\/\/planyard.com\/no\/wp-json\/wp\/v2\/page_intent?post=13210"},{"taxonomy":"page_type","embeddable":true,"href":"https:\/\/planyard.com\/no\/wp-json\/wp\/v2\/page_type?post=13210"}],"curies":[{"name":"wp","href":"https:\/\/api.w.org\/{rel}","templated":true}]}}