{"id":13200,"date":"2024-08-29T10:26:44","date_gmt":"2024-08-29T10:26:44","guid":{"rendered":"https:\/\/planyard.com\/request-a-planyard-pricing-proposal"},"modified":"2025-05-19T18:58:28","modified_gmt":"2025-05-19T18:58:28","slug":"be-om-et-pristilbud-fra-planyard","status":"publish","type":"page","link":"https:\/\/planyard.com\/no\/be-om-et-pristilbud-fra-planyard","title":{"rendered":"Be om et pristilbud fra Planyard"},"content":{"rendered":"\n<div class=\"wp-block-columns is-layout-flex wp-container-core-columns-is-layout-9d6595d7 wp-block-columns-is-layout-flex\">\n<div class=\"wp-block-column is-layout-flow wp-block-column-is-layout-flow\">\n<p>Hvis selskapet ditt h\u00e5ndterer en variert portef\u00f8lje av byggeprosjekter med flere forretningsenheter og juridiske enheter, og du trenger \u00e5 onboarde prosjektledere, mengdeberegnere, anleggsingeni\u00f8rer, kalkulat\u00f8rer og flere, er vi her for \u00e5 hjelpe.<\/p>\n\n\n\n<h5 class=\"wp-block-heading\">Vennligst fyll ut skjemaet, s\u00e5 vil en av v\u00e5re salgsrepresentanter kontakte deg snart for \u00e5 gi et personlig pristilbud.<\/h5>\n<\/div>\n\n\n\n<div class=\"wp-block-column is-layout-flow wp-block-column-is-layout-flow\">\n\n\n  hbspt.forms.create({\n    region: &laquo;na1&raquo;,\n    portalId: &laquo;4963994&raquo;,\n    formId: &laquo;494ccc6f-398f-476e-b68d-ffeffb321027&raquo;\n  });\n\n<\/div>\n<\/div>\n\n\n\n<p><\/p>\n","protected":false},"excerpt":{"rendered":"<p>Hvis selskapet ditt h\u00e5ndterer en variert portef\u00f8lje av byggeprosjekter med flere forretningsenheter og juridiske enheter, og du trenger \u00e5 onboarde prosjektledere, mengdeberegnere, anleggsingeni\u00f8rer, kalkulat\u00f8rer og flere, er vi her for \u00e5 hjelpe. Vennligst fyll ut skjemaet, s\u00e5 vil en av v\u00e5re salgsrepresentanter kontakte deg snart for \u00e5 gi et personlig pristilbud. hbspt.forms.create({ region: &laquo;na1&raquo;, portalId:&#8230;  <a class=\"excerpt-read-more\" href=\"https:\/\/planyard.com\/no\/be-om-et-pristilbud-fra-planyard\" title=\"Les  Be om et pristilbud fra Planyard\">Les mer &laquo;<\/a><\/p>\n","protected":false},"author":2,"featured_media":0,"parent":0,"menu_order":0,"comment_status":"closed","ping_status":"closed","template":"","meta":{"_acf_changed":false,"content-type":"","footnotes":""},"page_intent":[182],"page_type":[],"class_list":["post-13200","page","type-page","status-publish","hentry"],"acf":[],"yoast_head":"<!-- This site is optimized with the Yoast SEO plugin v26.9 - https:\/\/yoast.com\/product\/yoast-seo-wordpress\/ -->\n<title>Be om et pristilbud fra Planyard -<\/title>\n<meta name=\"description\" content=\"Last ned Planyard byggeprosjektkostnadskoder gratis og hold enkelt oversikt over prosjektkostnadene dine. Kostnadskontroll, KPI-sporing, ideell for bruk i hele selskapet, og mer\" \/>\n<meta name=\"robots\" content=\"index, follow, max-snippet:-1, max-image-preview:large, max-video-preview:-1\" \/>\n<link rel=\"canonical\" href=\"https:\/\/planyard.com\/no\/be-om-et-pristilbud-fra-planyard\" \/>\n<meta property=\"og:locale\" content=\"nb_NO\" \/>\n<meta property=\"og:type\" content=\"article\" \/>\n<meta property=\"og:title\" content=\"Be om et pristilbud fra Planyard -\" \/>\n<meta property=\"og:description\" content=\"Last ned Planyard byggeprosjektkostnadskoder gratis og hold enkelt oversikt over prosjektkostnadene dine. Kostnadskontroll, KPI-sporing, ideell for bruk i hele selskapet, og mer\" \/>\n<meta property=\"og:url\" content=\"https:\/\/planyard.com\/no\/be-om-et-pristilbud-fra-planyard\" \/>\n<meta property=\"og:site_name\" content=\"Planyard Norge\" \/>\n<meta property=\"article:modified_time\" content=\"2025-05-19T18:58:28+00:00\" \/>\n<meta name=\"twitter:card\" content=\"summary_large_image\" \/>\n<meta name=\"twitter:label1\" content=\"Ansl. lesetid\" \/>\n\t<meta name=\"twitter:data1\" content=\"1 minutt\" \/>\n<!-- \/ Yoast SEO plugin. -->","yoast_head_json":{"title":"Be om et pristilbud fra Planyard -","description":"Last ned Planyard byggeprosjektkostnadskoder gratis og hold enkelt oversikt over prosjektkostnadene dine. Kostnadskontroll, KPI-sporing, ideell for bruk i hele selskapet, og mer","robots":{"index":"index","follow":"follow","max-snippet":"max-snippet:-1","max-image-preview":"max-image-preview:large","max-video-preview":"max-video-preview:-1"},"canonical":"https:\/\/planyard.com\/no\/be-om-et-pristilbud-fra-planyard","og_locale":"nb_NO","og_type":"article","og_title":"Be om et pristilbud fra Planyard -","og_description":"Last ned Planyard byggeprosjektkostnadskoder gratis og hold enkelt oversikt over prosjektkostnadene dine. Kostnadskontroll, KPI-sporing, ideell for bruk i hele selskapet, og mer","og_url":"https:\/\/planyard.com\/no\/be-om-et-pristilbud-fra-planyard","og_site_name":"Planyard Norge","article_modified_time":"2025-05-19T18:58:28+00:00","twitter_card":"summary_large_image","twitter_misc":{"Ansl. lesetid":"1 minutt"},"schema":{"@context":"https:\/\/schema.org","@graph":[{"@type":"WebPage","@id":"https:\/\/planyard.com\/no\/be-om-et-pristilbud-fra-planyard","url":"https:\/\/planyard.com\/no\/be-om-et-pristilbud-fra-planyard","name":"Be om et pristilbud fra Planyard -","isPartOf":{"@id":"https:\/\/planyard.com\/no#website"},"datePublished":"2024-08-29T10:26:44+00:00","dateModified":"2025-05-19T18:58:28+00:00","description":"Last ned Planyard byggeprosjektkostnadskoder gratis og hold enkelt oversikt over prosjektkostnadene dine. Kostnadskontroll, KPI-sporing, ideell for bruk i hele selskapet, og mer","breadcrumb":{"@id":"https:\/\/planyard.com\/no\/be-om-et-pristilbud-fra-planyard#breadcrumb"},"inLanguage":"nb-NO","potentialAction":[{"@type":"ReadAction","target":["https:\/\/planyard.com\/no\/be-om-et-pristilbud-fra-planyard"]}]},{"@type":"BreadcrumbList","@id":"https:\/\/planyard.com\/no\/be-om-et-pristilbud-fra-planyard#breadcrumb","itemListElement":[{"@type":"ListItem","position":1,"name":"Home","item":"https:\/\/planyard.com\/no"},{"@type":"ListItem","position":2,"name":"Be om et pristilbud fra Planyard"}]},{"@type":"WebSite","@id":"https:\/\/planyard.com\/no#website","url":"https:\/\/planyard.com\/no","name":"Planyard Norge","description":"","potentialAction":[{"@type":"SearchAction","target":{"@type":"EntryPoint","urlTemplate":"https:\/\/planyard.com\/no?s={search_term_string}"},"query-input":{"@type":"PropertyValueSpecification","valueRequired":true,"valueName":"search_term_string"}}],"inLanguage":"nb-NO"}]}},"_links":{"self":[{"href":"https:\/\/planyard.com\/no\/wp-json\/wp\/v2\/pages\/13200","targetHints":{"allow":["GET"]}}],"collection":[{"href":"https:\/\/planyard.com\/no\/wp-json\/wp\/v2\/pages"}],"about":[{"href":"https:\/\/planyard.com\/no\/wp-json\/wp\/v2\/types\/page"}],"author":[{"embeddable":true,"href":"https:\/\/planyard.com\/no\/wp-json\/wp\/v2\/users\/2"}],"replies":[{"embeddable":true,"href":"https:\/\/planyard.com\/no\/wp-json\/wp\/v2\/comments?post=13200"}],"version-history":[{"count":3,"href":"https:\/\/planyard.com\/no\/wp-json\/wp\/v2\/pages\/13200\/revisions"}],"predecessor-version":[{"id":16351,"href":"https:\/\/planyard.com\/no\/wp-json\/wp\/v2\/pages\/13200\/revisions\/16351"}],"wp:attachment":[{"href":"https:\/\/planyard.com\/no\/wp-json\/wp\/v2\/media?parent=13200"}],"wp:term":[{"taxonomy":"page_intent","embeddable":true,"href":"https:\/\/planyard.com\/no\/wp-json\/wp\/v2\/page_intent?post=13200"},{"taxonomy":"page_type","embeddable":true,"href":"https:\/\/planyard.com\/no\/wp-json\/wp\/v2\/page_type?post=13200"}],"curies":[{"name":"wp","href":"https:\/\/api.w.org\/{rel}","templated":true}]}}