{"id":13198,"date":"2024-08-26T10:47:03","date_gmt":"2024-08-26T10:47:03","guid":{"rendered":"https:\/\/planyard.com\/quickbooks-disconnected"},"modified":"2025-05-19T18:58:22","modified_gmt":"2025-05-19T18:58:22","slug":"quickbooks-frakoblet","status":"publish","type":"page","link":"https:\/\/planyard.com\/no\/quickbooks-frakoblet","title":{"rendered":"QuickBooks frakoblet"},"content":{"rendered":"\n<p class=\"has-text-align-left\">Din QuickBooks-integrasjon har blitt frakoblet. Du vil ikke lenger kunne sende fakturaer direkte til din QuickBooks-konto fra Planyard. Dette betyr at kostnadsdokumenter du bekrefter i Planyard ikke automatisk vil bli sendt til QuickBooks.<\/p>\n\n\n\n<p class=\"has-text-align-left\">Hvis du \u00f8nsker \u00e5 koble Planyard og din QuickBooks-konto sammen igjen, <a href=\"https:\/\/central.planyard.com\/planyard-quickbooks-integration\"><strong>klikk her for \u00e5 se hvordan du kan koble QuickBooks til igjen<\/strong><\/a> eller kontakt v\u00e5r support for mer informasjon.<\/p>\n\n\n\n<p class=\"has-text-align-left\">Alternativt, hvis du er logget inn p\u00e5 Planyard-applikasjonen, kan du <a href=\"https:\/\/app.planyard.com\/#\/company\/integrations\"><strong>klikke her for \u00e5 se dine integrasjoner<\/strong><\/a>.<br><\/p>\n","protected":false},"excerpt":{"rendered":"<p>Din QuickBooks-integrasjon har blitt frakoblet. Du vil ikke lenger kunne sende fakturaer direkte til din QuickBooks-konto fra Planyard. Dette betyr at kostnadsdokumenter du bekrefter i Planyard ikke automatisk vil bli sendt til QuickBooks. Hvis du \u00f8nsker \u00e5 koble Planyard og din QuickBooks-konto sammen igjen, klikk her for \u00e5 se hvordan du kan koble QuickBooks til&#8230;  <a class=\"excerpt-read-more\" href=\"https:\/\/planyard.com\/no\/quickbooks-frakoblet\" title=\"Les  QuickBooks frakoblet\">Les mer &laquo;<\/a><\/p>\n","protected":false},"author":2,"featured_media":0,"parent":0,"menu_order":0,"comment_status":"closed","ping_status":"closed","template":"","meta":{"_acf_changed":false,"content-type":"","footnotes":""},"page_intent":[227],"page_type":[],"class_list":["post-13198","page","type-page","status-publish","hentry"],"acf":[],"yoast_head":"<!-- This site is optimized with the Yoast SEO plugin v27.1.1 - https:\/\/yoast.com\/product\/yoast-seo-wordpress\/ -->\n<title>QuickBooks frakoblet - Planyard Norge<\/title>\n<meta name=\"robots\" content=\"index, follow, max-snippet:-1, max-image-preview:large, max-video-preview:-1\" \/>\n<link rel=\"canonical\" href=\"https:\/\/planyard.com\/no\/quickbooks-frakoblet\" \/>\n<meta property=\"og:locale\" content=\"nb_NO\" \/>\n<meta property=\"og:type\" content=\"article\" \/>\n<meta property=\"og:title\" content=\"QuickBooks frakoblet - Planyard Norge\" \/>\n<meta property=\"og:description\" content=\"Din QuickBooks-integrasjon har blitt frakoblet. Du vil ikke lenger kunne sende fakturaer direkte til din QuickBooks-konto fra Planyard. Dette betyr at kostnadsdokumenter du bekrefter i Planyard ikke automatisk vil bli sendt til QuickBooks. Hvis du \u00f8nsker \u00e5 koble Planyard og din QuickBooks-konto sammen igjen, klikk her for \u00e5 se hvordan du kan koble QuickBooks til... Les mer &quot;\" \/>\n<meta property=\"og:url\" content=\"https:\/\/planyard.com\/no\/quickbooks-frakoblet\" \/>\n<meta property=\"og:site_name\" content=\"Planyard Norge\" \/>\n<meta property=\"article:modified_time\" content=\"2025-05-19T18:58:22+00:00\" \/>\n<meta name=\"twitter:card\" content=\"summary_large_image\" \/>\n<meta name=\"twitter:label1\" content=\"Ansl. lesetid\" \/>\n\t<meta name=\"twitter:data1\" content=\"1 minutt\" \/>\n<!-- \/ Yoast SEO plugin. -->","yoast_head_json":{"title":"QuickBooks frakoblet - Planyard Norge","robots":{"index":"index","follow":"follow","max-snippet":"max-snippet:-1","max-image-preview":"max-image-preview:large","max-video-preview":"max-video-preview:-1"},"canonical":"https:\/\/planyard.com\/no\/quickbooks-frakoblet","og_locale":"nb_NO","og_type":"article","og_title":"QuickBooks frakoblet - Planyard Norge","og_description":"Din QuickBooks-integrasjon har blitt frakoblet. Du vil ikke lenger kunne sende fakturaer direkte til din QuickBooks-konto fra Planyard. Dette betyr at kostnadsdokumenter du bekrefter i Planyard ikke automatisk vil bli sendt til QuickBooks. Hvis du \u00f8nsker \u00e5 koble Planyard og din QuickBooks-konto sammen igjen, klikk her for \u00e5 se hvordan du kan koble QuickBooks til... Les mer \"","og_url":"https:\/\/planyard.com\/no\/quickbooks-frakoblet","og_site_name":"Planyard Norge","article_modified_time":"2025-05-19T18:58:22+00:00","twitter_card":"summary_large_image","twitter_misc":{"Ansl. lesetid":"1 minutt"},"schema":{"@context":"https:\/\/schema.org","@graph":[{"@type":"WebPage","@id":"https:\/\/planyard.com\/no\/quickbooks-frakoblet","url":"https:\/\/planyard.com\/no\/quickbooks-frakoblet","name":"QuickBooks frakoblet - Planyard Norge","isPartOf":{"@id":"https:\/\/planyard.com\/no#website"},"datePublished":"2024-08-26T10:47:03+00:00","dateModified":"2025-05-19T18:58:22+00:00","breadcrumb":{"@id":"https:\/\/planyard.com\/no\/quickbooks-frakoblet#breadcrumb"},"inLanguage":"nb-NO","potentialAction":[{"@type":"ReadAction","target":["https:\/\/planyard.com\/no\/quickbooks-frakoblet"]}]},{"@type":"BreadcrumbList","@id":"https:\/\/planyard.com\/no\/quickbooks-frakoblet#breadcrumb","itemListElement":[{"@type":"ListItem","position":1,"name":"Home","item":"https:\/\/planyard.com\/no"},{"@type":"ListItem","position":2,"name":"QuickBooks frakoblet"}]},{"@type":"WebSite","@id":"https:\/\/planyard.com\/no#website","url":"https:\/\/planyard.com\/no","name":"Planyard Norge","description":"","potentialAction":[{"@type":"SearchAction","target":{"@type":"EntryPoint","urlTemplate":"https:\/\/planyard.com\/no?s={search_term_string}"},"query-input":{"@type":"PropertyValueSpecification","valueRequired":true,"valueName":"search_term_string"}}],"inLanguage":"nb-NO"}]}},"_links":{"self":[{"href":"https:\/\/planyard.com\/no\/wp-json\/wp\/v2\/pages\/13198","targetHints":{"allow":["GET"]}}],"collection":[{"href":"https:\/\/planyard.com\/no\/wp-json\/wp\/v2\/pages"}],"about":[{"href":"https:\/\/planyard.com\/no\/wp-json\/wp\/v2\/types\/page"}],"author":[{"embeddable":true,"href":"https:\/\/planyard.com\/no\/wp-json\/wp\/v2\/users\/2"}],"replies":[{"embeddable":true,"href":"https:\/\/planyard.com\/no\/wp-json\/wp\/v2\/comments?post=13198"}],"version-history":[{"count":3,"href":"https:\/\/planyard.com\/no\/wp-json\/wp\/v2\/pages\/13198\/revisions"}],"predecessor-version":[{"id":16349,"href":"https:\/\/planyard.com\/no\/wp-json\/wp\/v2\/pages\/13198\/revisions\/16349"}],"wp:attachment":[{"href":"https:\/\/planyard.com\/no\/wp-json\/wp\/v2\/media?parent=13198"}],"wp:term":[{"taxonomy":"page_intent","embeddable":true,"href":"https:\/\/planyard.com\/no\/wp-json\/wp\/v2\/page_intent?post=13198"},{"taxonomy":"page_type","embeddable":true,"href":"https:\/\/planyard.com\/no\/wp-json\/wp\/v2\/page_type?post=13198"}],"curies":[{"name":"wp","href":"https:\/\/api.w.org\/{rel}","templated":true}]}}