{"id":13195,"date":"2024-08-26T10:42:40","date_gmt":"2024-08-26T10:42:40","guid":{"rendered":"https:\/\/planyard.com\/project-management-software-for-constructi"},"modified":"2025-05-19T08:43:36","modified_gmt":"2025-05-19T08:43:36","slug":"prosjektstyringsprogramvare-for-bygg-og-anlegg","status":"publish","type":"page","link":"https:\/\/planyard.com\/no\/prosjektstyringsprogramvare-for-bygg-og-anlegg","title":{"rendered":"Prosjektstyringsprogramvare for bygg og anlegg"},"content":{"rendered":"","protected":false},"excerpt":{"rendered":"","protected":false},"author":2,"featured_media":0,"parent":0,"menu_order":0,"comment_status":"closed","ping_status":"closed","template":"","meta":{"_acf_changed":false,"content-type":"","footnotes":""},"page_intent":[152],"page_type":[],"class_list":["post-13195","page","type-page","status-publish","hentry"],"acf":[],"yoast_head":"<!-- This site is optimized with the Yoast SEO plugin v27.1.1 - https:\/\/yoast.com\/product\/yoast-seo-wordpress\/ -->\n<title>Prosjektstyringsprogramvare for bygg og anlegg - Gratis i 14 dager<\/title>\n<meta name=\"description\" content=\"Prosjektstyringsprogramvare for bygg og anlegg for \u00e5 h\u00e5ndtere budsjetter, foresp\u00f8rsler, kontrakter, fremdriftsrapporter og kostnader. Pr\u00f8v gratis i 14 dager.\" \/>\n<meta name=\"robots\" content=\"index, follow, max-snippet:-1, max-image-preview:large, max-video-preview:-1\" \/>\n<link rel=\"canonical\" href=\"https:\/\/planyard.com\/no\/prosjektstyringsprogramvare-for-bygg-og-anlegg\" \/>\n<meta property=\"og:locale\" content=\"nb_NO\" \/>\n<meta property=\"og:type\" content=\"article\" \/>\n<meta property=\"og:title\" content=\"Prosjektstyringsprogramvare for bygg og anlegg - Gratis i 14 dager\" \/>\n<meta property=\"og:description\" content=\"Prosjektstyringsprogramvare for bygg og anlegg for \u00e5 h\u00e5ndtere budsjetter, foresp\u00f8rsler, kontrakter, fremdriftsrapporter og kostnader. Pr\u00f8v gratis i 14 dager.\" \/>\n<meta property=\"og:url\" content=\"https:\/\/planyard.com\/no\/prosjektstyringsprogramvare-for-bygg-og-anlegg\" \/>\n<meta property=\"og:site_name\" content=\"Planyard Norge\" \/>\n<meta property=\"article:modified_time\" content=\"2025-05-19T08:43:36+00:00\" \/>\n<meta name=\"twitter:card\" content=\"summary_large_image\" \/>\n<!-- \/ Yoast SEO plugin. -->","yoast_head_json":{"title":"Prosjektstyringsprogramvare for bygg og anlegg - Gratis i 14 dager","description":"Prosjektstyringsprogramvare for bygg og anlegg for \u00e5 h\u00e5ndtere budsjetter, foresp\u00f8rsler, kontrakter, fremdriftsrapporter og kostnader. Pr\u00f8v gratis i 14 dager.","robots":{"index":"index","follow":"follow","max-snippet":"max-snippet:-1","max-image-preview":"max-image-preview:large","max-video-preview":"max-video-preview:-1"},"canonical":"https:\/\/planyard.com\/no\/prosjektstyringsprogramvare-for-bygg-og-anlegg","og_locale":"nb_NO","og_type":"article","og_title":"Prosjektstyringsprogramvare for bygg og anlegg - Gratis i 14 dager","og_description":"Prosjektstyringsprogramvare for bygg og anlegg for \u00e5 h\u00e5ndtere budsjetter, foresp\u00f8rsler, kontrakter, fremdriftsrapporter og kostnader. Pr\u00f8v gratis i 14 dager.","og_url":"https:\/\/planyard.com\/no\/prosjektstyringsprogramvare-for-bygg-og-anlegg","og_site_name":"Planyard Norge","article_modified_time":"2025-05-19T08:43:36+00:00","twitter_card":"summary_large_image","schema":{"@context":"https:\/\/schema.org","@graph":[{"@type":"WebPage","@id":"https:\/\/planyard.com\/no\/prosjektstyringsprogramvare-for-bygg-og-anlegg","url":"https:\/\/planyard.com\/no\/prosjektstyringsprogramvare-for-bygg-og-anlegg","name":"Prosjektstyringsprogramvare for bygg og anlegg - Gratis i 14 dager","isPartOf":{"@id":"https:\/\/planyard.com\/no#website"},"datePublished":"2024-08-26T10:42:40+00:00","dateModified":"2025-05-19T08:43:36+00:00","description":"Prosjektstyringsprogramvare for bygg og anlegg for \u00e5 h\u00e5ndtere budsjetter, foresp\u00f8rsler, kontrakter, fremdriftsrapporter og kostnader. Pr\u00f8v gratis i 14 dager.","breadcrumb":{"@id":"https:\/\/planyard.com\/no\/prosjektstyringsprogramvare-for-bygg-og-anlegg#breadcrumb"},"inLanguage":"nb-NO","potentialAction":[{"@type":"ReadAction","target":["https:\/\/planyard.com\/no\/prosjektstyringsprogramvare-for-bygg-og-anlegg"]}]},{"@type":"BreadcrumbList","@id":"https:\/\/planyard.com\/no\/prosjektstyringsprogramvare-for-bygg-og-anlegg#breadcrumb","itemListElement":[{"@type":"ListItem","position":1,"name":"Home","item":"https:\/\/planyard.com\/no"},{"@type":"ListItem","position":2,"name":"Prosjektstyringsprogramvare for bygg og anlegg"}]},{"@type":"WebSite","@id":"https:\/\/planyard.com\/no#website","url":"https:\/\/planyard.com\/no","name":"Planyard Norge","description":"","potentialAction":[{"@type":"SearchAction","target":{"@type":"EntryPoint","urlTemplate":"https:\/\/planyard.com\/no?s={search_term_string}"},"query-input":{"@type":"PropertyValueSpecification","valueRequired":true,"valueName":"search_term_string"}}],"inLanguage":"nb-NO"}]}},"_links":{"self":[{"href":"https:\/\/planyard.com\/no\/wp-json\/wp\/v2\/pages\/13195","targetHints":{"allow":["GET"]}}],"collection":[{"href":"https:\/\/planyard.com\/no\/wp-json\/wp\/v2\/pages"}],"about":[{"href":"https:\/\/planyard.com\/no\/wp-json\/wp\/v2\/types\/page"}],"author":[{"embeddable":true,"href":"https:\/\/planyard.com\/no\/wp-json\/wp\/v2\/users\/2"}],"replies":[{"embeddable":true,"href":"https:\/\/planyard.com\/no\/wp-json\/wp\/v2\/comments?post=13195"}],"version-history":[{"count":1,"href":"https:\/\/planyard.com\/no\/wp-json\/wp\/v2\/pages\/13195\/revisions"}],"predecessor-version":[{"id":13384,"href":"https:\/\/planyard.com\/no\/wp-json\/wp\/v2\/pages\/13195\/revisions\/13384"}],"wp:attachment":[{"href":"https:\/\/planyard.com\/no\/wp-json\/wp\/v2\/media?parent=13195"}],"wp:term":[{"taxonomy":"page_intent","embeddable":true,"href":"https:\/\/planyard.com\/no\/wp-json\/wp\/v2\/page_intent?post=13195"},{"taxonomy":"page_type","embeddable":true,"href":"https:\/\/planyard.com\/no\/wp-json\/wp\/v2\/page_type?post=13195"}],"curies":[{"name":"wp","href":"https:\/\/api.w.org\/{rel}","templated":true}]}}