{"id":13194,"date":"2024-08-27T13:59:23","date_gmt":"2024-08-27T13:59:23","guid":{"rendered":"https:\/\/planyard.com\/project-financials-management-software"},"modified":"2025-05-19T08:43:26","modified_gmt":"2025-05-19T08:43:26","slug":"prosjektfinansieringsprogramvare-hovedentreprenorer","status":"publish","type":"page","link":"https:\/\/planyard.com\/no\/prosjektfinansieringsprogramvare-hovedentreprenorer","title":{"rendered":"Prosjektfinansieringsprogramvare for hovedentrepren\u00f8rer"},"content":{"rendered":"","protected":false},"excerpt":{"rendered":"","protected":false},"author":2,"featured_media":0,"parent":0,"menu_order":0,"comment_status":"closed","ping_status":"closed","template":"","meta":{"_acf_changed":false,"content-type":"","footnotes":""},"page_intent":[152],"page_type":[],"class_list":["post-13194","page","type-page","status-publish","hentry"],"acf":[],"yoast_head":"<!-- This site is optimized with the Yoast SEO plugin v27.1.1 - https:\/\/yoast.com\/product\/yoast-seo-wordpress\/ -->\n<title>Prosjektfinansieringsprogramvare for hovedentrepren\u00f8rer - Planyard Norge<\/title>\n<meta name=\"description\" content=\"Programvare for prosjektfinansiering i byggebransjen for \u00e5 holde oversikt over alle kostnader. Identifiser l\u00f8nnsomme jobber og prosjekter. Kom i gang gratis.\" \/>\n<meta name=\"robots\" content=\"index, follow, max-snippet:-1, max-image-preview:large, max-video-preview:-1\" \/>\n<link rel=\"canonical\" href=\"https:\/\/planyard.com\/no\/prosjektfinansieringsprogramvare-hovedentreprenorer\" \/>\n<meta property=\"og:locale\" content=\"nb_NO\" \/>\n<meta property=\"og:type\" content=\"article\" \/>\n<meta property=\"og:title\" content=\"Prosjektfinansieringsprogramvare for hovedentrepren\u00f8rer - Planyard Norge\" \/>\n<meta property=\"og:description\" content=\"Programvare for prosjektfinansiering i byggebransjen for \u00e5 holde oversikt over alle kostnader. Identifiser l\u00f8nnsomme jobber og prosjekter. Kom i gang gratis.\" \/>\n<meta property=\"og:url\" content=\"https:\/\/planyard.com\/no\/prosjektfinansieringsprogramvare-hovedentreprenorer\" \/>\n<meta property=\"og:site_name\" content=\"Planyard Norge\" \/>\n<meta property=\"article:modified_time\" content=\"2025-05-19T08:43:26+00:00\" \/>\n<meta name=\"twitter:card\" content=\"summary_large_image\" \/>\n<!-- \/ Yoast SEO plugin. -->","yoast_head_json":{"title":"Prosjektfinansieringsprogramvare for hovedentrepren\u00f8rer - Planyard Norge","description":"Programvare for prosjektfinansiering i byggebransjen for \u00e5 holde oversikt over alle kostnader. Identifiser l\u00f8nnsomme jobber og prosjekter. Kom i gang gratis.","robots":{"index":"index","follow":"follow","max-snippet":"max-snippet:-1","max-image-preview":"max-image-preview:large","max-video-preview":"max-video-preview:-1"},"canonical":"https:\/\/planyard.com\/no\/prosjektfinansieringsprogramvare-hovedentreprenorer","og_locale":"nb_NO","og_type":"article","og_title":"Prosjektfinansieringsprogramvare for hovedentrepren\u00f8rer - Planyard Norge","og_description":"Programvare for prosjektfinansiering i byggebransjen for \u00e5 holde oversikt over alle kostnader. Identifiser l\u00f8nnsomme jobber og prosjekter. Kom i gang gratis.","og_url":"https:\/\/planyard.com\/no\/prosjektfinansieringsprogramvare-hovedentreprenorer","og_site_name":"Planyard Norge","article_modified_time":"2025-05-19T08:43:26+00:00","twitter_card":"summary_large_image","schema":{"@context":"https:\/\/schema.org","@graph":[{"@type":"WebPage","@id":"https:\/\/planyard.com\/no\/prosjektfinansieringsprogramvare-hovedentreprenorer","url":"https:\/\/planyard.com\/no\/prosjektfinansieringsprogramvare-hovedentreprenorer","name":"Prosjektfinansieringsprogramvare for hovedentrepren\u00f8rer - Planyard Norge","isPartOf":{"@id":"https:\/\/planyard.com\/no#website"},"datePublished":"2024-08-27T13:59:23+00:00","dateModified":"2025-05-19T08:43:26+00:00","description":"Programvare for prosjektfinansiering i byggebransjen for \u00e5 holde oversikt over alle kostnader. Identifiser l\u00f8nnsomme jobber og prosjekter. Kom i gang gratis.","breadcrumb":{"@id":"https:\/\/planyard.com\/no\/prosjektfinansieringsprogramvare-hovedentreprenorer#breadcrumb"},"inLanguage":"nb-NO","potentialAction":[{"@type":"ReadAction","target":["https:\/\/planyard.com\/no\/prosjektfinansieringsprogramvare-hovedentreprenorer"]}]},{"@type":"BreadcrumbList","@id":"https:\/\/planyard.com\/no\/prosjektfinansieringsprogramvare-hovedentreprenorer#breadcrumb","itemListElement":[{"@type":"ListItem","position":1,"name":"Home","item":"https:\/\/planyard.com\/no"},{"@type":"ListItem","position":2,"name":"Prosjektfinansieringsprogramvare for hovedentrepren\u00f8rer"}]},{"@type":"WebSite","@id":"https:\/\/planyard.com\/no#website","url":"https:\/\/planyard.com\/no","name":"Planyard Norge","description":"","potentialAction":[{"@type":"SearchAction","target":{"@type":"EntryPoint","urlTemplate":"https:\/\/planyard.com\/no?s={search_term_string}"},"query-input":{"@type":"PropertyValueSpecification","valueRequired":true,"valueName":"search_term_string"}}],"inLanguage":"nb-NO"}]}},"_links":{"self":[{"href":"https:\/\/planyard.com\/no\/wp-json\/wp\/v2\/pages\/13194","targetHints":{"allow":["GET"]}}],"collection":[{"href":"https:\/\/planyard.com\/no\/wp-json\/wp\/v2\/pages"}],"about":[{"href":"https:\/\/planyard.com\/no\/wp-json\/wp\/v2\/types\/page"}],"author":[{"embeddable":true,"href":"https:\/\/planyard.com\/no\/wp-json\/wp\/v2\/users\/2"}],"replies":[{"embeddable":true,"href":"https:\/\/planyard.com\/no\/wp-json\/wp\/v2\/comments?post=13194"}],"version-history":[{"count":1,"href":"https:\/\/planyard.com\/no\/wp-json\/wp\/v2\/pages\/13194\/revisions"}],"predecessor-version":[{"id":13381,"href":"https:\/\/planyard.com\/no\/wp-json\/wp\/v2\/pages\/13194\/revisions\/13381"}],"wp:attachment":[{"href":"https:\/\/planyard.com\/no\/wp-json\/wp\/v2\/media?parent=13194"}],"wp:term":[{"taxonomy":"page_intent","embeddable":true,"href":"https:\/\/planyard.com\/no\/wp-json\/wp\/v2\/page_intent?post=13194"},{"taxonomy":"page_type","embeddable":true,"href":"https:\/\/planyard.com\/no\/wp-json\/wp\/v2\/page_type?post=13194"}],"curies":[{"name":"wp","href":"https:\/\/api.w.org\/{rel}","templated":true}]}}