{"id":13192,"date":"2024-08-27T13:45:07","date_gmt":"2024-08-27T13:45:07","guid":{"rendered":"https:\/\/planyard.com\/procore-too-expensive"},"modified":"2025-05-19T18:57:36","modified_gmt":"2025-05-19T18:57:36","slug":"procore-for-dyr","status":"publish","type":"page","link":"https:\/\/planyard.com\/no\/procore-for-dyr","title":{"rendered":"Er Procore sin prismodell for dyr?"},"content":{"rendered":"\n<div class=\"wp-block-columns is-layout-flex wp-container-core-columns-is-layout-9d6595d7 wp-block-columns-is-layout-flex\">\n<div class=\"wp-block-column is-layout-flow wp-block-column-is-layout-flow\">\n<figure class=\"wp-block-image size-full\"><img loading=\"lazy\" decoding=\"async\" width=\"900\" height=\"500\" src=\"https:\/\/planyard.com\/wp-content\/uploads\/2024\/08\/procore-vector-logo.png\" alt=\"\" class=\"wp-image-1540\" \/><\/figure>\n<\/div>\n\n\n\n<div class=\"wp-block-column is-layout-flow wp-block-column-is-layout-flow\">\n<figure class=\"wp-block-image size-full is-resized\"><img loading=\"lazy\" decoding=\"async\" width=\"500\" height=\"200\" src=\"https:\/\/planyard.com\/wp-content\/uploads\/2024\/08\/Planyard-logo-500x200-1-1.png\" alt=\"\" class=\"wp-image-1541\" style=\"width:535px;height:auto\" \/><\/figure>\n<\/div>\n<\/div>\n\n\n\n<h2 class=\"wp-block-heading\">Hva er Procore?<\/h2>\n\n\n\n<p><a href=\"https:\/\/www.procore.com\/\">Procore<\/a>&nbsp;er en amerikansk programvare for prosjektstyring i byggebransjen med mange forskjellige moduler.<\/p>\n\n\n\n<p>Programvaren dekker forh\u00e5ndsbygging, prosjektstyring, ressursstyring og \u00f8konomistyring.<\/p>\n\n\n\n<h2 class=\"wp-block-heading\" id=\"a-bit-more-context\">Litt mer kontekst<\/h2>\n\n\n\n<p>Procore har utviklet sin programvare siden 2003. Dette gj\u00f8r det til et tveegget sverd.<\/p>\n\n\n\n<p>P\u00e5 den ene siden er det veldig omfattende. Det dekker mange forskjellige funksjoner gjennom ulike modeller, noe som betyr at du kan forene prosesser mer.<\/p>\n\n\n\n<p>P\u00e5 den andre siden har selskaper en tendens til \u00e5 bevege seg oppover i markedet etter hvert som de modnes. L\u00f8sningene deres blir mye mer komplekse, og prisene stiger stadig. Procore er som Salesforce i den forstand\u2014det brukes av de st\u00f8rste selskapene i verden, men de betaler alle i dyre dommer.<\/p>\n\n\n\n<p>Fordi Procore har v\u00e6rt under utvikling i nesten 20 \u00e5r, inneholder det sannsynligvis mye eldre teknologi. Ting som ble bygget for ti \u00e5r siden ser n\u00e5 utdaterte ut i programvare.<\/p>\n\n\n\n<h2 class=\"wp-block-heading\" id=\"what-is-planyard\">Hva er Planyard?<\/h2>\n\n\n\n<p><a href=\"https:\/\/planyard.com\/no\">Planyard<\/a>&nbsp;er en skybasert budsjett- og underleverand\u00f8rstyringsprogramvare for hovedentrepren\u00f8rer.<\/p>\n\n\n\n<p>Du kan administrere budsjetter uten Excel og frem-og-tilbake e-poster. Dine underleverand\u00f8rer vil gj\u00f8re arbeidet for deg.<\/p>\n\n\n\n<h2 class=\"wp-block-heading\" id=\"procore-vs-planyard-pricing\">Procore vs Planyard priser<\/h2>\n\n\n\n<figure class=\"wp-block-image size-full\"><img loading=\"lazy\" decoding=\"async\" width=\"1204\" height=\"324\" src=\"https:\/\/planyard.com\/wp-content\/uploads\/2024\/08\/Procore-vs-Planyard-pricing.png\" alt=\"\" class=\"wp-image-1542\" \/><\/figure>\n\n\n\n<p>Prisen for Procore er relativt fast, og krever at du betaler store summer f\u00f8r du kan avgj\u00f8re om plattformen er riktig for deg. Det samme problemet oppst\u00e5r hvis du er et mindre selskap eller har ulike prosjekter. \u00c9n-st\u00f8rrelse-passer-alle tiln\u00e6rmingen gjelder ikke for alle. Derfor avhenger prisen for Planyard av funksjonaliteten du trenger.<\/p>\n","protected":false},"excerpt":{"rendered":"<p>Hva er Procore? Procore&nbsp;er en amerikansk programvare for prosjektstyring i byggebransjen med mange forskjellige moduler. Programvaren dekker forh\u00e5ndsbygging, prosjektstyring, ressursstyring og \u00f8konomistyring. Litt mer kontekst Procore har utviklet sin programvare siden 2003. Dette gj\u00f8r det til et tveegget sverd. P\u00e5 den ene siden er det veldig omfattende. Det dekker mange forskjellige funksjoner gjennom ulike modeller,&#8230;  <a class=\"excerpt-read-more\" href=\"https:\/\/planyard.com\/no\/procore-for-dyr\" title=\"Les  Er Procore sin prismodell for dyr?\">Les mer &laquo;<\/a><\/p>\n","protected":false},"author":2,"featured_media":0,"parent":0,"menu_order":0,"comment_status":"closed","ping_status":"closed","template":"","meta":{"_acf_changed":false,"content-type":"","footnotes":""},"page_intent":[197],"page_type":[],"class_list":["post-13192","page","type-page","status-publish","hentry"],"acf":[],"yoast_head":"<!-- This site is optimized with the Yoast SEO plugin v27.1.1 - https:\/\/yoast.com\/product\/yoast-seo-wordpress\/ -->\n<title>Er Procore sin prismodell for dyr? - Planyard Norge<\/title>\n<meta name=\"description\" content=\"Er Procore-prisene for faste for deg? Planyard er en skybasert plattform for \u00f8konomistyring og kostnadsberegning i byggebransjen for hele teamet ditt.\" \/>\n<meta name=\"robots\" content=\"index, follow, max-snippet:-1, max-image-preview:large, max-video-preview:-1\" \/>\n<link rel=\"canonical\" href=\"https:\/\/planyard.com\/no\/procore-for-dyr\" \/>\n<meta property=\"og:locale\" content=\"nb_NO\" \/>\n<meta property=\"og:type\" content=\"article\" \/>\n<meta property=\"og:title\" content=\"Er Procore sin prismodell for dyr? - Planyard Norge\" \/>\n<meta property=\"og:description\" content=\"Er Procore-prisene for faste for deg? Planyard er en skybasert plattform for \u00f8konomistyring og kostnadsberegning i byggebransjen for hele teamet ditt.\" \/>\n<meta property=\"og:url\" content=\"https:\/\/planyard.com\/no\/procore-for-dyr\" \/>\n<meta property=\"og:site_name\" content=\"Planyard Norge\" \/>\n<meta property=\"article:modified_time\" content=\"2025-05-19T18:57:36+00:00\" \/>\n<meta property=\"og:image\" content=\"https:\/\/planyard.com\/wp-content\/uploads\/2024\/08\/procore-vector-logo.png\" \/>\n\t<meta property=\"og:image:width\" content=\"900\" \/>\n\t<meta property=\"og:image:height\" content=\"500\" \/>\n\t<meta property=\"og:image:type\" content=\"image\/png\" \/>\n<meta name=\"twitter:card\" content=\"summary_large_image\" \/>\n<meta name=\"twitter:label1\" content=\"Ansl. lesetid\" \/>\n\t<meta name=\"twitter:data1\" content=\"2 minutter\" \/>\n<!-- \/ Yoast SEO plugin. -->","yoast_head_json":{"title":"Er Procore sin prismodell for dyr? - Planyard Norge","description":"Er Procore-prisene for faste for deg? Planyard er en skybasert plattform for \u00f8konomistyring og kostnadsberegning i byggebransjen for hele teamet ditt.","robots":{"index":"index","follow":"follow","max-snippet":"max-snippet:-1","max-image-preview":"max-image-preview:large","max-video-preview":"max-video-preview:-1"},"canonical":"https:\/\/planyard.com\/no\/procore-for-dyr","og_locale":"nb_NO","og_type":"article","og_title":"Er Procore sin prismodell for dyr? - Planyard Norge","og_description":"Er Procore-prisene for faste for deg? Planyard er en skybasert plattform for \u00f8konomistyring og kostnadsberegning i byggebransjen for hele teamet ditt.","og_url":"https:\/\/planyard.com\/no\/procore-for-dyr","og_site_name":"Planyard Norge","article_modified_time":"2025-05-19T18:57:36+00:00","og_image":[{"width":900,"height":500,"url":"https:\/\/planyard.com\/wp-content\/uploads\/2024\/08\/procore-vector-logo.png","type":"image\/png"}],"twitter_card":"summary_large_image","twitter_misc":{"Ansl. lesetid":"2 minutter"},"schema":{"@context":"https:\/\/schema.org","@graph":[{"@type":"WebPage","@id":"https:\/\/planyard.com\/no\/procore-for-dyr","url":"https:\/\/planyard.com\/no\/procore-for-dyr","name":"Er Procore sin prismodell for dyr? - Planyard Norge","isPartOf":{"@id":"https:\/\/planyard.com\/no#website"},"primaryImageOfPage":{"@id":"https:\/\/planyard.com\/no\/procore-for-dyr#primaryimage"},"image":{"@id":"https:\/\/planyard.com\/no\/procore-for-dyr#primaryimage"},"thumbnailUrl":"https:\/\/planyard.com\/wp-content\/uploads\/2024\/08\/procore-vector-logo.png","datePublished":"2024-08-27T13:45:07+00:00","dateModified":"2025-05-19T18:57:36+00:00","description":"Er Procore-prisene for faste for deg? Planyard er en skybasert plattform for \u00f8konomistyring og kostnadsberegning i byggebransjen for hele teamet ditt.","breadcrumb":{"@id":"https:\/\/planyard.com\/no\/procore-for-dyr#breadcrumb"},"inLanguage":"nb-NO","potentialAction":[{"@type":"ReadAction","target":["https:\/\/planyard.com\/no\/procore-for-dyr"]}]},{"@type":"ImageObject","inLanguage":"nb-NO","@id":"https:\/\/planyard.com\/no\/procore-for-dyr#primaryimage","url":"https:\/\/planyard.com\/wp-content\/uploads\/2024\/08\/procore-vector-logo.png","contentUrl":"https:\/\/planyard.com\/wp-content\/uploads\/2024\/08\/procore-vector-logo.png"},{"@type":"BreadcrumbList","@id":"https:\/\/planyard.com\/no\/procore-for-dyr#breadcrumb","itemListElement":[{"@type":"ListItem","position":1,"name":"Home","item":"https:\/\/planyard.com\/no"},{"@type":"ListItem","position":2,"name":"Er Procore-prismodellen for dyr?"}]},{"@type":"WebSite","@id":"https:\/\/planyard.com\/no#website","url":"https:\/\/planyard.com\/no","name":"Planyard Norge","description":"","potentialAction":[{"@type":"SearchAction","target":{"@type":"EntryPoint","urlTemplate":"https:\/\/planyard.com\/no?s={search_term_string}"},"query-input":{"@type":"PropertyValueSpecification","valueRequired":true,"valueName":"search_term_string"}}],"inLanguage":"nb-NO"}]}},"_links":{"self":[{"href":"https:\/\/planyard.com\/no\/wp-json\/wp\/v2\/pages\/13192","targetHints":{"allow":["GET"]}}],"collection":[{"href":"https:\/\/planyard.com\/no\/wp-json\/wp\/v2\/pages"}],"about":[{"href":"https:\/\/planyard.com\/no\/wp-json\/wp\/v2\/types\/page"}],"author":[{"embeddable":true,"href":"https:\/\/planyard.com\/no\/wp-json\/wp\/v2\/users\/2"}],"replies":[{"embeddable":true,"href":"https:\/\/planyard.com\/no\/wp-json\/wp\/v2\/comments?post=13192"}],"version-history":[{"count":3,"href":"https:\/\/planyard.com\/no\/wp-json\/wp\/v2\/pages\/13192\/revisions"}],"predecessor-version":[{"id":16345,"href":"https:\/\/planyard.com\/no\/wp-json\/wp\/v2\/pages\/13192\/revisions\/16345"}],"wp:attachment":[{"href":"https:\/\/planyard.com\/no\/wp-json\/wp\/v2\/media?parent=13192"}],"wp:term":[{"taxonomy":"page_intent","embeddable":true,"href":"https:\/\/planyard.com\/no\/wp-json\/wp\/v2\/page_intent?post=13192"},{"taxonomy":"page_type","embeddable":true,"href":"https:\/\/planyard.com\/no\/wp-json\/wp\/v2\/page_type?post=13192"}],"curies":[{"name":"wp","href":"https:\/\/api.w.org\/{rel}","templated":true}]}}